{"id":4649,"date":"2023-07-27T16:05:45","date_gmt":"2023-07-27T16:05:45","guid":{"rendered":"https:\/\/arcadiareptile.com\/shadedweller\/belysning\/"},"modified":"2023-09-19T08:18:14","modified_gmt":"2023-09-19T08:18:14","slug":"belysning","status":"publish","type":"page","link":"https:\/\/arcadiareptile.com\/da\/shadedweller\/belysning\/","title":{"rendered":"Belysning"},"content":{"rendered":"\t\t<div data-elementor-type=\"wp-page\" data-elementor-id=\"4649\" class=\"elementor elementor-4649 elementor-2805\" data-elementor-post-type=\"page\">\n\t\t\t\t<div class=\"elementor-element elementor-element-1de8279 e-con-full e-flex e-con e-parent\" data-id=\"1de8279\" data-element_type=\"container\" data-e-type=\"container\" data-settings=\"{&quot;background_background&quot;:&quot;classic&quot;}\">\n\t\t<div class=\"elementor-element elementor-element-156d6f5 e-flex e-con-boxed e-con e-parent\" data-id=\"156d6f5\" data-element_type=\"container\" data-e-type=\"container\">\n\t\t\t\t\t<div class=\"e-con-inner\">\n\t\t\t\t<div class=\"elementor-element elementor-element-e92990e elementor-widget elementor-widget-heading\" data-id=\"e92990e\" data-element_type=\"widget\" data-e-type=\"widget\" data-widget_type=\"heading.default\">\n\t\t\t\t<div class=\"elementor-widget-container\">\n\t\t\t\t\t<h1 class=\"elementor-heading-title elementor-size-default\">ShadeDweller\u00ae Belysning<\/h1>\t\t\t\t<\/div>\n\t\t\t\t<\/div>\n\t\t\t\t<div class=\"elementor-element elementor-element-108a029 elementor-align-center elementor-widget elementor-widget-breadcrumbs\" data-id=\"108a029\" data-element_type=\"widget\" data-e-type=\"widget\" data-widget_type=\"breadcrumbs.default\">\n\t\t\t\t<div class=\"elementor-widget-container\">\n\t\t\t\t\t<p id=\"breadcrumbs\"><span><span><a href=\"https:\/\/arcadiareptile.com\/da\/hjem\/\">Home<\/a><\/span><\/span><\/p>\t\t\t\t<\/div>\n\t\t\t\t<\/div>\n\t\t\t\t\t<\/div>\n\t\t\t\t<\/div>\n\t\t\t\t<\/div>\n\t\t<div class=\"elementor-element elementor-element-4bb4d9a e-flex e-con-boxed e-con e-parent\" data-id=\"4bb4d9a\" data-element_type=\"container\" data-e-type=\"container\" data-settings=\"{&quot;background_background&quot;:&quot;classic&quot;}\">\n\t\t\t\t\t<div class=\"e-con-inner\">\n\t\t<div class=\"elementor-element elementor-element-18c49da e-flex e-con-boxed e-con e-parent\" data-id=\"18c49da\" data-element_type=\"container\" data-e-type=\"container\">\n\t\t\t\t\t<div class=\"e-con-inner\">\n\t\t\t\t<div class=\"elementor-element elementor-element-9a44fa8 elementor-widget elementor-widget-image\" data-id=\"9a44fa8\" data-element_type=\"widget\" data-e-type=\"widget\" data-widget_type=\"image.default\">\n\t\t\t\t<div class=\"elementor-widget-container\">\n\t\t\t\t\t\t\t\t\t\t\t\t\t\t\t<img fetchpriority=\"high\" decoding=\"async\" width=\"2000\" height=\"1084\" src=\"https:\/\/arcadiareptile.com\/wp-content\/uploads\/light-scatter-diagram.png\" class=\"attachment-large size-large wp-image-2478\" alt=\"Rock scatter and leaf scatter for ShadeDwelling Reptile Species\" srcset=\"https:\/\/arcadiareptile.com\/wp-content\/uploads\/light-scatter-diagram.png 2000w, https:\/\/arcadiareptile.com\/wp-content\/uploads\/light-scatter-diagram-768x416.png 768w, https:\/\/arcadiareptile.com\/wp-content\/uploads\/light-scatter-diagram-1536x833.png 1536w\" sizes=\"(max-width: 2000px) 100vw, 2000px\" \/>\t\t\t\t\t\t\t\t\t\t\t\t\t\t\t<\/div>\n\t\t\t\t<\/div>\n\t\t\t\t\t<\/div>\n\t\t\t\t<\/div>\n\t\t<div class=\"elementor-element elementor-element-eb115d4 e-flex e-con-boxed e-con e-parent\" data-id=\"eb115d4\" data-element_type=\"container\" data-e-type=\"container\">\n\t\t\t\t\t<div class=\"e-con-inner\">\n\t\t\t\t<div class=\"elementor-element elementor-element-bbec062 elementor-widget elementor-widget-heading\" data-id=\"bbec062\" data-element_type=\"widget\" data-e-type=\"widget\" data-widget_type=\"heading.default\">\n\t\t\t\t<div class=\"elementor-widget-container\">\n\t\t\t\t\t<h2 class=\"elementor-heading-title elementor-size-default\">Videnskaben om etisk og effektivt krybdyrhold er under forandring.<\/h2>\t\t\t\t<\/div>\n\t\t\t\t<\/div>\n\t\t\t\t<div class=\"elementor-element elementor-element-adcd44d elementor-widget elementor-widget-text-editor\" data-id=\"adcd44d\" data-element_type=\"widget\" data-e-type=\"widget\" data-widget_type=\"text-editor.default\">\n\t\t\t\t<div class=\"elementor-widget-container\">\n\t\t\t\t\t\t\t\t\t<p>Med disse \u00e6ndringer fors\u00f8ger vi at l\u00e6re af de vilde levesteder og vaner for de forskellige arter, vi holder, for at kunne opfylde alle deres udviklede behov n\u00f8jagtigt. Kun ved at g\u00f8re dette kan vi v\u00e6re sikre p\u00e5 at levere alt, hvad en art beh\u00f8ver for virkelig at trives. Det er Naturlig Re-Kreation. <\/p>\n\t\t\t\t\t\t\t\t<\/div>\n\t\t\t\t<\/div>\n\t\t\t\t<div class=\"elementor-element elementor-element-40dca25 elementor-widget elementor-widget-text-editor\" data-id=\"40dca25\" data-element_type=\"widget\" data-e-type=\"widget\" data-widget_type=\"text-editor.default\">\n\t\t\t\t<div class=\"elementor-widget-container\">\n\t\t\t\t\t\t\t\t\t<p>Historisk set er mange krybdyrarter fejlagtigt blevet klassificeret som v\u00e6rende &#8220;nataktive&#8221; og er derfor ikke blevet tilbudt den n\u00f8dvendige adgang til fuldspektret + UV-B-belysning.<\/p>\n<p>Arter som leopardgekkoen og kamgekkoen betragtes nu almindeligvis som v\u00e6rende &#8220;crepuscular&#8221;, aktive tidligt til midt p\u00e5 formiddagen og s\u00e5 igen om eftermiddagen og aftenen. Det g\u00f8r dem til h\u00f8jt udviklede &#8220;delvise solbadere&#8221; eller &#8220;skyggeboende arter&#8221;.<\/p>\n<p>P\u00e5 grund af de store m\u00e6ngder UV-energi, der findes i de vilde habitater, er brugbare UV-indekser tilg\u00e6ngelige selv ved lave lysniveauer, og n\u00e5r dagslyset tr\u00e6nger ind i klippenetv\u00e6rk, lokalt terr\u00e6n og skove.<\/p>\n<p>Dyr har udviklet sig over lang tid til at kunne bruge denne energi p\u00e5 den sikreste og mest effektive m\u00e5de. Det kan omfatte total eksponering p\u00e5 lavt niveau eller kun eksponering af en del af kroppen, mens de forbliver sikre i levestedet. Det er fremskridt p\u00e5 h\u00f8jt niveau, som starter og regulerer vigtige biologiske processer.<\/p>\n<p>Hvis et &#8220;energiniveau&#8221; er tilg\u00e6ngeligt for en art inden for dens hjemomr\u00e5de, vil den have udviklet en &#8220;brug for&#8221; og et &#8220;beskyttelsesniveau mod&#8221; denne energi i sin naturlige udvikling. Som s\u00e5dan kan vi se en klar og ubestridelig brug af og interaktion med hele spektret af naturligt dagslys p\u00e5 jorden. Man kan ikke blive udsat for naturligt lys uden at blive udsat for alle de jordiske b\u00f8lgel\u00e6ngder fra UVB til infrar\u00f8d B fra den direkte solkilde.<\/p>\n<p>Hvis man s\u00f8rger for det rette niveau og den rette type eksponering for fuldspektret + UV-belysning, vil det ikke kun muligg\u00f8re den interne produktion og brug af D3-vitamin, som er afg\u00f8rende for n\u00f8jagtig kalciumabsorption, men det interagerer ogs\u00e5 med bredere organfunktioner, hudens sundhed og &#8220;aktiverer&#8221; farvesynet hos mange arter.<\/p>\n\t\t\t\t\t\t\t\t<\/div>\n\t\t\t\t<\/div>\n\t\t\t\t\t<\/div>\n\t\t\t\t<\/div>\n\t\t\t\t\t<\/div>\n\t\t\t\t<\/div>\n\t\t<div class=\"elementor-element elementor-element-2685b4d e-flex e-con-boxed e-con e-parent\" data-id=\"2685b4d\" data-element_type=\"container\" data-e-type=\"container\">\n\t\t\t\t\t<div class=\"e-con-inner\">\n\t\t\t\t\t<\/div>\n\t\t\t\t<\/div>\n\t\t\t\t<\/div>\n\t\t","protected":false},"excerpt":{"rendered":"<p>ShadeDweller\u00ae Belysning Videnskaben om etisk og effektivt krybdyrhold er under forandring. Med disse \u00e6ndringer fors\u00f8ger vi at l\u00e6re af de vilde levesteder og vaner for de forskellige arter, vi holder, for at kunne opfylde alle deres udviklede behov n\u00f8jagtigt. Kun ved at g\u00f8re dette kan vi v\u00e6re sikre p\u00e5 at levere alt, hvad en art [&hellip;]<\/p>\n","protected":false},"author":1,"featured_media":0,"parent":4629,"menu_order":0,"comment_status":"closed","ping_status":"closed","template":"","meta":{"site-sidebar-layout":"no-sidebar","site-content-layout":"page-builder","ast-site-content-layout":"default","site-content-style":"default","site-sidebar-style":"default","ast-global-header-display":"","ast-banner-title-visibility":"","ast-main-header-display":"","ast-hfb-above-header-display":"","ast-hfb-below-header-display":"","ast-hfb-mobile-header-display":"","site-post-title":"disabled","ast-breadcrumbs-content":"","ast-featured-img":"disabled","footer-sml-layout":"","ast-disable-related-posts":"","theme-transparent-header-meta":"","adv-header-id-meta":"","stick-header-meta":"","header-above-stick-meta":"","header-main-stick-meta":"","header-below-stick-meta":"","astra-migrate-meta-layouts":"default","ast-page-background-enabled":"default","ast-page-background-meta":{"desktop":{"background-color":"var(--ast-global-color-4)","background-image":"","background-repeat":"repeat","background-position":"center center","background-size":"auto","background-attachment":"scroll","background-type":"","background-media":"","overlay-type":"","overlay-color":"","overlay-opacity":"","overlay-gradient":""},"tablet":{"background-color":"","background-image":"","background-repeat":"repeat","background-position":"center center","background-size":"auto","background-attachment":"scroll","background-type":"","background-media":"","overlay-type":"","overlay-color":"","overlay-opacity":"","overlay-gradient":""},"mobile":{"background-color":"","background-image":"","background-repeat":"repeat","background-position":"center center","background-size":"auto","background-attachment":"scroll","background-type":"","background-media":"","overlay-type":"","overlay-color":"","overlay-opacity":"","overlay-gradient":""}},"ast-content-background-meta":{"desktop":{"background-color":"var(--ast-global-color-5)","background-image":"","background-repeat":"repeat","background-position":"center center","background-size":"auto","background-attachment":"scroll","background-type":"","background-media":"","overlay-type":"","overlay-color":"","overlay-opacity":"","overlay-gradient":""},"tablet":{"background-color":"var(--ast-global-color-5)","background-image":"","background-repeat":"repeat","background-position":"center center","background-size":"auto","background-attachment":"scroll","background-type":"","background-media":"","overlay-type":"","overlay-color":"","overlay-opacity":"","overlay-gradient":""},"mobile":{"background-color":"var(--ast-global-color-5)","background-image":"","background-repeat":"repeat","background-position":"center center","background-size":"auto","background-attachment":"scroll","background-type":"","background-media":"","overlay-type":"","overlay-color":"","overlay-opacity":"","overlay-gradient":""}},"footnotes":""},"class_list":["post-4649","page","type-page","status-publish","hentry"],"yoast_head":"<!-- This site is optimized with the Yoast SEO plugin v27.3 - https:\/\/yoast.com\/product\/yoast-seo-wordpress\/ -->\n<title>Belysning - Arcadia Reptile<\/title>\n<meta name=\"robots\" content=\"index, follow, max-snippet:-1, max-image-preview:large, max-video-preview:-1\" \/>\n<link rel=\"canonical\" href=\"https:\/\/arcadiareptile.com\/da\/shadedweller\/belysning\/\" \/>\n<meta property=\"og:locale\" content=\"da_DK\" \/>\n<meta property=\"og:type\" content=\"article\" \/>\n<meta property=\"og:title\" content=\"Belysning - Arcadia Reptile\" \/>\n<meta property=\"og:description\" content=\"ShadeDweller\u00ae Belysning Videnskaben om etisk og effektivt krybdyrhold er under forandring. Med disse \u00e6ndringer fors\u00f8ger vi at l\u00e6re af de vilde levesteder og vaner for de forskellige arter, vi holder, for at kunne opfylde alle deres udviklede behov n\u00f8jagtigt. Kun ved at g\u00f8re dette kan vi v\u00e6re sikre p\u00e5 at levere alt, hvad en art [&hellip;]\" \/>\n<meta property=\"og:url\" content=\"https:\/\/arcadiareptile.com\/da\/shadedweller\/belysning\/\" \/>\n<meta property=\"og:site_name\" content=\"Arcadia Reptile\" \/>\n<meta property=\"article:modified_time\" content=\"2023-09-19T08:18:14+00:00\" \/>\n<meta property=\"og:image\" content=\"https:\/\/arcadiareptile.com\/wp-content\/uploads\/light-scatter-diagram.png\" \/>\n<meta name=\"twitter:card\" content=\"summary_large_image\" \/>\n<meta name=\"twitter:label1\" content=\"Estimeret l\u00e6setid\" \/>\n\t<meta name=\"twitter:data1\" content=\"2 minutter\" \/>\n<script type=\"application\/ld+json\" class=\"yoast-schema-graph\">{\"@context\":\"https:\\\/\\\/schema.org\",\"@graph\":[{\"@type\":\"WebPage\",\"@id\":\"https:\\\/\\\/arcadiareptile.com\\\/da\\\/shadedweller\\\/belysning\\\/\",\"url\":\"https:\\\/\\\/arcadiareptile.com\\\/da\\\/shadedweller\\\/belysning\\\/\",\"name\":\"Belysning - Arcadia Reptile\",\"isPartOf\":{\"@id\":\"https:\\\/\\\/arcadiareptile.com\\\/da\\\/#website\"},\"primaryImageOfPage\":{\"@id\":\"https:\\\/\\\/arcadiareptile.com\\\/da\\\/shadedweller\\\/belysning\\\/#primaryimage\"},\"image\":{\"@id\":\"https:\\\/\\\/arcadiareptile.com\\\/da\\\/shadedweller\\\/belysning\\\/#primaryimage\"},\"thumbnailUrl\":\"https:\\\/\\\/arcadiareptile.com\\\/wp-content\\\/uploads\\\/light-scatter-diagram.png\",\"datePublished\":\"2023-07-27T16:05:45+00:00\",\"dateModified\":\"2023-09-19T08:18:14+00:00\",\"breadcrumb\":{\"@id\":\"https:\\\/\\\/arcadiareptile.com\\\/da\\\/shadedweller\\\/belysning\\\/#breadcrumb\"},\"inLanguage\":\"da-DK\",\"potentialAction\":[{\"@type\":\"ReadAction\",\"target\":[\"https:\\\/\\\/arcadiareptile.com\\\/da\\\/shadedweller\\\/belysning\\\/\"]}]},{\"@type\":\"ImageObject\",\"inLanguage\":\"da-DK\",\"@id\":\"https:\\\/\\\/arcadiareptile.com\\\/da\\\/shadedweller\\\/belysning\\\/#primaryimage\",\"url\":\"https:\\\/\\\/arcadiareptile.com\\\/wp-content\\\/uploads\\\/light-scatter-diagram.png\",\"contentUrl\":\"https:\\\/\\\/arcadiareptile.com\\\/wp-content\\\/uploads\\\/light-scatter-diagram.png\"},{\"@type\":\"BreadcrumbList\",\"@id\":\"https:\\\/\\\/arcadiareptile.com\\\/da\\\/shadedweller\\\/belysning\\\/#breadcrumb\",\"itemListElement\":[{\"@type\":\"ListItem\",\"position\":1,\"name\":\"Home\",\"item\":\"https:\\\/\\\/arcadiareptile.com\\\/da\\\/hjem\\\/\"},{\"@type\":\"ListItem\",\"position\":2,\"name\":\"ShadeDweller\u00ae\",\"item\":\"https:\\\/\\\/arcadiareptile.com\\\/da\\\/shadedweller\\\/\"},{\"@type\":\"ListItem\",\"position\":3,\"name\":\"Belysning\"}]},{\"@type\":\"WebSite\",\"@id\":\"https:\\\/\\\/arcadiareptile.com\\\/da\\\/#website\",\"url\":\"https:\\\/\\\/arcadiareptile.com\\\/da\\\/\",\"name\":\"Arcadia Reptile\",\"description\":\"Arcadia Reptile\",\"potentialAction\":[{\"@type\":\"SearchAction\",\"target\":{\"@type\":\"EntryPoint\",\"urlTemplate\":\"https:\\\/\\\/arcadiareptile.com\\\/da\\\/?s={search_term_string}\"},\"query-input\":{\"@type\":\"PropertyValueSpecification\",\"valueRequired\":true,\"valueName\":\"search_term_string\"}}],\"inLanguage\":\"da-DK\"}]}<\/script>\n<!-- \/ Yoast SEO plugin. -->","yoast_head_json":{"title":"Belysning - Arcadia Reptile","robots":{"index":"index","follow":"follow","max-snippet":"max-snippet:-1","max-image-preview":"max-image-preview:large","max-video-preview":"max-video-preview:-1"},"canonical":"https:\/\/arcadiareptile.com\/da\/shadedweller\/belysning\/","og_locale":"da_DK","og_type":"article","og_title":"Belysning - Arcadia Reptile","og_description":"ShadeDweller\u00ae Belysning Videnskaben om etisk og effektivt krybdyrhold er under forandring. Med disse \u00e6ndringer fors\u00f8ger vi at l\u00e6re af de vilde levesteder og vaner for de forskellige arter, vi holder, for at kunne opfylde alle deres udviklede behov n\u00f8jagtigt. Kun ved at g\u00f8re dette kan vi v\u00e6re sikre p\u00e5 at levere alt, hvad en art [&hellip;]","og_url":"https:\/\/arcadiareptile.com\/da\/shadedweller\/belysning\/","og_site_name":"Arcadia Reptile","article_modified_time":"2023-09-19T08:18:14+00:00","og_image":[{"url":"https:\/\/arcadiareptile.com\/wp-content\/uploads\/light-scatter-diagram.png","type":"","width":"","height":""}],"twitter_card":"summary_large_image","twitter_misc":{"Estimeret l\u00e6setid":"2 minutter"},"schema":{"@context":"https:\/\/schema.org","@graph":[{"@type":"WebPage","@id":"https:\/\/arcadiareptile.com\/da\/shadedweller\/belysning\/","url":"https:\/\/arcadiareptile.com\/da\/shadedweller\/belysning\/","name":"Belysning - Arcadia Reptile","isPartOf":{"@id":"https:\/\/arcadiareptile.com\/da\/#website"},"primaryImageOfPage":{"@id":"https:\/\/arcadiareptile.com\/da\/shadedweller\/belysning\/#primaryimage"},"image":{"@id":"https:\/\/arcadiareptile.com\/da\/shadedweller\/belysning\/#primaryimage"},"thumbnailUrl":"https:\/\/arcadiareptile.com\/wp-content\/uploads\/light-scatter-diagram.png","datePublished":"2023-07-27T16:05:45+00:00","dateModified":"2023-09-19T08:18:14+00:00","breadcrumb":{"@id":"https:\/\/arcadiareptile.com\/da\/shadedweller\/belysning\/#breadcrumb"},"inLanguage":"da-DK","potentialAction":[{"@type":"ReadAction","target":["https:\/\/arcadiareptile.com\/da\/shadedweller\/belysning\/"]}]},{"@type":"ImageObject","inLanguage":"da-DK","@id":"https:\/\/arcadiareptile.com\/da\/shadedweller\/belysning\/#primaryimage","url":"https:\/\/arcadiareptile.com\/wp-content\/uploads\/light-scatter-diagram.png","contentUrl":"https:\/\/arcadiareptile.com\/wp-content\/uploads\/light-scatter-diagram.png"},{"@type":"BreadcrumbList","@id":"https:\/\/arcadiareptile.com\/da\/shadedweller\/belysning\/#breadcrumb","itemListElement":[{"@type":"ListItem","position":1,"name":"Home","item":"https:\/\/arcadiareptile.com\/da\/hjem\/"},{"@type":"ListItem","position":2,"name":"ShadeDweller\u00ae","item":"https:\/\/arcadiareptile.com\/da\/shadedweller\/"},{"@type":"ListItem","position":3,"name":"Belysning"}]},{"@type":"WebSite","@id":"https:\/\/arcadiareptile.com\/da\/#website","url":"https:\/\/arcadiareptile.com\/da\/","name":"Arcadia Reptile","description":"Arcadia Reptile","potentialAction":[{"@type":"SearchAction","target":{"@type":"EntryPoint","urlTemplate":"https:\/\/arcadiareptile.com\/da\/?s={search_term_string}"},"query-input":{"@type":"PropertyValueSpecification","valueRequired":true,"valueName":"search_term_string"}}],"inLanguage":"da-DK"}]}},"_links":{"self":[{"href":"https:\/\/arcadiareptile.com\/da\/wp-json\/wp\/v2\/pages\/4649","targetHints":{"allow":["GET"]}}],"collection":[{"href":"https:\/\/arcadiareptile.com\/da\/wp-json\/wp\/v2\/pages"}],"about":[{"href":"https:\/\/arcadiareptile.com\/da\/wp-json\/wp\/v2\/types\/page"}],"author":[{"embeddable":true,"href":"https:\/\/arcadiareptile.com\/da\/wp-json\/wp\/v2\/users\/1"}],"replies":[{"embeddable":true,"href":"https:\/\/arcadiareptile.com\/da\/wp-json\/wp\/v2\/comments?post=4649"}],"version-history":[{"count":0,"href":"https:\/\/arcadiareptile.com\/da\/wp-json\/wp\/v2\/pages\/4649\/revisions"}],"up":[{"embeddable":true,"href":"https:\/\/arcadiareptile.com\/da\/wp-json\/wp\/v2\/pages\/4629"}],"wp:attachment":[{"href":"https:\/\/arcadiareptile.com\/da\/wp-json\/wp\/v2\/media?parent=4649"}],"curies":[{"name":"wp","href":"https:\/\/api.w.org\/{rel}","templated":true}]}}