{"id":4796,"date":"2023-06-16T09:36:31","date_gmt":"2023-06-16T09:36:31","guid":{"rendered":"https:\/\/arcadiareptile.com\/substrat\/"},"modified":"2023-09-22T18:05:59","modified_gmt":"2023-09-22T18:05:59","slug":"substrat","status":"publish","type":"page","link":"https:\/\/arcadiareptile.com\/da\/earthpro\/substrat\/","title":{"rendered":"Substrat"},"content":{"rendered":"\t\t<div data-elementor-type=\"wp-page\" data-elementor-id=\"4796\" class=\"elementor elementor-4796 elementor-1542\" data-elementor-post-type=\"page\">\n\t\t\t\t<div class=\"elementor-element elementor-element-652872b e-con-full e-flex e-con e-parent\" data-id=\"652872b\" data-element_type=\"container\" data-e-type=\"container\" data-settings=\"{&quot;background_background&quot;:&quot;classic&quot;}\">\n\t\t<div class=\"elementor-element elementor-element-0affdb3 e-flex e-con-boxed e-con e-parent\" data-id=\"0affdb3\" data-element_type=\"container\" data-e-type=\"container\">\n\t\t\t\t\t<div class=\"e-con-inner\">\n\t\t<div class=\"elementor-element elementor-element-3f136af e-con-full e-flex e-con e-parent\" data-id=\"3f136af\" data-element_type=\"container\" data-e-type=\"container\">\n\t\t<div class=\"elementor-element elementor-element-17e85f1 e-con-full e-flex e-con e-parent\" data-id=\"17e85f1\" data-element_type=\"container\" data-e-type=\"container\" data-settings=\"{&quot;background_background&quot;:&quot;classic&quot;}\">\n\t\t\t\t<div class=\"elementor-element elementor-element-5dc7cba elementor-widget elementor-widget-image\" data-id=\"5dc7cba\" data-element_type=\"widget\" data-e-type=\"widget\" data-widget_type=\"image.default\">\n\t\t\t\t<div class=\"elementor-widget-container\">\n\t\t\t\t\t\t\t\t\t\t\t\t\t\t\t\t<a href=\"https:\/\/arcadiareptile.com\/da\/earthpro\/\">\n\t\t\t\t\t\t\t<img decoding=\"async\" src=\"https:\/\/arcadiareptile.com\/wp-content\/uploads\/earthpro-logo-white-1.png\" title=\"earthpro-logo-white.png\" alt=\"earthpro-logo-white.png\" loading=\"lazy\" \/>\t\t\t\t\t\t\t\t<\/a>\n\t\t\t\t\t\t\t\t\t\t\t\t\t\t\t<\/div>\n\t\t\t\t<\/div>\n\t\t\t\t<div class=\"elementor-element elementor-element-9e5ada3 elementor-align-left elementor-mobile-align-center elementor-widget elementor-widget-breadcrumbs\" data-id=\"9e5ada3\" data-element_type=\"widget\" data-e-type=\"widget\" data-widget_type=\"breadcrumbs.default\">\n\t\t\t\t<div class=\"elementor-widget-container\">\n\t\t\t\t\t<p id=\"breadcrumbs\"><span><span><a href=\"https:\/\/arcadiareptile.com\/da\/hjem\/\">Home<\/a><\/span><\/span><\/p>\t\t\t\t<\/div>\n\t\t\t\t<\/div>\n\t\t\t\t<\/div>\n\t\t\t\t<\/div>\n\t\t\t\t\t<\/div>\n\t\t\t\t<\/div>\n\t\t\t\t<\/div>\n\t\t<div class=\"elementor-element elementor-element-d607d99 e-con-full e-flex e-con e-parent\" data-id=\"d607d99\" data-element_type=\"container\" data-e-type=\"container\" data-settings=\"{&quot;background_background&quot;:&quot;classic&quot;}\">\n\t\t<div class=\"elementor-element elementor-element-04d48a1 e-flex e-con-boxed e-con e-parent\" data-id=\"04d48a1\" data-element_type=\"container\" data-e-type=\"container\">\n\t\t\t\t\t<div class=\"e-con-inner\">\n\t\t<div class=\"elementor-element elementor-element-5cf476f flexible-column-wrap e-con-full e-flex e-con e-parent\" data-id=\"5cf476f\" data-element_type=\"container\" data-e-type=\"container\">\n\t\t<div class=\"elementor-element elementor-element-51508d6 e-con-full e-flex e-con e-parent\" data-id=\"51508d6\" data-element_type=\"container\" data-e-type=\"container\" data-settings=\"{&quot;background_background&quot;:&quot;classic&quot;}\" link=\"https:\/\/arcadiareptile.com\/earthpro\/substrate\/earthmix\/\">\n\t\t\t\t<div class=\"elementor-element elementor-element-77b8860 elementor-widget elementor-widget-image\" data-id=\"77b8860\" data-element_type=\"widget\" data-e-type=\"widget\" data-widget_type=\"image.default\">\n\t\t\t\t<div class=\"elementor-widget-container\">\n\t\t\t\t\t\t\t\t\t\t\t\t\t\t\t\t<a href=\"https:\/\/arcadiareptile.com\/da\/earthmix\/\">\n\t\t\t\t\t\t\t<img fetchpriority=\"high\" decoding=\"async\" width=\"900\" height=\"900\" src=\"https:\/\/arcadiareptile.com\/wp-content\/uploads\/earthpro-earthmix-5l-900-1.png\" class=\"elementor-animation-bob attachment-full size-full wp-image-2332\" alt=\"\" srcset=\"https:\/\/arcadiareptile.com\/wp-content\/uploads\/earthpro-earthmix-5l-900-1.png 900w, https:\/\/arcadiareptile.com\/wp-content\/uploads\/earthpro-earthmix-5l-900-1-768x768.png 768w\" sizes=\"(max-width: 900px) 100vw, 900px\" \/>\t\t\t\t\t\t\t\t<\/a>\n\t\t\t\t\t\t\t\t\t\t\t\t\t\t\t<\/div>\n\t\t\t\t<\/div>\n\t\t\t\t<div class=\"elementor-element elementor-element-58532b2 elementor-widget elementor-widget-heading\" data-id=\"58532b2\" data-element_type=\"widget\" data-e-type=\"widget\" data-settings=\"{&quot;_animation_mobile&quot;:&quot;none&quot;}\" data-widget_type=\"heading.default\">\n\t\t\t\t<div class=\"elementor-widget-container\">\n\t\t\t\t\t<h1 class=\"elementor-heading-title elementor-size-default\"><a href=\"https:\/\/arcadiareptile.com\/da\/earthmix\/\">EarthMix<\/a><\/h1>\t\t\t\t<\/div>\n\t\t\t\t<\/div>\n\t\t\t\t<div class=\"elementor-element elementor-element-df69324 elementor-hidden-mobile elementor-widget elementor-widget-text-editor\" data-id=\"df69324\" data-element_type=\"widget\" data-e-type=\"widget\" data-widget_type=\"text-editor.default\">\n\t\t\t\t<div class=\"elementor-widget-container\">\n\t\t\t\t\t\t\t\t\t<p>Substrat<\/p>\n\t\t\t\t\t\t\t\t<\/div>\n\t\t\t\t<\/div>\n\t\t\t\t<\/div>\n\t\t<div class=\"elementor-element elementor-element-f3b518a e-con-full e-flex e-con e-parent\" data-id=\"f3b518a\" data-element_type=\"container\" data-e-type=\"container\" data-settings=\"{&quot;background_background&quot;:&quot;classic&quot;}\" link=\"https:\/\/arcadiareptile.com\/earthpro\/substrate\/earthmix-arid\/\">\n\t\t\t\t<div class=\"elementor-element elementor-element-f6f9c53 elementor-widget elementor-widget-image\" data-id=\"f6f9c53\" data-element_type=\"widget\" data-e-type=\"widget\" data-widget_type=\"image.default\">\n\t\t\t\t<div class=\"elementor-widget-container\">\n\t\t\t\t\t\t\t\t\t\t\t\t\t\t\t\t<a href=\"https:\/\/arcadiareptile.com\/da\/earthmix-arid\/\">\n\t\t\t\t\t\t\t<img decoding=\"async\" width=\"900\" height=\"900\" src=\"https:\/\/arcadiareptile.com\/wp-content\/uploads\/earthpro-earthmix-arid-5l-900-1-1.png\" class=\"elementor-animation-bob attachment-full size-full wp-image-2333\" alt=\"\" srcset=\"https:\/\/arcadiareptile.com\/wp-content\/uploads\/earthpro-earthmix-arid-5l-900-1-1.png 900w, https:\/\/arcadiareptile.com\/wp-content\/uploads\/earthpro-earthmix-arid-5l-900-1-1-768x768.png 768w\" sizes=\"(max-width: 900px) 100vw, 900px\" \/>\t\t\t\t\t\t\t\t<\/a>\n\t\t\t\t\t\t\t\t\t\t\t\t\t\t\t<\/div>\n\t\t\t\t<\/div>\n\t\t\t\t<div class=\"elementor-element elementor-element-b346970 elementor-widget elementor-widget-heading\" data-id=\"b346970\" data-element_type=\"widget\" data-e-type=\"widget\" data-settings=\"{&quot;_animation_mobile&quot;:&quot;none&quot;}\" data-widget_type=\"heading.default\">\n\t\t\t\t<div class=\"elementor-widget-container\">\n\t\t\t\t\t<h1 class=\"elementor-heading-title elementor-size-default\"><a href=\"https:\/\/arcadiareptile.com\/da\/earthmix-arid\/\">EarthMix-Arid<\/a><\/h1>\t\t\t\t<\/div>\n\t\t\t\t<\/div>\n\t\t\t\t<div class=\"elementor-element elementor-element-5eb62b4 elementor-hidden-mobile elementor-widget elementor-widget-text-editor\" data-id=\"5eb62b4\" data-element_type=\"widget\" data-e-type=\"widget\" data-widget_type=\"text-editor.default\">\n\t\t\t\t<div class=\"elementor-widget-container\">\n\t\t\t\t\t\t\t\t\t<p>Substrat<\/p>\n\t\t\t\t\t\t\t\t<\/div>\n\t\t\t\t<\/div>\n\t\t\t\t<\/div>\n\t\t<div class=\"elementor-element elementor-element-30f3772 e-con-full e-flex e-con e-parent\" data-id=\"30f3772\" data-element_type=\"container\" data-e-type=\"container\" data-settings=\"{&quot;background_background&quot;:&quot;classic&quot;}\" link=\"https:\/\/arcadiareptile.com\/earthpro\/substrate\/bio-revitaliser\/\">\n\t\t\t\t<div class=\"elementor-element elementor-element-f40605c elementor-widget elementor-widget-image\" data-id=\"f40605c\" data-element_type=\"widget\" data-e-type=\"widget\" data-widget_type=\"image.default\">\n\t\t\t\t<div class=\"elementor-widget-container\">\n\t\t\t\t\t\t\t\t\t\t\t\t\t\t\t\t<a href=\"https:\/\/arcadiareptile.com\/da\/bio-revitaliser\/\">\n\t\t\t\t\t\t\t<img decoding=\"async\" width=\"400\" height=\"400\" src=\"https:\/\/arcadiareptile.com\/wp-content\/uploads\/earthpro-biorevitaliser-pouch-400-1.png\" class=\"elementor-animation-bob attachment-full size-full wp-image-2334\" alt=\"\" \/>\t\t\t\t\t\t\t\t<\/a>\n\t\t\t\t\t\t\t\t\t\t\t\t\t\t\t<\/div>\n\t\t\t\t<\/div>\n\t\t\t\t<div class=\"elementor-element elementor-element-39d5843 elementor-widget elementor-widget-heading\" data-id=\"39d5843\" data-element_type=\"widget\" data-e-type=\"widget\" data-settings=\"{&quot;_animation_mobile&quot;:&quot;none&quot;}\" data-widget_type=\"heading.default\">\n\t\t\t\t<div class=\"elementor-widget-container\">\n\t\t\t\t\t<h1 class=\"elementor-heading-title elementor-size-default\"><a href=\"https:\/\/arcadiareptile.com\/da\/bio-revitaliser\/\">Bio-Revitaliser<\/a><\/h1>\t\t\t\t<\/div>\n\t\t\t\t<\/div>\n\t\t\t\t<div class=\"elementor-element elementor-element-600b3b1 elementor-hidden-mobile elementor-widget elementor-widget-text-editor\" data-id=\"600b3b1\" data-element_type=\"widget\" data-e-type=\"widget\" data-widget_type=\"text-editor.default\">\n\t\t\t\t<div class=\"elementor-widget-container\">\n\t\t\t\t\t\t\t\t\t<p>Substrat<\/p>\n\t\t\t\t\t\t\t\t<\/div>\n\t\t\t\t<\/div>\n\t\t\t\t<\/div>\n\t\t\t\t<\/div>\n\t\t<div class=\"elementor-element elementor-element-d92a04a e-con-full e-flex e-con e-parent\" data-id=\"d92a04a\" data-element_type=\"container\" data-e-type=\"container\">\n\t\t<div class=\"elementor-element elementor-element-38c7727 e-con-full e-flex e-con e-parent\" data-id=\"38c7727\" data-element_type=\"container\" data-e-type=\"container\" data-settings=\"{&quot;background_background&quot;:&quot;classic&quot;}\">\n\t\t\t\t<div class=\"elementor-element elementor-element-30dcd23 elementor-widget elementor-widget-html\" data-id=\"30dcd23\" data-element_type=\"widget\" data-e-type=\"widget\" data-widget_type=\"html.default\">\n\t\t\t\t<div class=\"elementor-widget-container\">\n\t\t\t\t\t<script src=\"https:\/\/code.jquery.com\/jquery-3.6.0.min.js\"><\/script><script>var $ = jQuery\n$(document).ready(function(){\n    \n$('.elementor-section[link], .elementor-column[link] > .elementor-widget-wrap, .e-con[link], .e-container[link]').on('click', function(){\n    \n    var $this = $(this).hasClass('elementor-widget-wrap') ? $(this).parent() : $(this),\n    link = $this.attr('link'),\n    newtab = $this.attr('newtab'),\n    openIn = typeof newtab !== 'undefined' && newtab !== false ? '_blank' : '_self'\n    \n    window.open(link, openIn)\n})\n})\n<\/script><style>.elementor-section[link], .elementor-column[link] > .elementor-widget-wrap, .e-con[link], .e-container[link] {\n    cursor: pointer;\n}\n<\/style>\t\t\t\t<\/div>\n\t\t\t\t<\/div>\n\t\t\t\t<\/div>\n\t\t\t\t<\/div>\n\t\t\t\t\t<\/div>\n\t\t\t\t<\/div>\n\t\t\t\t<\/div>\n\t\t<div class=\"elementor-element elementor-element-d0eda6f e-con-full e-flex e-con e-parent\" data-id=\"d0eda6f\" data-element_type=\"container\" data-e-type=\"container\" data-settings=\"{&quot;background_background&quot;:&quot;classic&quot;}\">\n\t\t<div class=\"elementor-element elementor-element-e7b0df0 e-con-full e-flex e-con e-parent\" data-id=\"e7b0df0\" data-element_type=\"container\" data-e-type=\"container\">\n\t\t<div class=\"elementor-element elementor-element-07a93d7 e-flex e-con-boxed e-con e-parent\" data-id=\"07a93d7\" data-element_type=\"container\" data-e-type=\"container\">\n\t\t\t\t\t<div class=\"e-con-inner\">\n\t\t<div class=\"elementor-element elementor-element-fae182d e-flex e-con-boxed e-con e-parent\" data-id=\"fae182d\" data-element_type=\"container\" data-e-type=\"container\">\n\t\t\t\t\t<div class=\"e-con-inner\">\n\t\t\t\t<div class=\"elementor-element elementor-element-63c228b elementor-widget elementor-widget-text-editor\" data-id=\"63c228b\" data-element_type=\"widget\" data-e-type=\"widget\" data-widget_type=\"text-editor.default\">\n\t\t\t\t<div class=\"elementor-widget-container\">\n\t\t\t\t\t\t\t\t\t<p>B\u00e5de vores skovsubstrat og vores substrat til t\u00f8rre omr\u00e5der indeholder den perfekte blanding af naturlige &#8216;organiske&#8217; og &#8216;fuldspektrede&#8217; mineraler fra en gammel skotsk vulkankilde.<\/p>\n\t\t\t\t\t\t\t\t<\/div>\n\t\t\t\t<\/div>\n\t\t\t\t<div class=\"elementor-element elementor-element-40a34cc elementor-widget elementor-widget-spacer\" data-id=\"40a34cc\" data-element_type=\"widget\" data-e-type=\"widget\" data-widget_type=\"spacer.default\">\n\t\t\t\t<div class=\"elementor-widget-container\">\n\t\t\t\t\t\t\t<div class=\"elementor-spacer\">\n\t\t\t<div class=\"elementor-spacer-inner\"><\/div>\n\t\t<\/div>\n\t\t\t\t\t\t<\/div>\n\t\t\t\t<\/div>\n\t\t\t\t<div class=\"elementor-element elementor-element-fc1b18c elementor-widget elementor-widget-text-editor\" data-id=\"fc1b18c\" data-element_type=\"widget\" data-e-type=\"widget\" data-widget_type=\"text-editor.default\">\n\t\t\t\t<div class=\"elementor-widget-container\">\n\t\t\t\t\t\t\t\t\t<p>De h\u00f8je niveauer af vulkanske mineraler sikrer ikke kun en fantastisk dr\u00e6ning af jorden, men hj\u00e6lper ogs\u00e5 med at fodre levende planter og holde dyrene st\u00e6rke, n\u00e6rende og reproducerende.<\/p>\n<p>EarthMix og EarthMix-Arid er en ren, sikker og mineralrig serie af bioaktive substrater uden ikke-naturlige partikler, der kan f\u00f8re til tilstopning.<\/p>\n<p>Disse &#8216;Bio-Active ready&#8217;-substrater af h\u00f8j kvalitet vil ikke kun opretholde en utrolig levende plantev\u00e6kst, men de vil ogs\u00e5 bidrage til at give dyrene ern\u00e6ringsm\u00e6ssig, mental og fysisk berigelse gennem naturlig gravning, tunnelbygning og indsamling af f\u00f8de.<\/p>\n<p>EarthMix og EarthMix-Arid vil ogs\u00e5 hj\u00e6lpe dig med at opretholde et passende fugtighedsniveau i indhegningen, hvilket er afg\u00f8rende for dit k\u00e6ledyrs sundhed og velbefindende.<\/p>\n<p>EarthMix og EarthMix-Arid indeholder begge <strong>organisk<\/strong> ormest\u00f8bning. Det er en n\u00e6ringsrig og helt sikker f\u00f8dekilde for b\u00e5de planter og plejere.<\/p>\n<p>Det korrekte blandingsforhold mellem <strong>mineraler<\/strong> og <strong>organiske<\/strong> stoffer er med til at underst\u00f8tte de livsvigtige arter, der bruges i bioaktive systemer. Begge vores substrater er fulde af &#8216;organisk godhed&#8217; og kan betragtes som v\u00e6rende &#8216;pr\u00e6fodret&#8217;. Det betyder, at man kan tils\u00c3\u00a6tte foder fra dag \u00c3\u00a9t, og at det vil begynde at trives.<\/p>\n<p>Arcadia-Reptile-serien af helt naturlige, bioaktive substrater g\u00f8r det muligt for dig at give dine k\u00e6ledyr de allerbedste og mest attraktive levevilk\u00e5r gennem sikker og effektiv &#8216;Naturlig Re-Kreation&#8217;.<\/p>\n<p>EarthMix og EarthMix-Arid kan bruges til alle arter af krybdyr, amfibier og hvirvell\u00f8se dyr, er klar til opbevaring og vil opretholde en utrolig plantev\u00e6kst.<\/p>\n\t\t\t\t\t\t\t\t<\/div>\n\t\t\t\t<\/div>\n\t\t\t\t\t<\/div>\n\t\t\t\t<\/div>\n\t\t\t\t\t<\/div>\n\t\t\t\t<\/div>\n\t\t\t\t<\/div>\n\t\t\t\t<\/div>\n\t\t\t\t<\/div>\n\t\t","protected":false},"excerpt":{"rendered":"<p>EarthMix Substrat EarthMix-Arid Substrat Bio-Revitaliser Substrat B\u00e5de vores skovsubstrat og vores substrat til t\u00f8rre omr\u00e5der indeholder den perfekte blanding af naturlige &#8216;organiske&#8217; og &#8216;fuldspektrede&#8217; mineraler fra en gammel skotsk vulkankilde. De h\u00f8je niveauer af vulkanske mineraler sikrer ikke kun en fantastisk dr\u00e6ning af jorden, men hj\u00e6lper ogs\u00e5 med at fodre levende planter og holde dyrene [&hellip;]<\/p>\n","protected":false},"author":1,"featured_media":0,"parent":4799,"menu_order":0,"comment_status":"closed","ping_status":"closed","template":"","meta":{"site-sidebar-layout":"no-sidebar","site-content-layout":"page-builder","ast-site-content-layout":"default","site-content-style":"default","site-sidebar-style":"default","ast-global-header-display":"","ast-banner-title-visibility":"","ast-main-header-display":"","ast-hfb-above-header-display":"","ast-hfb-below-header-display":"","ast-hfb-mobile-header-display":"","site-post-title":"disabled","ast-breadcrumbs-content":"","ast-featured-img":"disabled","footer-sml-layout":"","ast-disable-related-posts":"","theme-transparent-header-meta":"","adv-header-id-meta":"","stick-header-meta":"","header-above-stick-meta":"","header-main-stick-meta":"","header-below-stick-meta":"","astra-migrate-meta-layouts":"default","ast-page-background-enabled":"default","ast-page-background-meta":{"desktop":{"background-color":"var(--ast-global-color-4)","background-image":"","background-repeat":"repeat","background-position":"center center","background-size":"auto","background-attachment":"scroll","background-type":"","background-media":"","overlay-type":"","overlay-color":"","overlay-opacity":"","overlay-gradient":""},"tablet":{"background-color":"","background-image":"","background-repeat":"repeat","background-position":"center center","background-size":"auto","background-attachment":"scroll","background-type":"","background-media":"","overlay-type":"","overlay-color":"","overlay-opacity":"","overlay-gradient":""},"mobile":{"background-color":"","background-image":"","background-repeat":"repeat","background-position":"center center","background-size":"auto","background-attachment":"scroll","background-type":"","background-media":"","overlay-type":"","overlay-color":"","overlay-opacity":"","overlay-gradient":""}},"ast-content-background-meta":{"desktop":{"background-color":"var(--ast-global-color-5)","background-image":"","background-repeat":"repeat","background-position":"center center","background-size":"auto","background-attachment":"scroll","background-type":"","background-media":"","overlay-type":"","overlay-color":"","overlay-opacity":"","overlay-gradient":""},"tablet":{"background-color":"var(--ast-global-color-5)","background-image":"","background-repeat":"repeat","background-position":"center center","background-size":"auto","background-attachment":"scroll","background-type":"","background-media":"","overlay-type":"","overlay-color":"","overlay-opacity":"","overlay-gradient":""},"mobile":{"background-color":"var(--ast-global-color-5)","background-image":"","background-repeat":"repeat","background-position":"center center","background-size":"auto","background-attachment":"scroll","background-type":"","background-media":"","overlay-type":"","overlay-color":"","overlay-opacity":"","overlay-gradient":""}},"footnotes":""},"class_list":["post-4796","page","type-page","status-publish","hentry"],"yoast_head":"<!-- This site is optimized with the Yoast SEO plugin v27.3 - https:\/\/yoast.com\/product\/yoast-seo-wordpress\/ -->\n<title>Substrat - Arcadia Reptile<\/title>\n<meta name=\"robots\" content=\"index, follow, max-snippet:-1, max-image-preview:large, max-video-preview:-1\" \/>\n<link rel=\"canonical\" href=\"https:\/\/arcadiareptile.com\/da\/earthpro\/substrat\/\" \/>\n<meta property=\"og:locale\" content=\"da_DK\" \/>\n<meta property=\"og:type\" content=\"article\" \/>\n<meta property=\"og:title\" content=\"Substrat - Arcadia Reptile\" \/>\n<meta property=\"og:description\" content=\"EarthMix Substrat EarthMix-Arid Substrat Bio-Revitaliser Substrat B\u00e5de vores skovsubstrat og vores substrat til t\u00f8rre omr\u00e5der indeholder den perfekte blanding af naturlige &#8216;organiske&#8217; og &#8216;fuldspektrede&#8217; mineraler fra en gammel skotsk vulkankilde. De h\u00f8je niveauer af vulkanske mineraler sikrer ikke kun en fantastisk dr\u00e6ning af jorden, men hj\u00e6lper ogs\u00e5 med at fodre levende planter og holde dyrene [&hellip;]\" \/>\n<meta property=\"og:url\" content=\"https:\/\/arcadiareptile.com\/da\/earthpro\/substrat\/\" \/>\n<meta property=\"og:site_name\" content=\"Arcadia Reptile\" \/>\n<meta property=\"article:modified_time\" content=\"2023-09-22T18:05:59+00:00\" \/>\n<meta property=\"og:image\" content=\"https:\/\/arcadiareptile.com\/wp-content\/uploads\/earthpro-logo-white-1.png\" \/>\n<meta name=\"twitter:card\" content=\"summary_large_image\" \/>\n<meta name=\"twitter:label1\" content=\"Estimeret l\u00e6setid\" \/>\n\t<meta name=\"twitter:data1\" content=\"1 minut\" \/>\n<script type=\"application\/ld+json\" class=\"yoast-schema-graph\">{\"@context\":\"https:\\\/\\\/schema.org\",\"@graph\":[{\"@type\":\"WebPage\",\"@id\":\"https:\\\/\\\/arcadiareptile.com\\\/da\\\/earthpro\\\/substrat\\\/\",\"url\":\"https:\\\/\\\/arcadiareptile.com\\\/da\\\/earthpro\\\/substrat\\\/\",\"name\":\"Substrat - Arcadia Reptile\",\"isPartOf\":{\"@id\":\"https:\\\/\\\/arcadiareptile.com\\\/da\\\/#website\"},\"primaryImageOfPage\":{\"@id\":\"https:\\\/\\\/arcadiareptile.com\\\/da\\\/earthpro\\\/substrat\\\/#primaryimage\"},\"image\":{\"@id\":\"https:\\\/\\\/arcadiareptile.com\\\/da\\\/earthpro\\\/substrat\\\/#primaryimage\"},\"thumbnailUrl\":\"https:\\\/\\\/arcadiareptile.com\\\/wp-content\\\/uploads\\\/earthpro-logo-white-1.png\",\"datePublished\":\"2023-06-16T09:36:31+00:00\",\"dateModified\":\"2023-09-22T18:05:59+00:00\",\"breadcrumb\":{\"@id\":\"https:\\\/\\\/arcadiareptile.com\\\/da\\\/earthpro\\\/substrat\\\/#breadcrumb\"},\"inLanguage\":\"da-DK\",\"potentialAction\":[{\"@type\":\"ReadAction\",\"target\":[\"https:\\\/\\\/arcadiareptile.com\\\/da\\\/earthpro\\\/substrat\\\/\"]}]},{\"@type\":\"ImageObject\",\"inLanguage\":\"da-DK\",\"@id\":\"https:\\\/\\\/arcadiareptile.com\\\/da\\\/earthpro\\\/substrat\\\/#primaryimage\",\"url\":\"https:\\\/\\\/arcadiareptile.com\\\/wp-content\\\/uploads\\\/earthpro-logo-white-1.png\",\"contentUrl\":\"https:\\\/\\\/arcadiareptile.com\\\/wp-content\\\/uploads\\\/earthpro-logo-white-1.png\"},{\"@type\":\"BreadcrumbList\",\"@id\":\"https:\\\/\\\/arcadiareptile.com\\\/da\\\/earthpro\\\/substrat\\\/#breadcrumb\",\"itemListElement\":[{\"@type\":\"ListItem\",\"position\":1,\"name\":\"Home\",\"item\":\"https:\\\/\\\/arcadiareptile.com\\\/da\\\/hjem\\\/\"},{\"@type\":\"ListItem\",\"position\":2,\"name\":\"EarthPro\",\"item\":\"https:\\\/\\\/arcadiareptile.com\\\/da\\\/earthpro\\\/\"},{\"@type\":\"ListItem\",\"position\":3,\"name\":\"Substrat\"}]},{\"@type\":\"WebSite\",\"@id\":\"https:\\\/\\\/arcadiareptile.com\\\/da\\\/#website\",\"url\":\"https:\\\/\\\/arcadiareptile.com\\\/da\\\/\",\"name\":\"Arcadia Reptile\",\"description\":\"Arcadia Reptile\",\"potentialAction\":[{\"@type\":\"SearchAction\",\"target\":{\"@type\":\"EntryPoint\",\"urlTemplate\":\"https:\\\/\\\/arcadiareptile.com\\\/da\\\/?s={search_term_string}\"},\"query-input\":{\"@type\":\"PropertyValueSpecification\",\"valueRequired\":true,\"valueName\":\"search_term_string\"}}],\"inLanguage\":\"da-DK\"}]}<\/script>\n<!-- \/ Yoast SEO plugin. -->","yoast_head_json":{"title":"Substrat - Arcadia Reptile","robots":{"index":"index","follow":"follow","max-snippet":"max-snippet:-1","max-image-preview":"max-image-preview:large","max-video-preview":"max-video-preview:-1"},"canonical":"https:\/\/arcadiareptile.com\/da\/earthpro\/substrat\/","og_locale":"da_DK","og_type":"article","og_title":"Substrat - Arcadia Reptile","og_description":"EarthMix Substrat EarthMix-Arid Substrat Bio-Revitaliser Substrat B\u00e5de vores skovsubstrat og vores substrat til t\u00f8rre omr\u00e5der indeholder den perfekte blanding af naturlige &#8216;organiske&#8217; og &#8216;fuldspektrede&#8217; mineraler fra en gammel skotsk vulkankilde. De h\u00f8je niveauer af vulkanske mineraler sikrer ikke kun en fantastisk dr\u00e6ning af jorden, men hj\u00e6lper ogs\u00e5 med at fodre levende planter og holde dyrene [&hellip;]","og_url":"https:\/\/arcadiareptile.com\/da\/earthpro\/substrat\/","og_site_name":"Arcadia Reptile","article_modified_time":"2023-09-22T18:05:59+00:00","og_image":[{"url":"https:\/\/arcadiareptile.com\/wp-content\/uploads\/earthpro-logo-white-1.png","type":"","width":"","height":""}],"twitter_card":"summary_large_image","twitter_misc":{"Estimeret l\u00e6setid":"1 minut"},"schema":{"@context":"https:\/\/schema.org","@graph":[{"@type":"WebPage","@id":"https:\/\/arcadiareptile.com\/da\/earthpro\/substrat\/","url":"https:\/\/arcadiareptile.com\/da\/earthpro\/substrat\/","name":"Substrat - Arcadia Reptile","isPartOf":{"@id":"https:\/\/arcadiareptile.com\/da\/#website"},"primaryImageOfPage":{"@id":"https:\/\/arcadiareptile.com\/da\/earthpro\/substrat\/#primaryimage"},"image":{"@id":"https:\/\/arcadiareptile.com\/da\/earthpro\/substrat\/#primaryimage"},"thumbnailUrl":"https:\/\/arcadiareptile.com\/wp-content\/uploads\/earthpro-logo-white-1.png","datePublished":"2023-06-16T09:36:31+00:00","dateModified":"2023-09-22T18:05:59+00:00","breadcrumb":{"@id":"https:\/\/arcadiareptile.com\/da\/earthpro\/substrat\/#breadcrumb"},"inLanguage":"da-DK","potentialAction":[{"@type":"ReadAction","target":["https:\/\/arcadiareptile.com\/da\/earthpro\/substrat\/"]}]},{"@type":"ImageObject","inLanguage":"da-DK","@id":"https:\/\/arcadiareptile.com\/da\/earthpro\/substrat\/#primaryimage","url":"https:\/\/arcadiareptile.com\/wp-content\/uploads\/earthpro-logo-white-1.png","contentUrl":"https:\/\/arcadiareptile.com\/wp-content\/uploads\/earthpro-logo-white-1.png"},{"@type":"BreadcrumbList","@id":"https:\/\/arcadiareptile.com\/da\/earthpro\/substrat\/#breadcrumb","itemListElement":[{"@type":"ListItem","position":1,"name":"Home","item":"https:\/\/arcadiareptile.com\/da\/hjem\/"},{"@type":"ListItem","position":2,"name":"EarthPro","item":"https:\/\/arcadiareptile.com\/da\/earthpro\/"},{"@type":"ListItem","position":3,"name":"Substrat"}]},{"@type":"WebSite","@id":"https:\/\/arcadiareptile.com\/da\/#website","url":"https:\/\/arcadiareptile.com\/da\/","name":"Arcadia Reptile","description":"Arcadia Reptile","potentialAction":[{"@type":"SearchAction","target":{"@type":"EntryPoint","urlTemplate":"https:\/\/arcadiareptile.com\/da\/?s={search_term_string}"},"query-input":{"@type":"PropertyValueSpecification","valueRequired":true,"valueName":"search_term_string"}}],"inLanguage":"da-DK"}]}},"_links":{"self":[{"href":"https:\/\/arcadiareptile.com\/da\/wp-json\/wp\/v2\/pages\/4796","targetHints":{"allow":["GET"]}}],"collection":[{"href":"https:\/\/arcadiareptile.com\/da\/wp-json\/wp\/v2\/pages"}],"about":[{"href":"https:\/\/arcadiareptile.com\/da\/wp-json\/wp\/v2\/types\/page"}],"author":[{"embeddable":true,"href":"https:\/\/arcadiareptile.com\/da\/wp-json\/wp\/v2\/users\/1"}],"replies":[{"embeddable":true,"href":"https:\/\/arcadiareptile.com\/da\/wp-json\/wp\/v2\/comments?post=4796"}],"version-history":[{"count":0,"href":"https:\/\/arcadiareptile.com\/da\/wp-json\/wp\/v2\/pages\/4796\/revisions"}],"up":[{"embeddable":true,"href":"https:\/\/arcadiareptile.com\/da\/wp-json\/wp\/v2\/pages\/4799"}],"wp:attachment":[{"href":"https:\/\/arcadiareptile.com\/da\/wp-json\/wp\/v2\/media?parent=4796"}],"curies":[{"name":"wp","href":"https:\/\/api.w.org\/{rel}","templated":true}]}}