{"id":4866,"date":"2023-07-01T11:52:24","date_gmt":"2023-07-01T11:52:24","guid":{"rendered":"https:\/\/arcadiareptile.com\/d3-cyklus\/"},"modified":"2023-09-21T13:30:18","modified_gmt":"2023-09-21T13:30:18","slug":"d3-cyklus","status":"publish","type":"page","link":"https:\/\/arcadiareptile.com\/da\/belysning\/d3-cyklus\/","title":{"rendered":"D3 Cyklus"},"content":{"rendered":"\t\t<div data-elementor-type=\"wp-page\" data-elementor-id=\"4866\" class=\"elementor elementor-4866 elementor-2116\" data-elementor-post-type=\"page\">\n\t\t\t\t<div class=\"elementor-element elementor-element-d98362f e-flex e-con-boxed e-con e-parent\" data-id=\"d98362f\" data-element_type=\"container\" data-e-type=\"container\" data-settings=\"{&quot;background_background&quot;:&quot;classic&quot;}\">\n\t\t\t\t\t<div class=\"e-con-inner\">\n\t\t<div class=\"elementor-element elementor-element-4a5ca48 e-con-full e-flex e-con e-parent\" data-id=\"4a5ca48\" data-element_type=\"container\" data-e-type=\"container\">\n\t\t<div class=\"elementor-element elementor-element-0990855 e-con-full e-flex e-con e-parent\" data-id=\"0990855\" data-element_type=\"container\" data-e-type=\"container\">\n\t\t<div class=\"elementor-element elementor-element-8b44e15 e-con-full e-flex e-con e-parent\" data-id=\"8b44e15\" data-element_type=\"container\" data-e-type=\"container\" data-settings=\"{&quot;background_background&quot;:&quot;classic&quot;}\">\n\t\t\t\t<div class=\"elementor-element elementor-element-cddf8ba elementor-align-left elementor-mobile-align-center elementor-widget elementor-widget-breadcrumbs\" data-id=\"cddf8ba\" data-element_type=\"widget\" data-e-type=\"widget\" data-widget_type=\"breadcrumbs.default\">\n\t\t\t\t<div class=\"elementor-widget-container\">\n\t\t\t\t\t<p id=\"breadcrumbs\"><span><span><a href=\"https:\/\/arcadiareptile.com\/da\/hjem\/\">Home<\/a><\/span><\/span><\/p>\t\t\t\t<\/div>\n\t\t\t\t<\/div>\n\t\t\t\t<\/div>\n\t\t\t\t<\/div>\n\t\t\t\t<\/div>\n\t\t\t\t\t<\/div>\n\t\t\t\t<\/div>\n\t\t<div class=\"elementor-element elementor-element-8caf09c hs-acc-design e-flex e-con-boxed e-con e-parent\" data-id=\"8caf09c\" data-element_type=\"container\" data-e-type=\"container\" data-settings=\"{&quot;background_background&quot;:&quot;classic&quot;}\">\n\t\t\t\t\t<div class=\"e-con-inner\">\n\t\t<div class=\"elementor-element elementor-element-e57fa66 e-con-full e-flex e-con e-parent\" data-id=\"e57fa66\" data-element_type=\"container\" data-e-type=\"container\">\n\t\t<div class=\"elementor-element elementor-element-5d4458c e-flex e-con-boxed e-con e-parent\" data-id=\"5d4458c\" data-element_type=\"container\" data-e-type=\"container\">\n\t\t\t\t\t<div class=\"e-con-inner\">\n\t\t<div class=\"elementor-element elementor-element-4011bee e-con-full e-flex e-con e-parent\" data-id=\"4011bee\" data-element_type=\"container\" data-e-type=\"container\" data-settings=\"{&quot;background_background&quot;:&quot;classic&quot;}\">\n\t\t\t\t<div class=\"elementor-element elementor-element-fdfe1ec elementor-widget elementor-widget-heading\" data-id=\"fdfe1ec\" data-element_type=\"widget\" data-e-type=\"widget\" data-widget_type=\"heading.default\">\n\t\t\t\t<div class=\"elementor-widget-container\">\n\t\t\t\t\t<h2 class=\"elementor-heading-title elementor-size-default\">D3 Cyklus<\/h2>\t\t\t\t<\/div>\n\t\t\t\t<\/div>\n\t\t\t\t<div class=\"elementor-element elementor-element-44ac090 elementor-widget elementor-widget-spacer\" data-id=\"44ac090\" data-element_type=\"widget\" data-e-type=\"widget\" data-widget_type=\"spacer.default\">\n\t\t\t\t<div class=\"elementor-widget-container\">\n\t\t\t\t\t\t\t<div class=\"elementor-spacer\">\n\t\t\t<div class=\"elementor-spacer-inner\"><\/div>\n\t\t<\/div>\n\t\t\t\t\t\t<\/div>\n\t\t\t\t<\/div>\n\t\t\t\t<div class=\"elementor-element elementor-element-f1dffdc elementor-widget elementor-widget-text-editor\" data-id=\"f1dffdc\" data-element_type=\"widget\" data-e-type=\"widget\" data-widget_type=\"text-editor.default\">\n\t\t\t\t<div class=\"elementor-widget-container\">\n\t\t\t\t\t\t\t\t\t<p>Krybdyr er afh\u00e6ngige af varme, lys, UV-A\/UV-B, mad og vand for at overleve og videref\u00f8re deres blodlinjer.<\/p>\n\t\t\t\t\t\t\t\t<\/div>\n\t\t\t\t<\/div>\n\t\t\t\t<div class=\"elementor-element elementor-element-25a71ce elementor-widget elementor-widget-spacer\" data-id=\"25a71ce\" data-element_type=\"widget\" data-e-type=\"widget\" data-widget_type=\"spacer.default\">\n\t\t\t\t<div class=\"elementor-widget-container\">\n\t\t\t\t\t\t\t<div class=\"elementor-spacer\">\n\t\t\t<div class=\"elementor-spacer-inner\"><\/div>\n\t\t<\/div>\n\t\t\t\t\t\t<\/div>\n\t\t\t\t<\/div>\n\t\t\t\t<div class=\"elementor-element elementor-element-939ab46 elementor-widget elementor-widget-text-editor\" data-id=\"939ab46\" data-element_type=\"widget\" data-e-type=\"widget\" data-widget_type=\"text-editor.default\">\n\t\t\t\t<div class=\"elementor-widget-container\">\n\t\t\t\t\t\t\t\t\t<p>Som ansvarlige dyreholdere b\u00f8r vi g\u00f8re alt, hvad vi kan, for at genskabe disse naturlige indikatorer s\u00e5 t\u00e6t p\u00e5, som den nuv\u00e6rende teknologi tillader det. Hos Arcadia er vi stolte af at kunne tilbyde vores kunder adgang til mere videnskab, nye tanker og teknologi end noget andet m\u00c3\u00a6rke. Vi er fast besluttet p\u00e5 at skabe vores &#8220;Revolution indenfor Reptil Pleje&#8221;.<\/p>\n\t\t\t\t\t\t\t\t<\/div>\n\t\t\t\t<\/div>\n\t\t\t\t<\/div>\n\t\t\t\t\t<\/div>\n\t\t\t\t<\/div>\n\t\t<div class=\"elementor-element elementor-element-f7a214a e-flex e-con-boxed e-con e-parent\" data-id=\"f7a214a\" data-element_type=\"container\" data-e-type=\"container\">\n\t\t\t\t\t<div class=\"e-con-inner\">\n\t\t<div class=\"elementor-element elementor-element-20db5d1 e-con-full e-flex e-con e-parent\" data-id=\"20db5d1\" data-element_type=\"container\" data-e-type=\"container\" data-settings=\"{&quot;background_background&quot;:&quot;classic&quot;}\">\n\t\t\t\t<div class=\"elementor-element elementor-element-9283063 elementor-widget elementor-widget-image\" data-id=\"9283063\" data-element_type=\"widget\" data-e-type=\"widget\" data-widget_type=\"image.default\">\n\t\t\t\t<div class=\"elementor-widget-container\">\n\t\t\t\t\t\t\t\t\t\t\t\t\t\t\t\t<a href=\"https:\/\/arcadiareptile.com\/wp-content\/uploads\/d3-cycle.png\">\n\t\t\t\t\t\t\t<img fetchpriority=\"high\" decoding=\"async\" width=\"1586\" height=\"885\" src=\"https:\/\/arcadiareptile.com\/wp-content\/uploads\/d3-cycle.png\" class=\"attachment-full size-full wp-image-2120\" alt=\"D3 Cycle\" srcset=\"https:\/\/arcadiareptile.com\/wp-content\/uploads\/d3-cycle.png 1586w, https:\/\/arcadiareptile.com\/wp-content\/uploads\/d3-cycle-768x429.png 768w, https:\/\/arcadiareptile.com\/wp-content\/uploads\/d3-cycle-1536x857.png 1536w\" sizes=\"(max-width: 1586px) 100vw, 1586px\" \/>\t\t\t\t\t\t\t\t<\/a>\n\t\t\t\t\t\t\t\t\t\t\t\t\t\t\t<\/div>\n\t\t\t\t<\/div>\n\t\t\t\t<\/div>\n\t\t\t\t\t<\/div>\n\t\t\t\t<\/div>\n\t\t<div class=\"elementor-element elementor-element-c394ce4 e-flex e-con-boxed e-con e-parent\" data-id=\"c394ce4\" data-element_type=\"container\" data-e-type=\"container\">\n\t\t\t\t\t<div class=\"e-con-inner\">\n\t\t<div class=\"elementor-element elementor-element-16b0574 e-con-full e-flex e-con e-parent\" data-id=\"16b0574\" data-element_type=\"container\" data-e-type=\"container\" data-settings=\"{&quot;background_background&quot;:&quot;classic&quot;}\">\n\t\t\t\t<div class=\"elementor-element elementor-element-8a00811 elementor-widget elementor-widget-spacer\" data-id=\"8a00811\" data-element_type=\"widget\" data-e-type=\"widget\" data-widget_type=\"spacer.default\">\n\t\t\t\t<div class=\"elementor-widget-container\">\n\t\t\t\t\t\t\t<div class=\"elementor-spacer\">\n\t\t\t<div class=\"elementor-spacer-inner\"><\/div>\n\t\t<\/div>\n\t\t\t\t\t\t<\/div>\n\t\t\t\t<\/div>\n\t\t\t\t<div class=\"elementor-element elementor-element-d4dab77 elementor-widget elementor-widget-text-editor\" data-id=\"d4dab77\" data-element_type=\"widget\" data-e-type=\"widget\" data-widget_type=\"text-editor.default\">\n\t\t\t\t<div class=\"elementor-widget-container\">\n\t\t\t\t\t\t\t\t\t<p>D3-cyklussen er en kemisk og hormonel \u00e6ndring i et dyrs krop, som forts\u00e6tter med at producere D3-vitamin.<\/p>\n\t\t\t\t\t\t\t\t<\/div>\n\t\t\t\t<\/div>\n\t\t\t\t<div class=\"elementor-element elementor-element-9d1ba74 elementor-widget elementor-widget-spacer\" data-id=\"9d1ba74\" data-element_type=\"widget\" data-e-type=\"widget\" data-widget_type=\"spacer.default\">\n\t\t\t\t<div class=\"elementor-widget-container\">\n\t\t\t\t\t\t\t<div class=\"elementor-spacer\">\n\t\t\t<div class=\"elementor-spacer-inner\"><\/div>\n\t\t<\/div>\n\t\t\t\t\t\t<\/div>\n\t\t\t\t<\/div>\n\t\t\t\t<div class=\"elementor-element elementor-element-83cdbdb elementor-widget elementor-widget-image\" data-id=\"83cdbdb\" data-element_type=\"widget\" data-e-type=\"widget\" data-widget_type=\"image.default\">\n\t\t\t\t<div class=\"elementor-widget-container\">\n\t\t\t\t\t\t\t\t\t\t\t\t\t\t\t<img decoding=\"async\" width=\"1012\" height=\"658\" src=\"https:\/\/arcadiareptile.com\/wp-content\/uploads\/d3-cycle-bearded-dragon.jpg\" class=\"attachment-full size-full wp-image-2121\" alt=\"D3 Cycle Bearded Dragon\" srcset=\"https:\/\/arcadiareptile.com\/wp-content\/uploads\/d3-cycle-bearded-dragon.jpg 1012w, https:\/\/arcadiareptile.com\/wp-content\/uploads\/d3-cycle-bearded-dragon-768x499.jpg 768w\" sizes=\"(max-width: 1012px) 100vw, 1012px\" \/>\t\t\t\t\t\t\t\t\t\t\t\t\t\t\t<\/div>\n\t\t\t\t<\/div>\n\t\t\t\t<div class=\"elementor-element elementor-element-8a5cebf elementor-widget elementor-widget-spacer\" data-id=\"8a5cebf\" data-element_type=\"widget\" data-e-type=\"widget\" data-widget_type=\"spacer.default\">\n\t\t\t\t<div class=\"elementor-widget-container\">\n\t\t\t\t\t\t\t<div class=\"elementor-spacer\">\n\t\t\t<div class=\"elementor-spacer-inner\"><\/div>\n\t\t<\/div>\n\t\t\t\t\t\t<\/div>\n\t\t\t\t<\/div>\n\t\t\t\t<div class=\"elementor-element elementor-element-e935a8f elementor-widget elementor-widget-spacer\" data-id=\"e935a8f\" data-element_type=\"widget\" data-e-type=\"widget\" data-widget_type=\"spacer.default\">\n\t\t\t\t<div class=\"elementor-widget-container\">\n\t\t\t\t\t\t\t<div class=\"elementor-spacer\">\n\t\t\t<div class=\"elementor-spacer-inner\"><\/div>\n\t\t<\/div>\n\t\t\t\t\t\t<\/div>\n\t\t\t\t<\/div>\n\t\t\t\t<div class=\"elementor-element elementor-element-5df724d elementor-widget elementor-widget-text-editor\" data-id=\"5df724d\" data-element_type=\"widget\" data-e-type=\"widget\" data-widget_type=\"text-editor.default\">\n\t\t\t\t<div class=\"elementor-widget-container\">\n\t\t\t\t\t\t\t\t\t<p>D3-cyklussen er en biologisk proces, der er afh\u00e6ngig af mange eksterne faktorer, herunder adgang til naturligt lys, varme, kulde og hvile.<\/p>\n<p>Denne fantastiske proces begynder, n\u00e5r et kolesterol kaldet pro-vitamin D (7DHC) produceres i dyrets hud (det er ogs\u00e5 naturligt hos mennesker). N\u00e5r dette kolesterol uds\u00e6ttes for naturligt lys (herunder UV-B ved 290-315 nm), omdannes kolesterolet til pr\u00e6-vitamin D i hudmembranen.<\/p>\n<p>Efter uds\u00e6ttelse for varme omdannes dette nyproducerede pr\u00e6-vitamin D (i hudmembranen) til D3-vitamin. D3-vitamin sendes derefter ud i blodplasmaet og bindes til et D-vitaminbindende protein. Denne del af D-vitaminet transporteres derefter til leveren, hvor det omdannes til et hormon kaldet calcediol (25-hydroxy D3-vitamin).<\/p>\n<div class=\"col-md-8 col-md-offset-2\">\n<p class=\"post\">Blodet transporterer dette calcediol rundt i kroppen og ind i nyrerne. Her omdannes noget af hormonet til et andet hormon kaldet calcetriol. Denne forbindelse spiller en vigtig rolle i calciummetabolismen ved at kontrollere blodets calciumniveau. Calcetriol spiller ogs\u00e5 en stor rolle i immunsystemet og det kardiovaskul\u00e6re system. Det har vist sig at s\u00c3\u00a6nke risikoen for kr\u00c3\u00a6ft i kroppen og huden.<\/p>\n<p class=\"post\">Vi kan se, at eksponering for naturligt sollys for at omdanne sollys til livsvigtige vitaminer kun er starten p\u00c3\u00a5 denne fantastiske evne. Hvis en del af cyklussen udelades, kan den ikke fuldf\u00f8res. \u00c6ndringer og reaktioner vil ogs\u00e5 blive forhindret. Det ville resultere i en underforsyning af vitaminer og hormoner. Hvis der ikke bruges tilskud, kan der ske et calcium-nedbrud.<\/p>\n<p class=\"post\">Selvom UV-eksponering er afg\u00c3\u00b8rende for krybdyrs velbefindende, spiller den mange flere roller i kroppen end D3-cyklussen alene. Virkningerne p\u00e5 syn, opdr\u00e6t og mental trivsel er alle dokumenterede og under forskning.<\/p>\n<\/div>\n\t\t\t\t\t\t\t\t<\/div>\n\t\t\t\t<\/div>\n\t\t\t\t<div class=\"elementor-element elementor-element-7831fa5 elementor-widget elementor-widget-spacer\" data-id=\"7831fa5\" data-element_type=\"widget\" data-e-type=\"widget\" data-widget_type=\"spacer.default\">\n\t\t\t\t<div class=\"elementor-widget-container\">\n\t\t\t\t\t\t\t<div class=\"elementor-spacer\">\n\t\t\t<div class=\"elementor-spacer-inner\"><\/div>\n\t\t<\/div>\n\t\t\t\t\t\t<\/div>\n\t\t\t\t<\/div>\n\t\t\t\t<div class=\"elementor-element elementor-element-1449c54 elementor-widget elementor-widget-text-editor\" data-id=\"1449c54\" data-element_type=\"widget\" data-e-type=\"widget\" data-widget_type=\"text-editor.default\">\n\t\t\t\t<div class=\"elementor-widget-container\">\n\t\t\t\t\t\t\t\t\t<p><span class=\"TextRun SCXW263595479 BCX2\" lang=\"EN-US\" data-contrast=\"auto\"><span class=\"NormalTextRun SCXW263595479 BCX2\">L\u00e6s mere om disse processer i vores <a style=\"text-decoration: underline; color: #46e4e3;\" href=\"https:\/\/arcadiareptile.com\/da\/boeger\/\">b\u00f8ger<\/a> og <a style=\"text-decoration: underline; color: #46e4e3;\" href=\"https:\/\/arcadiareptile.com\/da\/podcast\/\">podcasts<\/a><\/span><\/span> .<\/p>\n\t\t\t\t\t\t\t\t<\/div>\n\t\t\t\t<\/div>\n\t\t\t\t<\/div>\n\t\t\t\t\t<\/div>\n\t\t\t\t<\/div>\n\t\t\t\t<\/div>\n\t\t\t\t\t<\/div>\n\t\t\t\t<\/div>\n\t\t\t\t<\/div>\n\t\t","protected":false},"excerpt":{"rendered":"<p>D3 Cyklus Krybdyr er afh\u00e6ngige af varme, lys, UV-A\/UV-B, mad og vand for at overleve og videref\u00f8re deres blodlinjer. Som ansvarlige dyreholdere b\u00f8r vi g\u00f8re alt, hvad vi kan, for at genskabe disse naturlige indikatorer s\u00e5 t\u00e6t p\u00e5, som den nuv\u00e6rende teknologi tillader det. Hos Arcadia er vi stolte af at kunne tilbyde vores kunder [&hellip;]<\/p>\n","protected":false},"author":1,"featured_media":0,"parent":5017,"menu_order":0,"comment_status":"closed","ping_status":"closed","template":"","meta":{"site-sidebar-layout":"no-sidebar","site-content-layout":"page-builder","ast-site-content-layout":"default","site-content-style":"default","site-sidebar-style":"default","ast-global-header-display":"","ast-banner-title-visibility":"","ast-main-header-display":"","ast-hfb-above-header-display":"","ast-hfb-below-header-display":"","ast-hfb-mobile-header-display":"","site-post-title":"disabled","ast-breadcrumbs-content":"","ast-featured-img":"disabled","footer-sml-layout":"","ast-disable-related-posts":"","theme-transparent-header-meta":"","adv-header-id-meta":"","stick-header-meta":"","header-above-stick-meta":"","header-main-stick-meta":"","header-below-stick-meta":"","astra-migrate-meta-layouts":"default","ast-page-background-enabled":"default","ast-page-background-meta":{"desktop":{"background-color":"var(--ast-global-color-4)","background-image":"","background-repeat":"repeat","background-position":"center center","background-size":"auto","background-attachment":"scroll","background-type":"","background-media":"","overlay-type":"","overlay-color":"","overlay-opacity":"","overlay-gradient":""},"tablet":{"background-color":"","background-image":"","background-repeat":"repeat","background-position":"center center","background-size":"auto","background-attachment":"scroll","background-type":"","background-media":"","overlay-type":"","overlay-color":"","overlay-opacity":"","overlay-gradient":""},"mobile":{"background-color":"","background-image":"","background-repeat":"repeat","background-position":"center center","background-size":"auto","background-attachment":"scroll","background-type":"","background-media":"","overlay-type":"","overlay-color":"","overlay-opacity":"","overlay-gradient":""}},"ast-content-background-meta":{"desktop":{"background-color":"var(--ast-global-color-5)","background-image":"","background-repeat":"repeat","background-position":"center center","background-size":"auto","background-attachment":"scroll","background-type":"","background-media":"","overlay-type":"","overlay-color":"","overlay-opacity":"","overlay-gradient":""},"tablet":{"background-color":"var(--ast-global-color-5)","background-image":"","background-repeat":"repeat","background-position":"center center","background-size":"auto","background-attachment":"scroll","background-type":"","background-media":"","overlay-type":"","overlay-color":"","overlay-opacity":"","overlay-gradient":""},"mobile":{"background-color":"var(--ast-global-color-5)","background-image":"","background-repeat":"repeat","background-position":"center center","background-size":"auto","background-attachment":"scroll","background-type":"","background-media":"","overlay-type":"","overlay-color":"","overlay-opacity":"","overlay-gradient":""}},"footnotes":""},"class_list":["post-4866","page","type-page","status-publish","hentry"],"yoast_head":"<!-- This site is optimized with the Yoast SEO plugin v27.3 - https:\/\/yoast.com\/product\/yoast-seo-wordpress\/ -->\n<title>D3 Cyklus - Arcadia Reptile<\/title>\n<meta name=\"robots\" content=\"index, follow, max-snippet:-1, max-image-preview:large, max-video-preview:-1\" \/>\n<link rel=\"canonical\" href=\"https:\/\/arcadiareptile.com\/da\/belysning\/d3-cyklus\/\" \/>\n<meta property=\"og:locale\" content=\"da_DK\" \/>\n<meta property=\"og:type\" content=\"article\" \/>\n<meta property=\"og:title\" content=\"D3 Cyklus - Arcadia Reptile\" \/>\n<meta property=\"og:description\" content=\"D3 Cyklus Krybdyr er afh\u00e6ngige af varme, lys, UV-A\/UV-B, mad og vand for at overleve og videref\u00f8re deres blodlinjer. Som ansvarlige dyreholdere b\u00f8r vi g\u00f8re alt, hvad vi kan, for at genskabe disse naturlige indikatorer s\u00e5 t\u00e6t p\u00e5, som den nuv\u00e6rende teknologi tillader det. Hos Arcadia er vi stolte af at kunne tilbyde vores kunder [&hellip;]\" \/>\n<meta property=\"og:url\" content=\"https:\/\/arcadiareptile.com\/da\/belysning\/d3-cyklus\/\" \/>\n<meta property=\"og:site_name\" content=\"Arcadia Reptile\" \/>\n<meta property=\"article:modified_time\" content=\"2023-09-21T13:30:18+00:00\" \/>\n<meta property=\"og:image\" content=\"https:\/\/arcadiareptile.com\/wp-content\/uploads\/d3-cycle.png\" \/>\n<meta name=\"twitter:card\" content=\"summary_large_image\" \/>\n<meta name=\"twitter:label1\" content=\"Estimeret l\u00e6setid\" \/>\n\t<meta name=\"twitter:data1\" content=\"2 minutter\" \/>\n<script type=\"application\/ld+json\" class=\"yoast-schema-graph\">{\"@context\":\"https:\\\/\\\/schema.org\",\"@graph\":[{\"@type\":\"WebPage\",\"@id\":\"https:\\\/\\\/arcadiareptile.com\\\/da\\\/belysning\\\/d3-cyklus\\\/\",\"url\":\"https:\\\/\\\/arcadiareptile.com\\\/da\\\/belysning\\\/d3-cyklus\\\/\",\"name\":\"D3 Cyklus - Arcadia Reptile\",\"isPartOf\":{\"@id\":\"https:\\\/\\\/arcadiareptile.com\\\/da\\\/#website\"},\"primaryImageOfPage\":{\"@id\":\"https:\\\/\\\/arcadiareptile.com\\\/da\\\/belysning\\\/d3-cyklus\\\/#primaryimage\"},\"image\":{\"@id\":\"https:\\\/\\\/arcadiareptile.com\\\/da\\\/belysning\\\/d3-cyklus\\\/#primaryimage\"},\"thumbnailUrl\":\"https:\\\/\\\/arcadiareptile.com\\\/wp-content\\\/uploads\\\/d3-cycle.png\",\"datePublished\":\"2023-07-01T11:52:24+00:00\",\"dateModified\":\"2023-09-21T13:30:18+00:00\",\"breadcrumb\":{\"@id\":\"https:\\\/\\\/arcadiareptile.com\\\/da\\\/belysning\\\/d3-cyklus\\\/#breadcrumb\"},\"inLanguage\":\"da-DK\",\"potentialAction\":[{\"@type\":\"ReadAction\",\"target\":[\"https:\\\/\\\/arcadiareptile.com\\\/da\\\/belysning\\\/d3-cyklus\\\/\"]}]},{\"@type\":\"ImageObject\",\"inLanguage\":\"da-DK\",\"@id\":\"https:\\\/\\\/arcadiareptile.com\\\/da\\\/belysning\\\/d3-cyklus\\\/#primaryimage\",\"url\":\"https:\\\/\\\/arcadiareptile.com\\\/wp-content\\\/uploads\\\/d3-cycle.png\",\"contentUrl\":\"https:\\\/\\\/arcadiareptile.com\\\/wp-content\\\/uploads\\\/d3-cycle.png\"},{\"@type\":\"BreadcrumbList\",\"@id\":\"https:\\\/\\\/arcadiareptile.com\\\/da\\\/belysning\\\/d3-cyklus\\\/#breadcrumb\",\"itemListElement\":[{\"@type\":\"ListItem\",\"position\":1,\"name\":\"Home\",\"item\":\"https:\\\/\\\/arcadiareptile.com\\\/da\\\/hjem\\\/\"},{\"@type\":\"ListItem\",\"position\":2,\"name\":\"D3 Cyklus\"}]},{\"@type\":\"WebSite\",\"@id\":\"https:\\\/\\\/arcadiareptile.com\\\/da\\\/#website\",\"url\":\"https:\\\/\\\/arcadiareptile.com\\\/da\\\/\",\"name\":\"Arcadia Reptile\",\"description\":\"Arcadia Reptile\",\"potentialAction\":[{\"@type\":\"SearchAction\",\"target\":{\"@type\":\"EntryPoint\",\"urlTemplate\":\"https:\\\/\\\/arcadiareptile.com\\\/da\\\/?s={search_term_string}\"},\"query-input\":{\"@type\":\"PropertyValueSpecification\",\"valueRequired\":true,\"valueName\":\"search_term_string\"}}],\"inLanguage\":\"da-DK\"}]}<\/script>\n<!-- \/ Yoast SEO plugin. -->","yoast_head_json":{"title":"D3 Cyklus - Arcadia Reptile","robots":{"index":"index","follow":"follow","max-snippet":"max-snippet:-1","max-image-preview":"max-image-preview:large","max-video-preview":"max-video-preview:-1"},"canonical":"https:\/\/arcadiareptile.com\/da\/belysning\/d3-cyklus\/","og_locale":"da_DK","og_type":"article","og_title":"D3 Cyklus - Arcadia Reptile","og_description":"D3 Cyklus Krybdyr er afh\u00e6ngige af varme, lys, UV-A\/UV-B, mad og vand for at overleve og videref\u00f8re deres blodlinjer. Som ansvarlige dyreholdere b\u00f8r vi g\u00f8re alt, hvad vi kan, for at genskabe disse naturlige indikatorer s\u00e5 t\u00e6t p\u00e5, som den nuv\u00e6rende teknologi tillader det. Hos Arcadia er vi stolte af at kunne tilbyde vores kunder [&hellip;]","og_url":"https:\/\/arcadiareptile.com\/da\/belysning\/d3-cyklus\/","og_site_name":"Arcadia Reptile","article_modified_time":"2023-09-21T13:30:18+00:00","og_image":[{"url":"https:\/\/arcadiareptile.com\/wp-content\/uploads\/d3-cycle.png","type":"","width":"","height":""}],"twitter_card":"summary_large_image","twitter_misc":{"Estimeret l\u00e6setid":"2 minutter"},"schema":{"@context":"https:\/\/schema.org","@graph":[{"@type":"WebPage","@id":"https:\/\/arcadiareptile.com\/da\/belysning\/d3-cyklus\/","url":"https:\/\/arcadiareptile.com\/da\/belysning\/d3-cyklus\/","name":"D3 Cyklus - Arcadia Reptile","isPartOf":{"@id":"https:\/\/arcadiareptile.com\/da\/#website"},"primaryImageOfPage":{"@id":"https:\/\/arcadiareptile.com\/da\/belysning\/d3-cyklus\/#primaryimage"},"image":{"@id":"https:\/\/arcadiareptile.com\/da\/belysning\/d3-cyklus\/#primaryimage"},"thumbnailUrl":"https:\/\/arcadiareptile.com\/wp-content\/uploads\/d3-cycle.png","datePublished":"2023-07-01T11:52:24+00:00","dateModified":"2023-09-21T13:30:18+00:00","breadcrumb":{"@id":"https:\/\/arcadiareptile.com\/da\/belysning\/d3-cyklus\/#breadcrumb"},"inLanguage":"da-DK","potentialAction":[{"@type":"ReadAction","target":["https:\/\/arcadiareptile.com\/da\/belysning\/d3-cyklus\/"]}]},{"@type":"ImageObject","inLanguage":"da-DK","@id":"https:\/\/arcadiareptile.com\/da\/belysning\/d3-cyklus\/#primaryimage","url":"https:\/\/arcadiareptile.com\/wp-content\/uploads\/d3-cycle.png","contentUrl":"https:\/\/arcadiareptile.com\/wp-content\/uploads\/d3-cycle.png"},{"@type":"BreadcrumbList","@id":"https:\/\/arcadiareptile.com\/da\/belysning\/d3-cyklus\/#breadcrumb","itemListElement":[{"@type":"ListItem","position":1,"name":"Home","item":"https:\/\/arcadiareptile.com\/da\/hjem\/"},{"@type":"ListItem","position":2,"name":"D3 Cyklus"}]},{"@type":"WebSite","@id":"https:\/\/arcadiareptile.com\/da\/#website","url":"https:\/\/arcadiareptile.com\/da\/","name":"Arcadia Reptile","description":"Arcadia Reptile","potentialAction":[{"@type":"SearchAction","target":{"@type":"EntryPoint","urlTemplate":"https:\/\/arcadiareptile.com\/da\/?s={search_term_string}"},"query-input":{"@type":"PropertyValueSpecification","valueRequired":true,"valueName":"search_term_string"}}],"inLanguage":"da-DK"}]}},"_links":{"self":[{"href":"https:\/\/arcadiareptile.com\/da\/wp-json\/wp\/v2\/pages\/4866","targetHints":{"allow":["GET"]}}],"collection":[{"href":"https:\/\/arcadiareptile.com\/da\/wp-json\/wp\/v2\/pages"}],"about":[{"href":"https:\/\/arcadiareptile.com\/da\/wp-json\/wp\/v2\/types\/page"}],"author":[{"embeddable":true,"href":"https:\/\/arcadiareptile.com\/da\/wp-json\/wp\/v2\/users\/1"}],"replies":[{"embeddable":true,"href":"https:\/\/arcadiareptile.com\/da\/wp-json\/wp\/v2\/comments?post=4866"}],"version-history":[{"count":0,"href":"https:\/\/arcadiareptile.com\/da\/wp-json\/wp\/v2\/pages\/4866\/revisions"}],"up":[{"embeddable":true,"href":"https:\/\/arcadiareptile.com\/da\/wp-json\/wp\/v2\/pages\/5017"}],"wp:attachment":[{"href":"https:\/\/arcadiareptile.com\/da\/wp-json\/wp\/v2\/media?parent=4866"}],"curies":[{"name":"wp","href":"https:\/\/api.w.org\/{rel}","templated":true}]}}