{"id":4871,"date":"2023-07-04T08:41:45","date_gmt":"2023-07-04T08:41:45","guid":{"rendered":"https:\/\/arcadiareptile.com\/light-shade-method\/"},"modified":"2023-09-21T14:31:15","modified_gmt":"2023-09-21T14:31:15","slug":"light-shade-method","status":"publish","type":"page","link":"https:\/\/arcadiareptile.com\/da\/belysning\/light-shade-method\/","title":{"rendered":"Light Shade Method"},"content":{"rendered":"\t\t<div data-elementor-type=\"wp-page\" data-elementor-id=\"4871\" class=\"elementor elementor-4871 elementor-2395\" data-elementor-post-type=\"page\">\n\t\t\t\t<div class=\"elementor-element elementor-element-2ecf001a e-con-full e-flex e-con e-parent\" data-id=\"2ecf001a\" data-element_type=\"container\" data-e-type=\"container\">\n\t\t\t\t<div class=\"elementor-element elementor-element-30593b4f elementor-widget elementor-widget-image\" data-id=\"30593b4f\" data-element_type=\"widget\" data-e-type=\"widget\" data-widget_type=\"image.default\">\n\t\t\t\t<div class=\"elementor-widget-container\">\n\t\t\t\t\t\t\t\t\t\t\t\t\t\t\t<img fetchpriority=\"high\" decoding=\"async\" width=\"1600\" height=\"722\" src=\"https:\/\/arcadiareptile.com\/wp-content\/uploads\/leopard-gecko-rock.jpg\" class=\"attachment-full size-full wp-image-4872\" alt=\"\" srcset=\"https:\/\/arcadiareptile.com\/wp-content\/uploads\/leopard-gecko-rock.jpg 1600w, https:\/\/arcadiareptile.com\/wp-content\/uploads\/leopard-gecko-rock-768x347.jpg 768w, https:\/\/arcadiareptile.com\/wp-content\/uploads\/leopard-gecko-rock-1536x693.jpg 1536w\" sizes=\"(max-width: 1600px) 100vw, 1600px\" \/>\t\t\t\t\t\t\t\t\t\t\t\t\t\t\t<\/div>\n\t\t\t\t<\/div>\n\t\t\t\t<\/div>\n\t\t\t\t<section class=\"elementor-section elementor-top-section elementor-element elementor-element-5b119190 elementor-section-full_width elementor-section-height-default elementor-section-height-default\" data-id=\"5b119190\" data-element_type=\"section\" data-e-type=\"section\" data-settings=\"{&quot;background_background&quot;:&quot;classic&quot;}\">\n\t\t\t\t\t\t<div class=\"elementor-container elementor-column-gap-default\">\n\t\t\t\t\t<div class=\"elementor-column elementor-col-100 elementor-top-column elementor-element elementor-element-6b5074a2\" data-id=\"6b5074a2\" data-element_type=\"column\" data-e-type=\"column\">\n\t\t\t<div class=\"elementor-widget-wrap elementor-element-populated\">\n\t\t\t\t\t\t<section class=\"elementor-section elementor-inner-section elementor-element elementor-element-613320b3 elementor-section-boxed elementor-section-height-default elementor-section-height-default\" data-id=\"613320b3\" data-element_type=\"section\" data-e-type=\"section\">\n\t\t\t\t\t\t<div class=\"elementor-container elementor-column-gap-extended\">\n\t\t\t\t\t<div class=\"elementor-column elementor-col-100 elementor-inner-column elementor-element elementor-element-119fcd6e\" data-id=\"119fcd6e\" data-element_type=\"column\" data-e-type=\"column\" data-settings=\"{&quot;background_background&quot;:&quot;classic&quot;}\">\n\t\t\t<div class=\"elementor-widget-wrap elementor-element-populated\">\n\t\t\t\t\t\t<div class=\"elementor-element elementor-element-68b4ed3a elementor-widget elementor-widget-heading\" data-id=\"68b4ed3a\" data-element_type=\"widget\" data-e-type=\"widget\" data-widget_type=\"heading.default\">\n\t\t\t\t<div class=\"elementor-widget-container\">\n\t\t\t\t\t<h2 class=\"elementor-heading-title elementor-size-default\">Lys- og skyggemetoden<\/h2>\t\t\t\t<\/div>\n\t\t\t\t<\/div>\n\t\t\t\t\t<\/div>\n\t\t<\/div>\n\t\t\t\t\t<\/div>\n\t\t<\/section>\n\t\t\t\t\t<\/div>\n\t\t<\/div>\n\t\t\t\t\t<\/div>\n\t\t<\/section>\n\t\t\t\t<section class=\"elementor-section elementor-top-section elementor-element elementor-element-45273595 elementor-section-full_width elementor-section-height-default elementor-section-height-default\" data-id=\"45273595\" data-element_type=\"section\" data-e-type=\"section\" data-settings=\"{&quot;background_background&quot;:&quot;classic&quot;}\">\n\t\t\t\t\t\t<div class=\"elementor-container elementor-column-gap-default\">\n\t\t\t\t\t<div class=\"elementor-column elementor-col-100 elementor-top-column elementor-element elementor-element-456c269a\" data-id=\"456c269a\" data-element_type=\"column\" data-e-type=\"column\">\n\t\t\t<div class=\"elementor-widget-wrap elementor-element-populated\">\n\t\t\t\t\t\t<section class=\"elementor-section elementor-inner-section elementor-element elementor-element-482ac017 elementor-section-boxed elementor-section-height-default elementor-section-height-default\" data-id=\"482ac017\" data-element_type=\"section\" data-e-type=\"section\">\n\t\t\t\t\t\t<div class=\"elementor-container elementor-column-gap-extended\">\n\t\t\t\t\t<div class=\"elementor-column elementor-col-100 elementor-inner-column elementor-element elementor-element-159cf0a\" data-id=\"159cf0a\" data-element_type=\"column\" data-e-type=\"column\" data-settings=\"{&quot;background_background&quot;:&quot;classic&quot;}\">\n\t\t\t<div class=\"elementor-widget-wrap elementor-element-populated\">\n\t\t\t\t\t\t<div class=\"elementor-element elementor-element-5c4237b elementor-widget elementor-widget-heading\" data-id=\"5c4237b\" data-element_type=\"widget\" data-e-type=\"widget\" data-widget_type=\"heading.default\">\n\t\t\t\t<div class=\"elementor-widget-container\">\n\t\t\t\t\t<h3 class=\"elementor-heading-title elementor-size-default\">Krybdyr har brug for en termisk gradient for at kunne regulere deres egen temperatur. Dette er en grundl\u00c3\u00a6ggende guide til ops\u00c3\u00a6tning af en termisk gradient i et anl\u00c3\u00a6g.<\/h3>\t\t\t\t<\/div>\n\t\t\t\t<\/div>\n\t\t\t\t<div class=\"elementor-element elementor-element-1287d568 elementor-widget elementor-widget-text-editor\" data-id=\"1287d568\" data-element_type=\"widget\" data-e-type=\"widget\" data-widget_type=\"text-editor.default\">\n\t\t\t\t<div class=\"elementor-widget-container\">\n\t\t\t\t\t\t\t\t\t<p>At opretholde en h\u00c3\u00b8jere temperatur i den ene ende af terrariet, mens man opretholder en lavere temperatur i den modsatte ende af terrariet, er grundlaget for pleje af krybdyr. Lys- og skyggemetoden forbedrer denne tilgang, da den ogs\u00c3\u00a5 omfatter den korrekte m\u00c3\u00a6ngde fuldspektret + UVB-lys som en del af gradienten for at skabe en brugbar zoneinddeling af &#8220;varme og lys&#8221; til &#8220;kulde og skygge&#8221;.<\/p>\n<p>Solen projicerer alle de jordiske b\u00f8lgel\u00e6ngder af lys fra UVB til infrar\u00f8d-B ind i vores verden. Det er en enkelt energikilde, som forsyner os alle med varme, synligt lys og UV. Det er derfor vigtigt, at vi ikke opdeler varme- og lyskilder i fangenskab.<\/p>\n\t\t\t\t\t\t\t\t<\/div>\n\t\t\t\t<\/div>\n\t\t\t\t\t<\/div>\n\t\t<\/div>\n\t\t\t\t\t<\/div>\n\t\t<\/section>\n\t\t\t\t<section class=\"elementor-section elementor-inner-section elementor-element elementor-element-59a2ffed elementor-section-boxed elementor-section-height-default elementor-section-height-default\" data-id=\"59a2ffed\" data-element_type=\"section\" data-e-type=\"section\">\n\t\t\t\t\t\t<div class=\"elementor-container elementor-column-gap-extended\">\n\t\t\t\t\t<div class=\"elementor-column elementor-col-100 elementor-inner-column elementor-element elementor-element-6e1cfa30\" data-id=\"6e1cfa30\" data-element_type=\"column\" data-e-type=\"column\">\n\t\t\t<div class=\"elementor-widget-wrap elementor-element-populated\">\n\t\t\t\t\t\t<div class=\"elementor-element elementor-element-1ca394c4 elementor-widget elementor-widget-image\" data-id=\"1ca394c4\" data-element_type=\"widget\" data-e-type=\"widget\" data-widget_type=\"image.default\">\n\t\t\t\t<div class=\"elementor-widget-container\">\n\t\t\t\t\t\t\t\t\t\t\t\t\t\t\t<img decoding=\"async\" width=\"1253\" height=\"726\" src=\"https:\/\/arcadiareptile.com\/wp-content\/uploads\/Light-Shade-Method.jpg\" class=\"attachment-full size-full wp-image-4873\" alt=\"\" srcset=\"https:\/\/arcadiareptile.com\/wp-content\/uploads\/Light-Shade-Method.jpg 1253w, https:\/\/arcadiareptile.com\/wp-content\/uploads\/Light-Shade-Method-768x445.jpg 768w\" sizes=\"(max-width: 1253px) 100vw, 1253px\" \/>\t\t\t\t\t\t\t\t\t\t\t\t\t\t\t<\/div>\n\t\t\t\t<\/div>\n\t\t\t\t\t<\/div>\n\t\t<\/div>\n\t\t\t\t\t<\/div>\n\t\t<\/section>\n\t\t\t\t\t<\/div>\n\t\t<\/div>\n\t\t\t\t\t<\/div>\n\t\t<\/section>\n\t\t\t\t<section class=\"elementor-section elementor-top-section elementor-element elementor-element-532929e0 elementor-section-full_width elementor-section-height-default elementor-section-height-default\" data-id=\"532929e0\" data-element_type=\"section\" data-e-type=\"section\" data-settings=\"{&quot;background_background&quot;:&quot;classic&quot;}\">\n\t\t\t\t\t\t<div class=\"elementor-container elementor-column-gap-default\">\n\t\t\t\t\t<div class=\"elementor-column elementor-col-100 elementor-top-column elementor-element elementor-element-5c8bea0a\" data-id=\"5c8bea0a\" data-element_type=\"column\" data-e-type=\"column\">\n\t\t\t<div class=\"elementor-widget-wrap elementor-element-populated\">\n\t\t\t\t\t\t<section class=\"elementor-section elementor-inner-section elementor-element elementor-element-4c93704f elementor-section-boxed elementor-section-height-default elementor-section-height-default\" data-id=\"4c93704f\" data-element_type=\"section\" data-e-type=\"section\">\n\t\t\t\t\t\t<div class=\"elementor-container elementor-column-gap-extended\">\n\t\t\t\t\t<div class=\"elementor-column elementor-col-100 elementor-inner-column elementor-element elementor-element-39d3969f\" data-id=\"39d3969f\" data-element_type=\"column\" data-e-type=\"column\" data-settings=\"{&quot;background_background&quot;:&quot;classic&quot;}\">\n\t\t\t<div class=\"elementor-widget-wrap elementor-element-populated\">\n\t\t\t\t\t\t<div class=\"elementor-element elementor-element-19f16e64 elementor-widget elementor-widget-text-editor\" data-id=\"19f16e64\" data-element_type=\"widget\" data-e-type=\"widget\" data-widget_type=\"text-editor.default\">\n\t\t\t\t<div class=\"elementor-widget-container\">\n\t\t\t\t\t\t\t\t\t<p>Varme- og lyssystemer b\u00f8r placeres t\u00e6t sammen p\u00e5 en sikker m\u00e5de, s\u00e5 b\u00e5de varme og lys er rettet mod solzonen sammen. P\u00e5 den m\u00e5de kan dyret udnytte energien naturligt og selv regulere sin egen eksponering efter behov.<\/p>\n<p>Derefter adskiller vi det varmere solomr\u00c3\u00a5de fra den k\u00c3\u00b8ligere, mere fugtige ende af anl\u00c3\u00a6gget. Zoneinddeling er afg\u00f8rende for den korrekte tilf\u00f8rsel af genskabt terrestrisk lys. Det giver dyret mulighed for at &#8220;selvv\u00e6lge&#8221; eller &#8220;selvregulere&#8221; sit eget eksponeringsniveau inden for sine egne biologiske cyklusser, fra kontrolleret varme og fuldspektret lys til k\u00f8lighed og skygge, pr\u00e6cis som det ville g\u00f8re i naturen.<\/p>\n<p>Hvis lys- og skyggemetoden implementeres, og du s\u00f8rger for masser af skjulesteder, vil dyret v\u00e6re i stand til at \u00e6ndre sin position i vivariet eller terrariet og v\u00e6lge, hvor det vil solbade. Det er princippet i &#8216;Naturlig Re-kreation\u00ae&#8217;.<\/p>\n\t\t\t\t\t\t\t\t<\/div>\n\t\t\t\t<\/div>\n\t\t\t\t\t<\/div>\n\t\t<\/div>\n\t\t\t\t\t<\/div>\n\t\t<\/section>\n\t\t\t\t\t<\/div>\n\t\t<\/div>\n\t\t\t\t\t<\/div>\n\t\t<\/section>\n\t\t\t\t<\/div>\n\t\t","protected":false},"excerpt":{"rendered":"<p>Lys- og skyggemetoden Krybdyr har brug for en termisk gradient for at kunne regulere deres egen temperatur. Dette er en grundl\u00c3\u00a6ggende guide til ops\u00c3\u00a6tning af en termisk gradient i et anl\u00c3\u00a6g. At opretholde en h\u00c3\u00b8jere temperatur i den ene ende af terrariet, mens man opretholder en lavere temperatur i den modsatte ende af terrariet, er [&hellip;]<\/p>\n","protected":false},"author":1,"featured_media":0,"parent":5017,"menu_order":0,"comment_status":"closed","ping_status":"closed","template":"","meta":{"site-sidebar-layout":"no-sidebar","site-content-layout":"page-builder","ast-site-content-layout":"default","site-content-style":"default","site-sidebar-style":"default","ast-global-header-display":"","ast-banner-title-visibility":"","ast-main-header-display":"","ast-hfb-above-header-display":"","ast-hfb-below-header-display":"","ast-hfb-mobile-header-display":"","site-post-title":"disabled","ast-breadcrumbs-content":"","ast-featured-img":"disabled","footer-sml-layout":"","ast-disable-related-posts":"","theme-transparent-header-meta":"","adv-header-id-meta":"","stick-header-meta":"","header-above-stick-meta":"","header-main-stick-meta":"","header-below-stick-meta":"","astra-migrate-meta-layouts":"default","ast-page-background-enabled":"default","ast-page-background-meta":{"desktop":{"background-color":"var(--ast-global-color-4)","background-image":"","background-repeat":"repeat","background-position":"center center","background-size":"auto","background-attachment":"scroll","background-type":"","background-media":"","overlay-type":"","overlay-color":"","overlay-opacity":"","overlay-gradient":""},"tablet":{"background-color":"","background-image":"","background-repeat":"repeat","background-position":"center center","background-size":"auto","background-attachment":"scroll","background-type":"","background-media":"","overlay-type":"","overlay-color":"","overlay-opacity":"","overlay-gradient":""},"mobile":{"background-color":"","background-image":"","background-repeat":"repeat","background-position":"center center","background-size":"auto","background-attachment":"scroll","background-type":"","background-media":"","overlay-type":"","overlay-color":"","overlay-opacity":"","overlay-gradient":""}},"ast-content-background-meta":{"desktop":{"background-color":"var(--ast-global-color-5)","background-image":"","background-repeat":"repeat","background-position":"center center","background-size":"auto","background-attachment":"scroll","background-type":"","background-media":"","overlay-type":"","overlay-color":"","overlay-opacity":"","overlay-gradient":""},"tablet":{"background-color":"var(--ast-global-color-5)","background-image":"","background-repeat":"repeat","background-position":"center center","background-size":"auto","background-attachment":"scroll","background-type":"","background-media":"","overlay-type":"","overlay-color":"","overlay-opacity":"","overlay-gradient":""},"mobile":{"background-color":"var(--ast-global-color-5)","background-image":"","background-repeat":"repeat","background-position":"center center","background-size":"auto","background-attachment":"scroll","background-type":"","background-media":"","overlay-type":"","overlay-color":"","overlay-opacity":"","overlay-gradient":""}},"footnotes":""},"class_list":["post-4871","page","type-page","status-publish","hentry"],"yoast_head":"<!-- This site is optimized with the Yoast SEO plugin v27.3 - https:\/\/yoast.com\/product\/yoast-seo-wordpress\/ -->\n<title>Light Shade Method - Arcadia Reptile<\/title>\n<meta name=\"robots\" content=\"index, follow, max-snippet:-1, max-image-preview:large, max-video-preview:-1\" \/>\n<link rel=\"canonical\" href=\"https:\/\/arcadiareptile.com\/da\/belysning\/light-shade-method\/\" \/>\n<meta property=\"og:locale\" content=\"da_DK\" \/>\n<meta property=\"og:type\" content=\"article\" \/>\n<meta property=\"og:title\" content=\"Light Shade Method - Arcadia Reptile\" \/>\n<meta property=\"og:description\" content=\"Lys- og skyggemetoden Krybdyr har brug for en termisk gradient for at kunne regulere deres egen temperatur. Dette er en grundl\u00c3\u00a6ggende guide til ops\u00c3\u00a6tning af en termisk gradient i et anl\u00c3\u00a6g. At opretholde en h\u00c3\u00b8jere temperatur i den ene ende af terrariet, mens man opretholder en lavere temperatur i den modsatte ende af terrariet, er [&hellip;]\" \/>\n<meta property=\"og:url\" content=\"https:\/\/arcadiareptile.com\/da\/belysning\/light-shade-method\/\" \/>\n<meta property=\"og:site_name\" content=\"Arcadia Reptile\" \/>\n<meta property=\"article:modified_time\" content=\"2023-09-21T14:31:15+00:00\" \/>\n<meta property=\"og:image\" content=\"https:\/\/arcadiareptile.com\/wp-content\/uploads\/leopard-gecko-rock.jpg\" \/>\n<meta name=\"twitter:card\" content=\"summary_large_image\" \/>\n<meta name=\"twitter:label1\" content=\"Estimeret l\u00e6setid\" \/>\n\t<meta name=\"twitter:data1\" content=\"1 minut\" \/>\n<script type=\"application\/ld+json\" class=\"yoast-schema-graph\">{\"@context\":\"https:\\\/\\\/schema.org\",\"@graph\":[{\"@type\":\"WebPage\",\"@id\":\"https:\\\/\\\/arcadiareptile.com\\\/da\\\/belysning\\\/light-shade-method\\\/\",\"url\":\"https:\\\/\\\/arcadiareptile.com\\\/da\\\/belysning\\\/light-shade-method\\\/\",\"name\":\"Light Shade Method - Arcadia Reptile\",\"isPartOf\":{\"@id\":\"https:\\\/\\\/arcadiareptile.com\\\/da\\\/#website\"},\"primaryImageOfPage\":{\"@id\":\"https:\\\/\\\/arcadiareptile.com\\\/da\\\/belysning\\\/light-shade-method\\\/#primaryimage\"},\"image\":{\"@id\":\"https:\\\/\\\/arcadiareptile.com\\\/da\\\/belysning\\\/light-shade-method\\\/#primaryimage\"},\"thumbnailUrl\":\"https:\\\/\\\/arcadiareptile.com\\\/wp-content\\\/uploads\\\/leopard-gecko-rock.jpg\",\"datePublished\":\"2023-07-04T08:41:45+00:00\",\"dateModified\":\"2023-09-21T14:31:15+00:00\",\"breadcrumb\":{\"@id\":\"https:\\\/\\\/arcadiareptile.com\\\/da\\\/belysning\\\/light-shade-method\\\/#breadcrumb\"},\"inLanguage\":\"da-DK\",\"potentialAction\":[{\"@type\":\"ReadAction\",\"target\":[\"https:\\\/\\\/arcadiareptile.com\\\/da\\\/belysning\\\/light-shade-method\\\/\"]}]},{\"@type\":\"ImageObject\",\"inLanguage\":\"da-DK\",\"@id\":\"https:\\\/\\\/arcadiareptile.com\\\/da\\\/belysning\\\/light-shade-method\\\/#primaryimage\",\"url\":\"https:\\\/\\\/arcadiareptile.com\\\/wp-content\\\/uploads\\\/leopard-gecko-rock.jpg\",\"contentUrl\":\"https:\\\/\\\/arcadiareptile.com\\\/wp-content\\\/uploads\\\/leopard-gecko-rock.jpg\"},{\"@type\":\"BreadcrumbList\",\"@id\":\"https:\\\/\\\/arcadiareptile.com\\\/da\\\/belysning\\\/light-shade-method\\\/#breadcrumb\",\"itemListElement\":[{\"@type\":\"ListItem\",\"position\":1,\"name\":\"Home\",\"item\":\"https:\\\/\\\/arcadiareptile.com\\\/da\\\/hjem\\\/\"},{\"@type\":\"ListItem\",\"position\":2,\"name\":\"Light Shade Method\"}]},{\"@type\":\"WebSite\",\"@id\":\"https:\\\/\\\/arcadiareptile.com\\\/da\\\/#website\",\"url\":\"https:\\\/\\\/arcadiareptile.com\\\/da\\\/\",\"name\":\"Arcadia Reptile\",\"description\":\"Arcadia Reptile\",\"potentialAction\":[{\"@type\":\"SearchAction\",\"target\":{\"@type\":\"EntryPoint\",\"urlTemplate\":\"https:\\\/\\\/arcadiareptile.com\\\/da\\\/?s={search_term_string}\"},\"query-input\":{\"@type\":\"PropertyValueSpecification\",\"valueRequired\":true,\"valueName\":\"search_term_string\"}}],\"inLanguage\":\"da-DK\"}]}<\/script>\n<!-- \/ Yoast SEO plugin. -->","yoast_head_json":{"title":"Light Shade Method - Arcadia Reptile","robots":{"index":"index","follow":"follow","max-snippet":"max-snippet:-1","max-image-preview":"max-image-preview:large","max-video-preview":"max-video-preview:-1"},"canonical":"https:\/\/arcadiareptile.com\/da\/belysning\/light-shade-method\/","og_locale":"da_DK","og_type":"article","og_title":"Light Shade Method - Arcadia Reptile","og_description":"Lys- og skyggemetoden Krybdyr har brug for en termisk gradient for at kunne regulere deres egen temperatur. Dette er en grundl\u00c3\u00a6ggende guide til ops\u00c3\u00a6tning af en termisk gradient i et anl\u00c3\u00a6g. At opretholde en h\u00c3\u00b8jere temperatur i den ene ende af terrariet, mens man opretholder en lavere temperatur i den modsatte ende af terrariet, er [&hellip;]","og_url":"https:\/\/arcadiareptile.com\/da\/belysning\/light-shade-method\/","og_site_name":"Arcadia Reptile","article_modified_time":"2023-09-21T14:31:15+00:00","og_image":[{"url":"https:\/\/arcadiareptile.com\/wp-content\/uploads\/leopard-gecko-rock.jpg","type":"","width":"","height":""}],"twitter_card":"summary_large_image","twitter_misc":{"Estimeret l\u00e6setid":"1 minut"},"schema":{"@context":"https:\/\/schema.org","@graph":[{"@type":"WebPage","@id":"https:\/\/arcadiareptile.com\/da\/belysning\/light-shade-method\/","url":"https:\/\/arcadiareptile.com\/da\/belysning\/light-shade-method\/","name":"Light Shade Method - Arcadia Reptile","isPartOf":{"@id":"https:\/\/arcadiareptile.com\/da\/#website"},"primaryImageOfPage":{"@id":"https:\/\/arcadiareptile.com\/da\/belysning\/light-shade-method\/#primaryimage"},"image":{"@id":"https:\/\/arcadiareptile.com\/da\/belysning\/light-shade-method\/#primaryimage"},"thumbnailUrl":"https:\/\/arcadiareptile.com\/wp-content\/uploads\/leopard-gecko-rock.jpg","datePublished":"2023-07-04T08:41:45+00:00","dateModified":"2023-09-21T14:31:15+00:00","breadcrumb":{"@id":"https:\/\/arcadiareptile.com\/da\/belysning\/light-shade-method\/#breadcrumb"},"inLanguage":"da-DK","potentialAction":[{"@type":"ReadAction","target":["https:\/\/arcadiareptile.com\/da\/belysning\/light-shade-method\/"]}]},{"@type":"ImageObject","inLanguage":"da-DK","@id":"https:\/\/arcadiareptile.com\/da\/belysning\/light-shade-method\/#primaryimage","url":"https:\/\/arcadiareptile.com\/wp-content\/uploads\/leopard-gecko-rock.jpg","contentUrl":"https:\/\/arcadiareptile.com\/wp-content\/uploads\/leopard-gecko-rock.jpg"},{"@type":"BreadcrumbList","@id":"https:\/\/arcadiareptile.com\/da\/belysning\/light-shade-method\/#breadcrumb","itemListElement":[{"@type":"ListItem","position":1,"name":"Home","item":"https:\/\/arcadiareptile.com\/da\/hjem\/"},{"@type":"ListItem","position":2,"name":"Light Shade Method"}]},{"@type":"WebSite","@id":"https:\/\/arcadiareptile.com\/da\/#website","url":"https:\/\/arcadiareptile.com\/da\/","name":"Arcadia Reptile","description":"Arcadia Reptile","potentialAction":[{"@type":"SearchAction","target":{"@type":"EntryPoint","urlTemplate":"https:\/\/arcadiareptile.com\/da\/?s={search_term_string}"},"query-input":{"@type":"PropertyValueSpecification","valueRequired":true,"valueName":"search_term_string"}}],"inLanguage":"da-DK"}]}},"_links":{"self":[{"href":"https:\/\/arcadiareptile.com\/da\/wp-json\/wp\/v2\/pages\/4871","targetHints":{"allow":["GET"]}}],"collection":[{"href":"https:\/\/arcadiareptile.com\/da\/wp-json\/wp\/v2\/pages"}],"about":[{"href":"https:\/\/arcadiareptile.com\/da\/wp-json\/wp\/v2\/types\/page"}],"author":[{"embeddable":true,"href":"https:\/\/arcadiareptile.com\/da\/wp-json\/wp\/v2\/users\/1"}],"replies":[{"embeddable":true,"href":"https:\/\/arcadiareptile.com\/da\/wp-json\/wp\/v2\/comments?post=4871"}],"version-history":[{"count":0,"href":"https:\/\/arcadiareptile.com\/da\/wp-json\/wp\/v2\/pages\/4871\/revisions"}],"up":[{"embeddable":true,"href":"https:\/\/arcadiareptile.com\/da\/wp-json\/wp\/v2\/pages\/5017"}],"wp:attachment":[{"href":"https:\/\/arcadiareptile.com\/da\/wp-json\/wp\/v2\/media?parent=4871"}],"curies":[{"name":"wp","href":"https:\/\/api.w.org\/{rel}","templated":true}]}}