{"id":4651,"date":"2023-07-27T16:05:45","date_gmt":"2023-07-27T16:05:45","guid":{"rendered":"https:\/\/arcadiareptile.com\/shadedweller\/beleuchtung\/"},"modified":"2023-09-19T08:23:43","modified_gmt":"2023-09-19T08:23:43","slug":"beleuchtung","status":"publish","type":"page","link":"https:\/\/arcadiareptile.com\/de\/shadedweller\/beleuchtung\/","title":{"rendered":"Beleuchtung"},"content":{"rendered":"\t\t<div data-elementor-type=\"wp-page\" data-elementor-id=\"4651\" class=\"elementor elementor-4651 elementor-2805\" data-elementor-post-type=\"page\">\n\t\t\t\t<div class=\"elementor-element elementor-element-1de8279 e-con-full e-flex e-con e-parent\" data-id=\"1de8279\" data-element_type=\"container\" data-e-type=\"container\" data-settings=\"{&quot;background_background&quot;:&quot;classic&quot;}\">\n\t\t<div class=\"elementor-element elementor-element-156d6f5 e-flex e-con-boxed e-con e-parent\" data-id=\"156d6f5\" data-element_type=\"container\" data-e-type=\"container\">\n\t\t\t\t\t<div class=\"e-con-inner\">\n\t\t\t\t<div class=\"elementor-element elementor-element-e92990e elementor-widget elementor-widget-heading\" data-id=\"e92990e\" data-element_type=\"widget\" data-e-type=\"widget\" data-widget_type=\"heading.default\">\n\t\t\t\t<div class=\"elementor-widget-container\">\n\t\t\t\t\t<h1 class=\"elementor-heading-title elementor-size-default\">ShadeDweller\u00ae Beleuchtung<\/h1>\t\t\t\t<\/div>\n\t\t\t\t<\/div>\n\t\t\t\t<div class=\"elementor-element elementor-element-108a029 elementor-align-center elementor-widget elementor-widget-breadcrumbs\" data-id=\"108a029\" data-element_type=\"widget\" data-e-type=\"widget\" data-widget_type=\"breadcrumbs.default\">\n\t\t\t\t<div class=\"elementor-widget-container\">\n\t\t\t\t\t<p id=\"breadcrumbs\"><span><span><a href=\"https:\/\/arcadiareptile.com\/de\/startseite\/\">Home<\/a><\/span><\/span><\/p>\t\t\t\t<\/div>\n\t\t\t\t<\/div>\n\t\t\t\t\t<\/div>\n\t\t\t\t<\/div>\n\t\t\t\t<\/div>\n\t\t<div class=\"elementor-element elementor-element-4bb4d9a e-flex e-con-boxed e-con e-parent\" data-id=\"4bb4d9a\" data-element_type=\"container\" data-e-type=\"container\" data-settings=\"{&quot;background_background&quot;:&quot;classic&quot;}\">\n\t\t\t\t\t<div class=\"e-con-inner\">\n\t\t<div class=\"elementor-element elementor-element-18c49da e-flex e-con-boxed e-con e-parent\" data-id=\"18c49da\" data-element_type=\"container\" data-e-type=\"container\">\n\t\t\t\t\t<div class=\"e-con-inner\">\n\t\t\t\t<div class=\"elementor-element elementor-element-9a44fa8 elementor-widget elementor-widget-image\" data-id=\"9a44fa8\" data-element_type=\"widget\" data-e-type=\"widget\" data-widget_type=\"image.default\">\n\t\t\t\t<div class=\"elementor-widget-container\">\n\t\t\t\t\t\t\t\t\t\t\t\t\t\t\t<img fetchpriority=\"high\" decoding=\"async\" width=\"2000\" height=\"1084\" src=\"https:\/\/arcadiareptile.com\/wp-content\/uploads\/light-scatter-diagram.png\" class=\"attachment-large size-large wp-image-2808\" alt=\"Rock scatter and leaf scatter for ShadeDwelling Reptile Species\" srcset=\"https:\/\/arcadiareptile.com\/wp-content\/uploads\/light-scatter-diagram.png 2000w, https:\/\/arcadiareptile.com\/wp-content\/uploads\/light-scatter-diagram-768x416.png 768w, https:\/\/arcadiareptile.com\/wp-content\/uploads\/light-scatter-diagram-1536x833.png 1536w\" sizes=\"(max-width: 2000px) 100vw, 2000px\" \/>\t\t\t\t\t\t\t\t\t\t\t\t\t\t\t<\/div>\n\t\t\t\t<\/div>\n\t\t\t\t\t<\/div>\n\t\t\t\t<\/div>\n\t\t<div class=\"elementor-element elementor-element-eb115d4 e-flex e-con-boxed e-con e-parent\" data-id=\"eb115d4\" data-element_type=\"container\" data-e-type=\"container\">\n\t\t\t\t\t<div class=\"e-con-inner\">\n\t\t\t\t<div class=\"elementor-element elementor-element-bbec062 elementor-widget elementor-widget-heading\" data-id=\"bbec062\" data-element_type=\"widget\" data-e-type=\"widget\" data-widget_type=\"heading.default\">\n\t\t\t\t<div class=\"elementor-widget-container\">\n\t\t\t\t\t<h2 class=\"elementor-heading-title elementor-size-default\">Die Wissenschaft der ethischen und effektiven Reptilienhaltung ver\u00e4ndert sich.<\/h2>\t\t\t\t<\/div>\n\t\t\t\t<\/div>\n\t\t\t\t<div class=\"elementor-element elementor-element-adcd44d elementor-widget elementor-widget-text-editor\" data-id=\"adcd44d\" data-element_type=\"widget\" data-e-type=\"widget\" data-widget_type=\"text-editor.default\">\n\t\t\t\t<div class=\"elementor-widget-container\">\n\t\t\t\t\t\t\t\t\t<p>Im Rahmen dieser Ver\u00e4nderungen versuchen wir, von den Lebensr\u00e4umen und Gewohnheiten der verschiedenen Arten, die wir halten, zu lernen, um alle von ihnen entwickelten Bed\u00fcrfnisse genau zu erf\u00fcllen. Nur so k\u00f6nnen wir sicher sein, alles zu bieten, was eine Art braucht, um wirklich zu gedeihen. Das ist Wild Re-Creation. <\/p>\n\t\t\t\t\t\t\t\t<\/div>\n\t\t\t\t<\/div>\n\t\t\t\t<div class=\"elementor-element elementor-element-40dca25 elementor-widget elementor-widget-text-editor\" data-id=\"40dca25\" data-element_type=\"widget\" data-e-type=\"widget\" data-widget_type=\"text-editor.default\">\n\t\t\t\t<div class=\"elementor-widget-container\">\n\t\t\t\t\t\t\t\t\t<p>In der Vergangenheit wurden viele Reptilienarten f\u00e4lschlicherweise als &#8222;nachtaktiv&#8220; eingestuft, so dass ihnen der notwendige Zugang zu Vollspektrum- und UV-B-Beleuchtung verwehrt blieb.<\/p>\n<p>Arten wie der Leopardgecko und der Schopfgecko werden heute gemeinhin als &#8222;d\u00e4mmerungsaktiv&#8220; eingestuft, d. h. sie sind am fr\u00fchen bis mittleren Morgen und dann wieder am Nachmittag und Abend aktiv. Dies macht sie zu hochentwickelten &#8222;partiellen Baskern&#8220; oder &#8222;schattenbewohnenden Arten&#8220;.<\/p>\n<p>Aufgrund der gro\u00dfen Mengen an UV-Energie, die in der freien Natur vorkommen, sind nutzbare UV-Indizes auch bei geringen Lichtverh\u00e4ltnissen und wenn das Tageslicht in Felsnetze, lokales Gel\u00e4nde und W\u00e4lder vordringt, verf\u00fcgbar.<\/p>\n<p>Die Tiere haben sich \u00fcber lange Zeitr\u00e4ume hinweg so entwickelt, dass sie diese Energie auf die sicherste und effizienteste Weise nutzen k\u00f6nnen. Dazu geh\u00f6rt auch, dass sie sich nur in geringem Ma\u00dfe dem Tageslicht aussetzen oder nur einen Teil ihres K\u00f6rpers exponieren, w\u00e4hrend sie in ihrem Lebensraum sicher bleiben. Dies sind Fortschritte auf hohem Niveau, die wesentliche biologische Prozesse in Gang setzen und regulieren.<\/p>\n<p>Wenn einer Art in ihrem Lebensraum ein bestimmtes Ma\u00df an &#8222;Energie&#8220; zur Verf\u00fcgung steht, hat sie im Rahmen ihrer nat\u00fcrlichen Entwicklung eine &#8222;Verwendung&#8220; f\u00fcr diese Energie und ein &#8222;Schutzniveau&#8220; gegen diese Energie entwickelt. So k\u00f6nnen wir eine eindeutige und unbestreitbare Nutzung des gesamten Spektrums des nat\u00fcrlichen Tageslichts auf der Erde und die Interaktion mit diesem erkennen. Man kann sich nicht dem nat\u00fcrlichen Licht aussetzen, ohne allen terrestrischen Wellenl\u00e4ngen von UVB bis Infrarot B der direkten Sonnenquelle ausgesetzt zu sein.<\/p>\n<p>Das richtige Ma\u00df und die richtige Art der Exposition gegen\u00fcber Vollspektrum- und UV-Licht erm\u00f6glicht nicht nur die interne Produktion und Verwendung von Vitamin D3, das f\u00fcr eine genaue Kalziumaufnahme unerl\u00e4sslich ist, sondern wirkt sich auch auf die Funktion weiterer Organe und die Gesundheit der Haut aus und &#8222;aktiviert&#8220; bei vielen Arten das Farbensehen.<\/p>\n\t\t\t\t\t\t\t\t<\/div>\n\t\t\t\t<\/div>\n\t\t\t\t\t<\/div>\n\t\t\t\t<\/div>\n\t\t\t\t\t<\/div>\n\t\t\t\t<\/div>\n\t\t<div class=\"elementor-element elementor-element-2685b4d e-flex e-con-boxed e-con e-parent\" data-id=\"2685b4d\" data-element_type=\"container\" data-e-type=\"container\">\n\t\t\t\t\t<div class=\"e-con-inner\">\n\t\t\t\t\t<\/div>\n\t\t\t\t<\/div>\n\t\t\t\t<\/div>\n\t\t","protected":false},"excerpt":{"rendered":"<p>ShadeDweller\u00ae Beleuchtung Die Wissenschaft der ethischen und effektiven Reptilienhaltung ver\u00e4ndert sich. Im Rahmen dieser Ver\u00e4nderungen versuchen wir, von den Lebensr\u00e4umen und Gewohnheiten der verschiedenen Arten, die wir halten, zu lernen, um alle von ihnen entwickelten Bed\u00fcrfnisse genau zu erf\u00fcllen. Nur so k\u00f6nnen wir sicher sein, alles zu bieten, was eine Art braucht, um wirklich zu [&hellip;]<\/p>\n","protected":false},"author":1,"featured_media":0,"parent":4637,"menu_order":0,"comment_status":"closed","ping_status":"closed","template":"","meta":{"site-sidebar-layout":"no-sidebar","site-content-layout":"page-builder","ast-site-content-layout":"default","site-content-style":"default","site-sidebar-style":"default","ast-global-header-display":"","ast-banner-title-visibility":"","ast-main-header-display":"","ast-hfb-above-header-display":"","ast-hfb-below-header-display":"","ast-hfb-mobile-header-display":"","site-post-title":"disabled","ast-breadcrumbs-content":"","ast-featured-img":"disabled","footer-sml-layout":"","ast-disable-related-posts":"","theme-transparent-header-meta":"","adv-header-id-meta":"","stick-header-meta":"","header-above-stick-meta":"","header-main-stick-meta":"","header-below-stick-meta":"","astra-migrate-meta-layouts":"default","ast-page-background-enabled":"default","ast-page-background-meta":{"desktop":{"background-color":"var(--ast-global-color-4)","background-image":"","background-repeat":"repeat","background-position":"center center","background-size":"auto","background-attachment":"scroll","background-type":"","background-media":"","overlay-type":"","overlay-color":"","overlay-opacity":"","overlay-gradient":""},"tablet":{"background-color":"","background-image":"","background-repeat":"repeat","background-position":"center center","background-size":"auto","background-attachment":"scroll","background-type":"","background-media":"","overlay-type":"","overlay-color":"","overlay-opacity":"","overlay-gradient":""},"mobile":{"background-color":"","background-image":"","background-repeat":"repeat","background-position":"center center","background-size":"auto","background-attachment":"scroll","background-type":"","background-media":"","overlay-type":"","overlay-color":"","overlay-opacity":"","overlay-gradient":""}},"ast-content-background-meta":{"desktop":{"background-color":"var(--ast-global-color-5)","background-image":"","background-repeat":"repeat","background-position":"center center","background-size":"auto","background-attachment":"scroll","background-type":"","background-media":"","overlay-type":"","overlay-color":"","overlay-opacity":"","overlay-gradient":""},"tablet":{"background-color":"var(--ast-global-color-5)","background-image":"","background-repeat":"repeat","background-position":"center center","background-size":"auto","background-attachment":"scroll","background-type":"","background-media":"","overlay-type":"","overlay-color":"","overlay-opacity":"","overlay-gradient":""},"mobile":{"background-color":"var(--ast-global-color-5)","background-image":"","background-repeat":"repeat","background-position":"center center","background-size":"auto","background-attachment":"scroll","background-type":"","background-media":"","overlay-type":"","overlay-color":"","overlay-opacity":"","overlay-gradient":""}},"footnotes":""},"class_list":["post-4651","page","type-page","status-publish","hentry"],"yoast_head":"<!-- This site is optimized with the Yoast SEO plugin v27.3 - https:\/\/yoast.com\/product\/yoast-seo-wordpress\/ -->\n<title>Beleuchtung - Arcadia Reptile<\/title>\n<meta name=\"robots\" content=\"index, follow, max-snippet:-1, max-image-preview:large, max-video-preview:-1\" \/>\n<link rel=\"canonical\" href=\"https:\/\/arcadiareptile.com\/de\/shadedweller\/beleuchtung\/\" \/>\n<meta property=\"og:locale\" content=\"de_DE\" \/>\n<meta property=\"og:type\" content=\"article\" \/>\n<meta property=\"og:title\" content=\"Beleuchtung - Arcadia Reptile\" \/>\n<meta property=\"og:description\" content=\"ShadeDweller\u00ae Beleuchtung Die Wissenschaft der ethischen und effektiven Reptilienhaltung ver\u00e4ndert sich. Im Rahmen dieser Ver\u00e4nderungen versuchen wir, von den Lebensr\u00e4umen und Gewohnheiten der verschiedenen Arten, die wir halten, zu lernen, um alle von ihnen entwickelten Bed\u00fcrfnisse genau zu erf\u00fcllen. Nur so k\u00f6nnen wir sicher sein, alles zu bieten, was eine Art braucht, um wirklich zu [&hellip;]\" \/>\n<meta property=\"og:url\" content=\"https:\/\/arcadiareptile.com\/de\/shadedweller\/beleuchtung\/\" \/>\n<meta property=\"og:site_name\" content=\"Arcadia Reptile\" \/>\n<meta property=\"article:modified_time\" content=\"2023-09-19T08:23:43+00:00\" \/>\n<meta property=\"og:image\" content=\"https:\/\/arcadiareptile.com\/wp-content\/uploads\/light-scatter-diagram.png\" \/>\n<meta name=\"twitter:card\" content=\"summary_large_image\" \/>\n<meta name=\"twitter:label1\" content=\"Gesch\u00e4tzte Lesezeit\" \/>\n\t<meta name=\"twitter:data1\" content=\"2\u00a0Minuten\" \/>\n<script type=\"application\/ld+json\" class=\"yoast-schema-graph\">{\"@context\":\"https:\\\/\\\/schema.org\",\"@graph\":[{\"@type\":\"WebPage\",\"@id\":\"https:\\\/\\\/arcadiareptile.com\\\/de\\\/shadedweller\\\/beleuchtung\\\/\",\"url\":\"https:\\\/\\\/arcadiareptile.com\\\/de\\\/shadedweller\\\/beleuchtung\\\/\",\"name\":\"Beleuchtung - Arcadia Reptile\",\"isPartOf\":{\"@id\":\"https:\\\/\\\/arcadiareptile.com\\\/de\\\/#website\"},\"primaryImageOfPage\":{\"@id\":\"https:\\\/\\\/arcadiareptile.com\\\/de\\\/shadedweller\\\/beleuchtung\\\/#primaryimage\"},\"image\":{\"@id\":\"https:\\\/\\\/arcadiareptile.com\\\/de\\\/shadedweller\\\/beleuchtung\\\/#primaryimage\"},\"thumbnailUrl\":\"https:\\\/\\\/arcadiareptile.com\\\/wp-content\\\/uploads\\\/light-scatter-diagram.png\",\"datePublished\":\"2023-07-27T16:05:45+00:00\",\"dateModified\":\"2023-09-19T08:23:43+00:00\",\"breadcrumb\":{\"@id\":\"https:\\\/\\\/arcadiareptile.com\\\/de\\\/shadedweller\\\/beleuchtung\\\/#breadcrumb\"},\"inLanguage\":\"de\",\"potentialAction\":[{\"@type\":\"ReadAction\",\"target\":[\"https:\\\/\\\/arcadiareptile.com\\\/de\\\/shadedweller\\\/beleuchtung\\\/\"]}]},{\"@type\":\"ImageObject\",\"inLanguage\":\"de\",\"@id\":\"https:\\\/\\\/arcadiareptile.com\\\/de\\\/shadedweller\\\/beleuchtung\\\/#primaryimage\",\"url\":\"https:\\\/\\\/arcadiareptile.com\\\/wp-content\\\/uploads\\\/light-scatter-diagram.png\",\"contentUrl\":\"https:\\\/\\\/arcadiareptile.com\\\/wp-content\\\/uploads\\\/light-scatter-diagram.png\"},{\"@type\":\"BreadcrumbList\",\"@id\":\"https:\\\/\\\/arcadiareptile.com\\\/de\\\/shadedweller\\\/beleuchtung\\\/#breadcrumb\",\"itemListElement\":[{\"@type\":\"ListItem\",\"position\":1,\"name\":\"Home\",\"item\":\"https:\\\/\\\/arcadiareptile.com\\\/de\\\/startseite\\\/\"},{\"@type\":\"ListItem\",\"position\":2,\"name\":\"ShadeDweller\u00ae\",\"item\":\"https:\\\/\\\/arcadiareptile.com\\\/de\\\/shadedweller\\\/\"},{\"@type\":\"ListItem\",\"position\":3,\"name\":\"Beleuchtung\"}]},{\"@type\":\"WebSite\",\"@id\":\"https:\\\/\\\/arcadiareptile.com\\\/de\\\/#website\",\"url\":\"https:\\\/\\\/arcadiareptile.com\\\/de\\\/\",\"name\":\"Arcadia Reptile\",\"description\":\"Arcadia Reptile\",\"potentialAction\":[{\"@type\":\"SearchAction\",\"target\":{\"@type\":\"EntryPoint\",\"urlTemplate\":\"https:\\\/\\\/arcadiareptile.com\\\/de\\\/?s={search_term_string}\"},\"query-input\":{\"@type\":\"PropertyValueSpecification\",\"valueRequired\":true,\"valueName\":\"search_term_string\"}}],\"inLanguage\":\"de\"}]}<\/script>\n<!-- \/ Yoast SEO plugin. -->","yoast_head_json":{"title":"Beleuchtung - Arcadia Reptile","robots":{"index":"index","follow":"follow","max-snippet":"max-snippet:-1","max-image-preview":"max-image-preview:large","max-video-preview":"max-video-preview:-1"},"canonical":"https:\/\/arcadiareptile.com\/de\/shadedweller\/beleuchtung\/","og_locale":"de_DE","og_type":"article","og_title":"Beleuchtung - Arcadia Reptile","og_description":"ShadeDweller\u00ae Beleuchtung Die Wissenschaft der ethischen und effektiven Reptilienhaltung ver\u00e4ndert sich. Im Rahmen dieser Ver\u00e4nderungen versuchen wir, von den Lebensr\u00e4umen und Gewohnheiten der verschiedenen Arten, die wir halten, zu lernen, um alle von ihnen entwickelten Bed\u00fcrfnisse genau zu erf\u00fcllen. Nur so k\u00f6nnen wir sicher sein, alles zu bieten, was eine Art braucht, um wirklich zu [&hellip;]","og_url":"https:\/\/arcadiareptile.com\/de\/shadedweller\/beleuchtung\/","og_site_name":"Arcadia Reptile","article_modified_time":"2023-09-19T08:23:43+00:00","og_image":[{"url":"https:\/\/arcadiareptile.com\/wp-content\/uploads\/light-scatter-diagram.png","type":"","width":"","height":""}],"twitter_card":"summary_large_image","twitter_misc":{"Gesch\u00e4tzte Lesezeit":"2\u00a0Minuten"},"schema":{"@context":"https:\/\/schema.org","@graph":[{"@type":"WebPage","@id":"https:\/\/arcadiareptile.com\/de\/shadedweller\/beleuchtung\/","url":"https:\/\/arcadiareptile.com\/de\/shadedweller\/beleuchtung\/","name":"Beleuchtung - Arcadia Reptile","isPartOf":{"@id":"https:\/\/arcadiareptile.com\/de\/#website"},"primaryImageOfPage":{"@id":"https:\/\/arcadiareptile.com\/de\/shadedweller\/beleuchtung\/#primaryimage"},"image":{"@id":"https:\/\/arcadiareptile.com\/de\/shadedweller\/beleuchtung\/#primaryimage"},"thumbnailUrl":"https:\/\/arcadiareptile.com\/wp-content\/uploads\/light-scatter-diagram.png","datePublished":"2023-07-27T16:05:45+00:00","dateModified":"2023-09-19T08:23:43+00:00","breadcrumb":{"@id":"https:\/\/arcadiareptile.com\/de\/shadedweller\/beleuchtung\/#breadcrumb"},"inLanguage":"de","potentialAction":[{"@type":"ReadAction","target":["https:\/\/arcadiareptile.com\/de\/shadedweller\/beleuchtung\/"]}]},{"@type":"ImageObject","inLanguage":"de","@id":"https:\/\/arcadiareptile.com\/de\/shadedweller\/beleuchtung\/#primaryimage","url":"https:\/\/arcadiareptile.com\/wp-content\/uploads\/light-scatter-diagram.png","contentUrl":"https:\/\/arcadiareptile.com\/wp-content\/uploads\/light-scatter-diagram.png"},{"@type":"BreadcrumbList","@id":"https:\/\/arcadiareptile.com\/de\/shadedweller\/beleuchtung\/#breadcrumb","itemListElement":[{"@type":"ListItem","position":1,"name":"Home","item":"https:\/\/arcadiareptile.com\/de\/startseite\/"},{"@type":"ListItem","position":2,"name":"ShadeDweller\u00ae","item":"https:\/\/arcadiareptile.com\/de\/shadedweller\/"},{"@type":"ListItem","position":3,"name":"Beleuchtung"}]},{"@type":"WebSite","@id":"https:\/\/arcadiareptile.com\/de\/#website","url":"https:\/\/arcadiareptile.com\/de\/","name":"Arcadia Reptile","description":"Arcadia Reptile","potentialAction":[{"@type":"SearchAction","target":{"@type":"EntryPoint","urlTemplate":"https:\/\/arcadiareptile.com\/de\/?s={search_term_string}"},"query-input":{"@type":"PropertyValueSpecification","valueRequired":true,"valueName":"search_term_string"}}],"inLanguage":"de"}]}},"_links":{"self":[{"href":"https:\/\/arcadiareptile.com\/de\/wp-json\/wp\/v2\/pages\/4651","targetHints":{"allow":["GET"]}}],"collection":[{"href":"https:\/\/arcadiareptile.com\/de\/wp-json\/wp\/v2\/pages"}],"about":[{"href":"https:\/\/arcadiareptile.com\/de\/wp-json\/wp\/v2\/types\/page"}],"author":[{"embeddable":true,"href":"https:\/\/arcadiareptile.com\/de\/wp-json\/wp\/v2\/users\/1"}],"replies":[{"embeddable":true,"href":"https:\/\/arcadiareptile.com\/de\/wp-json\/wp\/v2\/comments?post=4651"}],"version-history":[{"count":0,"href":"https:\/\/arcadiareptile.com\/de\/wp-json\/wp\/v2\/pages\/4651\/revisions"}],"up":[{"embeddable":true,"href":"https:\/\/arcadiareptile.com\/de\/wp-json\/wp\/v2\/pages\/4637"}],"wp:attachment":[{"href":"https:\/\/arcadiareptile.com\/de\/wp-json\/wp\/v2\/media?parent=4651"}],"curies":[{"name":"wp","href":"https:\/\/api.w.org\/{rel}","templated":true}]}}