{"id":4868,"date":"2023-07-01T11:52:24","date_gmt":"2023-07-01T11:52:24","guid":{"rendered":"https:\/\/arcadiareptile.com\/d3-zyklus\/"},"modified":"2023-09-21T14:21:28","modified_gmt":"2023-09-21T14:21:28","slug":"d3-zyklus","status":"publish","type":"page","link":"https:\/\/arcadiareptile.com\/de\/d3-zyklus\/","title":{"rendered":"D3 Zyklus"},"content":{"rendered":"\t\t<div data-elementor-type=\"wp-page\" data-elementor-id=\"4868\" class=\"elementor elementor-4868 elementor-2116\" data-elementor-post-type=\"page\">\n\t\t\t\t<div class=\"elementor-element elementor-element-d98362f e-flex e-con-boxed e-con e-parent\" data-id=\"d98362f\" data-element_type=\"container\" data-e-type=\"container\" data-settings=\"{&quot;background_background&quot;:&quot;classic&quot;}\">\n\t\t\t\t\t<div class=\"e-con-inner\">\n\t\t<div class=\"elementor-element elementor-element-4a5ca48 e-con-full e-flex e-con e-parent\" data-id=\"4a5ca48\" data-element_type=\"container\" data-e-type=\"container\">\n\t\t<div class=\"elementor-element elementor-element-0990855 e-con-full e-flex e-con e-parent\" data-id=\"0990855\" data-element_type=\"container\" data-e-type=\"container\">\n\t\t<div class=\"elementor-element elementor-element-8b44e15 e-con-full e-flex e-con e-parent\" data-id=\"8b44e15\" data-element_type=\"container\" data-e-type=\"container\" data-settings=\"{&quot;background_background&quot;:&quot;classic&quot;}\">\n\t\t\t\t<div class=\"elementor-element elementor-element-cddf8ba elementor-align-left elementor-mobile-align-center elementor-widget elementor-widget-breadcrumbs\" data-id=\"cddf8ba\" data-element_type=\"widget\" data-e-type=\"widget\" data-widget_type=\"breadcrumbs.default\">\n\t\t\t\t<div class=\"elementor-widget-container\">\n\t\t\t\t\t<p id=\"breadcrumbs\"><span><span><a href=\"https:\/\/arcadiareptile.com\/de\/startseite\/\">Home<\/a><\/span><\/span><\/p>\t\t\t\t<\/div>\n\t\t\t\t<\/div>\n\t\t\t\t<\/div>\n\t\t\t\t<\/div>\n\t\t\t\t<\/div>\n\t\t\t\t\t<\/div>\n\t\t\t\t<\/div>\n\t\t<div class=\"elementor-element elementor-element-8caf09c hs-acc-design e-flex e-con-boxed e-con e-parent\" data-id=\"8caf09c\" data-element_type=\"container\" data-e-type=\"container\" data-settings=\"{&quot;background_background&quot;:&quot;classic&quot;}\">\n\t\t\t\t\t<div class=\"e-con-inner\">\n\t\t<div class=\"elementor-element elementor-element-e57fa66 e-con-full e-flex e-con e-parent\" data-id=\"e57fa66\" data-element_type=\"container\" data-e-type=\"container\">\n\t\t<div class=\"elementor-element elementor-element-5d4458c e-flex e-con-boxed e-con e-parent\" data-id=\"5d4458c\" data-element_type=\"container\" data-e-type=\"container\">\n\t\t\t\t\t<div class=\"e-con-inner\">\n\t\t<div class=\"elementor-element elementor-element-4011bee e-con-full e-flex e-con e-parent\" data-id=\"4011bee\" data-element_type=\"container\" data-e-type=\"container\" data-settings=\"{&quot;background_background&quot;:&quot;classic&quot;}\">\n\t\t\t\t<div class=\"elementor-element elementor-element-fdfe1ec elementor-widget elementor-widget-heading\" data-id=\"fdfe1ec\" data-element_type=\"widget\" data-e-type=\"widget\" data-widget_type=\"heading.default\">\n\t\t\t\t<div class=\"elementor-widget-container\">\n\t\t\t\t\t<h2 class=\"elementor-heading-title elementor-size-default\">D3 Zyklus<\/h2>\t\t\t\t<\/div>\n\t\t\t\t<\/div>\n\t\t\t\t<div class=\"elementor-element elementor-element-44ac090 elementor-widget elementor-widget-spacer\" data-id=\"44ac090\" data-element_type=\"widget\" data-e-type=\"widget\" data-widget_type=\"spacer.default\">\n\t\t\t\t<div class=\"elementor-widget-container\">\n\t\t\t\t\t\t\t<div class=\"elementor-spacer\">\n\t\t\t<div class=\"elementor-spacer-inner\"><\/div>\n\t\t<\/div>\n\t\t\t\t\t\t<\/div>\n\t\t\t\t<\/div>\n\t\t\t\t<div class=\"elementor-element elementor-element-f1dffdc elementor-widget elementor-widget-text-editor\" data-id=\"f1dffdc\" data-element_type=\"widget\" data-e-type=\"widget\" data-widget_type=\"text-editor.default\">\n\t\t\t\t<div class=\"elementor-widget-container\">\n\t\t\t\t\t\t\t\t\t<p>Reptilien sind auf W\u00e4rme, Licht, UV-A\/UV-B, Nahrung und Wasser angewiesen, um ihren Lebensunterhalt zu bestreiten und ihre Blutlinie zu f\u00f6rdern. .<\/p>\n\t\t\t\t\t\t\t\t<\/div>\n\t\t\t\t<\/div>\n\t\t\t\t<div class=\"elementor-element elementor-element-25a71ce elementor-widget elementor-widget-spacer\" data-id=\"25a71ce\" data-element_type=\"widget\" data-e-type=\"widget\" data-widget_type=\"spacer.default\">\n\t\t\t\t<div class=\"elementor-widget-container\">\n\t\t\t\t\t\t\t<div class=\"elementor-spacer\">\n\t\t\t<div class=\"elementor-spacer-inner\"><\/div>\n\t\t<\/div>\n\t\t\t\t\t\t<\/div>\n\t\t\t\t<\/div>\n\t\t\t\t<div class=\"elementor-element elementor-element-939ab46 elementor-widget elementor-widget-text-editor\" data-id=\"939ab46\" data-element_type=\"widget\" data-e-type=\"widget\" data-widget_type=\"text-editor.default\">\n\t\t\t\t<div class=\"elementor-widget-container\">\n\t\t\t\t\t\t\t\t\t<p>Als verantwortungsbewusste Tierhalter sollten wir alles in unserer Macht Stehende tun, um diese Wildtierindikatoren so genau wie m\u00f6glich nachzubilden, soweit es der Stand der Technik erlaubt. Wir bei Arcadia sind stolz darauf, unseren Kunden Zugang zu mehr Wissenschaft, neuen Gedanken und Technologien zu bieten als jede andere Marke. Wir sind entschlossen, unsere &#8222;Revolution in der Reptilienpflege&#8220; zu erleben.<\/p>\n\t\t\t\t\t\t\t\t<\/div>\n\t\t\t\t<\/div>\n\t\t\t\t<\/div>\n\t\t\t\t\t<\/div>\n\t\t\t\t<\/div>\n\t\t<div class=\"elementor-element elementor-element-f7a214a e-flex e-con-boxed e-con e-parent\" data-id=\"f7a214a\" data-element_type=\"container\" data-e-type=\"container\">\n\t\t\t\t\t<div class=\"e-con-inner\">\n\t\t<div class=\"elementor-element elementor-element-20db5d1 e-con-full e-flex e-con e-parent\" data-id=\"20db5d1\" data-element_type=\"container\" data-e-type=\"container\" data-settings=\"{&quot;background_background&quot;:&quot;classic&quot;}\">\n\t\t\t\t<div class=\"elementor-element elementor-element-9283063 elementor-widget elementor-widget-image\" data-id=\"9283063\" data-element_type=\"widget\" data-e-type=\"widget\" data-widget_type=\"image.default\">\n\t\t\t\t<div class=\"elementor-widget-container\">\n\t\t\t\t\t\t\t\t\t\t\t\t\t\t\t\t<a href=\"https:\/\/arcadiareptile.com\/wp-content\/uploads\/d3-cycle.png\">\n\t\t\t\t\t\t\t<img fetchpriority=\"high\" decoding=\"async\" width=\"1586\" height=\"885\" src=\"https:\/\/arcadiareptile.com\/wp-content\/uploads\/d3-cycle.png\" class=\"attachment-full size-full wp-image-2120\" alt=\"D3 Cycle\" srcset=\"https:\/\/arcadiareptile.com\/wp-content\/uploads\/d3-cycle.png 1586w, https:\/\/arcadiareptile.com\/wp-content\/uploads\/d3-cycle-768x429.png 768w, https:\/\/arcadiareptile.com\/wp-content\/uploads\/d3-cycle-1536x857.png 1536w\" sizes=\"(max-width: 1586px) 100vw, 1586px\" \/>\t\t\t\t\t\t\t\t<\/a>\n\t\t\t\t\t\t\t\t\t\t\t\t\t\t\t<\/div>\n\t\t\t\t<\/div>\n\t\t\t\t<\/div>\n\t\t\t\t\t<\/div>\n\t\t\t\t<\/div>\n\t\t<div class=\"elementor-element elementor-element-c394ce4 e-flex e-con-boxed e-con e-parent\" data-id=\"c394ce4\" data-element_type=\"container\" data-e-type=\"container\">\n\t\t\t\t\t<div class=\"e-con-inner\">\n\t\t<div class=\"elementor-element elementor-element-16b0574 e-con-full e-flex e-con e-parent\" data-id=\"16b0574\" data-element_type=\"container\" data-e-type=\"container\" data-settings=\"{&quot;background_background&quot;:&quot;classic&quot;}\">\n\t\t\t\t<div class=\"elementor-element elementor-element-8a00811 elementor-widget elementor-widget-spacer\" data-id=\"8a00811\" data-element_type=\"widget\" data-e-type=\"widget\" data-widget_type=\"spacer.default\">\n\t\t\t\t<div class=\"elementor-widget-container\">\n\t\t\t\t\t\t\t<div class=\"elementor-spacer\">\n\t\t\t<div class=\"elementor-spacer-inner\"><\/div>\n\t\t<\/div>\n\t\t\t\t\t\t<\/div>\n\t\t\t\t<\/div>\n\t\t\t\t<div class=\"elementor-element elementor-element-d4dab77 elementor-widget elementor-widget-text-editor\" data-id=\"d4dab77\" data-element_type=\"widget\" data-e-type=\"widget\" data-widget_type=\"text-editor.default\">\n\t\t\t\t<div class=\"elementor-widget-container\">\n\t\t\t\t\t\t\t\t\t<p>Der D3-Zyklus ist eine chemische und hormonelle Ver\u00e4nderung im K\u00f6rper eines Tieres, die zur Produktion von Vitamin D3 f\u00fchrt.<\/p>\n\t\t\t\t\t\t\t\t<\/div>\n\t\t\t\t<\/div>\n\t\t\t\t<div class=\"elementor-element elementor-element-9d1ba74 elementor-widget elementor-widget-spacer\" data-id=\"9d1ba74\" data-element_type=\"widget\" data-e-type=\"widget\" data-widget_type=\"spacer.default\">\n\t\t\t\t<div class=\"elementor-widget-container\">\n\t\t\t\t\t\t\t<div class=\"elementor-spacer\">\n\t\t\t<div class=\"elementor-spacer-inner\"><\/div>\n\t\t<\/div>\n\t\t\t\t\t\t<\/div>\n\t\t\t\t<\/div>\n\t\t\t\t<div class=\"elementor-element elementor-element-83cdbdb elementor-widget elementor-widget-image\" data-id=\"83cdbdb\" data-element_type=\"widget\" data-e-type=\"widget\" data-widget_type=\"image.default\">\n\t\t\t\t<div class=\"elementor-widget-container\">\n\t\t\t\t\t\t\t\t\t\t\t\t\t\t\t<img decoding=\"async\" width=\"1012\" height=\"658\" src=\"https:\/\/arcadiareptile.com\/wp-content\/uploads\/d3-cycle-bearded-dragon.jpg\" class=\"attachment-full size-full wp-image-2121\" alt=\"D3 Cycle Bearded Dragon\" srcset=\"https:\/\/arcadiareptile.com\/wp-content\/uploads\/d3-cycle-bearded-dragon.jpg 1012w, https:\/\/arcadiareptile.com\/wp-content\/uploads\/d3-cycle-bearded-dragon-768x499.jpg 768w\" sizes=\"(max-width: 1012px) 100vw, 1012px\" \/>\t\t\t\t\t\t\t\t\t\t\t\t\t\t\t<\/div>\n\t\t\t\t<\/div>\n\t\t\t\t<div class=\"elementor-element elementor-element-8a5cebf elementor-widget elementor-widget-spacer\" data-id=\"8a5cebf\" data-element_type=\"widget\" data-e-type=\"widget\" data-widget_type=\"spacer.default\">\n\t\t\t\t<div class=\"elementor-widget-container\">\n\t\t\t\t\t\t\t<div class=\"elementor-spacer\">\n\t\t\t<div class=\"elementor-spacer-inner\"><\/div>\n\t\t<\/div>\n\t\t\t\t\t\t<\/div>\n\t\t\t\t<\/div>\n\t\t\t\t<div class=\"elementor-element elementor-element-e935a8f elementor-widget elementor-widget-spacer\" data-id=\"e935a8f\" data-element_type=\"widget\" data-e-type=\"widget\" data-widget_type=\"spacer.default\">\n\t\t\t\t<div class=\"elementor-widget-container\">\n\t\t\t\t\t\t\t<div class=\"elementor-spacer\">\n\t\t\t<div class=\"elementor-spacer-inner\"><\/div>\n\t\t<\/div>\n\t\t\t\t\t\t<\/div>\n\t\t\t\t<\/div>\n\t\t\t\t<div class=\"elementor-element elementor-element-5df724d elementor-widget elementor-widget-text-editor\" data-id=\"5df724d\" data-element_type=\"widget\" data-e-type=\"widget\" data-widget_type=\"text-editor.default\">\n\t\t\t\t<div class=\"elementor-widget-container\">\n\t\t\t\t\t\t\t\t\t<p>Der D3-Zyklus ist ein biologischer Prozess, der von vielen \u00e4u\u00dferen Faktoren abh\u00e4ngt, darunter Zugang zu nat\u00fcrlichem Licht, W\u00e4rme, K\u00fchle und Ruhe.<\/p>\n<p>Dieser erstaunliche Prozess beginnt, wenn ein Cholesterin namens Pro-Vitamin D (7DHC) in der Haut des Tieres produziert wird (es ist auch beim Menschen nat\u00fcrlich). Wenn dieses Cholesterin nat\u00c3\u00bcrlichem Licht (einschlie\u00c3\u0178lich UV-B bei 290-315 nm) ausgesetzt wird, verwandelt sich dieses Cholesterin in der Hautmembran in Pr\u00c3\u00a4-Vitamin D.<\/p>\n<p>Nach der W\u00e4rmeeinwirkung wird dieses neu hergestellte Pr\u00e4-Vitamin D (in der Hautmembran) in Vitamin D3 umgewandelt. Das Vitamin D3 wird dann in das Blutplasma abgegeben und mit einem Vitamin-D-Bindungsprotein gebunden. Dieser Teil des Vitamin D wird dann in die Leber transportiert, wo er sich in das Hormon Calcediol (25-Hydroxy-Vitamin D3) umwandelt.<\/p>\n<div class=\"col-md-8 col-md-offset-2\">\n<p class=\"post\">Das Blut transportiert dieses Calcediol durch den ganzen K\u00f6rper bis zu den Nieren. Dort wird ein Teil des Hormons in ein anderes Hormon namens Calcetriol umgewandelt. Diese Verbindung spielt eine wesentliche Rolle im Kalziumstoffwechsel, indem sie den Kalziumspiegel im Blut kontrolliert. Calcetriol spielt auch eine wichtige Rolle f\u00fcr das Immunsystem und das Herz-Kreislauf-System. Es hat sich gezeigt, dass es das Risiko von Krebserkrankungen des K\u00c3\u00b6rpers und der Haut senkt.<\/p>\n<p class=\"post\">Wir k\u00f6nnen sehen, dass die Exposition gegen\u00fcber nat\u00fcrlichem Sonnenlicht, um Sonnenlicht in lebensrettende Vitamine umzuwandeln, nur der Anfang dieser erstaunlichen F\u00e4higkeit ist. Wenn ein Teil des Zyklus ausgelassen wird, kann er nicht vollendet werden. Ver\u00c3\u00a4nderungen und Reaktionen w\u00c3\u00bcrden ebenfalls behindert. Dies w\u00c3\u00bcrde zu einer Unterversorgung mit Vitaminen und Hormonen f\u00c3\u00bchren. Wird die Supplementierung nicht genutzt, kann es zu einem Kalzium-Crash kommen.<\/p>\n<p class=\"post\">Obwohl die UV-Bestrahlung f\u00fcr das Wohlbefinden von Reptilien lebenswichtig ist, spielt sie f\u00fcr den K\u00f6rper eine viel gr\u00f6\u00dfere Rolle als nur der D3-Zyklus. Die Auswirkungen auf das Sehverm\u00c3\u00b6gen, die Fortpflanzung und das psychische Wohlbefinden sind allesamt dokumentiert und werden derzeit erforscht.<\/p>\n<\/div>\n\t\t\t\t\t\t\t\t<\/div>\n\t\t\t\t<\/div>\n\t\t\t\t<div class=\"elementor-element elementor-element-7831fa5 elementor-widget elementor-widget-spacer\" data-id=\"7831fa5\" data-element_type=\"widget\" data-e-type=\"widget\" data-widget_type=\"spacer.default\">\n\t\t\t\t<div class=\"elementor-widget-container\">\n\t\t\t\t\t\t\t<div class=\"elementor-spacer\">\n\t\t\t<div class=\"elementor-spacer-inner\"><\/div>\n\t\t<\/div>\n\t\t\t\t\t\t<\/div>\n\t\t\t\t<\/div>\n\t\t\t\t<div class=\"elementor-element elementor-element-1449c54 elementor-widget elementor-widget-text-editor\" data-id=\"1449c54\" data-element_type=\"widget\" data-e-type=\"widget\" data-widget_type=\"text-editor.default\">\n\t\t\t\t<div class=\"elementor-widget-container\">\n\t\t\t\t\t\t\t\t\t<p><span class=\"TextRun SCXW263595479 BCX2\" lang=\"EN-US\" data-contrast=\"auto\"><span class=\"NormalTextRun SCXW263595479 BCX2\">Erfahren Sie mehr \u00fcber diese Prozesse in unseren <a style=\"text-decoration: underline; color: #46e4e3;\" href=\"https:\/\/arcadiareptile.com\/books\/\">B\u00fcchern<\/a> und <a style=\"text-decoration: underline; color: #46e4e3;\" href=\"https:\/\/arcadiareptile.com\/podcast\/\">Podcasts<\/a><\/span><\/span>.<\/p>\n\t\t\t\t\t\t\t\t<\/div>\n\t\t\t\t<\/div>\n\t\t\t\t<\/div>\n\t\t\t\t\t<\/div>\n\t\t\t\t<\/div>\n\t\t\t\t<\/div>\n\t\t\t\t\t<\/div>\n\t\t\t\t<\/div>\n\t\t\t\t<\/div>\n\t\t","protected":false},"excerpt":{"rendered":"<p>D3 Zyklus Reptilien sind auf W\u00e4rme, Licht, UV-A\/UV-B, Nahrung und Wasser angewiesen, um ihren Lebensunterhalt zu bestreiten und ihre Blutlinie zu f\u00f6rdern. . Als verantwortungsbewusste Tierhalter sollten wir alles in unserer Macht Stehende tun, um diese Wildtierindikatoren so genau wie m\u00f6glich nachzubilden, soweit es der Stand der Technik erlaubt. Wir bei Arcadia sind stolz darauf, [&hellip;]<\/p>\n","protected":false},"author":1,"featured_media":0,"parent":0,"menu_order":0,"comment_status":"closed","ping_status":"closed","template":"","meta":{"site-sidebar-layout":"no-sidebar","site-content-layout":"page-builder","ast-site-content-layout":"default","site-content-style":"default","site-sidebar-style":"default","ast-global-header-display":"","ast-banner-title-visibility":"","ast-main-header-display":"","ast-hfb-above-header-display":"","ast-hfb-below-header-display":"","ast-hfb-mobile-header-display":"","site-post-title":"disabled","ast-breadcrumbs-content":"","ast-featured-img":"disabled","footer-sml-layout":"","ast-disable-related-posts":"","theme-transparent-header-meta":"","adv-header-id-meta":"","stick-header-meta":"","header-above-stick-meta":"","header-main-stick-meta":"","header-below-stick-meta":"","astra-migrate-meta-layouts":"default","ast-page-background-enabled":"default","ast-page-background-meta":{"desktop":{"background-color":"var(--ast-global-color-4)","background-image":"","background-repeat":"repeat","background-position":"center center","background-size":"auto","background-attachment":"scroll","background-type":"","background-media":"","overlay-type":"","overlay-color":"","overlay-opacity":"","overlay-gradient":""},"tablet":{"background-color":"","background-image":"","background-repeat":"repeat","background-position":"center center","background-size":"auto","background-attachment":"scroll","background-type":"","background-media":"","overlay-type":"","overlay-color":"","overlay-opacity":"","overlay-gradient":""},"mobile":{"background-color":"","background-image":"","background-repeat":"repeat","background-position":"center center","background-size":"auto","background-attachment":"scroll","background-type":"","background-media":"","overlay-type":"","overlay-color":"","overlay-opacity":"","overlay-gradient":""}},"ast-content-background-meta":{"desktop":{"background-color":"var(--ast-global-color-5)","background-image":"","background-repeat":"repeat","background-position":"center center","background-size":"auto","background-attachment":"scroll","background-type":"","background-media":"","overlay-type":"","overlay-color":"","overlay-opacity":"","overlay-gradient":""},"tablet":{"background-color":"var(--ast-global-color-5)","background-image":"","background-repeat":"repeat","background-position":"center center","background-size":"auto","background-attachment":"scroll","background-type":"","background-media":"","overlay-type":"","overlay-color":"","overlay-opacity":"","overlay-gradient":""},"mobile":{"background-color":"var(--ast-global-color-5)","background-image":"","background-repeat":"repeat","background-position":"center center","background-size":"auto","background-attachment":"scroll","background-type":"","background-media":"","overlay-type":"","overlay-color":"","overlay-opacity":"","overlay-gradient":""}},"footnotes":""},"class_list":["post-4868","page","type-page","status-publish","hentry"],"yoast_head":"<!-- This site is optimized with the Yoast SEO plugin v27.3 - https:\/\/yoast.com\/product\/yoast-seo-wordpress\/ -->\n<title>D3 Zyklus - Arcadia Reptile<\/title>\n<meta name=\"robots\" content=\"index, follow, max-snippet:-1, max-image-preview:large, max-video-preview:-1\" \/>\n<link rel=\"canonical\" href=\"https:\/\/arcadiareptile.com\/de\/d3-zyklus\/\" \/>\n<meta property=\"og:locale\" content=\"de_DE\" \/>\n<meta property=\"og:type\" content=\"article\" \/>\n<meta property=\"og:title\" content=\"D3 Zyklus - Arcadia Reptile\" \/>\n<meta property=\"og:description\" content=\"D3 Zyklus Reptilien sind auf W\u00e4rme, Licht, UV-A\/UV-B, Nahrung und Wasser angewiesen, um ihren Lebensunterhalt zu bestreiten und ihre Blutlinie zu f\u00f6rdern. . Als verantwortungsbewusste Tierhalter sollten wir alles in unserer Macht Stehende tun, um diese Wildtierindikatoren so genau wie m\u00f6glich nachzubilden, soweit es der Stand der Technik erlaubt. Wir bei Arcadia sind stolz darauf, [&hellip;]\" \/>\n<meta property=\"og:url\" content=\"https:\/\/arcadiareptile.com\/de\/d3-zyklus\/\" \/>\n<meta property=\"og:site_name\" content=\"Arcadia Reptile\" \/>\n<meta property=\"article:modified_time\" content=\"2023-09-21T14:21:28+00:00\" \/>\n<meta property=\"og:image\" content=\"https:\/\/arcadiareptile.com\/wp-content\/uploads\/d3-cycle.png\" \/>\n<meta name=\"twitter:card\" content=\"summary_large_image\" \/>\n<meta name=\"twitter:label1\" content=\"Gesch\u00e4tzte Lesezeit\" \/>\n\t<meta name=\"twitter:data1\" content=\"2\u00a0Minuten\" \/>\n<script type=\"application\/ld+json\" class=\"yoast-schema-graph\">{\"@context\":\"https:\\\/\\\/schema.org\",\"@graph\":[{\"@type\":\"WebPage\",\"@id\":\"https:\\\/\\\/arcadiareptile.com\\\/de\\\/d3-zyklus\\\/\",\"url\":\"https:\\\/\\\/arcadiareptile.com\\\/de\\\/d3-zyklus\\\/\",\"name\":\"D3 Zyklus - Arcadia Reptile\",\"isPartOf\":{\"@id\":\"https:\\\/\\\/arcadiareptile.com\\\/de\\\/#website\"},\"primaryImageOfPage\":{\"@id\":\"https:\\\/\\\/arcadiareptile.com\\\/de\\\/d3-zyklus\\\/#primaryimage\"},\"image\":{\"@id\":\"https:\\\/\\\/arcadiareptile.com\\\/de\\\/d3-zyklus\\\/#primaryimage\"},\"thumbnailUrl\":\"https:\\\/\\\/arcadiareptile.com\\\/wp-content\\\/uploads\\\/d3-cycle.png\",\"datePublished\":\"2023-07-01T11:52:24+00:00\",\"dateModified\":\"2023-09-21T14:21:28+00:00\",\"breadcrumb\":{\"@id\":\"https:\\\/\\\/arcadiareptile.com\\\/de\\\/d3-zyklus\\\/#breadcrumb\"},\"inLanguage\":\"de\",\"potentialAction\":[{\"@type\":\"ReadAction\",\"target\":[\"https:\\\/\\\/arcadiareptile.com\\\/de\\\/d3-zyklus\\\/\"]}]},{\"@type\":\"ImageObject\",\"inLanguage\":\"de\",\"@id\":\"https:\\\/\\\/arcadiareptile.com\\\/de\\\/d3-zyklus\\\/#primaryimage\",\"url\":\"https:\\\/\\\/arcadiareptile.com\\\/wp-content\\\/uploads\\\/d3-cycle.png\",\"contentUrl\":\"https:\\\/\\\/arcadiareptile.com\\\/wp-content\\\/uploads\\\/d3-cycle.png\"},{\"@type\":\"BreadcrumbList\",\"@id\":\"https:\\\/\\\/arcadiareptile.com\\\/de\\\/d3-zyklus\\\/#breadcrumb\",\"itemListElement\":[{\"@type\":\"ListItem\",\"position\":1,\"name\":\"Home\",\"item\":\"https:\\\/\\\/arcadiareptile.com\\\/de\\\/startseite\\\/\"},{\"@type\":\"ListItem\",\"position\":2,\"name\":\"D3 Zyklus\"}]},{\"@type\":\"WebSite\",\"@id\":\"https:\\\/\\\/arcadiareptile.com\\\/de\\\/#website\",\"url\":\"https:\\\/\\\/arcadiareptile.com\\\/de\\\/\",\"name\":\"Arcadia Reptile\",\"description\":\"Arcadia Reptile\",\"potentialAction\":[{\"@type\":\"SearchAction\",\"target\":{\"@type\":\"EntryPoint\",\"urlTemplate\":\"https:\\\/\\\/arcadiareptile.com\\\/de\\\/?s={search_term_string}\"},\"query-input\":{\"@type\":\"PropertyValueSpecification\",\"valueRequired\":true,\"valueName\":\"search_term_string\"}}],\"inLanguage\":\"de\"}]}<\/script>\n<!-- \/ Yoast SEO plugin. -->","yoast_head_json":{"title":"D3 Zyklus - Arcadia Reptile","robots":{"index":"index","follow":"follow","max-snippet":"max-snippet:-1","max-image-preview":"max-image-preview:large","max-video-preview":"max-video-preview:-1"},"canonical":"https:\/\/arcadiareptile.com\/de\/d3-zyklus\/","og_locale":"de_DE","og_type":"article","og_title":"D3 Zyklus - Arcadia Reptile","og_description":"D3 Zyklus Reptilien sind auf W\u00e4rme, Licht, UV-A\/UV-B, Nahrung und Wasser angewiesen, um ihren Lebensunterhalt zu bestreiten und ihre Blutlinie zu f\u00f6rdern. . Als verantwortungsbewusste Tierhalter sollten wir alles in unserer Macht Stehende tun, um diese Wildtierindikatoren so genau wie m\u00f6glich nachzubilden, soweit es der Stand der Technik erlaubt. Wir bei Arcadia sind stolz darauf, [&hellip;]","og_url":"https:\/\/arcadiareptile.com\/de\/d3-zyklus\/","og_site_name":"Arcadia Reptile","article_modified_time":"2023-09-21T14:21:28+00:00","og_image":[{"url":"https:\/\/arcadiareptile.com\/wp-content\/uploads\/d3-cycle.png","type":"","width":"","height":""}],"twitter_card":"summary_large_image","twitter_misc":{"Gesch\u00e4tzte Lesezeit":"2\u00a0Minuten"},"schema":{"@context":"https:\/\/schema.org","@graph":[{"@type":"WebPage","@id":"https:\/\/arcadiareptile.com\/de\/d3-zyklus\/","url":"https:\/\/arcadiareptile.com\/de\/d3-zyklus\/","name":"D3 Zyklus - Arcadia Reptile","isPartOf":{"@id":"https:\/\/arcadiareptile.com\/de\/#website"},"primaryImageOfPage":{"@id":"https:\/\/arcadiareptile.com\/de\/d3-zyklus\/#primaryimage"},"image":{"@id":"https:\/\/arcadiareptile.com\/de\/d3-zyklus\/#primaryimage"},"thumbnailUrl":"https:\/\/arcadiareptile.com\/wp-content\/uploads\/d3-cycle.png","datePublished":"2023-07-01T11:52:24+00:00","dateModified":"2023-09-21T14:21:28+00:00","breadcrumb":{"@id":"https:\/\/arcadiareptile.com\/de\/d3-zyklus\/#breadcrumb"},"inLanguage":"de","potentialAction":[{"@type":"ReadAction","target":["https:\/\/arcadiareptile.com\/de\/d3-zyklus\/"]}]},{"@type":"ImageObject","inLanguage":"de","@id":"https:\/\/arcadiareptile.com\/de\/d3-zyklus\/#primaryimage","url":"https:\/\/arcadiareptile.com\/wp-content\/uploads\/d3-cycle.png","contentUrl":"https:\/\/arcadiareptile.com\/wp-content\/uploads\/d3-cycle.png"},{"@type":"BreadcrumbList","@id":"https:\/\/arcadiareptile.com\/de\/d3-zyklus\/#breadcrumb","itemListElement":[{"@type":"ListItem","position":1,"name":"Home","item":"https:\/\/arcadiareptile.com\/de\/startseite\/"},{"@type":"ListItem","position":2,"name":"D3 Zyklus"}]},{"@type":"WebSite","@id":"https:\/\/arcadiareptile.com\/de\/#website","url":"https:\/\/arcadiareptile.com\/de\/","name":"Arcadia Reptile","description":"Arcadia Reptile","potentialAction":[{"@type":"SearchAction","target":{"@type":"EntryPoint","urlTemplate":"https:\/\/arcadiareptile.com\/de\/?s={search_term_string}"},"query-input":{"@type":"PropertyValueSpecification","valueRequired":true,"valueName":"search_term_string"}}],"inLanguage":"de"}]}},"_links":{"self":[{"href":"https:\/\/arcadiareptile.com\/de\/wp-json\/wp\/v2\/pages\/4868","targetHints":{"allow":["GET"]}}],"collection":[{"href":"https:\/\/arcadiareptile.com\/de\/wp-json\/wp\/v2\/pages"}],"about":[{"href":"https:\/\/arcadiareptile.com\/de\/wp-json\/wp\/v2\/types\/page"}],"author":[{"embeddable":true,"href":"https:\/\/arcadiareptile.com\/de\/wp-json\/wp\/v2\/users\/1"}],"replies":[{"embeddable":true,"href":"https:\/\/arcadiareptile.com\/de\/wp-json\/wp\/v2\/comments?post=4868"}],"version-history":[{"count":0,"href":"https:\/\/arcadiareptile.com\/de\/wp-json\/wp\/v2\/pages\/4868\/revisions"}],"wp:attachment":[{"href":"https:\/\/arcadiareptile.com\/de\/wp-json\/wp\/v2\/media?parent=4868"}],"curies":[{"name":"wp","href":"https:\/\/api.w.org\/{rel}","templated":true}]}}