{"id":4880,"date":"2023-07-04T08:41:45","date_gmt":"2023-07-04T08:41:45","guid":{"rendered":"https:\/\/arcadiareptile.com\/die-licht-und-schatten-methode\/"},"modified":"2023-09-21T15:55:00","modified_gmt":"2023-09-21T15:55:00","slug":"die-licht-und-schatten-methode","status":"publish","type":"page","link":"https:\/\/arcadiareptile.com\/de\/die-licht-und-schatten-methode\/","title":{"rendered":"Die Licht- und Schatten-Methode"},"content":{"rendered":"\t\t<div data-elementor-type=\"wp-page\" data-elementor-id=\"4880\" class=\"elementor elementor-4880 elementor-2395\" data-elementor-post-type=\"page\">\n\t\t\t\t<div class=\"elementor-element elementor-element-2ecf001a e-con-full e-flex e-con e-parent\" data-id=\"2ecf001a\" data-element_type=\"container\" data-e-type=\"container\">\n\t\t\t\t<div class=\"elementor-element elementor-element-30593b4f elementor-widget elementor-widget-image\" data-id=\"30593b4f\" data-element_type=\"widget\" data-e-type=\"widget\" data-widget_type=\"image.default\">\n\t\t\t\t<div class=\"elementor-widget-container\">\n\t\t\t\t\t\t\t\t\t\t\t\t\t\t\t<img fetchpriority=\"high\" decoding=\"async\" width=\"1600\" height=\"722\" src=\"https:\/\/arcadiareptile.com\/wp-content\/uploads\/leopard-gecko-rock.jpg\" class=\"attachment-full size-full wp-image-4881\" alt=\"\" srcset=\"https:\/\/arcadiareptile.com\/wp-content\/uploads\/leopard-gecko-rock.jpg 1600w, https:\/\/arcadiareptile.com\/wp-content\/uploads\/leopard-gecko-rock-768x347.jpg 768w, https:\/\/arcadiareptile.com\/wp-content\/uploads\/leopard-gecko-rock-1536x693.jpg 1536w\" sizes=\"(max-width: 1600px) 100vw, 1600px\" \/>\t\t\t\t\t\t\t\t\t\t\t\t\t\t\t<\/div>\n\t\t\t\t<\/div>\n\t\t\t\t<\/div>\n\t\t\t\t<section class=\"elementor-section elementor-top-section elementor-element elementor-element-5b119190 elementor-section-full_width elementor-section-height-default elementor-section-height-default\" data-id=\"5b119190\" data-element_type=\"section\" data-e-type=\"section\" data-settings=\"{&quot;background_background&quot;:&quot;classic&quot;}\">\n\t\t\t\t\t\t<div class=\"elementor-container elementor-column-gap-default\">\n\t\t\t\t\t<div class=\"elementor-column elementor-col-100 elementor-top-column elementor-element elementor-element-6b5074a2\" data-id=\"6b5074a2\" data-element_type=\"column\" data-e-type=\"column\">\n\t\t\t<div class=\"elementor-widget-wrap elementor-element-populated\">\n\t\t\t\t\t\t<section class=\"elementor-section elementor-inner-section elementor-element elementor-element-613320b3 elementor-section-boxed elementor-section-height-default elementor-section-height-default\" data-id=\"613320b3\" data-element_type=\"section\" data-e-type=\"section\">\n\t\t\t\t\t\t<div class=\"elementor-container elementor-column-gap-extended\">\n\t\t\t\t\t<div class=\"elementor-column elementor-col-100 elementor-inner-column elementor-element elementor-element-119fcd6e\" data-id=\"119fcd6e\" data-element_type=\"column\" data-e-type=\"column\" data-settings=\"{&quot;background_background&quot;:&quot;classic&quot;}\">\n\t\t\t<div class=\"elementor-widget-wrap elementor-element-populated\">\n\t\t\t\t\t\t<div class=\"elementor-element elementor-element-68b4ed3a elementor-widget elementor-widget-heading\" data-id=\"68b4ed3a\" data-element_type=\"widget\" data-e-type=\"widget\" data-widget_type=\"heading.default\">\n\t\t\t\t<div class=\"elementor-widget-container\">\n\t\t\t\t\t<h2 class=\"elementor-heading-title elementor-size-default\">Die Licht- und Schatten-Methode<\/h2>\t\t\t\t<\/div>\n\t\t\t\t<\/div>\n\t\t\t\t\t<\/div>\n\t\t<\/div>\n\t\t\t\t\t<\/div>\n\t\t<\/section>\n\t\t\t\t\t<\/div>\n\t\t<\/div>\n\t\t\t\t\t<\/div>\n\t\t<\/section>\n\t\t\t\t<section class=\"elementor-section elementor-top-section elementor-element elementor-element-45273595 elementor-section-full_width elementor-section-height-default elementor-section-height-default\" data-id=\"45273595\" data-element_type=\"section\" data-e-type=\"section\" data-settings=\"{&quot;background_background&quot;:&quot;classic&quot;}\">\n\t\t\t\t\t\t<div class=\"elementor-container elementor-column-gap-default\">\n\t\t\t\t\t<div class=\"elementor-column elementor-col-100 elementor-top-column elementor-element elementor-element-456c269a\" data-id=\"456c269a\" data-element_type=\"column\" data-e-type=\"column\">\n\t\t\t<div class=\"elementor-widget-wrap elementor-element-populated\">\n\t\t\t\t\t\t<section class=\"elementor-section elementor-inner-section elementor-element elementor-element-482ac017 elementor-section-boxed elementor-section-height-default elementor-section-height-default\" data-id=\"482ac017\" data-element_type=\"section\" data-e-type=\"section\">\n\t\t\t\t\t\t<div class=\"elementor-container elementor-column-gap-extended\">\n\t\t\t\t\t<div class=\"elementor-column elementor-col-100 elementor-inner-column elementor-element elementor-element-159cf0a\" data-id=\"159cf0a\" data-element_type=\"column\" data-e-type=\"column\" data-settings=\"{&quot;background_background&quot;:&quot;classic&quot;}\">\n\t\t\t<div class=\"elementor-widget-wrap elementor-element-populated\">\n\t\t\t\t\t\t<div class=\"elementor-element elementor-element-5c4237b elementor-widget elementor-widget-heading\" data-id=\"5c4237b\" data-element_type=\"widget\" data-e-type=\"widget\" data-widget_type=\"heading.default\">\n\t\t\t\t<div class=\"elementor-widget-container\">\n\t\t\t\t\t<h3 class=\"elementor-heading-title elementor-size-default\">Reptilien brauchen ein W\u00e4rmegef\u00e4lle, um ihre Temperatur selbst regulieren zu k\u00f6nnen. Dies ist ein grundlegender Leitfaden f\u00c3\u00bcr die Einrichtung eines Temperaturgef\u00c3\u00a4lles in einem Gehege.<\/h3>\t\t\t\t<\/div>\n\t\t\t\t<\/div>\n\t\t\t\t<div class=\"elementor-element elementor-element-1287d568 elementor-widget elementor-widget-text-editor\" data-id=\"1287d568\" data-element_type=\"widget\" data-e-type=\"widget\" data-widget_type=\"text-editor.default\">\n\t\t\t\t<div class=\"elementor-widget-container\">\n\t\t\t\t\t\t\t\t\t<p>Die Aufrechterhaltung einer h\u00f6heren Temperatur an einem Ende des Vivariums bei gleichzeitiger Aufrechterhaltung einer niedrigeren Temperatur am anderen Ende des Vivariums ist die Grundlage der Reptilienpflege. Die Licht- und Schattenmethode verbessert diesen Ansatz, da sie auch die Bereitstellung der richtigen Menge an Vollspektrum- und UVB-Licht als Teil des Gradienten umfasst, um eine nutzbare Zonierung von &#8222;W\u00c3\u00a4rme und Licht&#8220; zu &#8222;K\u00c3\u00bchle und Schatten&#8220; zu schaffen.<\/p>\n<p>Die Sonne projiziert alle irdischen Wellenl\u00e4ngen des Lichts von UVB bis Infrarot-B auf unsere Welt. Dies ist eine einzige Energiequelle, die uns alle mit W\u00c3\u00a4rme, sichtbarem Licht und UV versorgt. Daher ist es wichtig, dass wir die W\u00c3\u00a4rme- und Lichtquellen in Gefangenschaft nicht aufteilen.<\/p>\n\t\t\t\t\t\t\t\t<\/div>\n\t\t\t\t<\/div>\n\t\t\t\t\t<\/div>\n\t\t<\/div>\n\t\t\t\t\t<\/div>\n\t\t<\/section>\n\t\t\t\t<section class=\"elementor-section elementor-inner-section elementor-element elementor-element-59a2ffed elementor-section-boxed elementor-section-height-default elementor-section-height-default\" data-id=\"59a2ffed\" data-element_type=\"section\" data-e-type=\"section\">\n\t\t\t\t\t\t<div class=\"elementor-container elementor-column-gap-extended\">\n\t\t\t\t\t<div class=\"elementor-column elementor-col-100 elementor-inner-column elementor-element elementor-element-6e1cfa30\" data-id=\"6e1cfa30\" data-element_type=\"column\" data-e-type=\"column\">\n\t\t\t<div class=\"elementor-widget-wrap elementor-element-populated\">\n\t\t\t\t\t\t<div class=\"elementor-element elementor-element-1ca394c4 elementor-widget elementor-widget-image\" data-id=\"1ca394c4\" data-element_type=\"widget\" data-e-type=\"widget\" data-widget_type=\"image.default\">\n\t\t\t\t<div class=\"elementor-widget-container\">\n\t\t\t\t\t\t\t\t\t\t\t\t\t\t\t<img decoding=\"async\" width=\"1253\" height=\"726\" src=\"https:\/\/arcadiareptile.com\/wp-content\/uploads\/Light-Shade-Method.jpg\" class=\"attachment-full size-full wp-image-4882\" alt=\"\" srcset=\"https:\/\/arcadiareptile.com\/wp-content\/uploads\/Light-Shade-Method.jpg 1253w, https:\/\/arcadiareptile.com\/wp-content\/uploads\/Light-Shade-Method-768x445.jpg 768w\" sizes=\"(max-width: 1253px) 100vw, 1253px\" \/>\t\t\t\t\t\t\t\t\t\t\t\t\t\t\t<\/div>\n\t\t\t\t<\/div>\n\t\t\t\t\t<\/div>\n\t\t<\/div>\n\t\t\t\t\t<\/div>\n\t\t<\/section>\n\t\t\t\t\t<\/div>\n\t\t<\/div>\n\t\t\t\t\t<\/div>\n\t\t<\/section>\n\t\t\t\t<section class=\"elementor-section elementor-top-section elementor-element elementor-element-532929e0 elementor-section-full_width elementor-section-height-default elementor-section-height-default\" data-id=\"532929e0\" data-element_type=\"section\" data-e-type=\"section\" data-settings=\"{&quot;background_background&quot;:&quot;classic&quot;}\">\n\t\t\t\t\t\t<div class=\"elementor-container elementor-column-gap-default\">\n\t\t\t\t\t<div class=\"elementor-column elementor-col-100 elementor-top-column elementor-element elementor-element-5c8bea0a\" data-id=\"5c8bea0a\" data-element_type=\"column\" data-e-type=\"column\">\n\t\t\t<div class=\"elementor-widget-wrap elementor-element-populated\">\n\t\t\t\t\t\t<section class=\"elementor-section elementor-inner-section elementor-element elementor-element-4c93704f elementor-section-boxed elementor-section-height-default elementor-section-height-default\" data-id=\"4c93704f\" data-element_type=\"section\" data-e-type=\"section\">\n\t\t\t\t\t\t<div class=\"elementor-container elementor-column-gap-extended\">\n\t\t\t\t\t<div class=\"elementor-column elementor-col-100 elementor-inner-column elementor-element elementor-element-39d3969f\" data-id=\"39d3969f\" data-element_type=\"column\" data-e-type=\"column\" data-settings=\"{&quot;background_background&quot;:&quot;classic&quot;}\">\n\t\t\t<div class=\"elementor-widget-wrap elementor-element-populated\">\n\t\t\t\t\t\t<div class=\"elementor-element elementor-element-19f16e64 elementor-widget elementor-widget-text-editor\" data-id=\"19f16e64\" data-element_type=\"widget\" data-e-type=\"widget\" data-widget_type=\"text-editor.default\">\n\t\t\t\t<div class=\"elementor-widget-container\">\n\t\t\t\t\t\t\t\t\t<p>Heiz- und Beleuchtungssysteme sollten auf sichere Weise eng beieinander angeordnet sein, so dass sowohl die W\u00c3\u00a4rme als auch das Licht gemeinsam auf die Liegezone gerichtet sind. Auf diese Weise kann das Tier die Energie auf nat\u00c3\u00bcrliche Weise nutzen und die Belichtung je nach Bedarf selbst regulieren.<\/p>\n<p>Dann trennen wir den w\u00e4rmeren Sonnenbereich von dem k\u00fchleren, feuchteren Ende des Geheges. Die Zonierung ist f\u00c3\u00bcr die korrekte Versorgung mit dem nachgebildeten Erdlicht von entscheidender Bedeutung. Auf diese Weise kann sich das Tier im Rahmen seiner eigenen biologischen Zyklen sein eigenes Belichtungsniveau &#8222;selbst aussuchen&#8220; oder &#8222;selbst regulieren&#8220;, von kontrollierter W\u00c3\u00a4rme und Vollspektrumlicht bis hin zu K\u00c3\u00bchle und Schatten, genau wie in der freien Natur.<\/p>\n<p>Wenn Sie die Licht- und Schattenmethode anwenden und viele Versteckm\u00c3\u00b6glichkeiten anbieten, kann das Tier seine Position im Terrarium oder Vivarium ver\u00c3\u00a4ndern und sich einen Platz zum Sonnen aussuchen. Dies ist das Prinzip der &#8218;Wild Re-creation\u00c2\u00ae&#8216;.<\/p>\n\t\t\t\t\t\t\t\t<\/div>\n\t\t\t\t<\/div>\n\t\t\t\t\t<\/div>\n\t\t<\/div>\n\t\t\t\t\t<\/div>\n\t\t<\/section>\n\t\t\t\t\t<\/div>\n\t\t<\/div>\n\t\t\t\t\t<\/div>\n\t\t<\/section>\n\t\t\t\t<\/div>\n\t\t","protected":false},"excerpt":{"rendered":"<p>Die Licht- und Schatten-Methode Reptilien brauchen ein W\u00e4rmegef\u00e4lle, um ihre Temperatur selbst regulieren zu k\u00f6nnen. Dies ist ein grundlegender Leitfaden f\u00c3\u00bcr die Einrichtung eines Temperaturgef\u00c3\u00a4lles in einem Gehege. Die Aufrechterhaltung einer h\u00f6heren Temperatur an einem Ende des Vivariums bei gleichzeitiger Aufrechterhaltung einer niedrigeren Temperatur am anderen Ende des Vivariums ist die Grundlage der Reptilienpflege. Die [&hellip;]<\/p>\n","protected":false},"author":1,"featured_media":0,"parent":0,"menu_order":0,"comment_status":"closed","ping_status":"closed","template":"","meta":{"site-sidebar-layout":"no-sidebar","site-content-layout":"page-builder","ast-site-content-layout":"default","site-content-style":"default","site-sidebar-style":"default","ast-global-header-display":"","ast-banner-title-visibility":"","ast-main-header-display":"","ast-hfb-above-header-display":"","ast-hfb-below-header-display":"","ast-hfb-mobile-header-display":"","site-post-title":"disabled","ast-breadcrumbs-content":"","ast-featured-img":"disabled","footer-sml-layout":"","ast-disable-related-posts":"","theme-transparent-header-meta":"","adv-header-id-meta":"","stick-header-meta":"","header-above-stick-meta":"","header-main-stick-meta":"","header-below-stick-meta":"","astra-migrate-meta-layouts":"default","ast-page-background-enabled":"default","ast-page-background-meta":{"desktop":{"background-color":"var(--ast-global-color-4)","background-image":"","background-repeat":"repeat","background-position":"center center","background-size":"auto","background-attachment":"scroll","background-type":"","background-media":"","overlay-type":"","overlay-color":"","overlay-opacity":"","overlay-gradient":""},"tablet":{"background-color":"","background-image":"","background-repeat":"repeat","background-position":"center center","background-size":"auto","background-attachment":"scroll","background-type":"","background-media":"","overlay-type":"","overlay-color":"","overlay-opacity":"","overlay-gradient":""},"mobile":{"background-color":"","background-image":"","background-repeat":"repeat","background-position":"center center","background-size":"auto","background-attachment":"scroll","background-type":"","background-media":"","overlay-type":"","overlay-color":"","overlay-opacity":"","overlay-gradient":""}},"ast-content-background-meta":{"desktop":{"background-color":"var(--ast-global-color-5)","background-image":"","background-repeat":"repeat","background-position":"center center","background-size":"auto","background-attachment":"scroll","background-type":"","background-media":"","overlay-type":"","overlay-color":"","overlay-opacity":"","overlay-gradient":""},"tablet":{"background-color":"var(--ast-global-color-5)","background-image":"","background-repeat":"repeat","background-position":"center center","background-size":"auto","background-attachment":"scroll","background-type":"","background-media":"","overlay-type":"","overlay-color":"","overlay-opacity":"","overlay-gradient":""},"mobile":{"background-color":"var(--ast-global-color-5)","background-image":"","background-repeat":"repeat","background-position":"center center","background-size":"auto","background-attachment":"scroll","background-type":"","background-media":"","overlay-type":"","overlay-color":"","overlay-opacity":"","overlay-gradient":""}},"footnotes":""},"class_list":["post-4880","page","type-page","status-publish","hentry"],"yoast_head":"<!-- This site is optimized with the Yoast SEO plugin v27.3 - https:\/\/yoast.com\/product\/yoast-seo-wordpress\/ -->\n<title>Die Licht- und Schatten-Methode - Arcadia Reptile<\/title>\n<meta name=\"robots\" content=\"index, follow, max-snippet:-1, max-image-preview:large, max-video-preview:-1\" \/>\n<link rel=\"canonical\" href=\"https:\/\/arcadiareptile.com\/de\/die-licht-und-schatten-methode\/\" \/>\n<meta property=\"og:locale\" content=\"de_DE\" \/>\n<meta property=\"og:type\" content=\"article\" \/>\n<meta property=\"og:title\" content=\"Die Licht- und Schatten-Methode - Arcadia Reptile\" \/>\n<meta property=\"og:description\" content=\"Die Licht- und Schatten-Methode Reptilien brauchen ein W\u00e4rmegef\u00e4lle, um ihre Temperatur selbst regulieren zu k\u00f6nnen. Dies ist ein grundlegender Leitfaden f\u00c3\u00bcr die Einrichtung eines Temperaturgef\u00c3\u00a4lles in einem Gehege. Die Aufrechterhaltung einer h\u00f6heren Temperatur an einem Ende des Vivariums bei gleichzeitiger Aufrechterhaltung einer niedrigeren Temperatur am anderen Ende des Vivariums ist die Grundlage der Reptilienpflege. Die [&hellip;]\" \/>\n<meta property=\"og:url\" content=\"https:\/\/arcadiareptile.com\/de\/die-licht-und-schatten-methode\/\" \/>\n<meta property=\"og:site_name\" content=\"Arcadia Reptile\" \/>\n<meta property=\"article:modified_time\" content=\"2023-09-21T15:55:00+00:00\" \/>\n<meta property=\"og:image\" content=\"https:\/\/arcadiareptile.com\/wp-content\/uploads\/leopard-gecko-rock.jpg\" \/>\n<meta name=\"twitter:card\" content=\"summary_large_image\" \/>\n<meta name=\"twitter:label1\" content=\"Gesch\u00e4tzte Lesezeit\" \/>\n\t<meta name=\"twitter:data1\" content=\"2\u00a0Minuten\" \/>\n<script type=\"application\/ld+json\" class=\"yoast-schema-graph\">{\"@context\":\"https:\\\/\\\/schema.org\",\"@graph\":[{\"@type\":\"WebPage\",\"@id\":\"https:\\\/\\\/arcadiareptile.com\\\/de\\\/die-licht-und-schatten-methode\\\/\",\"url\":\"https:\\\/\\\/arcadiareptile.com\\\/de\\\/die-licht-und-schatten-methode\\\/\",\"name\":\"Die Licht- und Schatten-Methode - Arcadia Reptile\",\"isPartOf\":{\"@id\":\"https:\\\/\\\/arcadiareptile.com\\\/de\\\/#website\"},\"primaryImageOfPage\":{\"@id\":\"https:\\\/\\\/arcadiareptile.com\\\/de\\\/die-licht-und-schatten-methode\\\/#primaryimage\"},\"image\":{\"@id\":\"https:\\\/\\\/arcadiareptile.com\\\/de\\\/die-licht-und-schatten-methode\\\/#primaryimage\"},\"thumbnailUrl\":\"https:\\\/\\\/arcadiareptile.com\\\/wp-content\\\/uploads\\\/leopard-gecko-rock.jpg\",\"datePublished\":\"2023-07-04T08:41:45+00:00\",\"dateModified\":\"2023-09-21T15:55:00+00:00\",\"breadcrumb\":{\"@id\":\"https:\\\/\\\/arcadiareptile.com\\\/de\\\/die-licht-und-schatten-methode\\\/#breadcrumb\"},\"inLanguage\":\"de\",\"potentialAction\":[{\"@type\":\"ReadAction\",\"target\":[\"https:\\\/\\\/arcadiareptile.com\\\/de\\\/die-licht-und-schatten-methode\\\/\"]}]},{\"@type\":\"ImageObject\",\"inLanguage\":\"de\",\"@id\":\"https:\\\/\\\/arcadiareptile.com\\\/de\\\/die-licht-und-schatten-methode\\\/#primaryimage\",\"url\":\"https:\\\/\\\/arcadiareptile.com\\\/wp-content\\\/uploads\\\/leopard-gecko-rock.jpg\",\"contentUrl\":\"https:\\\/\\\/arcadiareptile.com\\\/wp-content\\\/uploads\\\/leopard-gecko-rock.jpg\"},{\"@type\":\"BreadcrumbList\",\"@id\":\"https:\\\/\\\/arcadiareptile.com\\\/de\\\/die-licht-und-schatten-methode\\\/#breadcrumb\",\"itemListElement\":[{\"@type\":\"ListItem\",\"position\":1,\"name\":\"Home\",\"item\":\"https:\\\/\\\/arcadiareptile.com\\\/de\\\/startseite\\\/\"},{\"@type\":\"ListItem\",\"position\":2,\"name\":\"Die Licht- und Schatten-Methode\"}]},{\"@type\":\"WebSite\",\"@id\":\"https:\\\/\\\/arcadiareptile.com\\\/de\\\/#website\",\"url\":\"https:\\\/\\\/arcadiareptile.com\\\/de\\\/\",\"name\":\"Arcadia Reptile\",\"description\":\"Arcadia Reptile\",\"potentialAction\":[{\"@type\":\"SearchAction\",\"target\":{\"@type\":\"EntryPoint\",\"urlTemplate\":\"https:\\\/\\\/arcadiareptile.com\\\/de\\\/?s={search_term_string}\"},\"query-input\":{\"@type\":\"PropertyValueSpecification\",\"valueRequired\":true,\"valueName\":\"search_term_string\"}}],\"inLanguage\":\"de\"}]}<\/script>\n<!-- \/ Yoast SEO plugin. -->","yoast_head_json":{"title":"Die Licht- und Schatten-Methode - Arcadia Reptile","robots":{"index":"index","follow":"follow","max-snippet":"max-snippet:-1","max-image-preview":"max-image-preview:large","max-video-preview":"max-video-preview:-1"},"canonical":"https:\/\/arcadiareptile.com\/de\/die-licht-und-schatten-methode\/","og_locale":"de_DE","og_type":"article","og_title":"Die Licht- und Schatten-Methode - Arcadia Reptile","og_description":"Die Licht- und Schatten-Methode Reptilien brauchen ein W\u00e4rmegef\u00e4lle, um ihre Temperatur selbst regulieren zu k\u00f6nnen. Dies ist ein grundlegender Leitfaden f\u00c3\u00bcr die Einrichtung eines Temperaturgef\u00c3\u00a4lles in einem Gehege. Die Aufrechterhaltung einer h\u00f6heren Temperatur an einem Ende des Vivariums bei gleichzeitiger Aufrechterhaltung einer niedrigeren Temperatur am anderen Ende des Vivariums ist die Grundlage der Reptilienpflege. Die [&hellip;]","og_url":"https:\/\/arcadiareptile.com\/de\/die-licht-und-schatten-methode\/","og_site_name":"Arcadia Reptile","article_modified_time":"2023-09-21T15:55:00+00:00","og_image":[{"url":"https:\/\/arcadiareptile.com\/wp-content\/uploads\/leopard-gecko-rock.jpg","type":"","width":"","height":""}],"twitter_card":"summary_large_image","twitter_misc":{"Gesch\u00e4tzte Lesezeit":"2\u00a0Minuten"},"schema":{"@context":"https:\/\/schema.org","@graph":[{"@type":"WebPage","@id":"https:\/\/arcadiareptile.com\/de\/die-licht-und-schatten-methode\/","url":"https:\/\/arcadiareptile.com\/de\/die-licht-und-schatten-methode\/","name":"Die Licht- und Schatten-Methode - Arcadia Reptile","isPartOf":{"@id":"https:\/\/arcadiareptile.com\/de\/#website"},"primaryImageOfPage":{"@id":"https:\/\/arcadiareptile.com\/de\/die-licht-und-schatten-methode\/#primaryimage"},"image":{"@id":"https:\/\/arcadiareptile.com\/de\/die-licht-und-schatten-methode\/#primaryimage"},"thumbnailUrl":"https:\/\/arcadiareptile.com\/wp-content\/uploads\/leopard-gecko-rock.jpg","datePublished":"2023-07-04T08:41:45+00:00","dateModified":"2023-09-21T15:55:00+00:00","breadcrumb":{"@id":"https:\/\/arcadiareptile.com\/de\/die-licht-und-schatten-methode\/#breadcrumb"},"inLanguage":"de","potentialAction":[{"@type":"ReadAction","target":["https:\/\/arcadiareptile.com\/de\/die-licht-und-schatten-methode\/"]}]},{"@type":"ImageObject","inLanguage":"de","@id":"https:\/\/arcadiareptile.com\/de\/die-licht-und-schatten-methode\/#primaryimage","url":"https:\/\/arcadiareptile.com\/wp-content\/uploads\/leopard-gecko-rock.jpg","contentUrl":"https:\/\/arcadiareptile.com\/wp-content\/uploads\/leopard-gecko-rock.jpg"},{"@type":"BreadcrumbList","@id":"https:\/\/arcadiareptile.com\/de\/die-licht-und-schatten-methode\/#breadcrumb","itemListElement":[{"@type":"ListItem","position":1,"name":"Home","item":"https:\/\/arcadiareptile.com\/de\/startseite\/"},{"@type":"ListItem","position":2,"name":"Die Licht- und Schatten-Methode"}]},{"@type":"WebSite","@id":"https:\/\/arcadiareptile.com\/de\/#website","url":"https:\/\/arcadiareptile.com\/de\/","name":"Arcadia Reptile","description":"Arcadia Reptile","potentialAction":[{"@type":"SearchAction","target":{"@type":"EntryPoint","urlTemplate":"https:\/\/arcadiareptile.com\/de\/?s={search_term_string}"},"query-input":{"@type":"PropertyValueSpecification","valueRequired":true,"valueName":"search_term_string"}}],"inLanguage":"de"}]}},"_links":{"self":[{"href":"https:\/\/arcadiareptile.com\/de\/wp-json\/wp\/v2\/pages\/4880","targetHints":{"allow":["GET"]}}],"collection":[{"href":"https:\/\/arcadiareptile.com\/de\/wp-json\/wp\/v2\/pages"}],"about":[{"href":"https:\/\/arcadiareptile.com\/de\/wp-json\/wp\/v2\/types\/page"}],"author":[{"embeddable":true,"href":"https:\/\/arcadiareptile.com\/de\/wp-json\/wp\/v2\/users\/1"}],"replies":[{"embeddable":true,"href":"https:\/\/arcadiareptile.com\/de\/wp-json\/wp\/v2\/comments?post=4880"}],"version-history":[{"count":0,"href":"https:\/\/arcadiareptile.com\/de\/wp-json\/wp\/v2\/pages\/4880\/revisions"}],"wp:attachment":[{"href":"https:\/\/arcadiareptile.com\/de\/wp-json\/wp\/v2\/media?parent=4880"}],"curies":[{"name":"wp","href":"https:\/\/api.w.org\/{rel}","templated":true}]}}