{"id":4653,"date":"2023-07-27T16:05:45","date_gmt":"2023-07-27T16:05:45","guid":{"rendered":"https:\/\/arcadiareptile.com\/shadedweller\/iluminacion\/"},"modified":"2023-09-19T08:29:16","modified_gmt":"2023-09-19T08:29:16","slug":"iluminacion","status":"publish","type":"page","link":"https:\/\/arcadiareptile.com\/es\/shadedweller\/iluminacion\/","title":{"rendered":"Iluminaci\u00f3n"},"content":{"rendered":"\t\t<div data-elementor-type=\"wp-page\" data-elementor-id=\"4653\" class=\"elementor elementor-4653 elementor-2805\" data-elementor-post-type=\"page\">\n\t\t\t\t<div class=\"elementor-element elementor-element-1de8279 e-con-full e-flex e-con e-parent\" data-id=\"1de8279\" data-element_type=\"container\" data-e-type=\"container\" data-settings=\"{&quot;background_background&quot;:&quot;classic&quot;}\">\n\t\t<div class=\"elementor-element elementor-element-156d6f5 e-flex e-con-boxed e-con e-parent\" data-id=\"156d6f5\" data-element_type=\"container\" data-e-type=\"container\">\n\t\t\t\t\t<div class=\"e-con-inner\">\n\t\t\t\t<div class=\"elementor-element elementor-element-e92990e elementor-widget elementor-widget-heading\" data-id=\"e92990e\" data-element_type=\"widget\" data-e-type=\"widget\" data-widget_type=\"heading.default\">\n\t\t\t\t<div class=\"elementor-widget-container\">\n\t\t\t\t\t<h1 class=\"elementor-heading-title elementor-size-default\">Iluminaci\u00f3n ShadeDweller\u00ae<\/h1>\t\t\t\t<\/div>\n\t\t\t\t<\/div>\n\t\t\t\t<div class=\"elementor-element elementor-element-108a029 elementor-align-center elementor-widget elementor-widget-breadcrumbs\" data-id=\"108a029\" data-element_type=\"widget\" data-e-type=\"widget\" data-widget_type=\"breadcrumbs.default\">\n\t\t\t\t<div class=\"elementor-widget-container\">\n\t\t\t\t\t<p id=\"breadcrumbs\"><span><span><a href=\"https:\/\/arcadiareptile.com\/es\/inicio\/\">Home<\/a><\/span><\/span><\/p>\t\t\t\t<\/div>\n\t\t\t\t<\/div>\n\t\t\t\t\t<\/div>\n\t\t\t\t<\/div>\n\t\t\t\t<\/div>\n\t\t<div class=\"elementor-element elementor-element-4bb4d9a e-flex e-con-boxed e-con e-parent\" data-id=\"4bb4d9a\" data-element_type=\"container\" data-e-type=\"container\" data-settings=\"{&quot;background_background&quot;:&quot;classic&quot;}\">\n\t\t\t\t\t<div class=\"e-con-inner\">\n\t\t<div class=\"elementor-element elementor-element-18c49da e-flex e-con-boxed e-con e-parent\" data-id=\"18c49da\" data-element_type=\"container\" data-e-type=\"container\">\n\t\t\t\t\t<div class=\"e-con-inner\">\n\t\t\t\t<div class=\"elementor-element elementor-element-9a44fa8 elementor-widget elementor-widget-image\" data-id=\"9a44fa8\" data-element_type=\"widget\" data-e-type=\"widget\" data-widget_type=\"image.default\">\n\t\t\t\t<div class=\"elementor-widget-container\">\n\t\t\t\t\t\t\t\t\t\t\t\t\t\t\t<img fetchpriority=\"high\" decoding=\"async\" width=\"2000\" height=\"1084\" src=\"https:\/\/arcadiareptile.com\/wp-content\/uploads\/light-scatter-diagram.png\" class=\"attachment-large size-large wp-image-2478\" alt=\"Rock scatter and leaf scatter for ShadeDwelling Reptile Species\" srcset=\"https:\/\/arcadiareptile.com\/wp-content\/uploads\/light-scatter-diagram.png 2000w, https:\/\/arcadiareptile.com\/wp-content\/uploads\/light-scatter-diagram-768x416.png 768w, https:\/\/arcadiareptile.com\/wp-content\/uploads\/light-scatter-diagram-1536x833.png 1536w\" sizes=\"(max-width: 2000px) 100vw, 2000px\" \/>\t\t\t\t\t\t\t\t\t\t\t\t\t\t\t<\/div>\n\t\t\t\t<\/div>\n\t\t\t\t\t<\/div>\n\t\t\t\t<\/div>\n\t\t<div class=\"elementor-element elementor-element-eb115d4 e-flex e-con-boxed e-con e-parent\" data-id=\"eb115d4\" data-element_type=\"container\" data-e-type=\"container\">\n\t\t\t\t\t<div class=\"e-con-inner\">\n\t\t\t\t<div class=\"elementor-element elementor-element-bbec062 elementor-widget elementor-widget-heading\" data-id=\"bbec062\" data-element_type=\"widget\" data-e-type=\"widget\" data-widget_type=\"heading.default\">\n\t\t\t\t<div class=\"elementor-widget-container\">\n\t\t\t\t\t<h2 class=\"elementor-heading-title elementor-size-default\">La ciencia del cuidado \u00e9tico y efectivo de reptiles est\u00e1 cambiando.<\/h2>\t\t\t\t<\/div>\n\t\t\t\t<\/div>\n\t\t\t\t<div class=\"elementor-element elementor-element-adcd44d elementor-widget elementor-widget-text-editor\" data-id=\"adcd44d\" data-element_type=\"widget\" data-e-type=\"widget\" data-widget_type=\"text-editor.default\">\n\t\t\t\t<div class=\"elementor-widget-container\">\n\t\t\t\t\t\t\t\t\t<p>Dentro de estos cambios apuntamos a aprender sobre los h\u00e1bitats y h\u00e1bitos salvajes de las diferentes especies que cuidamos para satisfacer con precisi\u00f3n todas sus necesidades desarrolladas. Solo al hacer esto podemos asegurarnos de proporcionar todo lo que una especie necesita para prosperar verdaderamente. Esto es la Re-Creaci\u00f3n del Entorno Salvaje. <\/p>\n\t\t\t\t\t\t\t\t<\/div>\n\t\t\t\t<\/div>\n\t\t\t\t<div class=\"elementor-element elementor-element-40dca25 elementor-widget elementor-widget-text-editor\" data-id=\"40dca25\" data-element_type=\"widget\" data-e-type=\"widget\" data-widget_type=\"text-editor.default\">\n\t\t\t\t<div class=\"elementor-widget-container\">\n\t\t\t\t\t\t\t\t\t<p>Hist\u00f3ricamente, muchas especies de reptiles han sido clasificadas err\u00f3neamente como \u2018nocturnas\u2019 y por consiguiente, no se les ha ofrecido el acceso esencial a la iluminaci\u00f3n de espectro completo + UV-B.<\/p>\n<p>Especies como el gecko leopardo y el gecko crestado ahora se consideran com\u00fanmente como \u2018crepusculares\u2019, activos desde la primera hora del d\u00eda hasta media ma\u00f1ana y luego nuevamente en la tarde y la noche. Esto los convierte en especies de \u2018asoleamiento parcial\u2019 o \u2018especies que viven en la sombra\u2019.<\/p>\n<p>Debido a la elevada cantidad de energ\u00eda UV que se encuentra en los h\u00e1bitats salvajes, los \u00edndices utilizables de UV est\u00e1n disponibles en bajos niveles de luz y a medida que la luz diurna se adentra en las redes rocosas, el terreno local y los bosques.<\/p>\n<p>Los animales se han desarrollado durante largos periodos de tiempo para poder utilizar esta energ\u00eda en la manera m\u00e1s segura y eficiente posible. Esto puede incluir un bajo nivel total de exposici\u00f3n o solo la exposici\u00f3n de una parte del cuerpo mientras se mantienen seguros en sus h\u00e1bitats. Se trata de avances de alto nivel que inician y regulan los procesos biol\u00f3gicos esenciales.<\/p>\n<p>Si una especie dispone de un nivel de \u2018energ\u00eda\u2019 dentro del \u00e1rea de su h\u00e1bitat, habr\u00e1 desarrollado un \u2018uso para\u2019 y \u2018nivel de protecci\u00f3n contra\u2019 esta energ\u00eda dentro de su desarrollo natural. Como tal, podemos ver un uso claro e indiscutible, y una interacci\u00f3n con la luz diurna terrestre natural de espectro completo. No se puede estar expuesto a la luz natural sin estar expuesto a todas las longitudes de onda terrestres desde los rayos UVB hasta los Infrarrojos B de la fuente solar directa.<\/p>\n<p>Proporcionar el nivel y tipo correctos de exposici\u00f3n a la iluminaci\u00f3n de espectro completo + UV no solo permitir\u00e1 la producci\u00f3n interna y uso de la vitamina D3, que es esencial para una absorci\u00f3n adecuada de calcio, sino que tambi\u00e9n interact\u00faa con una funci\u00f3n de \u00f3rganos m\u00e1s amplia, la salud de la piel y \u2018activa\u2019 la visi\u00f3n del color en muchas especies.<\/p>\n\t\t\t\t\t\t\t\t<\/div>\n\t\t\t\t<\/div>\n\t\t\t\t\t<\/div>\n\t\t\t\t<\/div>\n\t\t\t\t\t<\/div>\n\t\t\t\t<\/div>\n\t\t<div class=\"elementor-element elementor-element-2685b4d e-flex e-con-boxed e-con e-parent\" data-id=\"2685b4d\" data-element_type=\"container\" data-e-type=\"container\">\n\t\t\t\t\t<div class=\"e-con-inner\">\n\t\t\t\t\t<\/div>\n\t\t\t\t<\/div>\n\t\t\t\t<\/div>\n\t\t","protected":false},"excerpt":{"rendered":"<p>Iluminaci\u00f3n ShadeDweller\u00ae La ciencia del cuidado \u00e9tico y efectivo de reptiles est\u00e1 cambiando. Dentro de estos cambios apuntamos a aprender sobre los h\u00e1bitats y h\u00e1bitos salvajes de las diferentes especies que cuidamos para satisfacer con precisi\u00f3n todas sus necesidades desarrolladas. Solo al hacer esto podemos asegurarnos de proporcionar todo lo que una especie necesita para [&hellip;]<\/p>\n","protected":false},"author":1,"featured_media":0,"parent":4645,"menu_order":0,"comment_status":"closed","ping_status":"closed","template":"","meta":{"site-sidebar-layout":"no-sidebar","site-content-layout":"page-builder","ast-site-content-layout":"default","site-content-style":"default","site-sidebar-style":"default","ast-global-header-display":"","ast-banner-title-visibility":"","ast-main-header-display":"","ast-hfb-above-header-display":"","ast-hfb-below-header-display":"","ast-hfb-mobile-header-display":"","site-post-title":"disabled","ast-breadcrumbs-content":"","ast-featured-img":"disabled","footer-sml-layout":"","ast-disable-related-posts":"","theme-transparent-header-meta":"","adv-header-id-meta":"","stick-header-meta":"","header-above-stick-meta":"","header-main-stick-meta":"","header-below-stick-meta":"","astra-migrate-meta-layouts":"default","ast-page-background-enabled":"default","ast-page-background-meta":{"desktop":{"background-color":"var(--ast-global-color-4)","background-image":"","background-repeat":"repeat","background-position":"center center","background-size":"auto","background-attachment":"scroll","background-type":"","background-media":"","overlay-type":"","overlay-color":"","overlay-opacity":"","overlay-gradient":""},"tablet":{"background-color":"","background-image":"","background-repeat":"repeat","background-position":"center center","background-size":"auto","background-attachment":"scroll","background-type":"","background-media":"","overlay-type":"","overlay-color":"","overlay-opacity":"","overlay-gradient":""},"mobile":{"background-color":"","background-image":"","background-repeat":"repeat","background-position":"center center","background-size":"auto","background-attachment":"scroll","background-type":"","background-media":"","overlay-type":"","overlay-color":"","overlay-opacity":"","overlay-gradient":""}},"ast-content-background-meta":{"desktop":{"background-color":"var(--ast-global-color-5)","background-image":"","background-repeat":"repeat","background-position":"center center","background-size":"auto","background-attachment":"scroll","background-type":"","background-media":"","overlay-type":"","overlay-color":"","overlay-opacity":"","overlay-gradient":""},"tablet":{"background-color":"var(--ast-global-color-5)","background-image":"","background-repeat":"repeat","background-position":"center center","background-size":"auto","background-attachment":"scroll","background-type":"","background-media":"","overlay-type":"","overlay-color":"","overlay-opacity":"","overlay-gradient":""},"mobile":{"background-color":"var(--ast-global-color-5)","background-image":"","background-repeat":"repeat","background-position":"center center","background-size":"auto","background-attachment":"scroll","background-type":"","background-media":"","overlay-type":"","overlay-color":"","overlay-opacity":"","overlay-gradient":""}},"footnotes":""},"class_list":["post-4653","page","type-page","status-publish","hentry"],"yoast_head":"<!-- This site is optimized with the Yoast SEO plugin v27.3 - https:\/\/yoast.com\/product\/yoast-seo-wordpress\/ -->\n<title>Iluminaci\u00f3n - Arcadia Reptile<\/title>\n<meta name=\"robots\" content=\"index, follow, max-snippet:-1, max-image-preview:large, max-video-preview:-1\" \/>\n<link rel=\"canonical\" href=\"https:\/\/arcadiareptile.com\/es\/shadedweller\/iluminacion\/\" \/>\n<meta property=\"og:locale\" content=\"es_ES\" \/>\n<meta property=\"og:type\" content=\"article\" \/>\n<meta property=\"og:title\" content=\"Iluminaci\u00f3n - Arcadia Reptile\" \/>\n<meta property=\"og:description\" content=\"Iluminaci\u00f3n ShadeDweller\u00ae La ciencia del cuidado \u00e9tico y efectivo de reptiles est\u00e1 cambiando. Dentro de estos cambios apuntamos a aprender sobre los h\u00e1bitats y h\u00e1bitos salvajes de las diferentes especies que cuidamos para satisfacer con precisi\u00f3n todas sus necesidades desarrolladas. Solo al hacer esto podemos asegurarnos de proporcionar todo lo que una especie necesita para [&hellip;]\" \/>\n<meta property=\"og:url\" content=\"https:\/\/arcadiareptile.com\/es\/shadedweller\/iluminacion\/\" \/>\n<meta property=\"og:site_name\" content=\"Arcadia Reptile\" \/>\n<meta property=\"article:modified_time\" content=\"2023-09-19T08:29:16+00:00\" \/>\n<meta property=\"og:image\" content=\"https:\/\/arcadiareptile.com\/wp-content\/uploads\/light-scatter-diagram.png\" \/>\n<meta name=\"twitter:card\" content=\"summary_large_image\" \/>\n<meta name=\"twitter:label1\" content=\"Tiempo de lectura\" \/>\n\t<meta name=\"twitter:data1\" content=\"2 minutos\" \/>\n<script type=\"application\/ld+json\" class=\"yoast-schema-graph\">{\"@context\":\"https:\\\/\\\/schema.org\",\"@graph\":[{\"@type\":\"WebPage\",\"@id\":\"https:\\\/\\\/arcadiareptile.com\\\/es\\\/shadedweller\\\/iluminacion\\\/\",\"url\":\"https:\\\/\\\/arcadiareptile.com\\\/es\\\/shadedweller\\\/iluminacion\\\/\",\"name\":\"Iluminaci\u00f3n - Arcadia Reptile\",\"isPartOf\":{\"@id\":\"https:\\\/\\\/arcadiareptile.com\\\/es\\\/#website\"},\"primaryImageOfPage\":{\"@id\":\"https:\\\/\\\/arcadiareptile.com\\\/es\\\/shadedweller\\\/iluminacion\\\/#primaryimage\"},\"image\":{\"@id\":\"https:\\\/\\\/arcadiareptile.com\\\/es\\\/shadedweller\\\/iluminacion\\\/#primaryimage\"},\"thumbnailUrl\":\"https:\\\/\\\/arcadiareptile.com\\\/wp-content\\\/uploads\\\/light-scatter-diagram.png\",\"datePublished\":\"2023-07-27T16:05:45+00:00\",\"dateModified\":\"2023-09-19T08:29:16+00:00\",\"breadcrumb\":{\"@id\":\"https:\\\/\\\/arcadiareptile.com\\\/es\\\/shadedweller\\\/iluminacion\\\/#breadcrumb\"},\"inLanguage\":\"es\",\"potentialAction\":[{\"@type\":\"ReadAction\",\"target\":[\"https:\\\/\\\/arcadiareptile.com\\\/es\\\/shadedweller\\\/iluminacion\\\/\"]}]},{\"@type\":\"ImageObject\",\"inLanguage\":\"es\",\"@id\":\"https:\\\/\\\/arcadiareptile.com\\\/es\\\/shadedweller\\\/iluminacion\\\/#primaryimage\",\"url\":\"https:\\\/\\\/arcadiareptile.com\\\/wp-content\\\/uploads\\\/light-scatter-diagram.png\",\"contentUrl\":\"https:\\\/\\\/arcadiareptile.com\\\/wp-content\\\/uploads\\\/light-scatter-diagram.png\"},{\"@type\":\"BreadcrumbList\",\"@id\":\"https:\\\/\\\/arcadiareptile.com\\\/es\\\/shadedweller\\\/iluminacion\\\/#breadcrumb\",\"itemListElement\":[{\"@type\":\"ListItem\",\"position\":1,\"name\":\"Home\",\"item\":\"https:\\\/\\\/arcadiareptile.com\\\/es\\\/inicio\\\/\"},{\"@type\":\"ListItem\",\"position\":2,\"name\":\"ShadeDweller\u00ae\",\"item\":\"https:\\\/\\\/arcadiareptile.com\\\/es\\\/shadedweller\\\/\"},{\"@type\":\"ListItem\",\"position\":3,\"name\":\"Iluminaci\u00f3n\"}]},{\"@type\":\"WebSite\",\"@id\":\"https:\\\/\\\/arcadiareptile.com\\\/es\\\/#website\",\"url\":\"https:\\\/\\\/arcadiareptile.com\\\/es\\\/\",\"name\":\"Arcadia Reptile\",\"description\":\"Arcadia Reptile\",\"potentialAction\":[{\"@type\":\"SearchAction\",\"target\":{\"@type\":\"EntryPoint\",\"urlTemplate\":\"https:\\\/\\\/arcadiareptile.com\\\/es\\\/?s={search_term_string}\"},\"query-input\":{\"@type\":\"PropertyValueSpecification\",\"valueRequired\":true,\"valueName\":\"search_term_string\"}}],\"inLanguage\":\"es\"}]}<\/script>\n<!-- \/ Yoast SEO plugin. -->","yoast_head_json":{"title":"Iluminaci\u00f3n - Arcadia Reptile","robots":{"index":"index","follow":"follow","max-snippet":"max-snippet:-1","max-image-preview":"max-image-preview:large","max-video-preview":"max-video-preview:-1"},"canonical":"https:\/\/arcadiareptile.com\/es\/shadedweller\/iluminacion\/","og_locale":"es_ES","og_type":"article","og_title":"Iluminaci\u00f3n - Arcadia Reptile","og_description":"Iluminaci\u00f3n ShadeDweller\u00ae La ciencia del cuidado \u00e9tico y efectivo de reptiles est\u00e1 cambiando. Dentro de estos cambios apuntamos a aprender sobre los h\u00e1bitats y h\u00e1bitos salvajes de las diferentes especies que cuidamos para satisfacer con precisi\u00f3n todas sus necesidades desarrolladas. Solo al hacer esto podemos asegurarnos de proporcionar todo lo que una especie necesita para [&hellip;]","og_url":"https:\/\/arcadiareptile.com\/es\/shadedweller\/iluminacion\/","og_site_name":"Arcadia Reptile","article_modified_time":"2023-09-19T08:29:16+00:00","og_image":[{"url":"https:\/\/arcadiareptile.com\/wp-content\/uploads\/light-scatter-diagram.png","type":"","width":"","height":""}],"twitter_card":"summary_large_image","twitter_misc":{"Tiempo de lectura":"2 minutos"},"schema":{"@context":"https:\/\/schema.org","@graph":[{"@type":"WebPage","@id":"https:\/\/arcadiareptile.com\/es\/shadedweller\/iluminacion\/","url":"https:\/\/arcadiareptile.com\/es\/shadedweller\/iluminacion\/","name":"Iluminaci\u00f3n - Arcadia Reptile","isPartOf":{"@id":"https:\/\/arcadiareptile.com\/es\/#website"},"primaryImageOfPage":{"@id":"https:\/\/arcadiareptile.com\/es\/shadedweller\/iluminacion\/#primaryimage"},"image":{"@id":"https:\/\/arcadiareptile.com\/es\/shadedweller\/iluminacion\/#primaryimage"},"thumbnailUrl":"https:\/\/arcadiareptile.com\/wp-content\/uploads\/light-scatter-diagram.png","datePublished":"2023-07-27T16:05:45+00:00","dateModified":"2023-09-19T08:29:16+00:00","breadcrumb":{"@id":"https:\/\/arcadiareptile.com\/es\/shadedweller\/iluminacion\/#breadcrumb"},"inLanguage":"es","potentialAction":[{"@type":"ReadAction","target":["https:\/\/arcadiareptile.com\/es\/shadedweller\/iluminacion\/"]}]},{"@type":"ImageObject","inLanguage":"es","@id":"https:\/\/arcadiareptile.com\/es\/shadedweller\/iluminacion\/#primaryimage","url":"https:\/\/arcadiareptile.com\/wp-content\/uploads\/light-scatter-diagram.png","contentUrl":"https:\/\/arcadiareptile.com\/wp-content\/uploads\/light-scatter-diagram.png"},{"@type":"BreadcrumbList","@id":"https:\/\/arcadiareptile.com\/es\/shadedweller\/iluminacion\/#breadcrumb","itemListElement":[{"@type":"ListItem","position":1,"name":"Home","item":"https:\/\/arcadiareptile.com\/es\/inicio\/"},{"@type":"ListItem","position":2,"name":"ShadeDweller\u00ae","item":"https:\/\/arcadiareptile.com\/es\/shadedweller\/"},{"@type":"ListItem","position":3,"name":"Iluminaci\u00f3n"}]},{"@type":"WebSite","@id":"https:\/\/arcadiareptile.com\/es\/#website","url":"https:\/\/arcadiareptile.com\/es\/","name":"Arcadia Reptile","description":"Arcadia Reptile","potentialAction":[{"@type":"SearchAction","target":{"@type":"EntryPoint","urlTemplate":"https:\/\/arcadiareptile.com\/es\/?s={search_term_string}"},"query-input":{"@type":"PropertyValueSpecification","valueRequired":true,"valueName":"search_term_string"}}],"inLanguage":"es"}]}},"_links":{"self":[{"href":"https:\/\/arcadiareptile.com\/es\/wp-json\/wp\/v2\/pages\/4653","targetHints":{"allow":["GET"]}}],"collection":[{"href":"https:\/\/arcadiareptile.com\/es\/wp-json\/wp\/v2\/pages"}],"about":[{"href":"https:\/\/arcadiareptile.com\/es\/wp-json\/wp\/v2\/types\/page"}],"author":[{"embeddable":true,"href":"https:\/\/arcadiareptile.com\/es\/wp-json\/wp\/v2\/users\/1"}],"replies":[{"embeddable":true,"href":"https:\/\/arcadiareptile.com\/es\/wp-json\/wp\/v2\/comments?post=4653"}],"version-history":[{"count":0,"href":"https:\/\/arcadiareptile.com\/es\/wp-json\/wp\/v2\/pages\/4653\/revisions"}],"up":[{"embeddable":true,"href":"https:\/\/arcadiareptile.com\/es\/wp-json\/wp\/v2\/pages\/4645"}],"wp:attachment":[{"href":"https:\/\/arcadiareptile.com\/es\/wp-json\/wp\/v2\/media?parent=4653"}],"curies":[{"name":"wp","href":"https:\/\/api.w.org\/{rel}","templated":true}]}}