{"id":4813,"date":"2023-06-16T09:36:31","date_gmt":"2023-06-16T09:36:31","guid":{"rendered":"https:\/\/arcadiareptile.com\/earthpro\/sustrato\/"},"modified":"2023-09-21T13:21:29","modified_gmt":"2023-09-21T13:21:29","slug":"sustrato","status":"publish","type":"page","link":"https:\/\/arcadiareptile.com\/es\/earthpro\/sustrato\/","title":{"rendered":"Sustrato"},"content":{"rendered":"\t\t<div data-elementor-type=\"wp-page\" data-elementor-id=\"4813\" class=\"elementor elementor-4813 elementor-1542\" data-elementor-post-type=\"page\">\n\t\t\t\t<div class=\"elementor-element elementor-element-652872b e-con-full e-flex e-con e-parent\" data-id=\"652872b\" data-element_type=\"container\" data-e-type=\"container\" data-settings=\"{&quot;background_background&quot;:&quot;classic&quot;}\">\n\t\t<div class=\"elementor-element elementor-element-0affdb3 e-flex e-con-boxed e-con e-parent\" data-id=\"0affdb3\" data-element_type=\"container\" data-e-type=\"container\">\n\t\t\t\t\t<div class=\"e-con-inner\">\n\t\t<div class=\"elementor-element elementor-element-3f136af e-con-full e-flex e-con e-parent\" data-id=\"3f136af\" data-element_type=\"container\" data-e-type=\"container\">\n\t\t<div class=\"elementor-element elementor-element-17e85f1 e-con-full e-flex e-con e-parent\" data-id=\"17e85f1\" data-element_type=\"container\" data-e-type=\"container\" data-settings=\"{&quot;background_background&quot;:&quot;classic&quot;}\">\n\t\t\t\t<div class=\"elementor-element elementor-element-5dc7cba elementor-widget elementor-widget-image\" data-id=\"5dc7cba\" data-element_type=\"widget\" data-e-type=\"widget\" data-widget_type=\"image.default\">\n\t\t\t\t<div class=\"elementor-widget-container\">\n\t\t\t\t\t\t\t\t\t\t\t\t\t\t\t\t<a href=\"https:\/\/arcadiareptile.com\/es\/earthpro\/\">\n\t\t\t\t\t\t\t<img decoding=\"async\" src=\"https:\/\/arcadiareptile.com\/wp-content\/uploads\/earthpro-logo-white-1.png\" title=\"earthpro-logo-white.png\" alt=\"earthpro-logo-white.png\" loading=\"lazy\" \/>\t\t\t\t\t\t\t\t<\/a>\n\t\t\t\t\t\t\t\t\t\t\t\t\t\t\t<\/div>\n\t\t\t\t<\/div>\n\t\t\t\t<div class=\"elementor-element elementor-element-9e5ada3 elementor-align-left elementor-mobile-align-center elementor-widget elementor-widget-breadcrumbs\" data-id=\"9e5ada3\" data-element_type=\"widget\" data-e-type=\"widget\" data-widget_type=\"breadcrumbs.default\">\n\t\t\t\t<div class=\"elementor-widget-container\">\n\t\t\t\t\t<p id=\"breadcrumbs\"><span><span><a href=\"https:\/\/arcadiareptile.com\/es\/inicio\/\">Home<\/a><\/span><\/span><\/p>\t\t\t\t<\/div>\n\t\t\t\t<\/div>\n\t\t\t\t<\/div>\n\t\t\t\t<\/div>\n\t\t\t\t\t<\/div>\n\t\t\t\t<\/div>\n\t\t\t\t<\/div>\n\t\t<div class=\"elementor-element elementor-element-d607d99 e-con-full e-flex e-con e-parent\" data-id=\"d607d99\" data-element_type=\"container\" data-e-type=\"container\" data-settings=\"{&quot;background_background&quot;:&quot;classic&quot;}\">\n\t\t<div class=\"elementor-element elementor-element-04d48a1 e-flex e-con-boxed e-con e-parent\" data-id=\"04d48a1\" data-element_type=\"container\" data-e-type=\"container\">\n\t\t\t\t\t<div class=\"e-con-inner\">\n\t\t<div class=\"elementor-element elementor-element-5cf476f flexible-column-wrap e-con-full e-flex e-con e-parent\" data-id=\"5cf476f\" data-element_type=\"container\" data-e-type=\"container\">\n\t\t<div class=\"elementor-element elementor-element-51508d6 e-con-full e-flex e-con e-parent\" data-id=\"51508d6\" data-element_type=\"container\" data-e-type=\"container\" data-settings=\"{&quot;background_background&quot;:&quot;classic&quot;}\" link=\"https:\/\/arcadiareptile.com\/earthpro\/substrate\/earthmix\/\">\n\t\t\t\t<div class=\"elementor-element elementor-element-77b8860 elementor-widget elementor-widget-image\" data-id=\"77b8860\" data-element_type=\"widget\" data-e-type=\"widget\" data-widget_type=\"image.default\">\n\t\t\t\t<div class=\"elementor-widget-container\">\n\t\t\t\t\t\t\t\t\t\t\t\t\t\t\t\t<a href=\"https:\/\/arcadiareptile.com\/earthpro\/substrate\/earthmix\/\">\n\t\t\t\t\t\t\t<img fetchpriority=\"high\" decoding=\"async\" width=\"900\" height=\"900\" src=\"https:\/\/arcadiareptile.com\/wp-content\/uploads\/earthpro-earthmix-5l-900-1.png\" class=\"elementor-animation-bob attachment-full size-full wp-image-2332\" alt=\"\" srcset=\"https:\/\/arcadiareptile.com\/wp-content\/uploads\/earthpro-earthmix-5l-900-1.png 900w, https:\/\/arcadiareptile.com\/wp-content\/uploads\/earthpro-earthmix-5l-900-1-768x768.png 768w\" sizes=\"(max-width: 900px) 100vw, 900px\" \/>\t\t\t\t\t\t\t\t<\/a>\n\t\t\t\t\t\t\t\t\t\t\t\t\t\t\t<\/div>\n\t\t\t\t<\/div>\n\t\t\t\t<div class=\"elementor-element elementor-element-58532b2 elementor-widget elementor-widget-heading\" data-id=\"58532b2\" data-element_type=\"widget\" data-e-type=\"widget\" data-settings=\"{&quot;_animation_mobile&quot;:&quot;none&quot;}\" data-widget_type=\"heading.default\">\n\t\t\t\t<div class=\"elementor-widget-container\">\n\t\t\t\t\t<h1 class=\"elementor-heading-title elementor-size-default\"><a href=\"https:\/\/arcadiareptile.com\/earthpro\/substrate\/earthmix\/\">EarthMix<\/a><\/h1>\t\t\t\t<\/div>\n\t\t\t\t<\/div>\n\t\t\t\t<div class=\"elementor-element elementor-element-df69324 elementor-hidden-mobile elementor-widget elementor-widget-text-editor\" data-id=\"df69324\" data-element_type=\"widget\" data-e-type=\"widget\" data-widget_type=\"text-editor.default\">\n\t\t\t\t<div class=\"elementor-widget-container\">\n\t\t\t\t\t\t\t\t\t<p>Sustrato<\/p>\n\t\t\t\t\t\t\t\t<\/div>\n\t\t\t\t<\/div>\n\t\t\t\t<\/div>\n\t\t<div class=\"elementor-element elementor-element-f3b518a e-con-full e-flex e-con e-parent\" data-id=\"f3b518a\" data-element_type=\"container\" data-e-type=\"container\" data-settings=\"{&quot;background_background&quot;:&quot;classic&quot;}\" link=\"https:\/\/arcadiareptile.com\/earthpro\/substrate\/earthmix-arid\/\">\n\t\t\t\t<div class=\"elementor-element elementor-element-f6f9c53 elementor-widget elementor-widget-image\" data-id=\"f6f9c53\" data-element_type=\"widget\" data-e-type=\"widget\" data-widget_type=\"image.default\">\n\t\t\t\t<div class=\"elementor-widget-container\">\n\t\t\t\t\t\t\t\t\t\t\t\t\t\t\t\t<a href=\"https:\/\/arcadiareptile.com\/earthpro\/substrate\/earthmix-arid\/\">\n\t\t\t\t\t\t\t<img decoding=\"async\" width=\"900\" height=\"900\" src=\"https:\/\/arcadiareptile.com\/wp-content\/uploads\/earthpro-earthmix-arid-5l-900-1-1.png\" class=\"elementor-animation-bob attachment-full size-full wp-image-2333\" alt=\"\" srcset=\"https:\/\/arcadiareptile.com\/wp-content\/uploads\/earthpro-earthmix-arid-5l-900-1-1.png 900w, https:\/\/arcadiareptile.com\/wp-content\/uploads\/earthpro-earthmix-arid-5l-900-1-1-768x768.png 768w\" sizes=\"(max-width: 900px) 100vw, 900px\" \/>\t\t\t\t\t\t\t\t<\/a>\n\t\t\t\t\t\t\t\t\t\t\t\t\t\t\t<\/div>\n\t\t\t\t<\/div>\n\t\t\t\t<div class=\"elementor-element elementor-element-b346970 elementor-widget elementor-widget-heading\" data-id=\"b346970\" data-element_type=\"widget\" data-e-type=\"widget\" data-settings=\"{&quot;_animation_mobile&quot;:&quot;none&quot;}\" data-widget_type=\"heading.default\">\n\t\t\t\t<div class=\"elementor-widget-container\">\n\t\t\t\t\t<h1 class=\"elementor-heading-title elementor-size-default\"><a href=\"https:\/\/arcadiareptile.com\/earthpro\/substrate\/earthmix-arid\/\">EarthMix-Arid<\/a><\/h1>\t\t\t\t<\/div>\n\t\t\t\t<\/div>\n\t\t\t\t<div class=\"elementor-element elementor-element-5eb62b4 elementor-hidden-mobile elementor-widget elementor-widget-text-editor\" data-id=\"5eb62b4\" data-element_type=\"widget\" data-e-type=\"widget\" data-widget_type=\"text-editor.default\">\n\t\t\t\t<div class=\"elementor-widget-container\">\n\t\t\t\t\t\t\t\t\t<p>Sustrato<\/p>\n\t\t\t\t\t\t\t\t<\/div>\n\t\t\t\t<\/div>\n\t\t\t\t<\/div>\n\t\t<div class=\"elementor-element elementor-element-30f3772 e-con-full e-flex e-con e-parent\" data-id=\"30f3772\" data-element_type=\"container\" data-e-type=\"container\" data-settings=\"{&quot;background_background&quot;:&quot;classic&quot;}\" link=\"https:\/\/arcadiareptile.com\/earthpro\/substrate\/bio-revitaliser\/\">\n\t\t\t\t<div class=\"elementor-element elementor-element-f40605c elementor-widget elementor-widget-image\" data-id=\"f40605c\" data-element_type=\"widget\" data-e-type=\"widget\" data-widget_type=\"image.default\">\n\t\t\t\t<div class=\"elementor-widget-container\">\n\t\t\t\t\t\t\t\t\t\t\t\t\t\t\t\t<a href=\"https:\/\/arcadiareptile.com\/earthpro\/substrate\/bio-revitaliser\/\">\n\t\t\t\t\t\t\t<img decoding=\"async\" width=\"400\" height=\"400\" src=\"https:\/\/arcadiareptile.com\/wp-content\/uploads\/earthpro-biorevitaliser-pouch-400-1.png\" class=\"elementor-animation-bob attachment-full size-full wp-image-2334\" alt=\"\" \/>\t\t\t\t\t\t\t\t<\/a>\n\t\t\t\t\t\t\t\t\t\t\t\t\t\t\t<\/div>\n\t\t\t\t<\/div>\n\t\t\t\t<div class=\"elementor-element elementor-element-39d5843 elementor-widget elementor-widget-heading\" data-id=\"39d5843\" data-element_type=\"widget\" data-e-type=\"widget\" data-settings=\"{&quot;_animation_mobile&quot;:&quot;none&quot;}\" data-widget_type=\"heading.default\">\n\t\t\t\t<div class=\"elementor-widget-container\">\n\t\t\t\t\t<h1 class=\"elementor-heading-title elementor-size-default\"><a href=\"https:\/\/arcadiareptile.com\/earthpro\/substrate\/bio-revitaliser\/\">Bio-Revitaliser<\/a><\/h1>\t\t\t\t<\/div>\n\t\t\t\t<\/div>\n\t\t\t\t<div class=\"elementor-element elementor-element-600b3b1 elementor-hidden-mobile elementor-widget elementor-widget-text-editor\" data-id=\"600b3b1\" data-element_type=\"widget\" data-e-type=\"widget\" data-widget_type=\"text-editor.default\">\n\t\t\t\t<div class=\"elementor-widget-container\">\n\t\t\t\t\t\t\t\t\t<p>Sustrato<\/p>\n\t\t\t\t\t\t\t\t<\/div>\n\t\t\t\t<\/div>\n\t\t\t\t<\/div>\n\t\t\t\t<\/div>\n\t\t<div class=\"elementor-element elementor-element-d92a04a e-con-full e-flex e-con e-parent\" data-id=\"d92a04a\" data-element_type=\"container\" data-e-type=\"container\">\n\t\t<div class=\"elementor-element elementor-element-38c7727 e-con-full e-flex e-con e-parent\" data-id=\"38c7727\" data-element_type=\"container\" data-e-type=\"container\" data-settings=\"{&quot;background_background&quot;:&quot;classic&quot;}\">\n\t\t\t\t<div class=\"elementor-element elementor-element-30dcd23 elementor-widget elementor-widget-html\" data-id=\"30dcd23\" data-element_type=\"widget\" data-e-type=\"widget\" data-widget_type=\"html.default\">\n\t\t\t\t<div class=\"elementor-widget-container\">\n\t\t\t\t\t<script src=\"https:\/\/code.jquery.com\/jquery-3.6.0.min.js\"><\/script><script>var $ = jQuery\n$(document).ready(function(){\n    \n$('.elementor-section[link], .elementor-column[link] > .elementor-widget-wrap, .e-con[link], .e-container[link]').on('click', function(){\n    \n    var $this = $(this).hasClass('elementor-widget-wrap') ? $(this).parent() : $(this),\n    link = $this.attr('link'),\n    newtab = $this.attr('newtab'),\n    openIn = typeof newtab !== 'undefined' && newtab !== false ? '_blank' : '_self'\n    \n    window.open(link, openIn)\n})\n})\n<\/script><style>.elementor-section[link], .elementor-column[link] > .elementor-widget-wrap, .e-con[link], .e-container[link] {\n    cursor: pointer;\n}\n<\/style>\t\t\t\t<\/div>\n\t\t\t\t<\/div>\n\t\t\t\t<\/div>\n\t\t\t\t<\/div>\n\t\t\t\t\t<\/div>\n\t\t\t\t<\/div>\n\t\t\t\t<\/div>\n\t\t<div class=\"elementor-element elementor-element-d0eda6f e-con-full e-flex e-con e-parent\" data-id=\"d0eda6f\" data-element_type=\"container\" data-e-type=\"container\" data-settings=\"{&quot;background_background&quot;:&quot;classic&quot;}\">\n\t\t<div class=\"elementor-element elementor-element-e7b0df0 e-con-full e-flex e-con e-parent\" data-id=\"e7b0df0\" data-element_type=\"container\" data-e-type=\"container\">\n\t\t<div class=\"elementor-element elementor-element-07a93d7 e-flex e-con-boxed e-con e-parent\" data-id=\"07a93d7\" data-element_type=\"container\" data-e-type=\"container\">\n\t\t\t\t\t<div class=\"e-con-inner\">\n\t\t<div class=\"elementor-element elementor-element-fae182d e-flex e-con-boxed e-con e-parent\" data-id=\"fae182d\" data-element_type=\"container\" data-e-type=\"container\">\n\t\t\t\t\t<div class=\"e-con-inner\">\n\t\t\t\t<div class=\"elementor-element elementor-element-63c228b elementor-widget elementor-widget-text-editor\" data-id=\"63c228b\" data-element_type=\"widget\" data-e-type=\"widget\" data-widget_type=\"text-editor.default\">\n\t\t\t\t<div class=\"elementor-widget-container\">\n\t\t\t\t\t\t\t\t\t<p>Tanto nuestros sustratos para Bosques como para regiones \u00c1ridas contienen la mezcla perfecta de Minerales \u2018Org\u00e1nicos\u2019 y \u2018de Espectro Completo\u2019 desde una antigua Fuente Volc\u00e1nica Escocesa.<\/p>\n\t\t\t\t\t\t\t\t<\/div>\n\t\t\t\t<\/div>\n\t\t\t\t<div class=\"elementor-element elementor-element-40a34cc elementor-widget elementor-widget-spacer\" data-id=\"40a34cc\" data-element_type=\"widget\" data-e-type=\"widget\" data-widget_type=\"spacer.default\">\n\t\t\t\t<div class=\"elementor-widget-container\">\n\t\t\t\t\t\t\t<div class=\"elementor-spacer\">\n\t\t\t<div class=\"elementor-spacer-inner\"><\/div>\n\t\t<\/div>\n\t\t\t\t\t\t<\/div>\n\t\t\t\t<\/div>\n\t\t\t\t<div class=\"elementor-element elementor-element-fc1b18c elementor-widget elementor-widget-text-editor\" data-id=\"fc1b18c\" data-element_type=\"widget\" data-e-type=\"widget\" data-widget_type=\"text-editor.default\">\n\t\t\t\t<div class=\"elementor-widget-container\">\n\t\t\t\t\t\t\t\t\t<p>Los altos niveles de minerales volc\u00e1nicos no solo aseguran un fant\u00e1stico drenaje del suelo sino que ayudan a alimentar las plantas vivas y mantener a los Custodios fuertes, nutritivos y en reproducci\u00f3n.<\/p>\n<p>EarthMix y EarthMix-Arid son sustratos limpios, seguros de usar, ricos en minerales bioactivos sin part\u00edculas no naturales que pueden provocar la impactaci\u00f3n.<\/p>\n<p>Estos Sustratos bioactivos de alta calidad no solo mantendr\u00e1n un incre\u00edble crecimiento de las plantas vivas sino que tambi\u00e9n proporcionar\u00e1n un enriquecimiento nutricional, mental y f\u00edsico para los animales a trav\u00e9s de la excavaci\u00f3n natural, construcci\u00f3n de t\u00faneles y recolecci\u00f3n de alimentos.<\/p>\n<p>Utilizar EarthMix y EarthMix-Arid tambi\u00e9n ayuda a mantener un nivel adecuado de humedad en el recinto, vital para la salud y el bienestar de su mascota.<\/p>\n<p>EarthMix y EarthMix-Arid contienen humus de lombriz <strong>org\u00e1nico<\/strong>. Este es un alimento rico en nutrientes y una fuente de alimento totalmente segura tanto para las plantas como para los Custodios.<\/p>\n<p>Tener la mezcla correcta de proporciones entre <strong>Minerales<\/strong> y <strong>Org\u00e1nicos<\/strong> ayudar\u00e1 a mantener las vitales especies custodias utilizadas en los sistemas bioactivos. Ambos sustratos est\u00e1n llenos de \u2018Beneficios Org\u00e1nicos\u2019 y pueden considerarse que est\u00e1n \u2018pre-alimentados\u2019. Esto significa que puede agregar a los custodios desde el primer d\u00c3\u00ada y comenzar\u00c3\u00a1n a prosperar.<\/p>\n<p>La gama de sustratos naturales y bioactivos de Arcadia Reptile, le permitir\u00e1n proporcionar las mejores y m\u00e1s atractivas condiciones de vida para sus mascotas a trav\u00e9s de una \u2018Re-Creaci\u00f3n del Entorno Salvaje\u2019 seguro y eficaz.<\/p>\n<p>EarthMix y EarthMix-Arid pueden ser utilizados con cualquier especie de Reptil, Anfibio e Invertebrado, son aptos para los Custodios y sustentar\u00e1n un incre\u00edble crecimiento de las plantas.<\/p>\n\t\t\t\t\t\t\t\t<\/div>\n\t\t\t\t<\/div>\n\t\t\t\t\t<\/div>\n\t\t\t\t<\/div>\n\t\t\t\t\t<\/div>\n\t\t\t\t<\/div>\n\t\t\t\t<\/div>\n\t\t\t\t<\/div>\n\t\t\t\t<\/div>\n\t\t","protected":false},"excerpt":{"rendered":"<p>EarthMix Sustrato EarthMix-Arid Sustrato Bio-Revitaliser Sustrato Tanto nuestros sustratos para Bosques como para regiones \u00c1ridas contienen la mezcla perfecta de Minerales \u2018Org\u00e1nicos\u2019 y \u2018de Espectro Completo\u2019 desde una antigua Fuente Volc\u00e1nica Escocesa. Los altos niveles de minerales volc\u00e1nicos no solo aseguran un fant\u00e1stico drenaje del suelo sino que ayudan a alimentar las plantas vivas y [&hellip;]<\/p>\n","protected":false},"author":1,"featured_media":0,"parent":4800,"menu_order":0,"comment_status":"closed","ping_status":"closed","template":"","meta":{"site-sidebar-layout":"no-sidebar","site-content-layout":"page-builder","ast-site-content-layout":"default","site-content-style":"default","site-sidebar-style":"default","ast-global-header-display":"","ast-banner-title-visibility":"","ast-main-header-display":"","ast-hfb-above-header-display":"","ast-hfb-below-header-display":"","ast-hfb-mobile-header-display":"","site-post-title":"disabled","ast-breadcrumbs-content":"","ast-featured-img":"disabled","footer-sml-layout":"","ast-disable-related-posts":"","theme-transparent-header-meta":"","adv-header-id-meta":"","stick-header-meta":"","header-above-stick-meta":"","header-main-stick-meta":"","header-below-stick-meta":"","astra-migrate-meta-layouts":"default","ast-page-background-enabled":"default","ast-page-background-meta":{"desktop":{"background-color":"var(--ast-global-color-4)","background-image":"","background-repeat":"repeat","background-position":"center center","background-size":"auto","background-attachment":"scroll","background-type":"","background-media":"","overlay-type":"","overlay-color":"","overlay-opacity":"","overlay-gradient":""},"tablet":{"background-color":"","background-image":"","background-repeat":"repeat","background-position":"center center","background-size":"auto","background-attachment":"scroll","background-type":"","background-media":"","overlay-type":"","overlay-color":"","overlay-opacity":"","overlay-gradient":""},"mobile":{"background-color":"","background-image":"","background-repeat":"repeat","background-position":"center center","background-size":"auto","background-attachment":"scroll","background-type":"","background-media":"","overlay-type":"","overlay-color":"","overlay-opacity":"","overlay-gradient":""}},"ast-content-background-meta":{"desktop":{"background-color":"var(--ast-global-color-5)","background-image":"","background-repeat":"repeat","background-position":"center center","background-size":"auto","background-attachment":"scroll","background-type":"","background-media":"","overlay-type":"","overlay-color":"","overlay-opacity":"","overlay-gradient":""},"tablet":{"background-color":"var(--ast-global-color-5)","background-image":"","background-repeat":"repeat","background-position":"center center","background-size":"auto","background-attachment":"scroll","background-type":"","background-media":"","overlay-type":"","overlay-color":"","overlay-opacity":"","overlay-gradient":""},"mobile":{"background-color":"var(--ast-global-color-5)","background-image":"","background-repeat":"repeat","background-position":"center center","background-size":"auto","background-attachment":"scroll","background-type":"","background-media":"","overlay-type":"","overlay-color":"","overlay-opacity":"","overlay-gradient":""}},"footnotes":""},"class_list":["post-4813","page","type-page","status-publish","hentry"],"yoast_head":"<!-- This site is optimized with the Yoast SEO plugin v27.3 - https:\/\/yoast.com\/product\/yoast-seo-wordpress\/ -->\n<title>Sustrato - Arcadia Reptile<\/title>\n<meta name=\"robots\" content=\"index, follow, max-snippet:-1, max-image-preview:large, max-video-preview:-1\" \/>\n<link rel=\"canonical\" href=\"https:\/\/arcadiareptile.com\/es\/earthpro\/sustrato\/\" \/>\n<meta property=\"og:locale\" content=\"es_ES\" \/>\n<meta property=\"og:type\" content=\"article\" \/>\n<meta property=\"og:title\" content=\"Sustrato - Arcadia Reptile\" \/>\n<meta property=\"og:description\" content=\"EarthMix Sustrato EarthMix-Arid Sustrato Bio-Revitaliser Sustrato Tanto nuestros sustratos para Bosques como para regiones \u00c1ridas contienen la mezcla perfecta de Minerales \u2018Org\u00e1nicos\u2019 y \u2018de Espectro Completo\u2019 desde una antigua Fuente Volc\u00e1nica Escocesa. Los altos niveles de minerales volc\u00e1nicos no solo aseguran un fant\u00e1stico drenaje del suelo sino que ayudan a alimentar las plantas vivas y [&hellip;]\" \/>\n<meta property=\"og:url\" content=\"https:\/\/arcadiareptile.com\/es\/earthpro\/sustrato\/\" \/>\n<meta property=\"og:site_name\" content=\"Arcadia Reptile\" \/>\n<meta property=\"article:modified_time\" content=\"2023-09-21T13:21:29+00:00\" \/>\n<meta property=\"og:image\" content=\"https:\/\/arcadiareptile.com\/wp-content\/uploads\/earthpro-logo-white-1.png\" \/>\n<meta name=\"twitter:card\" content=\"summary_large_image\" \/>\n<meta name=\"twitter:label1\" content=\"Tiempo de lectura\" \/>\n\t<meta name=\"twitter:data1\" content=\"2 minutos\" \/>\n<script type=\"application\/ld+json\" class=\"yoast-schema-graph\">{\"@context\":\"https:\\\/\\\/schema.org\",\"@graph\":[{\"@type\":\"WebPage\",\"@id\":\"https:\\\/\\\/arcadiareptile.com\\\/es\\\/earthpro\\\/sustrato\\\/\",\"url\":\"https:\\\/\\\/arcadiareptile.com\\\/es\\\/earthpro\\\/sustrato\\\/\",\"name\":\"Sustrato - Arcadia Reptile\",\"isPartOf\":{\"@id\":\"https:\\\/\\\/arcadiareptile.com\\\/es\\\/#website\"},\"primaryImageOfPage\":{\"@id\":\"https:\\\/\\\/arcadiareptile.com\\\/es\\\/earthpro\\\/sustrato\\\/#primaryimage\"},\"image\":{\"@id\":\"https:\\\/\\\/arcadiareptile.com\\\/es\\\/earthpro\\\/sustrato\\\/#primaryimage\"},\"thumbnailUrl\":\"https:\\\/\\\/arcadiareptile.com\\\/wp-content\\\/uploads\\\/earthpro-logo-white-1.png\",\"datePublished\":\"2023-06-16T09:36:31+00:00\",\"dateModified\":\"2023-09-21T13:21:29+00:00\",\"breadcrumb\":{\"@id\":\"https:\\\/\\\/arcadiareptile.com\\\/es\\\/earthpro\\\/sustrato\\\/#breadcrumb\"},\"inLanguage\":\"es\",\"potentialAction\":[{\"@type\":\"ReadAction\",\"target\":[\"https:\\\/\\\/arcadiareptile.com\\\/es\\\/earthpro\\\/sustrato\\\/\"]}]},{\"@type\":\"ImageObject\",\"inLanguage\":\"es\",\"@id\":\"https:\\\/\\\/arcadiareptile.com\\\/es\\\/earthpro\\\/sustrato\\\/#primaryimage\",\"url\":\"https:\\\/\\\/arcadiareptile.com\\\/wp-content\\\/uploads\\\/earthpro-logo-white-1.png\",\"contentUrl\":\"https:\\\/\\\/arcadiareptile.com\\\/wp-content\\\/uploads\\\/earthpro-logo-white-1.png\"},{\"@type\":\"BreadcrumbList\",\"@id\":\"https:\\\/\\\/arcadiareptile.com\\\/es\\\/earthpro\\\/sustrato\\\/#breadcrumb\",\"itemListElement\":[{\"@type\":\"ListItem\",\"position\":1,\"name\":\"Home\",\"item\":\"https:\\\/\\\/arcadiareptile.com\\\/es\\\/inicio\\\/\"},{\"@type\":\"ListItem\",\"position\":2,\"name\":\"EarthPro\",\"item\":\"https:\\\/\\\/arcadiareptile.com\\\/es\\\/earthpro\\\/\"},{\"@type\":\"ListItem\",\"position\":3,\"name\":\"Sustrato\"}]},{\"@type\":\"WebSite\",\"@id\":\"https:\\\/\\\/arcadiareptile.com\\\/es\\\/#website\",\"url\":\"https:\\\/\\\/arcadiareptile.com\\\/es\\\/\",\"name\":\"Arcadia Reptile\",\"description\":\"Arcadia Reptile\",\"potentialAction\":[{\"@type\":\"SearchAction\",\"target\":{\"@type\":\"EntryPoint\",\"urlTemplate\":\"https:\\\/\\\/arcadiareptile.com\\\/es\\\/?s={search_term_string}\"},\"query-input\":{\"@type\":\"PropertyValueSpecification\",\"valueRequired\":true,\"valueName\":\"search_term_string\"}}],\"inLanguage\":\"es\"}]}<\/script>\n<!-- \/ Yoast SEO plugin. -->","yoast_head_json":{"title":"Sustrato - Arcadia Reptile","robots":{"index":"index","follow":"follow","max-snippet":"max-snippet:-1","max-image-preview":"max-image-preview:large","max-video-preview":"max-video-preview:-1"},"canonical":"https:\/\/arcadiareptile.com\/es\/earthpro\/sustrato\/","og_locale":"es_ES","og_type":"article","og_title":"Sustrato - Arcadia Reptile","og_description":"EarthMix Sustrato EarthMix-Arid Sustrato Bio-Revitaliser Sustrato Tanto nuestros sustratos para Bosques como para regiones \u00c1ridas contienen la mezcla perfecta de Minerales \u2018Org\u00e1nicos\u2019 y \u2018de Espectro Completo\u2019 desde una antigua Fuente Volc\u00e1nica Escocesa. Los altos niveles de minerales volc\u00e1nicos no solo aseguran un fant\u00e1stico drenaje del suelo sino que ayudan a alimentar las plantas vivas y [&hellip;]","og_url":"https:\/\/arcadiareptile.com\/es\/earthpro\/sustrato\/","og_site_name":"Arcadia Reptile","article_modified_time":"2023-09-21T13:21:29+00:00","og_image":[{"url":"https:\/\/arcadiareptile.com\/wp-content\/uploads\/earthpro-logo-white-1.png","type":"","width":"","height":""}],"twitter_card":"summary_large_image","twitter_misc":{"Tiempo de lectura":"2 minutos"},"schema":{"@context":"https:\/\/schema.org","@graph":[{"@type":"WebPage","@id":"https:\/\/arcadiareptile.com\/es\/earthpro\/sustrato\/","url":"https:\/\/arcadiareptile.com\/es\/earthpro\/sustrato\/","name":"Sustrato - Arcadia Reptile","isPartOf":{"@id":"https:\/\/arcadiareptile.com\/es\/#website"},"primaryImageOfPage":{"@id":"https:\/\/arcadiareptile.com\/es\/earthpro\/sustrato\/#primaryimage"},"image":{"@id":"https:\/\/arcadiareptile.com\/es\/earthpro\/sustrato\/#primaryimage"},"thumbnailUrl":"https:\/\/arcadiareptile.com\/wp-content\/uploads\/earthpro-logo-white-1.png","datePublished":"2023-06-16T09:36:31+00:00","dateModified":"2023-09-21T13:21:29+00:00","breadcrumb":{"@id":"https:\/\/arcadiareptile.com\/es\/earthpro\/sustrato\/#breadcrumb"},"inLanguage":"es","potentialAction":[{"@type":"ReadAction","target":["https:\/\/arcadiareptile.com\/es\/earthpro\/sustrato\/"]}]},{"@type":"ImageObject","inLanguage":"es","@id":"https:\/\/arcadiareptile.com\/es\/earthpro\/sustrato\/#primaryimage","url":"https:\/\/arcadiareptile.com\/wp-content\/uploads\/earthpro-logo-white-1.png","contentUrl":"https:\/\/arcadiareptile.com\/wp-content\/uploads\/earthpro-logo-white-1.png"},{"@type":"BreadcrumbList","@id":"https:\/\/arcadiareptile.com\/es\/earthpro\/sustrato\/#breadcrumb","itemListElement":[{"@type":"ListItem","position":1,"name":"Home","item":"https:\/\/arcadiareptile.com\/es\/inicio\/"},{"@type":"ListItem","position":2,"name":"EarthPro","item":"https:\/\/arcadiareptile.com\/es\/earthpro\/"},{"@type":"ListItem","position":3,"name":"Sustrato"}]},{"@type":"WebSite","@id":"https:\/\/arcadiareptile.com\/es\/#website","url":"https:\/\/arcadiareptile.com\/es\/","name":"Arcadia Reptile","description":"Arcadia Reptile","potentialAction":[{"@type":"SearchAction","target":{"@type":"EntryPoint","urlTemplate":"https:\/\/arcadiareptile.com\/es\/?s={search_term_string}"},"query-input":{"@type":"PropertyValueSpecification","valueRequired":true,"valueName":"search_term_string"}}],"inLanguage":"es"}]}},"_links":{"self":[{"href":"https:\/\/arcadiareptile.com\/es\/wp-json\/wp\/v2\/pages\/4813","targetHints":{"allow":["GET"]}}],"collection":[{"href":"https:\/\/arcadiareptile.com\/es\/wp-json\/wp\/v2\/pages"}],"about":[{"href":"https:\/\/arcadiareptile.com\/es\/wp-json\/wp\/v2\/types\/page"}],"author":[{"embeddable":true,"href":"https:\/\/arcadiareptile.com\/es\/wp-json\/wp\/v2\/users\/1"}],"replies":[{"embeddable":true,"href":"https:\/\/arcadiareptile.com\/es\/wp-json\/wp\/v2\/comments?post=4813"}],"version-history":[{"count":0,"href":"https:\/\/arcadiareptile.com\/es\/wp-json\/wp\/v2\/pages\/4813\/revisions"}],"up":[{"embeddable":true,"href":"https:\/\/arcadiareptile.com\/es\/wp-json\/wp\/v2\/pages\/4800"}],"wp:attachment":[{"href":"https:\/\/arcadiareptile.com\/es\/wp-json\/wp\/v2\/media?parent=4813"}],"curies":[{"name":"wp","href":"https:\/\/api.w.org\/{rel}","templated":true}]}}