{"id":4650,"date":"2023-07-27T16:05:45","date_gmt":"2023-07-27T16:05:45","guid":{"rendered":"https:\/\/arcadiareptile.com\/shadedweller\/eclairage\/"},"modified":"2023-09-19T08:20:58","modified_gmt":"2023-09-19T08:20:58","slug":"eclairage","status":"publish","type":"page","link":"https:\/\/arcadiareptile.com\/fr\/shadedweller\/eclairage\/","title":{"rendered":"Eclairage"},"content":{"rendered":"\t\t<div data-elementor-type=\"wp-page\" data-elementor-id=\"4650\" class=\"elementor elementor-4650 elementor-2805\" data-elementor-post-type=\"page\">\n\t\t\t\t<div class=\"elementor-element elementor-element-1de8279 e-con-full e-flex e-con e-parent\" data-id=\"1de8279\" data-element_type=\"container\" data-e-type=\"container\" data-settings=\"{&quot;background_background&quot;:&quot;classic&quot;}\">\n\t\t<div class=\"elementor-element elementor-element-156d6f5 e-flex e-con-boxed e-con e-parent\" data-id=\"156d6f5\" data-element_type=\"container\" data-e-type=\"container\">\n\t\t\t\t\t<div class=\"e-con-inner\">\n\t\t\t\t<div class=\"elementor-element elementor-element-e92990e elementor-widget elementor-widget-heading\" data-id=\"e92990e\" data-element_type=\"widget\" data-e-type=\"widget\" data-widget_type=\"heading.default\">\n\t\t\t\t<div class=\"elementor-widget-container\">\n\t\t\t\t\t<h1 class=\"elementor-heading-title elementor-size-default\">ShadeDweller\u00ae Eclairage<\/h1>\t\t\t\t<\/div>\n\t\t\t\t<\/div>\n\t\t\t\t<div class=\"elementor-element elementor-element-108a029 elementor-align-center elementor-widget elementor-widget-breadcrumbs\" data-id=\"108a029\" data-element_type=\"widget\" data-e-type=\"widget\" data-widget_type=\"breadcrumbs.default\">\n\t\t\t\t<div class=\"elementor-widget-container\">\n\t\t\t\t\t<p id=\"breadcrumbs\"><span><span><a href=\"https:\/\/arcadiareptile.com\/fr\/accueil\/\">Home<\/a><\/span><\/span><\/p>\t\t\t\t<\/div>\n\t\t\t\t<\/div>\n\t\t\t\t\t<\/div>\n\t\t\t\t<\/div>\n\t\t\t\t<\/div>\n\t\t<div class=\"elementor-element elementor-element-4bb4d9a e-flex e-con-boxed e-con e-parent\" data-id=\"4bb4d9a\" data-element_type=\"container\" data-e-type=\"container\" data-settings=\"{&quot;background_background&quot;:&quot;classic&quot;}\">\n\t\t\t\t\t<div class=\"e-con-inner\">\n\t\t<div class=\"elementor-element elementor-element-18c49da e-flex e-con-boxed e-con e-parent\" data-id=\"18c49da\" data-element_type=\"container\" data-e-type=\"container\">\n\t\t\t\t\t<div class=\"e-con-inner\">\n\t\t\t\t<div class=\"elementor-element elementor-element-9a44fa8 elementor-widget elementor-widget-image\" data-id=\"9a44fa8\" data-element_type=\"widget\" data-e-type=\"widget\" data-widget_type=\"image.default\">\n\t\t\t\t<div class=\"elementor-widget-container\">\n\t\t\t\t\t\t\t\t\t\t\t\t\t\t\t<img fetchpriority=\"high\" decoding=\"async\" width=\"2000\" height=\"1084\" src=\"https:\/\/arcadiareptile.com\/wp-content\/uploads\/light-scatter-diagram.png\" class=\"attachment-large size-large wp-image-2807\" alt=\"Rock scatter and leaf scatter for ShadeDwelling Reptile Species\" srcset=\"https:\/\/arcadiareptile.com\/wp-content\/uploads\/light-scatter-diagram.png 2000w, https:\/\/arcadiareptile.com\/wp-content\/uploads\/light-scatter-diagram-768x416.png 768w, https:\/\/arcadiareptile.com\/wp-content\/uploads\/light-scatter-diagram-1536x833.png 1536w\" sizes=\"(max-width: 2000px) 100vw, 2000px\" \/>\t\t\t\t\t\t\t\t\t\t\t\t\t\t\t<\/div>\n\t\t\t\t<\/div>\n\t\t\t\t\t<\/div>\n\t\t\t\t<\/div>\n\t\t<div class=\"elementor-element elementor-element-eb115d4 e-flex e-con-boxed e-con e-parent\" data-id=\"eb115d4\" data-element_type=\"container\" data-e-type=\"container\">\n\t\t\t\t\t<div class=\"e-con-inner\">\n\t\t\t\t<div class=\"elementor-element elementor-element-bbec062 elementor-widget elementor-widget-heading\" data-id=\"bbec062\" data-element_type=\"widget\" data-e-type=\"widget\" data-widget_type=\"heading.default\">\n\t\t\t\t<div class=\"elementor-widget-container\">\n\t\t\t\t\t<h2 class=\"elementor-heading-title elementor-size-default\">La science de l'\u00e9levage \u00e9thique et efficace des reptiles \u00e9volue.<\/h2>\t\t\t\t<\/div>\n\t\t\t\t<\/div>\n\t\t\t\t<div class=\"elementor-element elementor-element-adcd44d elementor-widget elementor-widget-text-editor\" data-id=\"adcd44d\" data-element_type=\"widget\" data-e-type=\"widget\" data-widget_type=\"text-editor.default\">\n\t\t\t\t<div class=\"elementor-widget-container\">\n\t\t\t\t\t\t\t\t\t<p>Dans le cadre de ces changements, nous cherchons \u00e0 nous inspirer des habitats sauvages et des habitudes des diff\u00e9rentes esp\u00e8ces que nous \u00e9levons afin de r\u00e9pondre pr\u00e9cis\u00e9ment \u00e0 tous leurs besoins. Ce n&rsquo;est qu&rsquo;en proc\u00e9dant ainsi que nous pouvons \u00eatre s\u00fbrs de fournir tout ce dont une esp\u00e8ce a besoin pour s&rsquo;\u00e9panouir. C&rsquo;est la re-cr\u00e9ation naturelle. <\/p>\n\t\t\t\t\t\t\t\t<\/div>\n\t\t\t\t<\/div>\n\t\t\t\t<div class=\"elementor-element elementor-element-40dca25 elementor-widget elementor-widget-text-editor\" data-id=\"40dca25\" data-element_type=\"widget\" data-e-type=\"widget\" data-widget_type=\"text-editor.default\">\n\t\t\t\t<div class=\"elementor-widget-container\">\n\t\t\t\t\t\t\t\t\t<p>Historiquement, de nombreuses esp\u00e8ces de reptiles ont \u00e9t\u00e9 class\u00e9es \u00e0 tort comme \u00e9tant \u00ab\u00a0nocturnes\u00a0\u00bb et n&rsquo;ont donc pas b\u00e9n\u00e9fici\u00e9 de l&rsquo;acc\u00e8s essentiel \u00e0 un \u00e9clairage UV-B \u00e0 spectre complet.<\/p>\n<p>Des esp\u00e8ces telles que le gecko l\u00e9opard et le gecko \u00e0 cr\u00eate sont aujourd&rsquo;hui commun\u00e9ment consid\u00e9r\u00e9es comme \u00a0\u00bb cr\u00e9pusculaires \u00ab\u00a0, c&rsquo;est-\u00e0-dire qu&rsquo;elles sont actives entre le d\u00e9but et le milieu de la matin\u00e9e, puis \u00e0 nouveau l&rsquo;apr\u00e8s-midi et le soir. Cela fait d&rsquo;eux des \u00a0\u00bb baskers partiels \u00a0\u00bb ou des \u00a0\u00bb esp\u00e8ces vivant \u00e0 l&rsquo;ombre \u00a0\u00bb tr\u00e8s d\u00e9velopp\u00e9s.<\/p>\n<p>En raison des grandes quantit\u00e9s d&rsquo;\u00e9nergie UV pr\u00e9sentes dans les habitats sauvages, des indices UV utilisables sont disponibles m\u00eame en cas de faible luminosit\u00e9 et lorsque la lumi\u00e8re du jour p\u00e9n\u00e8tre dans les r\u00e9seaux rocheux, les terrains locaux et les for\u00eats.<\/p>\n<p>Les animaux se sont d\u00e9velopp\u00e9s sur de longues p\u00e9riodes pour \u00eatre capables d&rsquo;utiliser cette \u00e9nergie de la mani\u00e8re la plus s\u00fbre et la plus efficace possible. Il peut s&rsquo;agir d&rsquo;une exposition totale \u00e0 faible niveau ou de l&rsquo;exposition d&rsquo;une partie seulement du corps tout en restant en s\u00e9curit\u00e9 dans l&rsquo;habitat. Il s&rsquo;agit d&rsquo;avanc\u00e9es de haut niveau qui d\u00e9clenchent et r\u00e9gulent des processus biologiques essentiels.<\/p>\n<p>Si un niveau d'\u00a0\u00bb\u00e9nergie\u00a0\u00bb est disponible pour une esp\u00e8ce dans son domaine vital, elle aura d\u00e9velopp\u00e9 une \u00ab\u00a0utilisation\u00a0\u00bb et un \u00ab\u00a0niveau de protection\u00a0\u00bb contre cette \u00e9nergie dans son d\u00e9veloppement naturel. En tant que tel, nous pouvons constater une utilisation et une interaction claires et incontestables avec le spectre complet de la lumi\u00e8re naturelle terrestre. Vous ne pouvez pas \u00eatre expos\u00e9 \u00e0 la lumi\u00e8re naturelle sans \u00eatre expos\u00e9 \u00e0 toutes les longueurs d&rsquo;onde terrestres, des UVB aux infrarouges B de la source solaire directe.<\/p>\n<p>Un niveau et un type d&rsquo;exposition corrects \u00e0 un \u00e9clairage \u00e0 spectre complet + UV permettent non seulement la production et l&rsquo;utilisation internes de la vitamine D3, essentielle \u00e0 l&rsquo;absorption pr\u00e9cise du calcium, mais interagissent \u00e9galement avec le fonctionnement des organes, la sant\u00e9 de la peau et \u00ab\u00a0activent\u00a0\u00bb la vision des couleurs chez de nombreuses esp\u00e8ces.<\/p>\n\t\t\t\t\t\t\t\t<\/div>\n\t\t\t\t<\/div>\n\t\t\t\t\t<\/div>\n\t\t\t\t<\/div>\n\t\t\t\t\t<\/div>\n\t\t\t\t<\/div>\n\t\t<div class=\"elementor-element elementor-element-2685b4d e-flex e-con-boxed e-con e-parent\" data-id=\"2685b4d\" data-element_type=\"container\" data-e-type=\"container\">\n\t\t\t\t\t<div class=\"e-con-inner\">\n\t\t\t\t\t<\/div>\n\t\t\t\t<\/div>\n\t\t\t\t<\/div>\n\t\t","protected":false},"excerpt":{"rendered":"<p>ShadeDweller\u00ae Eclairage La science de l&rsquo;\u00e9levage \u00e9thique et efficace des reptiles \u00e9volue. Dans le cadre de ces changements, nous cherchons \u00e0 nous inspirer des habitats sauvages et des habitudes des diff\u00e9rentes esp\u00e8ces que nous \u00e9levons afin de r\u00e9pondre pr\u00e9cis\u00e9ment \u00e0 tous leurs besoins. Ce n&rsquo;est qu&rsquo;en proc\u00e9dant ainsi que nous pouvons \u00eatre s\u00fbrs de fournir [&hellip;]<\/p>\n","protected":false},"author":1,"featured_media":0,"parent":4633,"menu_order":0,"comment_status":"closed","ping_status":"closed","template":"","meta":{"site-sidebar-layout":"no-sidebar","site-content-layout":"page-builder","ast-site-content-layout":"default","site-content-style":"default","site-sidebar-style":"default","ast-global-header-display":"","ast-banner-title-visibility":"","ast-main-header-display":"","ast-hfb-above-header-display":"","ast-hfb-below-header-display":"","ast-hfb-mobile-header-display":"","site-post-title":"disabled","ast-breadcrumbs-content":"","ast-featured-img":"disabled","footer-sml-layout":"","ast-disable-related-posts":"","theme-transparent-header-meta":"","adv-header-id-meta":"","stick-header-meta":"","header-above-stick-meta":"","header-main-stick-meta":"","header-below-stick-meta":"","astra-migrate-meta-layouts":"default","ast-page-background-enabled":"default","ast-page-background-meta":{"desktop":{"background-color":"var(--ast-global-color-4)","background-image":"","background-repeat":"repeat","background-position":"center center","background-size":"auto","background-attachment":"scroll","background-type":"","background-media":"","overlay-type":"","overlay-color":"","overlay-opacity":"","overlay-gradient":""},"tablet":{"background-color":"","background-image":"","background-repeat":"repeat","background-position":"center center","background-size":"auto","background-attachment":"scroll","background-type":"","background-media":"","overlay-type":"","overlay-color":"","overlay-opacity":"","overlay-gradient":""},"mobile":{"background-color":"","background-image":"","background-repeat":"repeat","background-position":"center center","background-size":"auto","background-attachment":"scroll","background-type":"","background-media":"","overlay-type":"","overlay-color":"","overlay-opacity":"","overlay-gradient":""}},"ast-content-background-meta":{"desktop":{"background-color":"var(--ast-global-color-5)","background-image":"","background-repeat":"repeat","background-position":"center center","background-size":"auto","background-attachment":"scroll","background-type":"","background-media":"","overlay-type":"","overlay-color":"","overlay-opacity":"","overlay-gradient":""},"tablet":{"background-color":"var(--ast-global-color-5)","background-image":"","background-repeat":"repeat","background-position":"center center","background-size":"auto","background-attachment":"scroll","background-type":"","background-media":"","overlay-type":"","overlay-color":"","overlay-opacity":"","overlay-gradient":""},"mobile":{"background-color":"var(--ast-global-color-5)","background-image":"","background-repeat":"repeat","background-position":"center center","background-size":"auto","background-attachment":"scroll","background-type":"","background-media":"","overlay-type":"","overlay-color":"","overlay-opacity":"","overlay-gradient":""}},"footnotes":""},"class_list":["post-4650","page","type-page","status-publish","hentry"],"yoast_head":"<!-- This site is optimized with the Yoast SEO plugin v27.3 - https:\/\/yoast.com\/product\/yoast-seo-wordpress\/ -->\n<title>Eclairage - Arcadia Reptile<\/title>\n<meta name=\"robots\" content=\"index, follow, max-snippet:-1, max-image-preview:large, max-video-preview:-1\" \/>\n<link rel=\"canonical\" href=\"https:\/\/arcadiareptile.com\/fr\/shadedweller\/eclairage\/\" \/>\n<meta property=\"og:locale\" content=\"fr_FR\" \/>\n<meta property=\"og:type\" content=\"article\" \/>\n<meta property=\"og:title\" content=\"Eclairage - Arcadia Reptile\" \/>\n<meta property=\"og:description\" content=\"ShadeDweller\u00ae Eclairage La science de l&rsquo;\u00e9levage \u00e9thique et efficace des reptiles \u00e9volue. Dans le cadre de ces changements, nous cherchons \u00e0 nous inspirer des habitats sauvages et des habitudes des diff\u00e9rentes esp\u00e8ces que nous \u00e9levons afin de r\u00e9pondre pr\u00e9cis\u00e9ment \u00e0 tous leurs besoins. Ce n&rsquo;est qu&rsquo;en proc\u00e9dant ainsi que nous pouvons \u00eatre s\u00fbrs de fournir [&hellip;]\" \/>\n<meta property=\"og:url\" content=\"https:\/\/arcadiareptile.com\/fr\/shadedweller\/eclairage\/\" \/>\n<meta property=\"og:site_name\" content=\"Arcadia Reptile\" \/>\n<meta property=\"article:modified_time\" content=\"2023-09-19T08:20:58+00:00\" \/>\n<meta property=\"og:image\" content=\"https:\/\/arcadiareptile.com\/wp-content\/uploads\/light-scatter-diagram.png\" \/>\n<meta name=\"twitter:card\" content=\"summary_large_image\" \/>\n<meta name=\"twitter:label1\" content=\"Dur\u00e9e de lecture estim\u00e9e\" \/>\n\t<meta name=\"twitter:data1\" content=\"2 minutes\" \/>\n<script type=\"application\/ld+json\" class=\"yoast-schema-graph\">{\"@context\":\"https:\\\/\\\/schema.org\",\"@graph\":[{\"@type\":\"WebPage\",\"@id\":\"https:\\\/\\\/arcadiareptile.com\\\/fr\\\/shadedweller\\\/eclairage\\\/\",\"url\":\"https:\\\/\\\/arcadiareptile.com\\\/fr\\\/shadedweller\\\/eclairage\\\/\",\"name\":\"Eclairage - Arcadia Reptile\",\"isPartOf\":{\"@id\":\"https:\\\/\\\/arcadiareptile.com\\\/fr\\\/#website\"},\"primaryImageOfPage\":{\"@id\":\"https:\\\/\\\/arcadiareptile.com\\\/fr\\\/shadedweller\\\/eclairage\\\/#primaryimage\"},\"image\":{\"@id\":\"https:\\\/\\\/arcadiareptile.com\\\/fr\\\/shadedweller\\\/eclairage\\\/#primaryimage\"},\"thumbnailUrl\":\"https:\\\/\\\/arcadiareptile.com\\\/wp-content\\\/uploads\\\/light-scatter-diagram.png\",\"datePublished\":\"2023-07-27T16:05:45+00:00\",\"dateModified\":\"2023-09-19T08:20:58+00:00\",\"breadcrumb\":{\"@id\":\"https:\\\/\\\/arcadiareptile.com\\\/fr\\\/shadedweller\\\/eclairage\\\/#breadcrumb\"},\"inLanguage\":\"fr-FR\",\"potentialAction\":[{\"@type\":\"ReadAction\",\"target\":[\"https:\\\/\\\/arcadiareptile.com\\\/fr\\\/shadedweller\\\/eclairage\\\/\"]}]},{\"@type\":\"ImageObject\",\"inLanguage\":\"fr-FR\",\"@id\":\"https:\\\/\\\/arcadiareptile.com\\\/fr\\\/shadedweller\\\/eclairage\\\/#primaryimage\",\"url\":\"https:\\\/\\\/arcadiareptile.com\\\/wp-content\\\/uploads\\\/light-scatter-diagram.png\",\"contentUrl\":\"https:\\\/\\\/arcadiareptile.com\\\/wp-content\\\/uploads\\\/light-scatter-diagram.png\"},{\"@type\":\"BreadcrumbList\",\"@id\":\"https:\\\/\\\/arcadiareptile.com\\\/fr\\\/shadedweller\\\/eclairage\\\/#breadcrumb\",\"itemListElement\":[{\"@type\":\"ListItem\",\"position\":1,\"name\":\"Home\",\"item\":\"https:\\\/\\\/arcadiareptile.com\\\/fr\\\/accueil\\\/\"},{\"@type\":\"ListItem\",\"position\":2,\"name\":\"ShadeDweller\u00ae\",\"item\":\"https:\\\/\\\/arcadiareptile.com\\\/fr\\\/shadedweller\\\/\"},{\"@type\":\"ListItem\",\"position\":3,\"name\":\"Eclairage\"}]},{\"@type\":\"WebSite\",\"@id\":\"https:\\\/\\\/arcadiareptile.com\\\/fr\\\/#website\",\"url\":\"https:\\\/\\\/arcadiareptile.com\\\/fr\\\/\",\"name\":\"Arcadia Reptile\",\"description\":\"Arcadia Reptile\",\"potentialAction\":[{\"@type\":\"SearchAction\",\"target\":{\"@type\":\"EntryPoint\",\"urlTemplate\":\"https:\\\/\\\/arcadiareptile.com\\\/fr\\\/?s={search_term_string}\"},\"query-input\":{\"@type\":\"PropertyValueSpecification\",\"valueRequired\":true,\"valueName\":\"search_term_string\"}}],\"inLanguage\":\"fr-FR\"}]}<\/script>\n<!-- \/ Yoast SEO plugin. -->","yoast_head_json":{"title":"Eclairage - Arcadia Reptile","robots":{"index":"index","follow":"follow","max-snippet":"max-snippet:-1","max-image-preview":"max-image-preview:large","max-video-preview":"max-video-preview:-1"},"canonical":"https:\/\/arcadiareptile.com\/fr\/shadedweller\/eclairage\/","og_locale":"fr_FR","og_type":"article","og_title":"Eclairage - Arcadia Reptile","og_description":"ShadeDweller\u00ae Eclairage La science de l&rsquo;\u00e9levage \u00e9thique et efficace des reptiles \u00e9volue. Dans le cadre de ces changements, nous cherchons \u00e0 nous inspirer des habitats sauvages et des habitudes des diff\u00e9rentes esp\u00e8ces que nous \u00e9levons afin de r\u00e9pondre pr\u00e9cis\u00e9ment \u00e0 tous leurs besoins. Ce n&rsquo;est qu&rsquo;en proc\u00e9dant ainsi que nous pouvons \u00eatre s\u00fbrs de fournir [&hellip;]","og_url":"https:\/\/arcadiareptile.com\/fr\/shadedweller\/eclairage\/","og_site_name":"Arcadia Reptile","article_modified_time":"2023-09-19T08:20:58+00:00","og_image":[{"url":"https:\/\/arcadiareptile.com\/wp-content\/uploads\/light-scatter-diagram.png","type":"","width":"","height":""}],"twitter_card":"summary_large_image","twitter_misc":{"Dur\u00e9e de lecture estim\u00e9e":"2 minutes"},"schema":{"@context":"https:\/\/schema.org","@graph":[{"@type":"WebPage","@id":"https:\/\/arcadiareptile.com\/fr\/shadedweller\/eclairage\/","url":"https:\/\/arcadiareptile.com\/fr\/shadedweller\/eclairage\/","name":"Eclairage - Arcadia Reptile","isPartOf":{"@id":"https:\/\/arcadiareptile.com\/fr\/#website"},"primaryImageOfPage":{"@id":"https:\/\/arcadiareptile.com\/fr\/shadedweller\/eclairage\/#primaryimage"},"image":{"@id":"https:\/\/arcadiareptile.com\/fr\/shadedweller\/eclairage\/#primaryimage"},"thumbnailUrl":"https:\/\/arcadiareptile.com\/wp-content\/uploads\/light-scatter-diagram.png","datePublished":"2023-07-27T16:05:45+00:00","dateModified":"2023-09-19T08:20:58+00:00","breadcrumb":{"@id":"https:\/\/arcadiareptile.com\/fr\/shadedweller\/eclairage\/#breadcrumb"},"inLanguage":"fr-FR","potentialAction":[{"@type":"ReadAction","target":["https:\/\/arcadiareptile.com\/fr\/shadedweller\/eclairage\/"]}]},{"@type":"ImageObject","inLanguage":"fr-FR","@id":"https:\/\/arcadiareptile.com\/fr\/shadedweller\/eclairage\/#primaryimage","url":"https:\/\/arcadiareptile.com\/wp-content\/uploads\/light-scatter-diagram.png","contentUrl":"https:\/\/arcadiareptile.com\/wp-content\/uploads\/light-scatter-diagram.png"},{"@type":"BreadcrumbList","@id":"https:\/\/arcadiareptile.com\/fr\/shadedweller\/eclairage\/#breadcrumb","itemListElement":[{"@type":"ListItem","position":1,"name":"Home","item":"https:\/\/arcadiareptile.com\/fr\/accueil\/"},{"@type":"ListItem","position":2,"name":"ShadeDweller\u00ae","item":"https:\/\/arcadiareptile.com\/fr\/shadedweller\/"},{"@type":"ListItem","position":3,"name":"Eclairage"}]},{"@type":"WebSite","@id":"https:\/\/arcadiareptile.com\/fr\/#website","url":"https:\/\/arcadiareptile.com\/fr\/","name":"Arcadia Reptile","description":"Arcadia Reptile","potentialAction":[{"@type":"SearchAction","target":{"@type":"EntryPoint","urlTemplate":"https:\/\/arcadiareptile.com\/fr\/?s={search_term_string}"},"query-input":{"@type":"PropertyValueSpecification","valueRequired":true,"valueName":"search_term_string"}}],"inLanguage":"fr-FR"}]}},"_links":{"self":[{"href":"https:\/\/arcadiareptile.com\/fr\/wp-json\/wp\/v2\/pages\/4650","targetHints":{"allow":["GET"]}}],"collection":[{"href":"https:\/\/arcadiareptile.com\/fr\/wp-json\/wp\/v2\/pages"}],"about":[{"href":"https:\/\/arcadiareptile.com\/fr\/wp-json\/wp\/v2\/types\/page"}],"author":[{"embeddable":true,"href":"https:\/\/arcadiareptile.com\/fr\/wp-json\/wp\/v2\/users\/1"}],"replies":[{"embeddable":true,"href":"https:\/\/arcadiareptile.com\/fr\/wp-json\/wp\/v2\/comments?post=4650"}],"version-history":[{"count":0,"href":"https:\/\/arcadiareptile.com\/fr\/wp-json\/wp\/v2\/pages\/4650\/revisions"}],"up":[{"embeddable":true,"href":"https:\/\/arcadiareptile.com\/fr\/wp-json\/wp\/v2\/pages\/4633"}],"wp:attachment":[{"href":"https:\/\/arcadiareptile.com\/fr\/wp-json\/wp\/v2\/media?parent=4650"}],"curies":[{"name":"wp","href":"https:\/\/api.w.org\/{rel}","templated":true}]}}