{"id":4804,"date":"2023-06-16T09:36:31","date_gmt":"2023-06-16T09:36:31","guid":{"rendered":"https:\/\/arcadiareptile.com\/earthpro\/substrat\/"},"modified":"2023-09-21T13:13:29","modified_gmt":"2023-09-21T13:13:29","slug":"substrat","status":"publish","type":"page","link":"https:\/\/arcadiareptile.com\/fr\/earthpro\/substrat\/","title":{"rendered":"Substrat"},"content":{"rendered":"\t\t<div data-elementor-type=\"wp-page\" data-elementor-id=\"4804\" class=\"elementor elementor-4804 elementor-1542\" data-elementor-post-type=\"page\">\n\t\t\t\t<div class=\"elementor-element elementor-element-652872b e-con-full e-flex e-con e-parent\" data-id=\"652872b\" data-element_type=\"container\" data-e-type=\"container\" data-settings=\"{&quot;background_background&quot;:&quot;classic&quot;}\">\n\t\t<div class=\"elementor-element elementor-element-0affdb3 e-flex e-con-boxed e-con e-parent\" data-id=\"0affdb3\" data-element_type=\"container\" data-e-type=\"container\">\n\t\t\t\t\t<div class=\"e-con-inner\">\n\t\t<div class=\"elementor-element elementor-element-3f136af e-con-full e-flex e-con e-parent\" data-id=\"3f136af\" data-element_type=\"container\" data-e-type=\"container\">\n\t\t<div class=\"elementor-element elementor-element-17e85f1 e-con-full e-flex e-con e-parent\" data-id=\"17e85f1\" data-element_type=\"container\" data-e-type=\"container\" data-settings=\"{&quot;background_background&quot;:&quot;classic&quot;}\">\n\t\t\t\t<div class=\"elementor-element elementor-element-5dc7cba elementor-widget elementor-widget-image\" data-id=\"5dc7cba\" data-element_type=\"widget\" data-e-type=\"widget\" data-widget_type=\"image.default\">\n\t\t\t\t<div class=\"elementor-widget-container\">\n\t\t\t\t\t\t\t\t\t\t\t\t\t\t\t\t<a href=\"https:\/\/arcadiareptile.com\/fr\/earthpro\/\">\n\t\t\t\t\t\t\t<img decoding=\"async\" src=\"https:\/\/arcadiareptile.com\/wp-content\/uploads\/earthpro-logo-white-1.png\" title=\"earthpro-logo-white.png\" alt=\"earthpro-logo-white.png\" loading=\"lazy\" \/>\t\t\t\t\t\t\t\t<\/a>\n\t\t\t\t\t\t\t\t\t\t\t\t\t\t\t<\/div>\n\t\t\t\t<\/div>\n\t\t\t\t<div class=\"elementor-element elementor-element-9e5ada3 elementor-align-left elementor-mobile-align-center elementor-widget elementor-widget-breadcrumbs\" data-id=\"9e5ada3\" data-element_type=\"widget\" data-e-type=\"widget\" data-widget_type=\"breadcrumbs.default\">\n\t\t\t\t<div class=\"elementor-widget-container\">\n\t\t\t\t\t<p id=\"breadcrumbs\"><span><span><a href=\"https:\/\/arcadiareptile.com\/fr\/accueil\/\">Home<\/a><\/span><\/span><\/p>\t\t\t\t<\/div>\n\t\t\t\t<\/div>\n\t\t\t\t<\/div>\n\t\t\t\t<\/div>\n\t\t\t\t\t<\/div>\n\t\t\t\t<\/div>\n\t\t\t\t<\/div>\n\t\t<div class=\"elementor-element elementor-element-d607d99 e-con-full e-flex e-con e-parent\" data-id=\"d607d99\" data-element_type=\"container\" data-e-type=\"container\" data-settings=\"{&quot;background_background&quot;:&quot;classic&quot;}\">\n\t\t<div class=\"elementor-element elementor-element-04d48a1 e-flex e-con-boxed e-con e-parent\" data-id=\"04d48a1\" data-element_type=\"container\" data-e-type=\"container\">\n\t\t\t\t\t<div class=\"e-con-inner\">\n\t\t<div class=\"elementor-element elementor-element-5cf476f flexible-column-wrap e-con-full e-flex e-con e-parent\" data-id=\"5cf476f\" data-element_type=\"container\" data-e-type=\"container\">\n\t\t<div class=\"elementor-element elementor-element-51508d6 e-con-full e-flex e-con e-parent\" data-id=\"51508d6\" data-element_type=\"container\" data-e-type=\"container\" data-settings=\"{&quot;background_background&quot;:&quot;classic&quot;}\" link=\"https:\/\/arcadiareptile.com\/earthpro\/substrate\/earthmix\/\">\n\t\t\t\t<div class=\"elementor-element elementor-element-77b8860 elementor-widget elementor-widget-image\" data-id=\"77b8860\" data-element_type=\"widget\" data-e-type=\"widget\" data-widget_type=\"image.default\">\n\t\t\t\t<div class=\"elementor-widget-container\">\n\t\t\t\t\t\t\t\t\t\t\t\t\t\t\t\t<a href=\"https:\/\/arcadiareptile.com\/earthpro\/substrate\/earthmix\/\">\n\t\t\t\t\t\t\t<img fetchpriority=\"high\" decoding=\"async\" width=\"900\" height=\"900\" src=\"https:\/\/arcadiareptile.com\/wp-content\/uploads\/earthpro-earthmix-5l-900-1.png\" class=\"elementor-animation-bob attachment-full size-full wp-image-2332\" alt=\"\" srcset=\"https:\/\/arcadiareptile.com\/wp-content\/uploads\/earthpro-earthmix-5l-900-1.png 900w, https:\/\/arcadiareptile.com\/wp-content\/uploads\/earthpro-earthmix-5l-900-1-768x768.png 768w\" sizes=\"(max-width: 900px) 100vw, 900px\" \/>\t\t\t\t\t\t\t\t<\/a>\n\t\t\t\t\t\t\t\t\t\t\t\t\t\t\t<\/div>\n\t\t\t\t<\/div>\n\t\t\t\t<div class=\"elementor-element elementor-element-58532b2 elementor-widget elementor-widget-heading\" data-id=\"58532b2\" data-element_type=\"widget\" data-e-type=\"widget\" data-settings=\"{&quot;_animation_mobile&quot;:&quot;none&quot;}\" data-widget_type=\"heading.default\">\n\t\t\t\t<div class=\"elementor-widget-container\">\n\t\t\t\t\t<h1 class=\"elementor-heading-title elementor-size-default\"><a href=\"https:\/\/arcadiareptile.com\/earthpro\/substrate\/earthmix\/\">EarthMix<\/a><\/h1>\t\t\t\t<\/div>\n\t\t\t\t<\/div>\n\t\t\t\t<div class=\"elementor-element elementor-element-df69324 elementor-hidden-mobile elementor-widget elementor-widget-text-editor\" data-id=\"df69324\" data-element_type=\"widget\" data-e-type=\"widget\" data-widget_type=\"text-editor.default\">\n\t\t\t\t<div class=\"elementor-widget-container\">\n\t\t\t\t\t\t\t\t\t<p>Substrat<\/p>\n\t\t\t\t\t\t\t\t<\/div>\n\t\t\t\t<\/div>\n\t\t\t\t<\/div>\n\t\t<div class=\"elementor-element elementor-element-f3b518a e-con-full e-flex e-con e-parent\" data-id=\"f3b518a\" data-element_type=\"container\" data-e-type=\"container\" data-settings=\"{&quot;background_background&quot;:&quot;classic&quot;}\" link=\"https:\/\/arcadiareptile.com\/earthpro\/substrate\/earthmix-arid\/\">\n\t\t\t\t<div class=\"elementor-element elementor-element-f6f9c53 elementor-widget elementor-widget-image\" data-id=\"f6f9c53\" data-element_type=\"widget\" data-e-type=\"widget\" data-widget_type=\"image.default\">\n\t\t\t\t<div class=\"elementor-widget-container\">\n\t\t\t\t\t\t\t\t\t\t\t\t\t\t\t\t<a href=\"https:\/\/arcadiareptile.com\/earthpro\/substrate\/earthmix-arid\/\">\n\t\t\t\t\t\t\t<img decoding=\"async\" width=\"900\" height=\"900\" src=\"https:\/\/arcadiareptile.com\/wp-content\/uploads\/earthpro-earthmix-arid-5l-900-1-1.png\" class=\"elementor-animation-bob attachment-full size-full wp-image-2333\" alt=\"\" srcset=\"https:\/\/arcadiareptile.com\/wp-content\/uploads\/earthpro-earthmix-arid-5l-900-1-1.png 900w, https:\/\/arcadiareptile.com\/wp-content\/uploads\/earthpro-earthmix-arid-5l-900-1-1-768x768.png 768w\" sizes=\"(max-width: 900px) 100vw, 900px\" \/>\t\t\t\t\t\t\t\t<\/a>\n\t\t\t\t\t\t\t\t\t\t\t\t\t\t\t<\/div>\n\t\t\t\t<\/div>\n\t\t\t\t<div class=\"elementor-element elementor-element-b346970 elementor-widget elementor-widget-heading\" data-id=\"b346970\" data-element_type=\"widget\" data-e-type=\"widget\" data-settings=\"{&quot;_animation_mobile&quot;:&quot;none&quot;}\" data-widget_type=\"heading.default\">\n\t\t\t\t<div class=\"elementor-widget-container\">\n\t\t\t\t\t<h1 class=\"elementor-heading-title elementor-size-default\"><a href=\"https:\/\/arcadiareptile.com\/earthpro\/substrate\/earthmix-arid\/\">EarthMix-Arid<\/a><\/h1>\t\t\t\t<\/div>\n\t\t\t\t<\/div>\n\t\t\t\t<div class=\"elementor-element elementor-element-5eb62b4 elementor-hidden-mobile elementor-widget elementor-widget-text-editor\" data-id=\"5eb62b4\" data-element_type=\"widget\" data-e-type=\"widget\" data-widget_type=\"text-editor.default\">\n\t\t\t\t<div class=\"elementor-widget-container\">\n\t\t\t\t\t\t\t\t\t<p>Substrat<\/p>\n\t\t\t\t\t\t\t\t<\/div>\n\t\t\t\t<\/div>\n\t\t\t\t<\/div>\n\t\t<div class=\"elementor-element elementor-element-30f3772 e-con-full e-flex e-con e-parent\" data-id=\"30f3772\" data-element_type=\"container\" data-e-type=\"container\" data-settings=\"{&quot;background_background&quot;:&quot;classic&quot;}\" link=\"https:\/\/arcadiareptile.com\/earthpro\/substrate\/bio-revitaliser\/\">\n\t\t\t\t<div class=\"elementor-element elementor-element-f40605c elementor-widget elementor-widget-image\" data-id=\"f40605c\" data-element_type=\"widget\" data-e-type=\"widget\" data-widget_type=\"image.default\">\n\t\t\t\t<div class=\"elementor-widget-container\">\n\t\t\t\t\t\t\t\t\t\t\t\t\t\t\t\t<a href=\"https:\/\/arcadiareptile.com\/earthpro\/substrate\/bio-revitaliser\/\">\n\t\t\t\t\t\t\t<img decoding=\"async\" width=\"400\" height=\"400\" src=\"https:\/\/arcadiareptile.com\/wp-content\/uploads\/earthpro-biorevitaliser-pouch-400-1.png\" class=\"elementor-animation-bob attachment-full size-full wp-image-2334\" alt=\"\" \/>\t\t\t\t\t\t\t\t<\/a>\n\t\t\t\t\t\t\t\t\t\t\t\t\t\t\t<\/div>\n\t\t\t\t<\/div>\n\t\t\t\t<div class=\"elementor-element elementor-element-39d5843 elementor-widget elementor-widget-heading\" data-id=\"39d5843\" data-element_type=\"widget\" data-e-type=\"widget\" data-settings=\"{&quot;_animation_mobile&quot;:&quot;none&quot;}\" data-widget_type=\"heading.default\">\n\t\t\t\t<div class=\"elementor-widget-container\">\n\t\t\t\t\t<h1 class=\"elementor-heading-title elementor-size-default\"><a href=\"https:\/\/arcadiareptile.com\/earthpro\/substrate\/bio-revitaliser\/\">Bio-Revitaliser<\/a><\/h1>\t\t\t\t<\/div>\n\t\t\t\t<\/div>\n\t\t\t\t<div class=\"elementor-element elementor-element-600b3b1 elementor-hidden-mobile elementor-widget elementor-widget-text-editor\" data-id=\"600b3b1\" data-element_type=\"widget\" data-e-type=\"widget\" data-widget_type=\"text-editor.default\">\n\t\t\t\t<div class=\"elementor-widget-container\">\n\t\t\t\t\t\t\t\t\t<p>Substrat<\/p>\n\t\t\t\t\t\t\t\t<\/div>\n\t\t\t\t<\/div>\n\t\t\t\t<\/div>\n\t\t\t\t<\/div>\n\t\t<div class=\"elementor-element elementor-element-d92a04a e-con-full e-flex e-con e-parent\" data-id=\"d92a04a\" data-element_type=\"container\" data-e-type=\"container\">\n\t\t<div class=\"elementor-element elementor-element-38c7727 e-con-full e-flex e-con e-parent\" data-id=\"38c7727\" data-element_type=\"container\" data-e-type=\"container\" data-settings=\"{&quot;background_background&quot;:&quot;classic&quot;}\">\n\t\t\t\t<div class=\"elementor-element elementor-element-30dcd23 elementor-widget elementor-widget-html\" data-id=\"30dcd23\" data-element_type=\"widget\" data-e-type=\"widget\" data-widget_type=\"html.default\">\n\t\t\t\t<div class=\"elementor-widget-container\">\n\t\t\t\t\t<script src=\"https:\/\/code.jquery.com\/jquery-3.6.0.min.js\"><\/script><script>var $ = jQuery\n$(document).ready(function(){\n    \n$('.elementor-section[link], .elementor-column[link] > .elementor-widget-wrap, .e-con[link], .e-container[link]').on('click', function(){\n    \n    var $this = $(this).hasClass('elementor-widget-wrap') ? $(this).parent() : $(this),\n    link = $this.attr('link'),\n    newtab = $this.attr('newtab'),\n    openIn = typeof newtab !== 'undefined' && newtab !== false ? '_blank' : '_self'\n    \n    window.open(link, openIn)\n})\n})\n<\/script><style>.elementor-section[link], .elementor-column[link] > .elementor-widget-wrap, .e-con[link], .e-container[link] {\n    cursor: pointer;\n}\n<\/style>\t\t\t\t<\/div>\n\t\t\t\t<\/div>\n\t\t\t\t<\/div>\n\t\t\t\t<\/div>\n\t\t\t\t\t<\/div>\n\t\t\t\t<\/div>\n\t\t\t\t<\/div>\n\t\t<div class=\"elementor-element elementor-element-d0eda6f e-con-full e-flex e-con e-parent\" data-id=\"d0eda6f\" data-element_type=\"container\" data-e-type=\"container\" data-settings=\"{&quot;background_background&quot;:&quot;classic&quot;}\">\n\t\t<div class=\"elementor-element elementor-element-e7b0df0 e-con-full e-flex e-con e-parent\" data-id=\"e7b0df0\" data-element_type=\"container\" data-e-type=\"container\">\n\t\t<div class=\"elementor-element elementor-element-07a93d7 e-flex e-con-boxed e-con e-parent\" data-id=\"07a93d7\" data-element_type=\"container\" data-e-type=\"container\">\n\t\t\t\t\t<div class=\"e-con-inner\">\n\t\t<div class=\"elementor-element elementor-element-fae182d e-flex e-con-boxed e-con e-parent\" data-id=\"fae182d\" data-element_type=\"container\" data-e-type=\"container\">\n\t\t\t\t\t<div class=\"e-con-inner\">\n\t\t\t\t<div class=\"elementor-element elementor-element-63c228b elementor-widget elementor-widget-text-editor\" data-id=\"63c228b\" data-element_type=\"widget\" data-e-type=\"widget\" data-widget_type=\"text-editor.default\">\n\t\t\t\t<div class=\"elementor-widget-container\">\n\t\t\t\t\t\t\t\t\t<p>Nos substrats pour for\u00eats et r\u00e9gions arides contiennent un m\u00e9lange parfait de min\u00e9raux organiques et \u00e0 spectre complet provenant d&rsquo;une ancienne source volcanique \u00e9cossaise.<\/p>\n\t\t\t\t\t\t\t\t<\/div>\n\t\t\t\t<\/div>\n\t\t\t\t<div class=\"elementor-element elementor-element-40a34cc elementor-widget elementor-widget-spacer\" data-id=\"40a34cc\" data-element_type=\"widget\" data-e-type=\"widget\" data-widget_type=\"spacer.default\">\n\t\t\t\t<div class=\"elementor-widget-container\">\n\t\t\t\t\t\t\t<div class=\"elementor-spacer\">\n\t\t\t<div class=\"elementor-spacer-inner\"><\/div>\n\t\t<\/div>\n\t\t\t\t\t\t<\/div>\n\t\t\t\t<\/div>\n\t\t\t\t<div class=\"elementor-element elementor-element-fc1b18c elementor-widget elementor-widget-text-editor\" data-id=\"fc1b18c\" data-element_type=\"widget\" data-e-type=\"widget\" data-widget_type=\"text-editor.default\">\n\t\t\t\t<div class=\"elementor-widget-container\">\n\t\t\t\t\t\t\t\t\t<p>Les niveaux \u00e9lev\u00e9s de min\u00e9raux volcaniques assurent non seulement un drainage fantastique du sol, mais ils contribuent \u00e9galement \u00e0 nourrir les plantes vivantes et \u00e0 maintenir les plantes de garde fortes, nutritives et reproductibles.<\/p>\n<p>EarthMix et EarthMix-Arid sont une gamme de substrats bio-actifs propres, s\u00fbrs et riches en min\u00e9raux, sans particules non naturelles pouvant entra\u00eener une impaction.<\/p>\n<p>Ces substrats de haute qualit\u00e9, \u00ab\u00a0pr\u00eats \u00e0 l&#8217;emploi\u00a0\u00bb, vont non seulement favoriser une croissance incroyable des plantes vivantes, mais aussi contribuer \u00e0 l&rsquo;enrichissement nutritionnel, mental et physique des animaux par le creusement naturel, la construction de tunnels et la collecte de nourriture.<\/p>\n<p>L&rsquo;utilisation d&rsquo;EarthMix et d&rsquo;EarthMix-Arid vous aidera \u00e9galement \u00e0 maintenir un niveau appropri\u00e9 d&rsquo;humidit\u00e9 dans le compartiment, ce qui est vital pour la sant\u00e9 et le bien-\u00eatre de votre animal.<\/p>\n<p>EarthMix et EarthMix-Arid contiennent tous deux des turricules de vers <strong>organiques<\/strong>. Il s&rsquo;agit d&rsquo;une source de nourriture riche en nutriments et totalement s\u00c3\u00bbre, tant pour les plantes que pour les gardiens.<\/p>\n<p>Un bon rapport entre les <strong>min\u00e9raux<\/strong> et les mati\u00e8res <strong>organiques<\/strong> permet de soutenir les esp\u00e8ces vitales utilis\u00e9es dans les syst\u00e8mes bio-actifs. Nos deux substrats sont pleins de \u00ab\u00a0bont\u00e9 organique\u00a0\u00bb et peuvent \u00eatre consid\u00e9r\u00e9s comme \u00e9tant \u00ab\u00a0pr\u00e9-aliment\u00e9s\u00a0\u00bb. Cela signifie que les esp\u00e8ces protectrices peuvent \u00eatre ajout\u00e9es d\u00e8s le premier jour et qu&rsquo;elles commenceront \u00e0 prosp\u00e9rer.<\/p>\n<p>La gamme Arcadia-Reptile de substrats bio-actifs enti\u00e8rement naturels vous permettra d&rsquo;offrir \u00e0 vos animaux les meilleures conditions de vie, les plus attrayantes, gr\u00e2ce \u00e0 une \u00ab\u00a0recr\u00e9ation sauvage\u00a0\u00bb s\u00fbre et efficace.<\/p>\n<p>EarthMix et EarthMix-Arid peuvent \u00eatre utilis\u00e9s avec n&rsquo;importe quelle esp\u00e8ce de reptile, d&rsquo;amphibien et d&rsquo;invert\u00e9br\u00e9, sont pr\u00eats \u00e0 \u00eatre conserv\u00e9s et permettent une croissance incroyable des plantes.<\/p>\n\t\t\t\t\t\t\t\t<\/div>\n\t\t\t\t<\/div>\n\t\t\t\t\t<\/div>\n\t\t\t\t<\/div>\n\t\t\t\t\t<\/div>\n\t\t\t\t<\/div>\n\t\t\t\t<\/div>\n\t\t\t\t<\/div>\n\t\t\t\t<\/div>\n\t\t","protected":false},"excerpt":{"rendered":"<p>EarthMix Substrat EarthMix-Arid Substrat Bio-Revitaliser Substrat Nos substrats pour for\u00eats et r\u00e9gions arides contiennent un m\u00e9lange parfait de min\u00e9raux organiques et \u00e0 spectre complet provenant d&rsquo;une ancienne source volcanique \u00e9cossaise. Les niveaux \u00e9lev\u00e9s de min\u00e9raux volcaniques assurent non seulement un drainage fantastique du sol, mais ils contribuent \u00e9galement \u00e0 nourrir les plantes vivantes et \u00e0 [&hellip;]<\/p>\n","protected":false},"author":1,"featured_media":0,"parent":4803,"menu_order":0,"comment_status":"closed","ping_status":"closed","template":"","meta":{"site-sidebar-layout":"no-sidebar","site-content-layout":"page-builder","ast-site-content-layout":"default","site-content-style":"default","site-sidebar-style":"default","ast-global-header-display":"","ast-banner-title-visibility":"","ast-main-header-display":"","ast-hfb-above-header-display":"","ast-hfb-below-header-display":"","ast-hfb-mobile-header-display":"","site-post-title":"disabled","ast-breadcrumbs-content":"","ast-featured-img":"disabled","footer-sml-layout":"","ast-disable-related-posts":"","theme-transparent-header-meta":"","adv-header-id-meta":"","stick-header-meta":"","header-above-stick-meta":"","header-main-stick-meta":"","header-below-stick-meta":"","astra-migrate-meta-layouts":"default","ast-page-background-enabled":"default","ast-page-background-meta":{"desktop":{"background-color":"var(--ast-global-color-4)","background-image":"","background-repeat":"repeat","background-position":"center center","background-size":"auto","background-attachment":"scroll","background-type":"","background-media":"","overlay-type":"","overlay-color":"","overlay-opacity":"","overlay-gradient":""},"tablet":{"background-color":"","background-image":"","background-repeat":"repeat","background-position":"center center","background-size":"auto","background-attachment":"scroll","background-type":"","background-media":"","overlay-type":"","overlay-color":"","overlay-opacity":"","overlay-gradient":""},"mobile":{"background-color":"","background-image":"","background-repeat":"repeat","background-position":"center center","background-size":"auto","background-attachment":"scroll","background-type":"","background-media":"","overlay-type":"","overlay-color":"","overlay-opacity":"","overlay-gradient":""}},"ast-content-background-meta":{"desktop":{"background-color":"var(--ast-global-color-5)","background-image":"","background-repeat":"repeat","background-position":"center center","background-size":"auto","background-attachment":"scroll","background-type":"","background-media":"","overlay-type":"","overlay-color":"","overlay-opacity":"","overlay-gradient":""},"tablet":{"background-color":"var(--ast-global-color-5)","background-image":"","background-repeat":"repeat","background-position":"center center","background-size":"auto","background-attachment":"scroll","background-type":"","background-media":"","overlay-type":"","overlay-color":"","overlay-opacity":"","overlay-gradient":""},"mobile":{"background-color":"var(--ast-global-color-5)","background-image":"","background-repeat":"repeat","background-position":"center center","background-size":"auto","background-attachment":"scroll","background-type":"","background-media":"","overlay-type":"","overlay-color":"","overlay-opacity":"","overlay-gradient":""}},"footnotes":""},"class_list":["post-4804","page","type-page","status-publish","hentry"],"yoast_head":"<!-- This site is optimized with the Yoast SEO plugin v27.3 - https:\/\/yoast.com\/product\/yoast-seo-wordpress\/ -->\n<title>Substrat - Arcadia Reptile<\/title>\n<meta name=\"robots\" content=\"index, follow, max-snippet:-1, max-image-preview:large, max-video-preview:-1\" \/>\n<link rel=\"canonical\" href=\"https:\/\/arcadiareptile.com\/fr\/earthpro\/substrat\/\" \/>\n<meta property=\"og:locale\" content=\"fr_FR\" \/>\n<meta property=\"og:type\" content=\"article\" \/>\n<meta property=\"og:title\" content=\"Substrat - Arcadia Reptile\" \/>\n<meta property=\"og:description\" content=\"EarthMix Substrat EarthMix-Arid Substrat Bio-Revitaliser Substrat Nos substrats pour for\u00eats et r\u00e9gions arides contiennent un m\u00e9lange parfait de min\u00e9raux organiques et \u00e0 spectre complet provenant d&rsquo;une ancienne source volcanique \u00e9cossaise. Les niveaux \u00e9lev\u00e9s de min\u00e9raux volcaniques assurent non seulement un drainage fantastique du sol, mais ils contribuent \u00e9galement \u00e0 nourrir les plantes vivantes et \u00e0 [&hellip;]\" \/>\n<meta property=\"og:url\" content=\"https:\/\/arcadiareptile.com\/fr\/earthpro\/substrat\/\" \/>\n<meta property=\"og:site_name\" content=\"Arcadia Reptile\" \/>\n<meta property=\"article:modified_time\" content=\"2023-09-21T13:13:29+00:00\" \/>\n<meta property=\"og:image\" content=\"https:\/\/arcadiareptile.com\/wp-content\/uploads\/earthpro-logo-white-1.png\" \/>\n<meta name=\"twitter:card\" content=\"summary_large_image\" \/>\n<meta name=\"twitter:label1\" content=\"Dur\u00e9e de lecture estim\u00e9e\" \/>\n\t<meta name=\"twitter:data1\" content=\"2 minutes\" \/>\n<script type=\"application\/ld+json\" class=\"yoast-schema-graph\">{\"@context\":\"https:\\\/\\\/schema.org\",\"@graph\":[{\"@type\":\"WebPage\",\"@id\":\"https:\\\/\\\/arcadiareptile.com\\\/fr\\\/earthpro\\\/substrat\\\/\",\"url\":\"https:\\\/\\\/arcadiareptile.com\\\/fr\\\/earthpro\\\/substrat\\\/\",\"name\":\"Substrat - Arcadia Reptile\",\"isPartOf\":{\"@id\":\"https:\\\/\\\/arcadiareptile.com\\\/fr\\\/#website\"},\"primaryImageOfPage\":{\"@id\":\"https:\\\/\\\/arcadiareptile.com\\\/fr\\\/earthpro\\\/substrat\\\/#primaryimage\"},\"image\":{\"@id\":\"https:\\\/\\\/arcadiareptile.com\\\/fr\\\/earthpro\\\/substrat\\\/#primaryimage\"},\"thumbnailUrl\":\"https:\\\/\\\/arcadiareptile.com\\\/wp-content\\\/uploads\\\/earthpro-logo-white-1.png\",\"datePublished\":\"2023-06-16T09:36:31+00:00\",\"dateModified\":\"2023-09-21T13:13:29+00:00\",\"breadcrumb\":{\"@id\":\"https:\\\/\\\/arcadiareptile.com\\\/fr\\\/earthpro\\\/substrat\\\/#breadcrumb\"},\"inLanguage\":\"fr-FR\",\"potentialAction\":[{\"@type\":\"ReadAction\",\"target\":[\"https:\\\/\\\/arcadiareptile.com\\\/fr\\\/earthpro\\\/substrat\\\/\"]}]},{\"@type\":\"ImageObject\",\"inLanguage\":\"fr-FR\",\"@id\":\"https:\\\/\\\/arcadiareptile.com\\\/fr\\\/earthpro\\\/substrat\\\/#primaryimage\",\"url\":\"https:\\\/\\\/arcadiareptile.com\\\/wp-content\\\/uploads\\\/earthpro-logo-white-1.png\",\"contentUrl\":\"https:\\\/\\\/arcadiareptile.com\\\/wp-content\\\/uploads\\\/earthpro-logo-white-1.png\"},{\"@type\":\"BreadcrumbList\",\"@id\":\"https:\\\/\\\/arcadiareptile.com\\\/fr\\\/earthpro\\\/substrat\\\/#breadcrumb\",\"itemListElement\":[{\"@type\":\"ListItem\",\"position\":1,\"name\":\"Home\",\"item\":\"https:\\\/\\\/arcadiareptile.com\\\/fr\\\/accueil\\\/\"},{\"@type\":\"ListItem\",\"position\":2,\"name\":\"EarthPro\",\"item\":\"https:\\\/\\\/arcadiareptile.com\\\/fr\\\/earthpro\\\/\"},{\"@type\":\"ListItem\",\"position\":3,\"name\":\"Substrat\"}]},{\"@type\":\"WebSite\",\"@id\":\"https:\\\/\\\/arcadiareptile.com\\\/fr\\\/#website\",\"url\":\"https:\\\/\\\/arcadiareptile.com\\\/fr\\\/\",\"name\":\"Arcadia Reptile\",\"description\":\"Arcadia Reptile\",\"potentialAction\":[{\"@type\":\"SearchAction\",\"target\":{\"@type\":\"EntryPoint\",\"urlTemplate\":\"https:\\\/\\\/arcadiareptile.com\\\/fr\\\/?s={search_term_string}\"},\"query-input\":{\"@type\":\"PropertyValueSpecification\",\"valueRequired\":true,\"valueName\":\"search_term_string\"}}],\"inLanguage\":\"fr-FR\"}]}<\/script>\n<!-- \/ Yoast SEO plugin. -->","yoast_head_json":{"title":"Substrat - Arcadia Reptile","robots":{"index":"index","follow":"follow","max-snippet":"max-snippet:-1","max-image-preview":"max-image-preview:large","max-video-preview":"max-video-preview:-1"},"canonical":"https:\/\/arcadiareptile.com\/fr\/earthpro\/substrat\/","og_locale":"fr_FR","og_type":"article","og_title":"Substrat - Arcadia Reptile","og_description":"EarthMix Substrat EarthMix-Arid Substrat Bio-Revitaliser Substrat Nos substrats pour for\u00eats et r\u00e9gions arides contiennent un m\u00e9lange parfait de min\u00e9raux organiques et \u00e0 spectre complet provenant d&rsquo;une ancienne source volcanique \u00e9cossaise. Les niveaux \u00e9lev\u00e9s de min\u00e9raux volcaniques assurent non seulement un drainage fantastique du sol, mais ils contribuent \u00e9galement \u00e0 nourrir les plantes vivantes et \u00e0 [&hellip;]","og_url":"https:\/\/arcadiareptile.com\/fr\/earthpro\/substrat\/","og_site_name":"Arcadia Reptile","article_modified_time":"2023-09-21T13:13:29+00:00","og_image":[{"url":"https:\/\/arcadiareptile.com\/wp-content\/uploads\/earthpro-logo-white-1.png","type":"","width":"","height":""}],"twitter_card":"summary_large_image","twitter_misc":{"Dur\u00e9e de lecture estim\u00e9e":"2 minutes"},"schema":{"@context":"https:\/\/schema.org","@graph":[{"@type":"WebPage","@id":"https:\/\/arcadiareptile.com\/fr\/earthpro\/substrat\/","url":"https:\/\/arcadiareptile.com\/fr\/earthpro\/substrat\/","name":"Substrat - Arcadia Reptile","isPartOf":{"@id":"https:\/\/arcadiareptile.com\/fr\/#website"},"primaryImageOfPage":{"@id":"https:\/\/arcadiareptile.com\/fr\/earthpro\/substrat\/#primaryimage"},"image":{"@id":"https:\/\/arcadiareptile.com\/fr\/earthpro\/substrat\/#primaryimage"},"thumbnailUrl":"https:\/\/arcadiareptile.com\/wp-content\/uploads\/earthpro-logo-white-1.png","datePublished":"2023-06-16T09:36:31+00:00","dateModified":"2023-09-21T13:13:29+00:00","breadcrumb":{"@id":"https:\/\/arcadiareptile.com\/fr\/earthpro\/substrat\/#breadcrumb"},"inLanguage":"fr-FR","potentialAction":[{"@type":"ReadAction","target":["https:\/\/arcadiareptile.com\/fr\/earthpro\/substrat\/"]}]},{"@type":"ImageObject","inLanguage":"fr-FR","@id":"https:\/\/arcadiareptile.com\/fr\/earthpro\/substrat\/#primaryimage","url":"https:\/\/arcadiareptile.com\/wp-content\/uploads\/earthpro-logo-white-1.png","contentUrl":"https:\/\/arcadiareptile.com\/wp-content\/uploads\/earthpro-logo-white-1.png"},{"@type":"BreadcrumbList","@id":"https:\/\/arcadiareptile.com\/fr\/earthpro\/substrat\/#breadcrumb","itemListElement":[{"@type":"ListItem","position":1,"name":"Home","item":"https:\/\/arcadiareptile.com\/fr\/accueil\/"},{"@type":"ListItem","position":2,"name":"EarthPro","item":"https:\/\/arcadiareptile.com\/fr\/earthpro\/"},{"@type":"ListItem","position":3,"name":"Substrat"}]},{"@type":"WebSite","@id":"https:\/\/arcadiareptile.com\/fr\/#website","url":"https:\/\/arcadiareptile.com\/fr\/","name":"Arcadia Reptile","description":"Arcadia Reptile","potentialAction":[{"@type":"SearchAction","target":{"@type":"EntryPoint","urlTemplate":"https:\/\/arcadiareptile.com\/fr\/?s={search_term_string}"},"query-input":{"@type":"PropertyValueSpecification","valueRequired":true,"valueName":"search_term_string"}}],"inLanguage":"fr-FR"}]}},"_links":{"self":[{"href":"https:\/\/arcadiareptile.com\/fr\/wp-json\/wp\/v2\/pages\/4804","targetHints":{"allow":["GET"]}}],"collection":[{"href":"https:\/\/arcadiareptile.com\/fr\/wp-json\/wp\/v2\/pages"}],"about":[{"href":"https:\/\/arcadiareptile.com\/fr\/wp-json\/wp\/v2\/types\/page"}],"author":[{"embeddable":true,"href":"https:\/\/arcadiareptile.com\/fr\/wp-json\/wp\/v2\/users\/1"}],"replies":[{"embeddable":true,"href":"https:\/\/arcadiareptile.com\/fr\/wp-json\/wp\/v2\/comments?post=4804"}],"version-history":[{"count":0,"href":"https:\/\/arcadiareptile.com\/fr\/wp-json\/wp\/v2\/pages\/4804\/revisions"}],"up":[{"embeddable":true,"href":"https:\/\/arcadiareptile.com\/fr\/wp-json\/wp\/v2\/pages\/4803"}],"wp:attachment":[{"href":"https:\/\/arcadiareptile.com\/fr\/wp-json\/wp\/v2\/media?parent=4804"}],"curies":[{"name":"wp","href":"https:\/\/api.w.org\/{rel}","templated":true}]}}