{"id":4867,"date":"2023-07-01T11:52:24","date_gmt":"2023-07-01T11:52:24","guid":{"rendered":"https:\/\/arcadiareptile.com\/cycle-d3\/"},"modified":"2023-09-21T14:17:19","modified_gmt":"2023-09-21T14:17:19","slug":"cycle-d3","status":"publish","type":"page","link":"https:\/\/arcadiareptile.com\/fr\/cycle-d3\/","title":{"rendered":"Cycle D3"},"content":{"rendered":"\t\t<div data-elementor-type=\"wp-page\" data-elementor-id=\"4867\" class=\"elementor elementor-4867 elementor-2116\" data-elementor-post-type=\"page\">\n\t\t\t\t<div class=\"elementor-element elementor-element-d98362f e-flex e-con-boxed e-con e-parent\" data-id=\"d98362f\" data-element_type=\"container\" data-e-type=\"container\" data-settings=\"{&quot;background_background&quot;:&quot;classic&quot;}\">\n\t\t\t\t\t<div class=\"e-con-inner\">\n\t\t<div class=\"elementor-element elementor-element-4a5ca48 e-con-full e-flex e-con e-parent\" data-id=\"4a5ca48\" data-element_type=\"container\" data-e-type=\"container\">\n\t\t<div class=\"elementor-element elementor-element-0990855 e-con-full e-flex e-con e-parent\" data-id=\"0990855\" data-element_type=\"container\" data-e-type=\"container\">\n\t\t<div class=\"elementor-element elementor-element-8b44e15 e-con-full e-flex e-con e-parent\" data-id=\"8b44e15\" data-element_type=\"container\" data-e-type=\"container\" data-settings=\"{&quot;background_background&quot;:&quot;classic&quot;}\">\n\t\t\t\t<div class=\"elementor-element elementor-element-cddf8ba elementor-align-left elementor-mobile-align-center elementor-widget elementor-widget-breadcrumbs\" data-id=\"cddf8ba\" data-element_type=\"widget\" data-e-type=\"widget\" data-widget_type=\"breadcrumbs.default\">\n\t\t\t\t<div class=\"elementor-widget-container\">\n\t\t\t\t\t<p id=\"breadcrumbs\"><span><span><a href=\"https:\/\/arcadiareptile.com\/fr\/accueil\/\">Home<\/a><\/span><\/span><\/p>\t\t\t\t<\/div>\n\t\t\t\t<\/div>\n\t\t\t\t<\/div>\n\t\t\t\t<\/div>\n\t\t\t\t<\/div>\n\t\t\t\t\t<\/div>\n\t\t\t\t<\/div>\n\t\t<div class=\"elementor-element elementor-element-8caf09c hs-acc-design e-flex e-con-boxed e-con e-parent\" data-id=\"8caf09c\" data-element_type=\"container\" data-e-type=\"container\" data-settings=\"{&quot;background_background&quot;:&quot;classic&quot;}\">\n\t\t\t\t\t<div class=\"e-con-inner\">\n\t\t<div class=\"elementor-element elementor-element-e57fa66 e-con-full e-flex e-con e-parent\" data-id=\"e57fa66\" data-element_type=\"container\" data-e-type=\"container\">\n\t\t<div class=\"elementor-element elementor-element-5d4458c e-flex e-con-boxed e-con e-parent\" data-id=\"5d4458c\" data-element_type=\"container\" data-e-type=\"container\">\n\t\t\t\t\t<div class=\"e-con-inner\">\n\t\t<div class=\"elementor-element elementor-element-4011bee e-con-full e-flex e-con e-parent\" data-id=\"4011bee\" data-element_type=\"container\" data-e-type=\"container\" data-settings=\"{&quot;background_background&quot;:&quot;classic&quot;}\">\n\t\t\t\t<div class=\"elementor-element elementor-element-fdfe1ec elementor-widget elementor-widget-heading\" data-id=\"fdfe1ec\" data-element_type=\"widget\" data-e-type=\"widget\" data-widget_type=\"heading.default\">\n\t\t\t\t<div class=\"elementor-widget-container\">\n\t\t\t\t\t<h2 class=\"elementor-heading-title elementor-size-default\">Cycle D3<\/h2>\t\t\t\t<\/div>\n\t\t\t\t<\/div>\n\t\t\t\t<div class=\"elementor-element elementor-element-44ac090 elementor-widget elementor-widget-spacer\" data-id=\"44ac090\" data-element_type=\"widget\" data-e-type=\"widget\" data-widget_type=\"spacer.default\">\n\t\t\t\t<div class=\"elementor-widget-container\">\n\t\t\t\t\t\t\t<div class=\"elementor-spacer\">\n\t\t\t<div class=\"elementor-spacer-inner\"><\/div>\n\t\t<\/div>\n\t\t\t\t\t\t<\/div>\n\t\t\t\t<\/div>\n\t\t\t\t<div class=\"elementor-element elementor-element-f1dffdc elementor-widget elementor-widget-text-editor\" data-id=\"f1dffdc\" data-element_type=\"widget\" data-e-type=\"widget\" data-widget_type=\"text-editor.default\">\n\t\t\t\t<div class=\"elementor-widget-container\">\n\t\t\t\t\t\t\t\t\t<p>Les reptiles ont besoin de chaleur, de lumi\u00c3\u00a8re, d&rsquo;UV-A\/UV-B, de nourriture et d&rsquo;eau pour se maintenir et faire progresser leur lign\u00c3\u00a9e.<\/p>\n\t\t\t\t\t\t\t\t<\/div>\n\t\t\t\t<\/div>\n\t\t\t\t<div class=\"elementor-element elementor-element-25a71ce elementor-widget elementor-widget-spacer\" data-id=\"25a71ce\" data-element_type=\"widget\" data-e-type=\"widget\" data-widget_type=\"spacer.default\">\n\t\t\t\t<div class=\"elementor-widget-container\">\n\t\t\t\t\t\t\t<div class=\"elementor-spacer\">\n\t\t\t<div class=\"elementor-spacer-inner\"><\/div>\n\t\t<\/div>\n\t\t\t\t\t\t<\/div>\n\t\t\t\t<\/div>\n\t\t\t\t<div class=\"elementor-element elementor-element-939ab46 elementor-widget elementor-widget-text-editor\" data-id=\"939ab46\" data-element_type=\"widget\" data-e-type=\"widget\" data-widget_type=\"text-editor.default\">\n\t\t\t\t<div class=\"elementor-widget-container\">\n\t\t\t\t\t\t\t\t\t<p>En tant qu&rsquo;\u00e9leveurs responsables, nous devons faire tout ce qui est en notre pouvoir pour reproduire ces indicateurs naturels aussi fid\u00e8lement que la technologie actuelle le permet. Chez Arcadia, nous sommes fiers d&rsquo;offrir \u00e0 nos clients l&rsquo;acc\u00e8s \u00e0 plus de science, de pens\u00e9es \u00e9mergentes et de technologie que toute autre marque. Nous sommes d\u00e9termin\u00e9s \u00e0 voir notre \u00ab\u00a0R\u00e9volution dans le soin des reptiles\u00a0\u00bb.<\/p>\n\t\t\t\t\t\t\t\t<\/div>\n\t\t\t\t<\/div>\n\t\t\t\t<\/div>\n\t\t\t\t\t<\/div>\n\t\t\t\t<\/div>\n\t\t<div class=\"elementor-element elementor-element-f7a214a e-flex e-con-boxed e-con e-parent\" data-id=\"f7a214a\" data-element_type=\"container\" data-e-type=\"container\">\n\t\t\t\t\t<div class=\"e-con-inner\">\n\t\t<div class=\"elementor-element elementor-element-20db5d1 e-con-full e-flex e-con e-parent\" data-id=\"20db5d1\" data-element_type=\"container\" data-e-type=\"container\" data-settings=\"{&quot;background_background&quot;:&quot;classic&quot;}\">\n\t\t\t\t<div class=\"elementor-element elementor-element-9283063 elementor-widget elementor-widget-image\" data-id=\"9283063\" data-element_type=\"widget\" data-e-type=\"widget\" data-widget_type=\"image.default\">\n\t\t\t\t<div class=\"elementor-widget-container\">\n\t\t\t\t\t\t\t\t\t\t\t\t\t\t\t\t<a href=\"https:\/\/arcadiareptile.com\/wp-content\/uploads\/d3-cycle.png\">\n\t\t\t\t\t\t\t<img fetchpriority=\"high\" decoding=\"async\" width=\"1586\" height=\"885\" src=\"https:\/\/arcadiareptile.com\/wp-content\/uploads\/d3-cycle.png\" class=\"attachment-full size-full wp-image-2120\" alt=\"D3 Cycle\" srcset=\"https:\/\/arcadiareptile.com\/wp-content\/uploads\/d3-cycle.png 1586w, https:\/\/arcadiareptile.com\/wp-content\/uploads\/d3-cycle-768x429.png 768w, https:\/\/arcadiareptile.com\/wp-content\/uploads\/d3-cycle-1536x857.png 1536w\" sizes=\"(max-width: 1586px) 100vw, 1586px\" \/>\t\t\t\t\t\t\t\t<\/a>\n\t\t\t\t\t\t\t\t\t\t\t\t\t\t\t<\/div>\n\t\t\t\t<\/div>\n\t\t\t\t<\/div>\n\t\t\t\t\t<\/div>\n\t\t\t\t<\/div>\n\t\t<div class=\"elementor-element elementor-element-c394ce4 e-flex e-con-boxed e-con e-parent\" data-id=\"c394ce4\" data-element_type=\"container\" data-e-type=\"container\">\n\t\t\t\t\t<div class=\"e-con-inner\">\n\t\t<div class=\"elementor-element elementor-element-16b0574 e-con-full e-flex e-con e-parent\" data-id=\"16b0574\" data-element_type=\"container\" data-e-type=\"container\" data-settings=\"{&quot;background_background&quot;:&quot;classic&quot;}\">\n\t\t\t\t<div class=\"elementor-element elementor-element-8a00811 elementor-widget elementor-widget-spacer\" data-id=\"8a00811\" data-element_type=\"widget\" data-e-type=\"widget\" data-widget_type=\"spacer.default\">\n\t\t\t\t<div class=\"elementor-widget-container\">\n\t\t\t\t\t\t\t<div class=\"elementor-spacer\">\n\t\t\t<div class=\"elementor-spacer-inner\"><\/div>\n\t\t<\/div>\n\t\t\t\t\t\t<\/div>\n\t\t\t\t<\/div>\n\t\t\t\t<div class=\"elementor-element elementor-element-d4dab77 elementor-widget elementor-widget-text-editor\" data-id=\"d4dab77\" data-element_type=\"widget\" data-e-type=\"widget\" data-widget_type=\"text-editor.default\">\n\t\t\t\t<div class=\"elementor-widget-container\">\n\t\t\t\t\t\t\t\t\t<p>Le cycle D3 est un changement chimique et hormonal dans le corps d&rsquo;un animal, qui produit ensuite de la vitamine D3.<\/p>\n\t\t\t\t\t\t\t\t<\/div>\n\t\t\t\t<\/div>\n\t\t\t\t<div class=\"elementor-element elementor-element-9d1ba74 elementor-widget elementor-widget-spacer\" data-id=\"9d1ba74\" data-element_type=\"widget\" data-e-type=\"widget\" data-widget_type=\"spacer.default\">\n\t\t\t\t<div class=\"elementor-widget-container\">\n\t\t\t\t\t\t\t<div class=\"elementor-spacer\">\n\t\t\t<div class=\"elementor-spacer-inner\"><\/div>\n\t\t<\/div>\n\t\t\t\t\t\t<\/div>\n\t\t\t\t<\/div>\n\t\t\t\t<div class=\"elementor-element elementor-element-83cdbdb elementor-widget elementor-widget-image\" data-id=\"83cdbdb\" data-element_type=\"widget\" data-e-type=\"widget\" data-widget_type=\"image.default\">\n\t\t\t\t<div class=\"elementor-widget-container\">\n\t\t\t\t\t\t\t\t\t\t\t\t\t\t\t<img decoding=\"async\" width=\"1012\" height=\"658\" src=\"https:\/\/arcadiareptile.com\/wp-content\/uploads\/d3-cycle-bearded-dragon.jpg\" class=\"attachment-full size-full wp-image-2121\" alt=\"D3 Cycle Bearded Dragon\" srcset=\"https:\/\/arcadiareptile.com\/wp-content\/uploads\/d3-cycle-bearded-dragon.jpg 1012w, https:\/\/arcadiareptile.com\/wp-content\/uploads\/d3-cycle-bearded-dragon-768x499.jpg 768w\" sizes=\"(max-width: 1012px) 100vw, 1012px\" \/>\t\t\t\t\t\t\t\t\t\t\t\t\t\t\t<\/div>\n\t\t\t\t<\/div>\n\t\t\t\t<div class=\"elementor-element elementor-element-8a5cebf elementor-widget elementor-widget-spacer\" data-id=\"8a5cebf\" data-element_type=\"widget\" data-e-type=\"widget\" data-widget_type=\"spacer.default\">\n\t\t\t\t<div class=\"elementor-widget-container\">\n\t\t\t\t\t\t\t<div class=\"elementor-spacer\">\n\t\t\t<div class=\"elementor-spacer-inner\"><\/div>\n\t\t<\/div>\n\t\t\t\t\t\t<\/div>\n\t\t\t\t<\/div>\n\t\t\t\t<div class=\"elementor-element elementor-element-e935a8f elementor-widget elementor-widget-spacer\" data-id=\"e935a8f\" data-element_type=\"widget\" data-e-type=\"widget\" data-widget_type=\"spacer.default\">\n\t\t\t\t<div class=\"elementor-widget-container\">\n\t\t\t\t\t\t\t<div class=\"elementor-spacer\">\n\t\t\t<div class=\"elementor-spacer-inner\"><\/div>\n\t\t<\/div>\n\t\t\t\t\t\t<\/div>\n\t\t\t\t<\/div>\n\t\t\t\t<div class=\"elementor-element elementor-element-5df724d elementor-widget elementor-widget-text-editor\" data-id=\"5df724d\" data-element_type=\"widget\" data-e-type=\"widget\" data-widget_type=\"text-editor.default\">\n\t\t\t\t<div class=\"elementor-widget-container\">\n\t\t\t\t\t\t\t\t\t<p>Le cycle D3 est un processus biologique qui d\u00e9pend de nombreux facteurs externes, notamment l&rsquo;acc\u00e8s \u00e0 la lumi\u00e8re naturelle, la chaleur, le froid et le repos.<\/p>\n<p>Ce processus \u00e9tonnant commence lorsqu&rsquo;un cholest\u00e9rol appel\u00e9 pro vitamine D (7DHC) est produit dans la peau de l&rsquo;animal (il est \u00e9galement naturel chez l&rsquo;homme). Lorsque ce cholest\u00e9rol est expos\u00e9 \u00e0 la lumi\u00e8re naturelle (y compris les UV-B \u00e0 290-315nm), il se transforme en pr\u00e9-vitamine D \u00e0 l&rsquo;int\u00e9rieur de la membrane cutan\u00e9e.<\/p>\n<p>Apr\u00e8s une exposition \u00e0 la chaleur, cette pr\u00e9-vitamine D nouvellement fabriqu\u00e9e est transform\u00e9e (dans la membrane cutan\u00e9e) en vitamine D3. La vitamine D3 est ensuite envoy\u00c3\u00a9e dans le plasma sanguin et se lie \u00c3&nbsp; une prot\u00c3\u00a9ine de liaison de la vitamine D. Cette partie de la vitamine D est ensuite transport\u00e9e vers le foie o\u00f9 elle se transforme en une hormone appel\u00e9e calc\u00e9diol (25-hydroxy vitamine D3).<\/p>\n<div class=\"col-md-8 col-md-offset-2\">\n<p class=\"post\">Le sang transporte ce calc\u00e9diol dans tout le corps jusqu&rsquo;aux reins. L\u00e0, une partie de l&rsquo;hormone se transforme en une autre hormone appel\u00e9e calc\u00e9triol. Ce compos\u00e9 joue un r\u00f4le essentiel dans le m\u00e9tabolisme du calcium en contr\u00f4lant les niveaux de calcium dans le sang. Le calcetriol joue \u00e9galement un r\u00f4le important dans le syst\u00e8me immunitaire et le syst\u00e8me cardiovasculaire. Il a \u00e9t\u00e9 d\u00e9montr\u00e9 qu&rsquo;il r\u00e9duit le risque de cancers du corps et de la peau.<\/p>\n<p class=\"post\">Nous pouvons voir que l&rsquo;exposition \u00e0 la lumi\u00e8re naturelle du soleil pour transformer cette derni\u00e8re en vitamines vitales, n&rsquo;est que le d\u00e9but de cette \u00e9tonnante capacit\u00e9. Si une partie du cycle est manqu\u00e9e, il ne peut \u00eatre achev\u00e9. Les changements et les r\u00c3\u00a9actions seraient \u00c3\u00a9galement entrav\u00c3\u00a9s. Il en r\u00e9sulterait un d\u00e9ficit en vitamines et en hormones. Si une suppl\u00e9mentation n&rsquo;\u00e9tait pas utilis\u00e9e, un effondrement du calcium pourrait se produire.<\/p>\n<p class=\"post\">Bien que vitale pour le bien-\u00c3\u00aatre des reptiles, l&rsquo;exposition aux UV joue bien d&rsquo;autres r\u00c3\u00b4les dans l&rsquo;organisme que le seul cycle D3. Les impacts sur la vue, la reproduction et le bien-\u00c3\u00aatre mental sont tous document\u00c3\u00a9s et font l&rsquo;objet de recherches.<\/p>\n<\/div>\n\t\t\t\t\t\t\t\t<\/div>\n\t\t\t\t<\/div>\n\t\t\t\t<div class=\"elementor-element elementor-element-7831fa5 elementor-widget elementor-widget-spacer\" data-id=\"7831fa5\" data-element_type=\"widget\" data-e-type=\"widget\" data-widget_type=\"spacer.default\">\n\t\t\t\t<div class=\"elementor-widget-container\">\n\t\t\t\t\t\t\t<div class=\"elementor-spacer\">\n\t\t\t<div class=\"elementor-spacer-inner\"><\/div>\n\t\t<\/div>\n\t\t\t\t\t\t<\/div>\n\t\t\t\t<\/div>\n\t\t\t\t<div class=\"elementor-element elementor-element-1449c54 elementor-widget elementor-widget-text-editor\" data-id=\"1449c54\" data-element_type=\"widget\" data-e-type=\"widget\" data-widget_type=\"text-editor.default\">\n\t\t\t\t<div class=\"elementor-widget-container\">\n\t\t\t\t\t\t\t\t\t<p><span class=\"TextRun SCXW263595479 BCX2\" lang=\"EN-US\" data-contrast=\"auto\"><span class=\"NormalTextRun SCXW263595479 BCX2\">Pour en savoir plus sur ces processus, consultez nos <a style=\"text-decoration: underline; color: #46e4e3;\" href=\"https:\/\/arcadiareptile.com\/books\/\">livres<\/a> et nos <a style=\"text-decoration: underline; color: #46e4e3;\" href=\"https:\/\/arcadiareptile.com\/podcast\/\">podcasts<\/a>.<\/span><\/span>.<\/p>\n\t\t\t\t\t\t\t\t<\/div>\n\t\t\t\t<\/div>\n\t\t\t\t<\/div>\n\t\t\t\t\t<\/div>\n\t\t\t\t<\/div>\n\t\t\t\t<\/div>\n\t\t\t\t\t<\/div>\n\t\t\t\t<\/div>\n\t\t\t\t<\/div>\n\t\t","protected":false},"excerpt":{"rendered":"<p>Cycle D3 Les reptiles ont besoin de chaleur, de lumi\u00c3\u00a8re, d&rsquo;UV-A\/UV-B, de nourriture et d&rsquo;eau pour se maintenir et faire progresser leur lign\u00c3\u00a9e. En tant qu&rsquo;\u00e9leveurs responsables, nous devons faire tout ce qui est en notre pouvoir pour reproduire ces indicateurs naturels aussi fid\u00e8lement que la technologie actuelle le permet. Chez Arcadia, nous sommes fiers [&hellip;]<\/p>\n","protected":false},"author":1,"featured_media":0,"parent":0,"menu_order":0,"comment_status":"closed","ping_status":"closed","template":"","meta":{"site-sidebar-layout":"no-sidebar","site-content-layout":"page-builder","ast-site-content-layout":"default","site-content-style":"default","site-sidebar-style":"default","ast-global-header-display":"","ast-banner-title-visibility":"","ast-main-header-display":"","ast-hfb-above-header-display":"","ast-hfb-below-header-display":"","ast-hfb-mobile-header-display":"","site-post-title":"disabled","ast-breadcrumbs-content":"","ast-featured-img":"disabled","footer-sml-layout":"","ast-disable-related-posts":"","theme-transparent-header-meta":"","adv-header-id-meta":"","stick-header-meta":"","header-above-stick-meta":"","header-main-stick-meta":"","header-below-stick-meta":"","astra-migrate-meta-layouts":"default","ast-page-background-enabled":"default","ast-page-background-meta":{"desktop":{"background-color":"var(--ast-global-color-4)","background-image":"","background-repeat":"repeat","background-position":"center center","background-size":"auto","background-attachment":"scroll","background-type":"","background-media":"","overlay-type":"","overlay-color":"","overlay-opacity":"","overlay-gradient":""},"tablet":{"background-color":"","background-image":"","background-repeat":"repeat","background-position":"center center","background-size":"auto","background-attachment":"scroll","background-type":"","background-media":"","overlay-type":"","overlay-color":"","overlay-opacity":"","overlay-gradient":""},"mobile":{"background-color":"","background-image":"","background-repeat":"repeat","background-position":"center center","background-size":"auto","background-attachment":"scroll","background-type":"","background-media":"","overlay-type":"","overlay-color":"","overlay-opacity":"","overlay-gradient":""}},"ast-content-background-meta":{"desktop":{"background-color":"var(--ast-global-color-5)","background-image":"","background-repeat":"repeat","background-position":"center center","background-size":"auto","background-attachment":"scroll","background-type":"","background-media":"","overlay-type":"","overlay-color":"","overlay-opacity":"","overlay-gradient":""},"tablet":{"background-color":"var(--ast-global-color-5)","background-image":"","background-repeat":"repeat","background-position":"center center","background-size":"auto","background-attachment":"scroll","background-type":"","background-media":"","overlay-type":"","overlay-color":"","overlay-opacity":"","overlay-gradient":""},"mobile":{"background-color":"var(--ast-global-color-5)","background-image":"","background-repeat":"repeat","background-position":"center center","background-size":"auto","background-attachment":"scroll","background-type":"","background-media":"","overlay-type":"","overlay-color":"","overlay-opacity":"","overlay-gradient":""}},"footnotes":""},"class_list":["post-4867","page","type-page","status-publish","hentry"],"yoast_head":"<!-- This site is optimized with the Yoast SEO plugin v27.3 - https:\/\/yoast.com\/product\/yoast-seo-wordpress\/ -->\n<title>Cycle D3 - Arcadia Reptile<\/title>\n<meta name=\"robots\" content=\"index, follow, max-snippet:-1, max-image-preview:large, max-video-preview:-1\" \/>\n<link rel=\"canonical\" href=\"https:\/\/arcadiareptile.com\/fr\/cycle-d3\/\" \/>\n<meta property=\"og:locale\" content=\"fr_FR\" \/>\n<meta property=\"og:type\" content=\"article\" \/>\n<meta property=\"og:title\" content=\"Cycle D3 - Arcadia Reptile\" \/>\n<meta property=\"og:description\" content=\"Cycle D3 Les reptiles ont besoin de chaleur, de lumi\u00c3\u00a8re, d&rsquo;UV-A\/UV-B, de nourriture et d&rsquo;eau pour se maintenir et faire progresser leur lign\u00c3\u00a9e. En tant qu&rsquo;\u00e9leveurs responsables, nous devons faire tout ce qui est en notre pouvoir pour reproduire ces indicateurs naturels aussi fid\u00e8lement que la technologie actuelle le permet. Chez Arcadia, nous sommes fiers [&hellip;]\" \/>\n<meta property=\"og:url\" content=\"https:\/\/arcadiareptile.com\/fr\/cycle-d3\/\" \/>\n<meta property=\"og:site_name\" content=\"Arcadia Reptile\" \/>\n<meta property=\"article:modified_time\" content=\"2023-09-21T14:17:19+00:00\" \/>\n<meta property=\"og:image\" content=\"https:\/\/arcadiareptile.com\/wp-content\/uploads\/d3-cycle.png\" \/>\n<meta name=\"twitter:card\" content=\"summary_large_image\" \/>\n<meta name=\"twitter:label1\" content=\"Dur\u00e9e de lecture estim\u00e9e\" \/>\n\t<meta name=\"twitter:data1\" content=\"2 minutes\" \/>\n<script type=\"application\/ld+json\" class=\"yoast-schema-graph\">{\"@context\":\"https:\\\/\\\/schema.org\",\"@graph\":[{\"@type\":\"WebPage\",\"@id\":\"https:\\\/\\\/arcadiareptile.com\\\/fr\\\/cycle-d3\\\/\",\"url\":\"https:\\\/\\\/arcadiareptile.com\\\/fr\\\/cycle-d3\\\/\",\"name\":\"Cycle D3 - Arcadia Reptile\",\"isPartOf\":{\"@id\":\"https:\\\/\\\/arcadiareptile.com\\\/fr\\\/#website\"},\"primaryImageOfPage\":{\"@id\":\"https:\\\/\\\/arcadiareptile.com\\\/fr\\\/cycle-d3\\\/#primaryimage\"},\"image\":{\"@id\":\"https:\\\/\\\/arcadiareptile.com\\\/fr\\\/cycle-d3\\\/#primaryimage\"},\"thumbnailUrl\":\"https:\\\/\\\/arcadiareptile.com\\\/wp-content\\\/uploads\\\/d3-cycle.png\",\"datePublished\":\"2023-07-01T11:52:24+00:00\",\"dateModified\":\"2023-09-21T14:17:19+00:00\",\"breadcrumb\":{\"@id\":\"https:\\\/\\\/arcadiareptile.com\\\/fr\\\/cycle-d3\\\/#breadcrumb\"},\"inLanguage\":\"fr-FR\",\"potentialAction\":[{\"@type\":\"ReadAction\",\"target\":[\"https:\\\/\\\/arcadiareptile.com\\\/fr\\\/cycle-d3\\\/\"]}]},{\"@type\":\"ImageObject\",\"inLanguage\":\"fr-FR\",\"@id\":\"https:\\\/\\\/arcadiareptile.com\\\/fr\\\/cycle-d3\\\/#primaryimage\",\"url\":\"https:\\\/\\\/arcadiareptile.com\\\/wp-content\\\/uploads\\\/d3-cycle.png\",\"contentUrl\":\"https:\\\/\\\/arcadiareptile.com\\\/wp-content\\\/uploads\\\/d3-cycle.png\"},{\"@type\":\"BreadcrumbList\",\"@id\":\"https:\\\/\\\/arcadiareptile.com\\\/fr\\\/cycle-d3\\\/#breadcrumb\",\"itemListElement\":[{\"@type\":\"ListItem\",\"position\":1,\"name\":\"Home\",\"item\":\"https:\\\/\\\/arcadiareptile.com\\\/fr\\\/accueil\\\/\"},{\"@type\":\"ListItem\",\"position\":2,\"name\":\"Cycle D3\"}]},{\"@type\":\"WebSite\",\"@id\":\"https:\\\/\\\/arcadiareptile.com\\\/fr\\\/#website\",\"url\":\"https:\\\/\\\/arcadiareptile.com\\\/fr\\\/\",\"name\":\"Arcadia Reptile\",\"description\":\"Arcadia Reptile\",\"potentialAction\":[{\"@type\":\"SearchAction\",\"target\":{\"@type\":\"EntryPoint\",\"urlTemplate\":\"https:\\\/\\\/arcadiareptile.com\\\/fr\\\/?s={search_term_string}\"},\"query-input\":{\"@type\":\"PropertyValueSpecification\",\"valueRequired\":true,\"valueName\":\"search_term_string\"}}],\"inLanguage\":\"fr-FR\"}]}<\/script>\n<!-- \/ Yoast SEO plugin. -->","yoast_head_json":{"title":"Cycle D3 - Arcadia Reptile","robots":{"index":"index","follow":"follow","max-snippet":"max-snippet:-1","max-image-preview":"max-image-preview:large","max-video-preview":"max-video-preview:-1"},"canonical":"https:\/\/arcadiareptile.com\/fr\/cycle-d3\/","og_locale":"fr_FR","og_type":"article","og_title":"Cycle D3 - Arcadia Reptile","og_description":"Cycle D3 Les reptiles ont besoin de chaleur, de lumi\u00c3\u00a8re, d&rsquo;UV-A\/UV-B, de nourriture et d&rsquo;eau pour se maintenir et faire progresser leur lign\u00c3\u00a9e. En tant qu&rsquo;\u00e9leveurs responsables, nous devons faire tout ce qui est en notre pouvoir pour reproduire ces indicateurs naturels aussi fid\u00e8lement que la technologie actuelle le permet. Chez Arcadia, nous sommes fiers [&hellip;]","og_url":"https:\/\/arcadiareptile.com\/fr\/cycle-d3\/","og_site_name":"Arcadia Reptile","article_modified_time":"2023-09-21T14:17:19+00:00","og_image":[{"url":"https:\/\/arcadiareptile.com\/wp-content\/uploads\/d3-cycle.png","type":"","width":"","height":""}],"twitter_card":"summary_large_image","twitter_misc":{"Dur\u00e9e de lecture estim\u00e9e":"2 minutes"},"schema":{"@context":"https:\/\/schema.org","@graph":[{"@type":"WebPage","@id":"https:\/\/arcadiareptile.com\/fr\/cycle-d3\/","url":"https:\/\/arcadiareptile.com\/fr\/cycle-d3\/","name":"Cycle D3 - Arcadia Reptile","isPartOf":{"@id":"https:\/\/arcadiareptile.com\/fr\/#website"},"primaryImageOfPage":{"@id":"https:\/\/arcadiareptile.com\/fr\/cycle-d3\/#primaryimage"},"image":{"@id":"https:\/\/arcadiareptile.com\/fr\/cycle-d3\/#primaryimage"},"thumbnailUrl":"https:\/\/arcadiareptile.com\/wp-content\/uploads\/d3-cycle.png","datePublished":"2023-07-01T11:52:24+00:00","dateModified":"2023-09-21T14:17:19+00:00","breadcrumb":{"@id":"https:\/\/arcadiareptile.com\/fr\/cycle-d3\/#breadcrumb"},"inLanguage":"fr-FR","potentialAction":[{"@type":"ReadAction","target":["https:\/\/arcadiareptile.com\/fr\/cycle-d3\/"]}]},{"@type":"ImageObject","inLanguage":"fr-FR","@id":"https:\/\/arcadiareptile.com\/fr\/cycle-d3\/#primaryimage","url":"https:\/\/arcadiareptile.com\/wp-content\/uploads\/d3-cycle.png","contentUrl":"https:\/\/arcadiareptile.com\/wp-content\/uploads\/d3-cycle.png"},{"@type":"BreadcrumbList","@id":"https:\/\/arcadiareptile.com\/fr\/cycle-d3\/#breadcrumb","itemListElement":[{"@type":"ListItem","position":1,"name":"Home","item":"https:\/\/arcadiareptile.com\/fr\/accueil\/"},{"@type":"ListItem","position":2,"name":"Cycle D3"}]},{"@type":"WebSite","@id":"https:\/\/arcadiareptile.com\/fr\/#website","url":"https:\/\/arcadiareptile.com\/fr\/","name":"Arcadia Reptile","description":"Arcadia Reptile","potentialAction":[{"@type":"SearchAction","target":{"@type":"EntryPoint","urlTemplate":"https:\/\/arcadiareptile.com\/fr\/?s={search_term_string}"},"query-input":{"@type":"PropertyValueSpecification","valueRequired":true,"valueName":"search_term_string"}}],"inLanguage":"fr-FR"}]}},"_links":{"self":[{"href":"https:\/\/arcadiareptile.com\/fr\/wp-json\/wp\/v2\/pages\/4867","targetHints":{"allow":["GET"]}}],"collection":[{"href":"https:\/\/arcadiareptile.com\/fr\/wp-json\/wp\/v2\/pages"}],"about":[{"href":"https:\/\/arcadiareptile.com\/fr\/wp-json\/wp\/v2\/types\/page"}],"author":[{"embeddable":true,"href":"https:\/\/arcadiareptile.com\/fr\/wp-json\/wp\/v2\/users\/1"}],"replies":[{"embeddable":true,"href":"https:\/\/arcadiareptile.com\/fr\/wp-json\/wp\/v2\/comments?post=4867"}],"version-history":[{"count":0,"href":"https:\/\/arcadiareptile.com\/fr\/wp-json\/wp\/v2\/pages\/4867\/revisions"}],"wp:attachment":[{"href":"https:\/\/arcadiareptile.com\/fr\/wp-json\/wp\/v2\/media?parent=4867"}],"curies":[{"name":"wp","href":"https:\/\/api.w.org\/{rel}","templated":true}]}}