{"id":4877,"date":"2023-07-04T08:41:45","date_gmt":"2023-07-04T08:41:45","guid":{"rendered":"https:\/\/arcadiareptile.com\/la-mathode-de-la-lumia%c2%a8re-et-de-lombre\/"},"modified":"2023-09-21T14:41:50","modified_gmt":"2023-09-21T14:41:50","slug":"la-mathode-de-la-lumia%c2%a8re-et-de-lombre","status":"publish","type":"page","link":"https:\/\/arcadiareptile.com\/fr\/la-mathode-de-la-lumia%c2%a8re-et-de-lombre\/","title":{"rendered":"La m\u00c3\u00a9thode de la lumi\u00c3\u00a8re et de l&rsquo;ombre"},"content":{"rendered":"\t\t<div data-elementor-type=\"wp-page\" data-elementor-id=\"4877\" class=\"elementor elementor-4877 elementor-2395\" data-elementor-post-type=\"page\">\n\t\t\t\t<div class=\"elementor-element elementor-element-2ecf001a e-con-full e-flex e-con e-parent\" data-id=\"2ecf001a\" data-element_type=\"container\" data-e-type=\"container\">\n\t\t\t\t<div class=\"elementor-element elementor-element-30593b4f elementor-widget elementor-widget-image\" data-id=\"30593b4f\" data-element_type=\"widget\" data-e-type=\"widget\" data-widget_type=\"image.default\">\n\t\t\t\t<div class=\"elementor-widget-container\">\n\t\t\t\t\t\t\t\t\t\t\t\t\t\t\t<img fetchpriority=\"high\" decoding=\"async\" width=\"1600\" height=\"722\" src=\"https:\/\/arcadiareptile.com\/wp-content\/uploads\/leopard-gecko-rock.jpg\" class=\"attachment-full size-full wp-image-4878\" alt=\"\" srcset=\"https:\/\/arcadiareptile.com\/wp-content\/uploads\/leopard-gecko-rock.jpg 1600w, https:\/\/arcadiareptile.com\/wp-content\/uploads\/leopard-gecko-rock-768x347.jpg 768w, https:\/\/arcadiareptile.com\/wp-content\/uploads\/leopard-gecko-rock-1536x693.jpg 1536w\" sizes=\"(max-width: 1600px) 100vw, 1600px\" \/>\t\t\t\t\t\t\t\t\t\t\t\t\t\t\t<\/div>\n\t\t\t\t<\/div>\n\t\t\t\t<\/div>\n\t\t\t\t<section class=\"elementor-section elementor-top-section elementor-element elementor-element-5b119190 elementor-section-full_width elementor-section-height-default elementor-section-height-default\" data-id=\"5b119190\" data-element_type=\"section\" data-e-type=\"section\" data-settings=\"{&quot;background_background&quot;:&quot;classic&quot;}\">\n\t\t\t\t\t\t<div class=\"elementor-container elementor-column-gap-default\">\n\t\t\t\t\t<div class=\"elementor-column elementor-col-100 elementor-top-column elementor-element elementor-element-6b5074a2\" data-id=\"6b5074a2\" data-element_type=\"column\" data-e-type=\"column\">\n\t\t\t<div class=\"elementor-widget-wrap elementor-element-populated\">\n\t\t\t\t\t\t<section class=\"elementor-section elementor-inner-section elementor-element elementor-element-613320b3 elementor-section-boxed elementor-section-height-default elementor-section-height-default\" data-id=\"613320b3\" data-element_type=\"section\" data-e-type=\"section\">\n\t\t\t\t\t\t<div class=\"elementor-container elementor-column-gap-extended\">\n\t\t\t\t\t<div class=\"elementor-column elementor-col-100 elementor-inner-column elementor-element elementor-element-119fcd6e\" data-id=\"119fcd6e\" data-element_type=\"column\" data-e-type=\"column\" data-settings=\"{&quot;background_background&quot;:&quot;classic&quot;}\">\n\t\t\t<div class=\"elementor-widget-wrap elementor-element-populated\">\n\t\t\t\t\t\t<div class=\"elementor-element elementor-element-68b4ed3a elementor-widget elementor-widget-heading\" data-id=\"68b4ed3a\" data-element_type=\"widget\" data-e-type=\"widget\" data-widget_type=\"heading.default\">\n\t\t\t\t<div class=\"elementor-widget-container\">\n\t\t\t\t\t<h2 class=\"elementor-heading-title elementor-size-default\">La m\u00c3\u00a9thode de la lumi\u00c3\u00a8re et de l'ombre<\/h2>\t\t\t\t<\/div>\n\t\t\t\t<\/div>\n\t\t\t\t\t<\/div>\n\t\t<\/div>\n\t\t\t\t\t<\/div>\n\t\t<\/section>\n\t\t\t\t\t<\/div>\n\t\t<\/div>\n\t\t\t\t\t<\/div>\n\t\t<\/section>\n\t\t\t\t<section class=\"elementor-section elementor-top-section elementor-element elementor-element-45273595 elementor-section-full_width elementor-section-height-default elementor-section-height-default\" data-id=\"45273595\" data-element_type=\"section\" data-e-type=\"section\" data-settings=\"{&quot;background_background&quot;:&quot;classic&quot;}\">\n\t\t\t\t\t\t<div class=\"elementor-container elementor-column-gap-default\">\n\t\t\t\t\t<div class=\"elementor-column elementor-col-100 elementor-top-column elementor-element elementor-element-456c269a\" data-id=\"456c269a\" data-element_type=\"column\" data-e-type=\"column\">\n\t\t\t<div class=\"elementor-widget-wrap elementor-element-populated\">\n\t\t\t\t\t\t<section class=\"elementor-section elementor-inner-section elementor-element elementor-element-482ac017 elementor-section-boxed elementor-section-height-default elementor-section-height-default\" data-id=\"482ac017\" data-element_type=\"section\" data-e-type=\"section\">\n\t\t\t\t\t\t<div class=\"elementor-container elementor-column-gap-extended\">\n\t\t\t\t\t<div class=\"elementor-column elementor-col-100 elementor-inner-column elementor-element elementor-element-159cf0a\" data-id=\"159cf0a\" data-element_type=\"column\" data-e-type=\"column\" data-settings=\"{&quot;background_background&quot;:&quot;classic&quot;}\">\n\t\t\t<div class=\"elementor-widget-wrap elementor-element-populated\">\n\t\t\t\t\t\t<div class=\"elementor-element elementor-element-5c4237b elementor-widget elementor-widget-heading\" data-id=\"5c4237b\" data-element_type=\"widget\" data-e-type=\"widget\" data-widget_type=\"heading.default\">\n\t\t\t\t<div class=\"elementor-widget-container\">\n\t\t\t\t\t<h3 class=\"elementor-heading-title elementor-size-default\">Les reptiles ont besoin d'un gradient thermique pour pouvoir r\u00e9guler leur propre temp\u00e9rature. Voici un guide de r\u00c3\u00a9f\u00c3\u00a9rence pour la mise en place d'un gradient thermique dans un enclos.<\/h3>\t\t\t\t<\/div>\n\t\t\t\t<\/div>\n\t\t\t\t<div class=\"elementor-element elementor-element-1287d568 elementor-widget elementor-widget-text-editor\" data-id=\"1287d568\" data-element_type=\"widget\" data-e-type=\"widget\" data-widget_type=\"text-editor.default\">\n\t\t\t\t<div class=\"elementor-widget-container\">\n\t\t\t\t\t\t\t\t\t<p>Maintenir une temp\u00e9rature plus \u00e9lev\u00e9e \u00e0 une extr\u00e9mit\u00e9 du vivarium, tout en maintenant une temp\u00e9rature plus basse \u00e0 l&rsquo;extr\u00e9mit\u00e9 oppos\u00e9e du vivarium, est le fondement des soins aux reptiles. La m\u00e9thode de l&rsquo;ombre et de la lumi\u00e8re am\u00e9liore cette approche car elle inclut \u00e9galement la fourniture d&rsquo;une quantit\u00e9 ad\u00e9quate de lumi\u00e8re \u00e0 spectre complet + UVB dans le cadre du gradient afin de cr\u00e9er un zonage utilisable de \u00ab\u00a0chaleur et lumi\u00e8re\u00a0\u00bb \u00e0 \u00ab\u00a0fra\u00eecheur et ombre\u00a0\u00bb.<\/p>\n<p>Le soleil projette dans notre monde toutes les longueurs d&rsquo;onde terrestres de la lumi\u00c3\u00a8re, des UVB aux infrarouges B. Il s&rsquo;agit d&rsquo;une source d&rsquo;\u00e9nergie unique, qui peut \u00eatre utilis\u00e9e pour la production de chaleur et de lumi\u00e8re. Il est donc important de ne pas s\u00c3\u00a9parer les sources de chaleur et de lumi\u00c3\u00a8re en captivit\u00c3\u00a9.<\/p>\n\t\t\t\t\t\t\t\t<\/div>\n\t\t\t\t<\/div>\n\t\t\t\t\t<\/div>\n\t\t<\/div>\n\t\t\t\t\t<\/div>\n\t\t<\/section>\n\t\t\t\t<section class=\"elementor-section elementor-inner-section elementor-element elementor-element-59a2ffed elementor-section-boxed elementor-section-height-default elementor-section-height-default\" data-id=\"59a2ffed\" data-element_type=\"section\" data-e-type=\"section\">\n\t\t\t\t\t\t<div class=\"elementor-container elementor-column-gap-extended\">\n\t\t\t\t\t<div class=\"elementor-column elementor-col-100 elementor-inner-column elementor-element elementor-element-6e1cfa30\" data-id=\"6e1cfa30\" data-element_type=\"column\" data-e-type=\"column\">\n\t\t\t<div class=\"elementor-widget-wrap elementor-element-populated\">\n\t\t\t\t\t\t<div class=\"elementor-element elementor-element-1ca394c4 elementor-widget elementor-widget-image\" data-id=\"1ca394c4\" data-element_type=\"widget\" data-e-type=\"widget\" data-widget_type=\"image.default\">\n\t\t\t\t<div class=\"elementor-widget-container\">\n\t\t\t\t\t\t\t\t\t\t\t\t\t\t\t<img decoding=\"async\" width=\"1253\" height=\"726\" src=\"https:\/\/arcadiareptile.com\/wp-content\/uploads\/Light-Shade-Method.jpg\" class=\"attachment-full size-full wp-image-4879\" alt=\"\" srcset=\"https:\/\/arcadiareptile.com\/wp-content\/uploads\/Light-Shade-Method.jpg 1253w, https:\/\/arcadiareptile.com\/wp-content\/uploads\/Light-Shade-Method-768x445.jpg 768w\" sizes=\"(max-width: 1253px) 100vw, 1253px\" \/>\t\t\t\t\t\t\t\t\t\t\t\t\t\t\t<\/div>\n\t\t\t\t<\/div>\n\t\t\t\t\t<\/div>\n\t\t<\/div>\n\t\t\t\t\t<\/div>\n\t\t<\/section>\n\t\t\t\t\t<\/div>\n\t\t<\/div>\n\t\t\t\t\t<\/div>\n\t\t<\/section>\n\t\t\t\t<section class=\"elementor-section elementor-top-section elementor-element elementor-element-532929e0 elementor-section-full_width elementor-section-height-default elementor-section-height-default\" data-id=\"532929e0\" data-element_type=\"section\" data-e-type=\"section\" data-settings=\"{&quot;background_background&quot;:&quot;classic&quot;}\">\n\t\t\t\t\t\t<div class=\"elementor-container elementor-column-gap-default\">\n\t\t\t\t\t<div class=\"elementor-column elementor-col-100 elementor-top-column elementor-element elementor-element-5c8bea0a\" data-id=\"5c8bea0a\" data-element_type=\"column\" data-e-type=\"column\">\n\t\t\t<div class=\"elementor-widget-wrap elementor-element-populated\">\n\t\t\t\t\t\t<section class=\"elementor-section elementor-inner-section elementor-element elementor-element-4c93704f elementor-section-boxed elementor-section-height-default elementor-section-height-default\" data-id=\"4c93704f\" data-element_type=\"section\" data-e-type=\"section\">\n\t\t\t\t\t\t<div class=\"elementor-container elementor-column-gap-extended\">\n\t\t\t\t\t<div class=\"elementor-column elementor-col-100 elementor-inner-column elementor-element elementor-element-39d3969f\" data-id=\"39d3969f\" data-element_type=\"column\" data-e-type=\"column\" data-settings=\"{&quot;background_background&quot;:&quot;classic&quot;}\">\n\t\t\t<div class=\"elementor-widget-wrap elementor-element-populated\">\n\t\t\t\t\t\t<div class=\"elementor-element elementor-element-19f16e64 elementor-widget elementor-widget-text-editor\" data-id=\"19f16e64\" data-element_type=\"widget\" data-e-type=\"widget\" data-widget_type=\"text-editor.default\">\n\t\t\t\t<div class=\"elementor-widget-container\">\n\t\t\t\t\t\t\t\t\t<p>Les syst\u00e8mes de chauffage et d&rsquo;\u00e9clairage doivent \u00eatre regroup\u00e9s de mani\u00e8re \u00e0 ce que la chaleur et la lumi\u00e8re soient dirig\u00e9es ensemble vers la zone de l\u00e9zardage. De cette fa\u00e7on, l&rsquo;animal peut utiliser l&rsquo;\u00e9nergie naturellement, en r\u00e9gulant lui-m\u00eame son exposition en fonction de ses besoins.<\/p>\n<p>Nous s\u00c3\u00a9parons ensuite la zone de l\u00c3\u00a9zardage plus chaude de la partie plus fra\u00c3\u00aeche et plus humide de l&rsquo;enclos. Le zonage est essentiel \u00e0 l&rsquo;apport correct de lumi\u00e8re naturelle recr\u00e9\u00e9e. Cela permet \u00e0 un animal de s\u00e9lectionner ou de r\u00e9guler lui-m\u00eame son niveau d&rsquo;exposition dans le cadre de ses propres cycles biologiques, de la chaleur contr\u00f4l\u00e9e et de la lumi\u00e8re \u00e0 spectre complet \u00e0 la fra\u00eecheur et \u00e0 l&rsquo;ombre, comme il le ferait dans la nature.<\/p>\n<p>Si la m\u00e9thode de l&rsquo;ombre et de la lumi\u00e8re est mise en \u0153uvre et que vous fournissez de nombreuses cachettes, l&rsquo;animal sera en mesure de modifier sa position dans le vivarium ou le terrarium et de choisir o\u00f9 se pr\u00e9lasser. C&rsquo;est le principe de la \u00ab\u00a0Wild Re-creation\u00c2\u00ae\u00a0\u00bb.<\/p>\n\t\t\t\t\t\t\t\t<\/div>\n\t\t\t\t<\/div>\n\t\t\t\t\t<\/div>\n\t\t<\/div>\n\t\t\t\t\t<\/div>\n\t\t<\/section>\n\t\t\t\t\t<\/div>\n\t\t<\/div>\n\t\t\t\t\t<\/div>\n\t\t<\/section>\n\t\t\t\t<\/div>\n\t\t","protected":false},"excerpt":{"rendered":"<p>La m\u00c3\u00a9thode de la lumi\u00c3\u00a8re et de l&rsquo;ombre Les reptiles ont besoin d&rsquo;un gradient thermique pour pouvoir r\u00e9guler leur propre temp\u00e9rature. Voici un guide de r\u00c3\u00a9f\u00c3\u00a9rence pour la mise en place d&rsquo;un gradient thermique dans un enclos. Maintenir une temp\u00e9rature plus \u00e9lev\u00e9e \u00e0 une extr\u00e9mit\u00e9 du vivarium, tout en maintenant une temp\u00e9rature plus basse \u00e0 [&hellip;]<\/p>\n","protected":false},"author":1,"featured_media":0,"parent":0,"menu_order":0,"comment_status":"closed","ping_status":"closed","template":"","meta":{"site-sidebar-layout":"no-sidebar","site-content-layout":"page-builder","ast-site-content-layout":"default","site-content-style":"default","site-sidebar-style":"default","ast-global-header-display":"","ast-banner-title-visibility":"","ast-main-header-display":"","ast-hfb-above-header-display":"","ast-hfb-below-header-display":"","ast-hfb-mobile-header-display":"","site-post-title":"disabled","ast-breadcrumbs-content":"","ast-featured-img":"disabled","footer-sml-layout":"","ast-disable-related-posts":"","theme-transparent-header-meta":"","adv-header-id-meta":"","stick-header-meta":"","header-above-stick-meta":"","header-main-stick-meta":"","header-below-stick-meta":"","astra-migrate-meta-layouts":"default","ast-page-background-enabled":"default","ast-page-background-meta":{"desktop":{"background-color":"var(--ast-global-color-4)","background-image":"","background-repeat":"repeat","background-position":"center center","background-size":"auto","background-attachment":"scroll","background-type":"","background-media":"","overlay-type":"","overlay-color":"","overlay-opacity":"","overlay-gradient":""},"tablet":{"background-color":"","background-image":"","background-repeat":"repeat","background-position":"center center","background-size":"auto","background-attachment":"scroll","background-type":"","background-media":"","overlay-type":"","overlay-color":"","overlay-opacity":"","overlay-gradient":""},"mobile":{"background-color":"","background-image":"","background-repeat":"repeat","background-position":"center center","background-size":"auto","background-attachment":"scroll","background-type":"","background-media":"","overlay-type":"","overlay-color":"","overlay-opacity":"","overlay-gradient":""}},"ast-content-background-meta":{"desktop":{"background-color":"var(--ast-global-color-5)","background-image":"","background-repeat":"repeat","background-position":"center center","background-size":"auto","background-attachment":"scroll","background-type":"","background-media":"","overlay-type":"","overlay-color":"","overlay-opacity":"","overlay-gradient":""},"tablet":{"background-color":"var(--ast-global-color-5)","background-image":"","background-repeat":"repeat","background-position":"center center","background-size":"auto","background-attachment":"scroll","background-type":"","background-media":"","overlay-type":"","overlay-color":"","overlay-opacity":"","overlay-gradient":""},"mobile":{"background-color":"var(--ast-global-color-5)","background-image":"","background-repeat":"repeat","background-position":"center center","background-size":"auto","background-attachment":"scroll","background-type":"","background-media":"","overlay-type":"","overlay-color":"","overlay-opacity":"","overlay-gradient":""}},"footnotes":""},"class_list":["post-4877","page","type-page","status-publish","hentry"],"yoast_head":"<!-- This site is optimized with the Yoast SEO plugin v27.3 - https:\/\/yoast.com\/product\/yoast-seo-wordpress\/ -->\n<title>La m\u00c3\u00a9thode de la lumi\u00c3\u00a8re et de l&#039;ombre - Arcadia Reptile<\/title>\n<meta name=\"robots\" content=\"index, follow, max-snippet:-1, max-image-preview:large, max-video-preview:-1\" \/>\n<link rel=\"canonical\" href=\"https:\/\/arcadiareptile.com\/fr\/la-mathode-de-la-lumia%c2%a8re-et-de-lombre\/\" \/>\n<meta property=\"og:locale\" content=\"fr_FR\" \/>\n<meta property=\"og:type\" content=\"article\" \/>\n<meta property=\"og:title\" content=\"La m\u00c3\u00a9thode de la lumi\u00c3\u00a8re et de l&#039;ombre - Arcadia Reptile\" \/>\n<meta property=\"og:description\" content=\"La m\u00c3\u00a9thode de la lumi\u00c3\u00a8re et de l&rsquo;ombre Les reptiles ont besoin d&rsquo;un gradient thermique pour pouvoir r\u00e9guler leur propre temp\u00e9rature. Voici un guide de r\u00c3\u00a9f\u00c3\u00a9rence pour la mise en place d&rsquo;un gradient thermique dans un enclos. Maintenir une temp\u00e9rature plus \u00e9lev\u00e9e \u00e0 une extr\u00e9mit\u00e9 du vivarium, tout en maintenant une temp\u00e9rature plus basse \u00e0 [&hellip;]\" \/>\n<meta property=\"og:url\" content=\"https:\/\/arcadiareptile.com\/fr\/la-mathode-de-la-lumia%c2%a8re-et-de-lombre\/\" \/>\n<meta property=\"og:site_name\" content=\"Arcadia Reptile\" \/>\n<meta property=\"article:modified_time\" content=\"2023-09-21T14:41:50+00:00\" \/>\n<meta property=\"og:image\" content=\"https:\/\/arcadiareptile.com\/wp-content\/uploads\/leopard-gecko-rock.jpg\" \/>\n<meta name=\"twitter:card\" content=\"summary_large_image\" \/>\n<meta name=\"twitter:label1\" content=\"Dur\u00e9e de lecture estim\u00e9e\" \/>\n\t<meta name=\"twitter:data1\" content=\"2 minutes\" \/>\n<script type=\"application\/ld+json\" class=\"yoast-schema-graph\">{\"@context\":\"https:\\\/\\\/schema.org\",\"@graph\":[{\"@type\":\"WebPage\",\"@id\":\"https:\\\/\\\/arcadiareptile.com\\\/fr\\\/la-mathode-de-la-lumia%c2%a8re-et-de-lombre\\\/\",\"url\":\"https:\\\/\\\/arcadiareptile.com\\\/fr\\\/la-mathode-de-la-lumia%c2%a8re-et-de-lombre\\\/\",\"name\":\"La m\u00c3\u00a9thode de la lumi\u00c3\u00a8re et de l'ombre - Arcadia Reptile\",\"isPartOf\":{\"@id\":\"https:\\\/\\\/arcadiareptile.com\\\/fr\\\/#website\"},\"primaryImageOfPage\":{\"@id\":\"https:\\\/\\\/arcadiareptile.com\\\/fr\\\/la-mathode-de-la-lumia%c2%a8re-et-de-lombre\\\/#primaryimage\"},\"image\":{\"@id\":\"https:\\\/\\\/arcadiareptile.com\\\/fr\\\/la-mathode-de-la-lumia%c2%a8re-et-de-lombre\\\/#primaryimage\"},\"thumbnailUrl\":\"https:\\\/\\\/arcadiareptile.com\\\/wp-content\\\/uploads\\\/leopard-gecko-rock.jpg\",\"datePublished\":\"2023-07-04T08:41:45+00:00\",\"dateModified\":\"2023-09-21T14:41:50+00:00\",\"breadcrumb\":{\"@id\":\"https:\\\/\\\/arcadiareptile.com\\\/fr\\\/la-mathode-de-la-lumia%c2%a8re-et-de-lombre\\\/#breadcrumb\"},\"inLanguage\":\"fr-FR\",\"potentialAction\":[{\"@type\":\"ReadAction\",\"target\":[\"https:\\\/\\\/arcadiareptile.com\\\/fr\\\/la-mathode-de-la-lumia%c2%a8re-et-de-lombre\\\/\"]}]},{\"@type\":\"ImageObject\",\"inLanguage\":\"fr-FR\",\"@id\":\"https:\\\/\\\/arcadiareptile.com\\\/fr\\\/la-mathode-de-la-lumia%c2%a8re-et-de-lombre\\\/#primaryimage\",\"url\":\"https:\\\/\\\/arcadiareptile.com\\\/wp-content\\\/uploads\\\/leopard-gecko-rock.jpg\",\"contentUrl\":\"https:\\\/\\\/arcadiareptile.com\\\/wp-content\\\/uploads\\\/leopard-gecko-rock.jpg\"},{\"@type\":\"BreadcrumbList\",\"@id\":\"https:\\\/\\\/arcadiareptile.com\\\/fr\\\/la-mathode-de-la-lumia%c2%a8re-et-de-lombre\\\/#breadcrumb\",\"itemListElement\":[{\"@type\":\"ListItem\",\"position\":1,\"name\":\"Home\",\"item\":\"https:\\\/\\\/arcadiareptile.com\\\/fr\\\/accueil\\\/\"},{\"@type\":\"ListItem\",\"position\":2,\"name\":\"La m\u00c3\u00a9thode de la lumi\u00c3\u00a8re et de l&rsquo;ombre\"}]},{\"@type\":\"WebSite\",\"@id\":\"https:\\\/\\\/arcadiareptile.com\\\/fr\\\/#website\",\"url\":\"https:\\\/\\\/arcadiareptile.com\\\/fr\\\/\",\"name\":\"Arcadia Reptile\",\"description\":\"Arcadia Reptile\",\"potentialAction\":[{\"@type\":\"SearchAction\",\"target\":{\"@type\":\"EntryPoint\",\"urlTemplate\":\"https:\\\/\\\/arcadiareptile.com\\\/fr\\\/?s={search_term_string}\"},\"query-input\":{\"@type\":\"PropertyValueSpecification\",\"valueRequired\":true,\"valueName\":\"search_term_string\"}}],\"inLanguage\":\"fr-FR\"}]}<\/script>\n<!-- \/ Yoast SEO plugin. -->","yoast_head_json":{"title":"La m\u00c3\u00a9thode de la lumi\u00c3\u00a8re et de l'ombre - Arcadia Reptile","robots":{"index":"index","follow":"follow","max-snippet":"max-snippet:-1","max-image-preview":"max-image-preview:large","max-video-preview":"max-video-preview:-1"},"canonical":"https:\/\/arcadiareptile.com\/fr\/la-mathode-de-la-lumia%c2%a8re-et-de-lombre\/","og_locale":"fr_FR","og_type":"article","og_title":"La m\u00c3\u00a9thode de la lumi\u00c3\u00a8re et de l'ombre - Arcadia Reptile","og_description":"La m\u00c3\u00a9thode de la lumi\u00c3\u00a8re et de l&rsquo;ombre Les reptiles ont besoin d&rsquo;un gradient thermique pour pouvoir r\u00e9guler leur propre temp\u00e9rature. Voici un guide de r\u00c3\u00a9f\u00c3\u00a9rence pour la mise en place d&rsquo;un gradient thermique dans un enclos. Maintenir une temp\u00e9rature plus \u00e9lev\u00e9e \u00e0 une extr\u00e9mit\u00e9 du vivarium, tout en maintenant une temp\u00e9rature plus basse \u00e0 [&hellip;]","og_url":"https:\/\/arcadiareptile.com\/fr\/la-mathode-de-la-lumia%c2%a8re-et-de-lombre\/","og_site_name":"Arcadia Reptile","article_modified_time":"2023-09-21T14:41:50+00:00","og_image":[{"url":"https:\/\/arcadiareptile.com\/wp-content\/uploads\/leopard-gecko-rock.jpg","type":"","width":"","height":""}],"twitter_card":"summary_large_image","twitter_misc":{"Dur\u00e9e de lecture estim\u00e9e":"2 minutes"},"schema":{"@context":"https:\/\/schema.org","@graph":[{"@type":"WebPage","@id":"https:\/\/arcadiareptile.com\/fr\/la-mathode-de-la-lumia%c2%a8re-et-de-lombre\/","url":"https:\/\/arcadiareptile.com\/fr\/la-mathode-de-la-lumia%c2%a8re-et-de-lombre\/","name":"La m\u00c3\u00a9thode de la lumi\u00c3\u00a8re et de l'ombre - Arcadia Reptile","isPartOf":{"@id":"https:\/\/arcadiareptile.com\/fr\/#website"},"primaryImageOfPage":{"@id":"https:\/\/arcadiareptile.com\/fr\/la-mathode-de-la-lumia%c2%a8re-et-de-lombre\/#primaryimage"},"image":{"@id":"https:\/\/arcadiareptile.com\/fr\/la-mathode-de-la-lumia%c2%a8re-et-de-lombre\/#primaryimage"},"thumbnailUrl":"https:\/\/arcadiareptile.com\/wp-content\/uploads\/leopard-gecko-rock.jpg","datePublished":"2023-07-04T08:41:45+00:00","dateModified":"2023-09-21T14:41:50+00:00","breadcrumb":{"@id":"https:\/\/arcadiareptile.com\/fr\/la-mathode-de-la-lumia%c2%a8re-et-de-lombre\/#breadcrumb"},"inLanguage":"fr-FR","potentialAction":[{"@type":"ReadAction","target":["https:\/\/arcadiareptile.com\/fr\/la-mathode-de-la-lumia%c2%a8re-et-de-lombre\/"]}]},{"@type":"ImageObject","inLanguage":"fr-FR","@id":"https:\/\/arcadiareptile.com\/fr\/la-mathode-de-la-lumia%c2%a8re-et-de-lombre\/#primaryimage","url":"https:\/\/arcadiareptile.com\/wp-content\/uploads\/leopard-gecko-rock.jpg","contentUrl":"https:\/\/arcadiareptile.com\/wp-content\/uploads\/leopard-gecko-rock.jpg"},{"@type":"BreadcrumbList","@id":"https:\/\/arcadiareptile.com\/fr\/la-mathode-de-la-lumia%c2%a8re-et-de-lombre\/#breadcrumb","itemListElement":[{"@type":"ListItem","position":1,"name":"Home","item":"https:\/\/arcadiareptile.com\/fr\/accueil\/"},{"@type":"ListItem","position":2,"name":"La m\u00c3\u00a9thode de la lumi\u00c3\u00a8re et de l&rsquo;ombre"}]},{"@type":"WebSite","@id":"https:\/\/arcadiareptile.com\/fr\/#website","url":"https:\/\/arcadiareptile.com\/fr\/","name":"Arcadia Reptile","description":"Arcadia Reptile","potentialAction":[{"@type":"SearchAction","target":{"@type":"EntryPoint","urlTemplate":"https:\/\/arcadiareptile.com\/fr\/?s={search_term_string}"},"query-input":{"@type":"PropertyValueSpecification","valueRequired":true,"valueName":"search_term_string"}}],"inLanguage":"fr-FR"}]}},"_links":{"self":[{"href":"https:\/\/arcadiareptile.com\/fr\/wp-json\/wp\/v2\/pages\/4877","targetHints":{"allow":["GET"]}}],"collection":[{"href":"https:\/\/arcadiareptile.com\/fr\/wp-json\/wp\/v2\/pages"}],"about":[{"href":"https:\/\/arcadiareptile.com\/fr\/wp-json\/wp\/v2\/types\/page"}],"author":[{"embeddable":true,"href":"https:\/\/arcadiareptile.com\/fr\/wp-json\/wp\/v2\/users\/1"}],"replies":[{"embeddable":true,"href":"https:\/\/arcadiareptile.com\/fr\/wp-json\/wp\/v2\/comments?post=4877"}],"version-history":[{"count":0,"href":"https:\/\/arcadiareptile.com\/fr\/wp-json\/wp\/v2\/pages\/4877\/revisions"}],"wp:attachment":[{"href":"https:\/\/arcadiareptile.com\/fr\/wp-json\/wp\/v2\/media?parent=4877"}],"curies":[{"name":"wp","href":"https:\/\/api.w.org\/{rel}","templated":true}]}}