{"id":4652,"date":"2023-07-27T16:05:45","date_gmt":"2023-07-27T16:05:45","guid":{"rendered":"https:\/\/arcadiareptile.com\/shadedweller\/illuminazione\/"},"modified":"2023-09-19T08:26:30","modified_gmt":"2023-09-19T08:26:30","slug":"illuminazione","status":"publish","type":"page","link":"https:\/\/arcadiareptile.com\/it\/shadedweller\/illuminazione\/","title":{"rendered":"Illuminazione"},"content":{"rendered":"\t\t<div data-elementor-type=\"wp-page\" data-elementor-id=\"4652\" class=\"elementor elementor-4652 elementor-2805\" data-elementor-post-type=\"page\">\n\t\t\t\t<div class=\"elementor-element elementor-element-1de8279 e-con-full e-flex e-con e-parent\" data-id=\"1de8279\" data-element_type=\"container\" data-e-type=\"container\" data-settings=\"{&quot;background_background&quot;:&quot;classic&quot;}\">\n\t\t<div class=\"elementor-element elementor-element-156d6f5 e-flex e-con-boxed e-con e-parent\" data-id=\"156d6f5\" data-element_type=\"container\" data-e-type=\"container\">\n\t\t\t\t\t<div class=\"e-con-inner\">\n\t\t\t\t<div class=\"elementor-element elementor-element-e92990e elementor-widget elementor-widget-heading\" data-id=\"e92990e\" data-element_type=\"widget\" data-e-type=\"widget\" data-widget_type=\"heading.default\">\n\t\t\t\t<div class=\"elementor-widget-container\">\n\t\t\t\t\t<h1 class=\"elementor-heading-title elementor-size-default\">Illuminazione ShadeDweller\u00ae<\/h1>\t\t\t\t<\/div>\n\t\t\t\t<\/div>\n\t\t\t\t<div class=\"elementor-element elementor-element-108a029 elementor-align-center elementor-widget elementor-widget-breadcrumbs\" data-id=\"108a029\" data-element_type=\"widget\" data-e-type=\"widget\" data-widget_type=\"breadcrumbs.default\">\n\t\t\t\t<div class=\"elementor-widget-container\">\n\t\t\t\t\t<p id=\"breadcrumbs\"><span><span><a href=\"https:\/\/arcadiareptile.com\/it\/casa\/\">Home<\/a><\/span><\/span><\/p>\t\t\t\t<\/div>\n\t\t\t\t<\/div>\n\t\t\t\t\t<\/div>\n\t\t\t\t<\/div>\n\t\t\t\t<\/div>\n\t\t<div class=\"elementor-element elementor-element-4bb4d9a e-flex e-con-boxed e-con e-parent\" data-id=\"4bb4d9a\" data-element_type=\"container\" data-e-type=\"container\" data-settings=\"{&quot;background_background&quot;:&quot;classic&quot;}\">\n\t\t\t\t\t<div class=\"e-con-inner\">\n\t\t<div class=\"elementor-element elementor-element-18c49da e-flex e-con-boxed e-con e-parent\" data-id=\"18c49da\" data-element_type=\"container\" data-e-type=\"container\">\n\t\t\t\t\t<div class=\"e-con-inner\">\n\t\t\t\t<div class=\"elementor-element elementor-element-9a44fa8 elementor-widget elementor-widget-image\" data-id=\"9a44fa8\" data-element_type=\"widget\" data-e-type=\"widget\" data-widget_type=\"image.default\">\n\t\t\t\t<div class=\"elementor-widget-container\">\n\t\t\t\t\t\t\t\t\t\t\t\t\t\t\t<img fetchpriority=\"high\" decoding=\"async\" width=\"2000\" height=\"1084\" src=\"https:\/\/arcadiareptile.com\/wp-content\/uploads\/light-scatter-diagram.png\" class=\"attachment-large size-large wp-image-2478\" alt=\"Rock scatter and leaf scatter for ShadeDwelling Reptile Species\" srcset=\"https:\/\/arcadiareptile.com\/wp-content\/uploads\/light-scatter-diagram.png 2000w, https:\/\/arcadiareptile.com\/wp-content\/uploads\/light-scatter-diagram-768x416.png 768w, https:\/\/arcadiareptile.com\/wp-content\/uploads\/light-scatter-diagram-1536x833.png 1536w\" sizes=\"(max-width: 2000px) 100vw, 2000px\" \/>\t\t\t\t\t\t\t\t\t\t\t\t\t\t\t<\/div>\n\t\t\t\t<\/div>\n\t\t\t\t\t<\/div>\n\t\t\t\t<\/div>\n\t\t<div class=\"elementor-element elementor-element-eb115d4 e-flex e-con-boxed e-con e-parent\" data-id=\"eb115d4\" data-element_type=\"container\" data-e-type=\"container\">\n\t\t\t\t\t<div class=\"e-con-inner\">\n\t\t\t\t<div class=\"elementor-element elementor-element-bbec062 elementor-widget elementor-widget-heading\" data-id=\"bbec062\" data-element_type=\"widget\" data-e-type=\"widget\" data-widget_type=\"heading.default\">\n\t\t\t\t<div class=\"elementor-widget-container\">\n\t\t\t\t\t<h2 class=\"elementor-heading-title elementor-size-default\">La scienza dell'allevamento etico ed efficace dei rettili sta cambiando.<\/h2>\t\t\t\t<\/div>\n\t\t\t\t<\/div>\n\t\t\t\t<div class=\"elementor-element elementor-element-adcd44d elementor-widget elementor-widget-text-editor\" data-id=\"adcd44d\" data-element_type=\"widget\" data-e-type=\"widget\" data-widget_type=\"text-editor.default\">\n\t\t\t\t<div class=\"elementor-widget-container\">\n\t\t\t\t\t\t\t\t\t<p>Nell&#8217;ambito di questi cambiamenti, cerchiamo di imparare dagli habitat e dalle abitudini selvatiche delle varie specie che alleviamo, in modo da fornire con precisione tutte le loro esigenze sviluppate. Solo cos\u00ec possiamo essere sicuri di fornire tutto ci\u00f2 di cui una specie ha bisogno per prosperare davvero. Questa \u00e8 la Ricreazione dell\u2019ecosistema. <\/p>\n\t\t\t\t\t\t\t\t<\/div>\n\t\t\t\t<\/div>\n\t\t\t\t<div class=\"elementor-element elementor-element-40dca25 elementor-widget elementor-widget-text-editor\" data-id=\"40dca25\" data-element_type=\"widget\" data-e-type=\"widget\" data-widget_type=\"text-editor.default\">\n\t\t\t\t<div class=\"elementor-widget-container\">\n\t\t\t\t\t\t\t\t\t<p>Storicamente, molte specie di rettili sono state erroneamente classificate come &#8220;notturne&#8221; e di conseguenza non hanno avuto accesso all&#8217;illuminazione a spettro completo + UV-B.<\/p>\n<p>Specie come il geco leopardo e il geco crestato sono oggi comunemente considerate &#8220;crepuscolari&#8221;, cio\u00e8 attive nelle prime ore del mattino e poi di nuovo nel pomeriggio e alla sera. Ci\u00f2 li rende &#8220;a esposizione parziale&#8221; o &#8220;specie che vivono all&#8217;ombra&#8221; molto sviluppate.<\/p>\n<p>Grazie alle elevate quantit\u00e0 di energia UV presenti negli habitat selvatici, sono disponibili indici utilizzabili di UV anche con bassi livelli di luce e quando la luce del giorno si spinge attraverso le reti rocciose, i terreni locali e le foreste.<\/p>\n<p>Gli animali si sono sviluppati per lunghi periodi di tempo per essere in grado di utilizzare questa energia nel modo pi\u00f9 sicuro ed efficiente possibile. Ci\u00f2 pu\u00f2 includere un&#8217;esposizione totale a basso livello o l&#8217;esposizione solo di una parte del corpo, rimanendo al sicuro nell&#8217;habitat. Si tratta di progressi di alto livello che avviano e regolano processi biologici essenziali.<\/p>\n<p>Se un livello di &#8220;energia&#8221; \u00e8 disponibile per una specie all&#8217;interno dell\u2019area in cui vive, essa avr\u00e0 sviluppato un &#8220;riutilizzo&#8221; e un &#8220;livello di protezione&#8221; contro questa energia all&#8217;interno del suo sviluppo naturale. Per questo motivo, possiamo vedere chiaramente e indiscutibilmente che usano e interagiscono con l&#8217;intero spettro della luce naturale terrestre. Non si pu\u00f2 essere esposti alla luce naturale senza essere esposti a tutte le lunghezze d&#8217;onda terrestri, dagli UVB agli infrarossi B, provenienti dalla fonte solare diretta.<\/p>\n<p>Fornendo il giusto livello e tipo di esposizione all&#8217;illuminazione a spettro completo e ai raggi UV, non solo si favorisce la produzione interna e l&#8217;utilizzo della vitamina D3, essenziale per un accurato assorbimento del calcio, ma si interagisce anche con la funzione di organi pi\u00f9 ampi, con la salute della pelle e si &#8220;attiva&#8221; la visione dei colori in molte specie.<\/p>\n\t\t\t\t\t\t\t\t<\/div>\n\t\t\t\t<\/div>\n\t\t\t\t\t<\/div>\n\t\t\t\t<\/div>\n\t\t\t\t\t<\/div>\n\t\t\t\t<\/div>\n\t\t<div class=\"elementor-element elementor-element-2685b4d e-flex e-con-boxed e-con e-parent\" data-id=\"2685b4d\" data-element_type=\"container\" data-e-type=\"container\">\n\t\t\t\t\t<div class=\"e-con-inner\">\n\t\t\t\t\t<\/div>\n\t\t\t\t<\/div>\n\t\t\t\t<\/div>\n\t\t","protected":false},"excerpt":{"rendered":"<p>Illuminazione ShadeDweller\u00ae La scienza dell&#8217;allevamento etico ed efficace dei rettili sta cambiando. Nell&#8217;ambito di questi cambiamenti, cerchiamo di imparare dagli habitat e dalle abitudini selvatiche delle varie specie che alleviamo, in modo da fornire con precisione tutte le loro esigenze sviluppate. Solo cos\u00ec possiamo essere sicuri di fornire tutto ci\u00f2 di cui una specie ha [&hellip;]<\/p>\n","protected":false},"author":1,"featured_media":0,"parent":4641,"menu_order":0,"comment_status":"closed","ping_status":"closed","template":"","meta":{"site-sidebar-layout":"no-sidebar","site-content-layout":"page-builder","ast-site-content-layout":"default","site-content-style":"default","site-sidebar-style":"default","ast-global-header-display":"","ast-banner-title-visibility":"","ast-main-header-display":"","ast-hfb-above-header-display":"","ast-hfb-below-header-display":"","ast-hfb-mobile-header-display":"","site-post-title":"disabled","ast-breadcrumbs-content":"","ast-featured-img":"disabled","footer-sml-layout":"","ast-disable-related-posts":"","theme-transparent-header-meta":"","adv-header-id-meta":"","stick-header-meta":"","header-above-stick-meta":"","header-main-stick-meta":"","header-below-stick-meta":"","astra-migrate-meta-layouts":"default","ast-page-background-enabled":"default","ast-page-background-meta":{"desktop":{"background-color":"var(--ast-global-color-4)","background-image":"","background-repeat":"repeat","background-position":"center center","background-size":"auto","background-attachment":"scroll","background-type":"","background-media":"","overlay-type":"","overlay-color":"","overlay-opacity":"","overlay-gradient":""},"tablet":{"background-color":"","background-image":"","background-repeat":"repeat","background-position":"center center","background-size":"auto","background-attachment":"scroll","background-type":"","background-media":"","overlay-type":"","overlay-color":"","overlay-opacity":"","overlay-gradient":""},"mobile":{"background-color":"","background-image":"","background-repeat":"repeat","background-position":"center center","background-size":"auto","background-attachment":"scroll","background-type":"","background-media":"","overlay-type":"","overlay-color":"","overlay-opacity":"","overlay-gradient":""}},"ast-content-background-meta":{"desktop":{"background-color":"var(--ast-global-color-5)","background-image":"","background-repeat":"repeat","background-position":"center center","background-size":"auto","background-attachment":"scroll","background-type":"","background-media":"","overlay-type":"","overlay-color":"","overlay-opacity":"","overlay-gradient":""},"tablet":{"background-color":"var(--ast-global-color-5)","background-image":"","background-repeat":"repeat","background-position":"center center","background-size":"auto","background-attachment":"scroll","background-type":"","background-media":"","overlay-type":"","overlay-color":"","overlay-opacity":"","overlay-gradient":""},"mobile":{"background-color":"var(--ast-global-color-5)","background-image":"","background-repeat":"repeat","background-position":"center center","background-size":"auto","background-attachment":"scroll","background-type":"","background-media":"","overlay-type":"","overlay-color":"","overlay-opacity":"","overlay-gradient":""}},"footnotes":""},"class_list":["post-4652","page","type-page","status-publish","hentry"],"yoast_head":"<!-- This site is optimized with the Yoast SEO plugin v27.4 - https:\/\/yoast.com\/product\/yoast-seo-wordpress\/ -->\n<title>Illuminazione - Arcadia Reptile<\/title>\n<meta name=\"robots\" content=\"index, follow, max-snippet:-1, max-image-preview:large, max-video-preview:-1\" \/>\n<link rel=\"canonical\" href=\"https:\/\/arcadiareptile.com\/it\/shadedweller\/illuminazione\/\" \/>\n<meta property=\"og:locale\" content=\"it_IT\" \/>\n<meta property=\"og:type\" content=\"article\" \/>\n<meta property=\"og:title\" content=\"Illuminazione - Arcadia Reptile\" \/>\n<meta property=\"og:description\" content=\"Illuminazione ShadeDweller\u00ae La scienza dell&#8217;allevamento etico ed efficace dei rettili sta cambiando. Nell&#8217;ambito di questi cambiamenti, cerchiamo di imparare dagli habitat e dalle abitudini selvatiche delle varie specie che alleviamo, in modo da fornire con precisione tutte le loro esigenze sviluppate. Solo cos\u00ec possiamo essere sicuri di fornire tutto ci\u00f2 di cui una specie ha [&hellip;]\" \/>\n<meta property=\"og:url\" content=\"https:\/\/arcadiareptile.com\/it\/shadedweller\/illuminazione\/\" \/>\n<meta property=\"og:site_name\" content=\"Arcadia Reptile\" \/>\n<meta property=\"article:modified_time\" content=\"2023-09-19T08:26:30+00:00\" \/>\n<meta property=\"og:image\" content=\"https:\/\/arcadiareptile.com\/wp-content\/uploads\/light-scatter-diagram.png\" \/>\n<meta name=\"twitter:card\" content=\"summary_large_image\" \/>\n<meta name=\"twitter:label1\" content=\"Tempo di lettura stimato\" \/>\n\t<meta name=\"twitter:data1\" content=\"2 minuti\" \/>\n<script type=\"application\/ld+json\" class=\"yoast-schema-graph\">{\"@context\":\"https:\\\/\\\/schema.org\",\"@graph\":[{\"@type\":\"WebPage\",\"@id\":\"https:\\\/\\\/arcadiareptile.com\\\/it\\\/shadedweller\\\/illuminazione\\\/\",\"url\":\"https:\\\/\\\/arcadiareptile.com\\\/it\\\/shadedweller\\\/illuminazione\\\/\",\"name\":\"Illuminazione - Arcadia Reptile\",\"isPartOf\":{\"@id\":\"https:\\\/\\\/arcadiareptile.com\\\/it\\\/#website\"},\"primaryImageOfPage\":{\"@id\":\"https:\\\/\\\/arcadiareptile.com\\\/it\\\/shadedweller\\\/illuminazione\\\/#primaryimage\"},\"image\":{\"@id\":\"https:\\\/\\\/arcadiareptile.com\\\/it\\\/shadedweller\\\/illuminazione\\\/#primaryimage\"},\"thumbnailUrl\":\"https:\\\/\\\/arcadiareptile.com\\\/wp-content\\\/uploads\\\/light-scatter-diagram.png\",\"datePublished\":\"2023-07-27T16:05:45+00:00\",\"dateModified\":\"2023-09-19T08:26:30+00:00\",\"breadcrumb\":{\"@id\":\"https:\\\/\\\/arcadiareptile.com\\\/it\\\/shadedweller\\\/illuminazione\\\/#breadcrumb\"},\"inLanguage\":\"it-IT\",\"potentialAction\":[{\"@type\":\"ReadAction\",\"target\":[\"https:\\\/\\\/arcadiareptile.com\\\/it\\\/shadedweller\\\/illuminazione\\\/\"]}]},{\"@type\":\"ImageObject\",\"inLanguage\":\"it-IT\",\"@id\":\"https:\\\/\\\/arcadiareptile.com\\\/it\\\/shadedweller\\\/illuminazione\\\/#primaryimage\",\"url\":\"https:\\\/\\\/arcadiareptile.com\\\/wp-content\\\/uploads\\\/light-scatter-diagram.png\",\"contentUrl\":\"https:\\\/\\\/arcadiareptile.com\\\/wp-content\\\/uploads\\\/light-scatter-diagram.png\"},{\"@type\":\"BreadcrumbList\",\"@id\":\"https:\\\/\\\/arcadiareptile.com\\\/it\\\/shadedweller\\\/illuminazione\\\/#breadcrumb\",\"itemListElement\":[{\"@type\":\"ListItem\",\"position\":1,\"name\":\"Home\",\"item\":\"https:\\\/\\\/arcadiareptile.com\\\/it\\\/casa\\\/\"},{\"@type\":\"ListItem\",\"position\":2,\"name\":\"ShadeDweller\u00ae\",\"item\":\"https:\\\/\\\/arcadiareptile.com\\\/it\\\/shadedweller\\\/\"},{\"@type\":\"ListItem\",\"position\":3,\"name\":\"Illuminazione\"}]},{\"@type\":\"WebSite\",\"@id\":\"https:\\\/\\\/arcadiareptile.com\\\/it\\\/#website\",\"url\":\"https:\\\/\\\/arcadiareptile.com\\\/it\\\/\",\"name\":\"Arcadia Reptile\",\"description\":\"Arcadia Reptile\",\"potentialAction\":[{\"@type\":\"SearchAction\",\"target\":{\"@type\":\"EntryPoint\",\"urlTemplate\":\"https:\\\/\\\/arcadiareptile.com\\\/it\\\/?s={search_term_string}\"},\"query-input\":{\"@type\":\"PropertyValueSpecification\",\"valueRequired\":true,\"valueName\":\"search_term_string\"}}],\"inLanguage\":\"it-IT\"}]}<\/script>\n<!-- \/ Yoast SEO plugin. -->","yoast_head_json":{"title":"Illuminazione - Arcadia Reptile","robots":{"index":"index","follow":"follow","max-snippet":"max-snippet:-1","max-image-preview":"max-image-preview:large","max-video-preview":"max-video-preview:-1"},"canonical":"https:\/\/arcadiareptile.com\/it\/shadedweller\/illuminazione\/","og_locale":"it_IT","og_type":"article","og_title":"Illuminazione - Arcadia Reptile","og_description":"Illuminazione ShadeDweller\u00ae La scienza dell&#8217;allevamento etico ed efficace dei rettili sta cambiando. Nell&#8217;ambito di questi cambiamenti, cerchiamo di imparare dagli habitat e dalle abitudini selvatiche delle varie specie che alleviamo, in modo da fornire con precisione tutte le loro esigenze sviluppate. Solo cos\u00ec possiamo essere sicuri di fornire tutto ci\u00f2 di cui una specie ha [&hellip;]","og_url":"https:\/\/arcadiareptile.com\/it\/shadedweller\/illuminazione\/","og_site_name":"Arcadia Reptile","article_modified_time":"2023-09-19T08:26:30+00:00","og_image":[{"url":"https:\/\/arcadiareptile.com\/wp-content\/uploads\/light-scatter-diagram.png","type":"","width":"","height":""}],"twitter_card":"summary_large_image","twitter_misc":{"Tempo di lettura stimato":"2 minuti"},"schema":{"@context":"https:\/\/schema.org","@graph":[{"@type":"WebPage","@id":"https:\/\/arcadiareptile.com\/it\/shadedweller\/illuminazione\/","url":"https:\/\/arcadiareptile.com\/it\/shadedweller\/illuminazione\/","name":"Illuminazione - Arcadia Reptile","isPartOf":{"@id":"https:\/\/arcadiareptile.com\/it\/#website"},"primaryImageOfPage":{"@id":"https:\/\/arcadiareptile.com\/it\/shadedweller\/illuminazione\/#primaryimage"},"image":{"@id":"https:\/\/arcadiareptile.com\/it\/shadedweller\/illuminazione\/#primaryimage"},"thumbnailUrl":"https:\/\/arcadiareptile.com\/wp-content\/uploads\/light-scatter-diagram.png","datePublished":"2023-07-27T16:05:45+00:00","dateModified":"2023-09-19T08:26:30+00:00","breadcrumb":{"@id":"https:\/\/arcadiareptile.com\/it\/shadedweller\/illuminazione\/#breadcrumb"},"inLanguage":"it-IT","potentialAction":[{"@type":"ReadAction","target":["https:\/\/arcadiareptile.com\/it\/shadedweller\/illuminazione\/"]}]},{"@type":"ImageObject","inLanguage":"it-IT","@id":"https:\/\/arcadiareptile.com\/it\/shadedweller\/illuminazione\/#primaryimage","url":"https:\/\/arcadiareptile.com\/wp-content\/uploads\/light-scatter-diagram.png","contentUrl":"https:\/\/arcadiareptile.com\/wp-content\/uploads\/light-scatter-diagram.png"},{"@type":"BreadcrumbList","@id":"https:\/\/arcadiareptile.com\/it\/shadedweller\/illuminazione\/#breadcrumb","itemListElement":[{"@type":"ListItem","position":1,"name":"Home","item":"https:\/\/arcadiareptile.com\/it\/casa\/"},{"@type":"ListItem","position":2,"name":"ShadeDweller\u00ae","item":"https:\/\/arcadiareptile.com\/it\/shadedweller\/"},{"@type":"ListItem","position":3,"name":"Illuminazione"}]},{"@type":"WebSite","@id":"https:\/\/arcadiareptile.com\/it\/#website","url":"https:\/\/arcadiareptile.com\/it\/","name":"Arcadia Reptile","description":"Arcadia Reptile","potentialAction":[{"@type":"SearchAction","target":{"@type":"EntryPoint","urlTemplate":"https:\/\/arcadiareptile.com\/it\/?s={search_term_string}"},"query-input":{"@type":"PropertyValueSpecification","valueRequired":true,"valueName":"search_term_string"}}],"inLanguage":"it-IT"}]}},"_links":{"self":[{"href":"https:\/\/arcadiareptile.com\/it\/wp-json\/wp\/v2\/pages\/4652","targetHints":{"allow":["GET"]}}],"collection":[{"href":"https:\/\/arcadiareptile.com\/it\/wp-json\/wp\/v2\/pages"}],"about":[{"href":"https:\/\/arcadiareptile.com\/it\/wp-json\/wp\/v2\/types\/page"}],"author":[{"embeddable":true,"href":"https:\/\/arcadiareptile.com\/it\/wp-json\/wp\/v2\/users\/1"}],"replies":[{"embeddable":true,"href":"https:\/\/arcadiareptile.com\/it\/wp-json\/wp\/v2\/comments?post=4652"}],"version-history":[{"count":0,"href":"https:\/\/arcadiareptile.com\/it\/wp-json\/wp\/v2\/pages\/4652\/revisions"}],"up":[{"embeddable":true,"href":"https:\/\/arcadiareptile.com\/it\/wp-json\/wp\/v2\/pages\/4641"}],"wp:attachment":[{"href":"https:\/\/arcadiareptile.com\/it\/wp-json\/wp\/v2\/media?parent=4652"}],"curies":[{"name":"wp","href":"https:\/\/api.w.org\/{rel}","templated":true}]}}