{"id":4869,"date":"2023-07-01T11:52:24","date_gmt":"2023-07-01T11:52:24","guid":{"rendered":"https:\/\/arcadiareptile.com\/ciclo-d3\/"},"modified":"2023-09-21T14:24:51","modified_gmt":"2023-09-21T14:24:51","slug":"ciclo-d3","status":"publish","type":"page","link":"https:\/\/arcadiareptile.com\/it\/ciclo-d3\/","title":{"rendered":"Ciclo D3"},"content":{"rendered":"\t\t<div data-elementor-type=\"wp-page\" data-elementor-id=\"4869\" class=\"elementor elementor-4869 elementor-2116\" data-elementor-post-type=\"page\">\n\t\t\t\t<div class=\"elementor-element elementor-element-d98362f e-flex e-con-boxed e-con e-parent\" data-id=\"d98362f\" data-element_type=\"container\" data-e-type=\"container\" data-settings=\"{&quot;background_background&quot;:&quot;classic&quot;}\">\n\t\t\t\t\t<div class=\"e-con-inner\">\n\t\t<div class=\"elementor-element elementor-element-4a5ca48 e-con-full e-flex e-con e-parent\" data-id=\"4a5ca48\" data-element_type=\"container\" data-e-type=\"container\">\n\t\t<div class=\"elementor-element elementor-element-0990855 e-con-full e-flex e-con e-parent\" data-id=\"0990855\" data-element_type=\"container\" data-e-type=\"container\">\n\t\t<div class=\"elementor-element elementor-element-8b44e15 e-con-full e-flex e-con e-parent\" data-id=\"8b44e15\" data-element_type=\"container\" data-e-type=\"container\" data-settings=\"{&quot;background_background&quot;:&quot;classic&quot;}\">\n\t\t\t\t<div class=\"elementor-element elementor-element-cddf8ba elementor-align-left elementor-mobile-align-center elementor-widget elementor-widget-breadcrumbs\" data-id=\"cddf8ba\" data-element_type=\"widget\" data-e-type=\"widget\" data-widget_type=\"breadcrumbs.default\">\n\t\t\t\t<div class=\"elementor-widget-container\">\n\t\t\t\t\t<p id=\"breadcrumbs\"><span><span><a href=\"https:\/\/arcadiareptile.com\/it\/casa\/\">Home<\/a><\/span><\/span><\/p>\t\t\t\t<\/div>\n\t\t\t\t<\/div>\n\t\t\t\t<\/div>\n\t\t\t\t<\/div>\n\t\t\t\t<\/div>\n\t\t\t\t\t<\/div>\n\t\t\t\t<\/div>\n\t\t<div class=\"elementor-element elementor-element-8caf09c hs-acc-design e-flex e-con-boxed e-con e-parent\" data-id=\"8caf09c\" data-element_type=\"container\" data-e-type=\"container\" data-settings=\"{&quot;background_background&quot;:&quot;classic&quot;}\">\n\t\t\t\t\t<div class=\"e-con-inner\">\n\t\t<div class=\"elementor-element elementor-element-e57fa66 e-con-full e-flex e-con e-parent\" data-id=\"e57fa66\" data-element_type=\"container\" data-e-type=\"container\">\n\t\t<div class=\"elementor-element elementor-element-5d4458c e-flex e-con-boxed e-con e-parent\" data-id=\"5d4458c\" data-element_type=\"container\" data-e-type=\"container\">\n\t\t\t\t\t<div class=\"e-con-inner\">\n\t\t<div class=\"elementor-element elementor-element-4011bee e-con-full e-flex e-con e-parent\" data-id=\"4011bee\" data-element_type=\"container\" data-e-type=\"container\" data-settings=\"{&quot;background_background&quot;:&quot;classic&quot;}\">\n\t\t\t\t<div class=\"elementor-element elementor-element-fdfe1ec elementor-widget elementor-widget-heading\" data-id=\"fdfe1ec\" data-element_type=\"widget\" data-e-type=\"widget\" data-widget_type=\"heading.default\">\n\t\t\t\t<div class=\"elementor-widget-container\">\n\t\t\t\t\t<h2 class=\"elementor-heading-title elementor-size-default\">Ciclo D3<\/h2>\t\t\t\t<\/div>\n\t\t\t\t<\/div>\n\t\t\t\t<div class=\"elementor-element elementor-element-44ac090 elementor-widget elementor-widget-spacer\" data-id=\"44ac090\" data-element_type=\"widget\" data-e-type=\"widget\" data-widget_type=\"spacer.default\">\n\t\t\t\t<div class=\"elementor-widget-container\">\n\t\t\t\t\t\t\t<div class=\"elementor-spacer\">\n\t\t\t<div class=\"elementor-spacer-inner\"><\/div>\n\t\t<\/div>\n\t\t\t\t\t\t<\/div>\n\t\t\t\t<\/div>\n\t\t\t\t<div class=\"elementor-element elementor-element-f1dffdc elementor-widget elementor-widget-text-editor\" data-id=\"f1dffdc\" data-element_type=\"widget\" data-e-type=\"widget\" data-widget_type=\"text-editor.default\">\n\t\t\t\t<div class=\"elementor-widget-container\">\n\t\t\t\t\t\t\t\t\t<p>I rettili si affidano al calore, alla luce, ai raggi UV-A\/UV-B, al cibo e all&#8217;acqua per il loro sostentamento e per riprodursi.<\/p>\n\t\t\t\t\t\t\t\t<\/div>\n\t\t\t\t<\/div>\n\t\t\t\t<div class=\"elementor-element elementor-element-25a71ce elementor-widget elementor-widget-spacer\" data-id=\"25a71ce\" data-element_type=\"widget\" data-e-type=\"widget\" data-widget_type=\"spacer.default\">\n\t\t\t\t<div class=\"elementor-widget-container\">\n\t\t\t\t\t\t\t<div class=\"elementor-spacer\">\n\t\t\t<div class=\"elementor-spacer-inner\"><\/div>\n\t\t<\/div>\n\t\t\t\t\t\t<\/div>\n\t\t\t\t<\/div>\n\t\t\t\t<div class=\"elementor-element elementor-element-939ab46 elementor-widget elementor-widget-text-editor\" data-id=\"939ab46\" data-element_type=\"widget\" data-e-type=\"widget\" data-widget_type=\"text-editor.default\">\n\t\t\t\t<div class=\"elementor-widget-container\">\n\t\t\t\t\t\t\t\t\t<p>Noi, in qualit\u00e0 di allevatori responsabili, dovremmo fare tutto il possibile per replicare questi indicatori selvatici con la tecnologia attuale. Noi di Arcadia siamo orgogliosi di offrire ai nostri clienti l&#8217;accesso a pi\u00f9 ricerche scientifiche, teorie emergenti e tecnologia di qualsiasi altro marchio. Siamo determinati a vedere la nostra &#8220;rivoluzione nella cura dei rettili&#8221;.<\/p>\n\t\t\t\t\t\t\t\t<\/div>\n\t\t\t\t<\/div>\n\t\t\t\t<\/div>\n\t\t\t\t\t<\/div>\n\t\t\t\t<\/div>\n\t\t<div class=\"elementor-element elementor-element-f7a214a e-flex e-con-boxed e-con e-parent\" data-id=\"f7a214a\" data-element_type=\"container\" data-e-type=\"container\">\n\t\t\t\t\t<div class=\"e-con-inner\">\n\t\t<div class=\"elementor-element elementor-element-20db5d1 e-con-full e-flex e-con e-parent\" data-id=\"20db5d1\" data-element_type=\"container\" data-e-type=\"container\" data-settings=\"{&quot;background_background&quot;:&quot;classic&quot;}\">\n\t\t\t\t<div class=\"elementor-element elementor-element-9283063 elementor-widget elementor-widget-image\" data-id=\"9283063\" data-element_type=\"widget\" data-e-type=\"widget\" data-widget_type=\"image.default\">\n\t\t\t\t<div class=\"elementor-widget-container\">\n\t\t\t\t\t\t\t\t\t\t\t\t\t\t\t\t<a href=\"https:\/\/arcadiareptile.com\/wp-content\/uploads\/d3-cycle.png\">\n\t\t\t\t\t\t\t<img fetchpriority=\"high\" decoding=\"async\" width=\"1586\" height=\"885\" src=\"https:\/\/arcadiareptile.com\/wp-content\/uploads\/d3-cycle.png\" class=\"attachment-full size-full wp-image-2120\" alt=\"D3 Cycle\" srcset=\"https:\/\/arcadiareptile.com\/wp-content\/uploads\/d3-cycle.png 1586w, https:\/\/arcadiareptile.com\/wp-content\/uploads\/d3-cycle-768x429.png 768w, https:\/\/arcadiareptile.com\/wp-content\/uploads\/d3-cycle-1536x857.png 1536w\" sizes=\"(max-width: 1586px) 100vw, 1586px\" \/>\t\t\t\t\t\t\t\t<\/a>\n\t\t\t\t\t\t\t\t\t\t\t\t\t\t\t<\/div>\n\t\t\t\t<\/div>\n\t\t\t\t<\/div>\n\t\t\t\t\t<\/div>\n\t\t\t\t<\/div>\n\t\t<div class=\"elementor-element elementor-element-c394ce4 e-flex e-con-boxed e-con e-parent\" data-id=\"c394ce4\" data-element_type=\"container\" data-e-type=\"container\">\n\t\t\t\t\t<div class=\"e-con-inner\">\n\t\t<div class=\"elementor-element elementor-element-16b0574 e-con-full e-flex e-con e-parent\" data-id=\"16b0574\" data-element_type=\"container\" data-e-type=\"container\" data-settings=\"{&quot;background_background&quot;:&quot;classic&quot;}\">\n\t\t\t\t<div class=\"elementor-element elementor-element-8a00811 elementor-widget elementor-widget-spacer\" data-id=\"8a00811\" data-element_type=\"widget\" data-e-type=\"widget\" data-widget_type=\"spacer.default\">\n\t\t\t\t<div class=\"elementor-widget-container\">\n\t\t\t\t\t\t\t<div class=\"elementor-spacer\">\n\t\t\t<div class=\"elementor-spacer-inner\"><\/div>\n\t\t<\/div>\n\t\t\t\t\t\t<\/div>\n\t\t\t\t<\/div>\n\t\t\t\t<div class=\"elementor-element elementor-element-d4dab77 elementor-widget elementor-widget-text-editor\" data-id=\"d4dab77\" data-element_type=\"widget\" data-e-type=\"widget\" data-widget_type=\"text-editor.default\">\n\t\t\t\t<div class=\"elementor-widget-container\">\n\t\t\t\t\t\t\t\t\t<p>Il ciclo della D3 \u00e8 un cambiamento chimico e ormonale nel corpo di un animale necessario a produrre vitamina D3.<\/p>\n\t\t\t\t\t\t\t\t<\/div>\n\t\t\t\t<\/div>\n\t\t\t\t<div class=\"elementor-element elementor-element-9d1ba74 elementor-widget elementor-widget-spacer\" data-id=\"9d1ba74\" data-element_type=\"widget\" data-e-type=\"widget\" data-widget_type=\"spacer.default\">\n\t\t\t\t<div class=\"elementor-widget-container\">\n\t\t\t\t\t\t\t<div class=\"elementor-spacer\">\n\t\t\t<div class=\"elementor-spacer-inner\"><\/div>\n\t\t<\/div>\n\t\t\t\t\t\t<\/div>\n\t\t\t\t<\/div>\n\t\t\t\t<div class=\"elementor-element elementor-element-83cdbdb elementor-widget elementor-widget-image\" data-id=\"83cdbdb\" data-element_type=\"widget\" data-e-type=\"widget\" data-widget_type=\"image.default\">\n\t\t\t\t<div class=\"elementor-widget-container\">\n\t\t\t\t\t\t\t\t\t\t\t\t\t\t\t<img decoding=\"async\" width=\"1012\" height=\"658\" src=\"https:\/\/arcadiareptile.com\/wp-content\/uploads\/d3-cycle-bearded-dragon.jpg\" class=\"attachment-full size-full wp-image-2121\" alt=\"D3 Cycle Bearded Dragon\" srcset=\"https:\/\/arcadiareptile.com\/wp-content\/uploads\/d3-cycle-bearded-dragon.jpg 1012w, https:\/\/arcadiareptile.com\/wp-content\/uploads\/d3-cycle-bearded-dragon-768x499.jpg 768w\" sizes=\"(max-width: 1012px) 100vw, 1012px\" \/>\t\t\t\t\t\t\t\t\t\t\t\t\t\t\t<\/div>\n\t\t\t\t<\/div>\n\t\t\t\t<div class=\"elementor-element elementor-element-8a5cebf elementor-widget elementor-widget-spacer\" data-id=\"8a5cebf\" data-element_type=\"widget\" data-e-type=\"widget\" data-widget_type=\"spacer.default\">\n\t\t\t\t<div class=\"elementor-widget-container\">\n\t\t\t\t\t\t\t<div class=\"elementor-spacer\">\n\t\t\t<div class=\"elementor-spacer-inner\"><\/div>\n\t\t<\/div>\n\t\t\t\t\t\t<\/div>\n\t\t\t\t<\/div>\n\t\t\t\t<div class=\"elementor-element elementor-element-e935a8f elementor-widget elementor-widget-spacer\" data-id=\"e935a8f\" data-element_type=\"widget\" data-e-type=\"widget\" data-widget_type=\"spacer.default\">\n\t\t\t\t<div class=\"elementor-widget-container\">\n\t\t\t\t\t\t\t<div class=\"elementor-spacer\">\n\t\t\t<div class=\"elementor-spacer-inner\"><\/div>\n\t\t<\/div>\n\t\t\t\t\t\t<\/div>\n\t\t\t\t<\/div>\n\t\t\t\t<div class=\"elementor-element elementor-element-5df724d elementor-widget elementor-widget-text-editor\" data-id=\"5df724d\" data-element_type=\"widget\" data-e-type=\"widget\" data-widget_type=\"text-editor.default\">\n\t\t\t\t<div class=\"elementor-widget-container\">\n\t\t\t\t\t\t\t\t\t<p>Il ciclo della D3 \u00e8 un processo biologico che dipende da molti fattori esterni, tra cui l&#8217;accesso alla luce naturale, al calore, al fresco e al riposo.<\/p>\n<p>Questo straordinario processo inizia quando nella pelle dell&#8217;animale viene prodotto un colesterolo chiamato pro vitamina D (7DHC) che \u00e8 naturale anche nell&#8217;uomo. Quando questo colesterolo viene esposto alla luce naturale (compresi i raggi UV-B a 290-315 nm), viene trasformato in pre-vitamina D all&#8217;interno della membrana cutanea.<\/p>\n<p>Dopo l&#8217;esposizione al calore, questa pre-vitamina D appena prodotta viene convertita (nella membrana cutanea) in vitamina D3. La vitamina D3 viene poi inviata nel plasma sanguigno e si unisce a una proteina legante della vitamina D. Questa parte della vitamina D viene poi trasportata al fegato dove si converte in un ormone chiamato calcediolo (25-idrossi vitamina D3).<\/p>\n<div class=\"col-md-8 col-md-offset-2\">\n<p class=\"post\">Il sangue trasporta il calcediolo in tutto il corpo fino ai reni. Qui, una parte dell&#8217;ormone si trasforma in un altro ormone chiamato calcetriolo. Questo composto svolge un ruolo essenziale nel metabolismo del calcio, controllandone i livelli nel sangue. Il calcetriolo svolge anche un ruolo importante nel sistema immunitario e nel sistema cardiovascolare. \u00c3\u02c6 stato dimostrato che riduce il rischio di tumori del corpo e della pelle.<\/p>\n<p class=\"post\">Possiamo vedere che l&#8217;esposizione alla luce naturale del sole, che trasforma la luce solare in vitamine salvavita, \u00e8 solo l&#8217;inizio di questa straordinaria capacit\u00e0. Se una parte del ciclo viene tralasciata, non pu\u00f2 essere completata. Anche i cambiamenti e le reazioni sarebbero ostacolati. Il risultato sarebbe una carenza di vitamine e ormoni. Se non si ricorre a un&#8217;integrazione, potrebbe verificarsi un crollo del calcio.<\/p>\n<p class=\"post\">Sebbene sia fondamentale per il benessere dei rettili, l&#8217;esposizione ai raggi UV svolge molti pi\u00f9 ruoli nell&#8217;organismo rispetto al solo ciclo D3. Gli impatti sulla vista, sulla riproduzione e sul benessere mentale sono tutti documentati e in fase di ricerca.<\/p>\n<\/div>\n\t\t\t\t\t\t\t\t<\/div>\n\t\t\t\t<\/div>\n\t\t\t\t<div class=\"elementor-element elementor-element-7831fa5 elementor-widget elementor-widget-spacer\" data-id=\"7831fa5\" data-element_type=\"widget\" data-e-type=\"widget\" data-widget_type=\"spacer.default\">\n\t\t\t\t<div class=\"elementor-widget-container\">\n\t\t\t\t\t\t\t<div class=\"elementor-spacer\">\n\t\t\t<div class=\"elementor-spacer-inner\"><\/div>\n\t\t<\/div>\n\t\t\t\t\t\t<\/div>\n\t\t\t\t<\/div>\n\t\t\t\t<div class=\"elementor-element elementor-element-1449c54 elementor-widget elementor-widget-text-editor\" data-id=\"1449c54\" data-element_type=\"widget\" data-e-type=\"widget\" data-widget_type=\"text-editor.default\">\n\t\t\t\t<div class=\"elementor-widget-container\">\n\t\t\t\t\t\t\t\t\t<p><span class=\"TextRun SCXW263595479 BCX2\" lang=\"EN-US\" data-contrast=\"auto\"><span class=\"NormalTextRun SCXW263595479 BCX2\">Per saperne di pi\u00f9 su questi processi, consultate i nostri <a style=\"text-decoration: underline; color: #46e4e3;\" href=\"https:\/\/arcadiareptile.com\/books\/\">libri<\/a> e <a style=\"text-decoration: underline; color: #46e4e3;\" href=\"https:\/\/arcadiareptile.com\/podcast\/\">podcast<\/a>.<\/span><\/span>.<\/p>\n\t\t\t\t\t\t\t\t<\/div>\n\t\t\t\t<\/div>\n\t\t\t\t<\/div>\n\t\t\t\t\t<\/div>\n\t\t\t\t<\/div>\n\t\t\t\t<\/div>\n\t\t\t\t\t<\/div>\n\t\t\t\t<\/div>\n\t\t\t\t<\/div>\n\t\t","protected":false},"excerpt":{"rendered":"<p>Ciclo D3 I rettili si affidano al calore, alla luce, ai raggi UV-A\/UV-B, al cibo e all&#8217;acqua per il loro sostentamento e per riprodursi. Noi, in qualit\u00e0 di allevatori responsabili, dovremmo fare tutto il possibile per replicare questi indicatori selvatici con la tecnologia attuale. Noi di Arcadia siamo orgogliosi di offrire ai nostri clienti l&#8217;accesso [&hellip;]<\/p>\n","protected":false},"author":1,"featured_media":0,"parent":0,"menu_order":0,"comment_status":"closed","ping_status":"closed","template":"","meta":{"site-sidebar-layout":"no-sidebar","site-content-layout":"page-builder","ast-site-content-layout":"default","site-content-style":"default","site-sidebar-style":"default","ast-global-header-display":"","ast-banner-title-visibility":"","ast-main-header-display":"","ast-hfb-above-header-display":"","ast-hfb-below-header-display":"","ast-hfb-mobile-header-display":"","site-post-title":"disabled","ast-breadcrumbs-content":"","ast-featured-img":"disabled","footer-sml-layout":"","ast-disable-related-posts":"","theme-transparent-header-meta":"","adv-header-id-meta":"","stick-header-meta":"","header-above-stick-meta":"","header-main-stick-meta":"","header-below-stick-meta":"","astra-migrate-meta-layouts":"default","ast-page-background-enabled":"default","ast-page-background-meta":{"desktop":{"background-color":"var(--ast-global-color-4)","background-image":"","background-repeat":"repeat","background-position":"center center","background-size":"auto","background-attachment":"scroll","background-type":"","background-media":"","overlay-type":"","overlay-color":"","overlay-opacity":"","overlay-gradient":""},"tablet":{"background-color":"","background-image":"","background-repeat":"repeat","background-position":"center center","background-size":"auto","background-attachment":"scroll","background-type":"","background-media":"","overlay-type":"","overlay-color":"","overlay-opacity":"","overlay-gradient":""},"mobile":{"background-color":"","background-image":"","background-repeat":"repeat","background-position":"center center","background-size":"auto","background-attachment":"scroll","background-type":"","background-media":"","overlay-type":"","overlay-color":"","overlay-opacity":"","overlay-gradient":""}},"ast-content-background-meta":{"desktop":{"background-color":"var(--ast-global-color-5)","background-image":"","background-repeat":"repeat","background-position":"center center","background-size":"auto","background-attachment":"scroll","background-type":"","background-media":"","overlay-type":"","overlay-color":"","overlay-opacity":"","overlay-gradient":""},"tablet":{"background-color":"var(--ast-global-color-5)","background-image":"","background-repeat":"repeat","background-position":"center center","background-size":"auto","background-attachment":"scroll","background-type":"","background-media":"","overlay-type":"","overlay-color":"","overlay-opacity":"","overlay-gradient":""},"mobile":{"background-color":"var(--ast-global-color-5)","background-image":"","background-repeat":"repeat","background-position":"center center","background-size":"auto","background-attachment":"scroll","background-type":"","background-media":"","overlay-type":"","overlay-color":"","overlay-opacity":"","overlay-gradient":""}},"footnotes":""},"class_list":["post-4869","page","type-page","status-publish","hentry"],"yoast_head":"<!-- This site is optimized with the Yoast SEO plugin v27.4 - https:\/\/yoast.com\/product\/yoast-seo-wordpress\/ -->\n<title>Ciclo D3 - Arcadia Reptile<\/title>\n<meta name=\"robots\" content=\"index, follow, max-snippet:-1, max-image-preview:large, max-video-preview:-1\" \/>\n<link rel=\"canonical\" href=\"https:\/\/arcadiareptile.com\/it\/ciclo-d3\/\" \/>\n<meta property=\"og:locale\" content=\"it_IT\" \/>\n<meta property=\"og:type\" content=\"article\" \/>\n<meta property=\"og:title\" content=\"Ciclo D3 - Arcadia Reptile\" \/>\n<meta property=\"og:description\" content=\"Ciclo D3 I rettili si affidano al calore, alla luce, ai raggi UV-A\/UV-B, al cibo e all&#8217;acqua per il loro sostentamento e per riprodursi. Noi, in qualit\u00e0 di allevatori responsabili, dovremmo fare tutto il possibile per replicare questi indicatori selvatici con la tecnologia attuale. Noi di Arcadia siamo orgogliosi di offrire ai nostri clienti l&#8217;accesso [&hellip;]\" \/>\n<meta property=\"og:url\" content=\"https:\/\/arcadiareptile.com\/it\/ciclo-d3\/\" \/>\n<meta property=\"og:site_name\" content=\"Arcadia Reptile\" \/>\n<meta property=\"article:modified_time\" content=\"2023-09-21T14:24:51+00:00\" \/>\n<meta property=\"og:image\" content=\"https:\/\/arcadiareptile.com\/wp-content\/uploads\/d3-cycle.png\" \/>\n<meta name=\"twitter:card\" content=\"summary_large_image\" \/>\n<meta name=\"twitter:label1\" content=\"Tempo di lettura stimato\" \/>\n\t<meta name=\"twitter:data1\" content=\"2 minuti\" \/>\n<script type=\"application\/ld+json\" class=\"yoast-schema-graph\">{\"@context\":\"https:\\\/\\\/schema.org\",\"@graph\":[{\"@type\":\"WebPage\",\"@id\":\"https:\\\/\\\/arcadiareptile.com\\\/it\\\/ciclo-d3\\\/\",\"url\":\"https:\\\/\\\/arcadiareptile.com\\\/it\\\/ciclo-d3\\\/\",\"name\":\"Ciclo D3 - Arcadia Reptile\",\"isPartOf\":{\"@id\":\"https:\\\/\\\/arcadiareptile.com\\\/it\\\/#website\"},\"primaryImageOfPage\":{\"@id\":\"https:\\\/\\\/arcadiareptile.com\\\/it\\\/ciclo-d3\\\/#primaryimage\"},\"image\":{\"@id\":\"https:\\\/\\\/arcadiareptile.com\\\/it\\\/ciclo-d3\\\/#primaryimage\"},\"thumbnailUrl\":\"https:\\\/\\\/arcadiareptile.com\\\/wp-content\\\/uploads\\\/d3-cycle.png\",\"datePublished\":\"2023-07-01T11:52:24+00:00\",\"dateModified\":\"2023-09-21T14:24:51+00:00\",\"breadcrumb\":{\"@id\":\"https:\\\/\\\/arcadiareptile.com\\\/it\\\/ciclo-d3\\\/#breadcrumb\"},\"inLanguage\":\"it-IT\",\"potentialAction\":[{\"@type\":\"ReadAction\",\"target\":[\"https:\\\/\\\/arcadiareptile.com\\\/it\\\/ciclo-d3\\\/\"]}]},{\"@type\":\"ImageObject\",\"inLanguage\":\"it-IT\",\"@id\":\"https:\\\/\\\/arcadiareptile.com\\\/it\\\/ciclo-d3\\\/#primaryimage\",\"url\":\"https:\\\/\\\/arcadiareptile.com\\\/wp-content\\\/uploads\\\/d3-cycle.png\",\"contentUrl\":\"https:\\\/\\\/arcadiareptile.com\\\/wp-content\\\/uploads\\\/d3-cycle.png\"},{\"@type\":\"BreadcrumbList\",\"@id\":\"https:\\\/\\\/arcadiareptile.com\\\/it\\\/ciclo-d3\\\/#breadcrumb\",\"itemListElement\":[{\"@type\":\"ListItem\",\"position\":1,\"name\":\"Home\",\"item\":\"https:\\\/\\\/arcadiareptile.com\\\/it\\\/casa\\\/\"},{\"@type\":\"ListItem\",\"position\":2,\"name\":\"Ciclo D3\"}]},{\"@type\":\"WebSite\",\"@id\":\"https:\\\/\\\/arcadiareptile.com\\\/it\\\/#website\",\"url\":\"https:\\\/\\\/arcadiareptile.com\\\/it\\\/\",\"name\":\"Arcadia Reptile\",\"description\":\"Arcadia Reptile\",\"potentialAction\":[{\"@type\":\"SearchAction\",\"target\":{\"@type\":\"EntryPoint\",\"urlTemplate\":\"https:\\\/\\\/arcadiareptile.com\\\/it\\\/?s={search_term_string}\"},\"query-input\":{\"@type\":\"PropertyValueSpecification\",\"valueRequired\":true,\"valueName\":\"search_term_string\"}}],\"inLanguage\":\"it-IT\"}]}<\/script>\n<!-- \/ Yoast SEO plugin. -->","yoast_head_json":{"title":"Ciclo D3 - Arcadia Reptile","robots":{"index":"index","follow":"follow","max-snippet":"max-snippet:-1","max-image-preview":"max-image-preview:large","max-video-preview":"max-video-preview:-1"},"canonical":"https:\/\/arcadiareptile.com\/it\/ciclo-d3\/","og_locale":"it_IT","og_type":"article","og_title":"Ciclo D3 - Arcadia Reptile","og_description":"Ciclo D3 I rettili si affidano al calore, alla luce, ai raggi UV-A\/UV-B, al cibo e all&#8217;acqua per il loro sostentamento e per riprodursi. Noi, in qualit\u00e0 di allevatori responsabili, dovremmo fare tutto il possibile per replicare questi indicatori selvatici con la tecnologia attuale. Noi di Arcadia siamo orgogliosi di offrire ai nostri clienti l&#8217;accesso [&hellip;]","og_url":"https:\/\/arcadiareptile.com\/it\/ciclo-d3\/","og_site_name":"Arcadia Reptile","article_modified_time":"2023-09-21T14:24:51+00:00","og_image":[{"url":"https:\/\/arcadiareptile.com\/wp-content\/uploads\/d3-cycle.png","type":"","width":"","height":""}],"twitter_card":"summary_large_image","twitter_misc":{"Tempo di lettura stimato":"2 minuti"},"schema":{"@context":"https:\/\/schema.org","@graph":[{"@type":"WebPage","@id":"https:\/\/arcadiareptile.com\/it\/ciclo-d3\/","url":"https:\/\/arcadiareptile.com\/it\/ciclo-d3\/","name":"Ciclo D3 - Arcadia Reptile","isPartOf":{"@id":"https:\/\/arcadiareptile.com\/it\/#website"},"primaryImageOfPage":{"@id":"https:\/\/arcadiareptile.com\/it\/ciclo-d3\/#primaryimage"},"image":{"@id":"https:\/\/arcadiareptile.com\/it\/ciclo-d3\/#primaryimage"},"thumbnailUrl":"https:\/\/arcadiareptile.com\/wp-content\/uploads\/d3-cycle.png","datePublished":"2023-07-01T11:52:24+00:00","dateModified":"2023-09-21T14:24:51+00:00","breadcrumb":{"@id":"https:\/\/arcadiareptile.com\/it\/ciclo-d3\/#breadcrumb"},"inLanguage":"it-IT","potentialAction":[{"@type":"ReadAction","target":["https:\/\/arcadiareptile.com\/it\/ciclo-d3\/"]}]},{"@type":"ImageObject","inLanguage":"it-IT","@id":"https:\/\/arcadiareptile.com\/it\/ciclo-d3\/#primaryimage","url":"https:\/\/arcadiareptile.com\/wp-content\/uploads\/d3-cycle.png","contentUrl":"https:\/\/arcadiareptile.com\/wp-content\/uploads\/d3-cycle.png"},{"@type":"BreadcrumbList","@id":"https:\/\/arcadiareptile.com\/it\/ciclo-d3\/#breadcrumb","itemListElement":[{"@type":"ListItem","position":1,"name":"Home","item":"https:\/\/arcadiareptile.com\/it\/casa\/"},{"@type":"ListItem","position":2,"name":"Ciclo D3"}]},{"@type":"WebSite","@id":"https:\/\/arcadiareptile.com\/it\/#website","url":"https:\/\/arcadiareptile.com\/it\/","name":"Arcadia Reptile","description":"Arcadia Reptile","potentialAction":[{"@type":"SearchAction","target":{"@type":"EntryPoint","urlTemplate":"https:\/\/arcadiareptile.com\/it\/?s={search_term_string}"},"query-input":{"@type":"PropertyValueSpecification","valueRequired":true,"valueName":"search_term_string"}}],"inLanguage":"it-IT"}]}},"_links":{"self":[{"href":"https:\/\/arcadiareptile.com\/it\/wp-json\/wp\/v2\/pages\/4869","targetHints":{"allow":["GET"]}}],"collection":[{"href":"https:\/\/arcadiareptile.com\/it\/wp-json\/wp\/v2\/pages"}],"about":[{"href":"https:\/\/arcadiareptile.com\/it\/wp-json\/wp\/v2\/types\/page"}],"author":[{"embeddable":true,"href":"https:\/\/arcadiareptile.com\/it\/wp-json\/wp\/v2\/users\/1"}],"replies":[{"embeddable":true,"href":"https:\/\/arcadiareptile.com\/it\/wp-json\/wp\/v2\/comments?post=4869"}],"version-history":[{"count":0,"href":"https:\/\/arcadiareptile.com\/it\/wp-json\/wp\/v2\/pages\/4869\/revisions"}],"wp:attachment":[{"href":"https:\/\/arcadiareptile.com\/it\/wp-json\/wp\/v2\/media?parent=4869"}],"curies":[{"name":"wp","href":"https:\/\/api.w.org\/{rel}","templated":true}]}}