{"id":7645,"date":"2022-05-20T10:51:51","date_gmt":"2022-05-20T10:51:51","guid":{"rendered":"https:\/\/arcadiareptile.com\/rejestracja-w-programie-odnowy-mbd\/"},"modified":"2025-09-10T12:02:40","modified_gmt":"2025-09-10T12:02:40","slug":"rejestracja-w-programie-odnowy-mbd","status":"publish","type":"page","link":"https:\/\/arcadiareptile.com\/pl\/rejestracja-w-programie-odnowy-mbd\/","title":{"rendered":"Rejestracja w programie odnowy MBD"},"content":{"rendered":"\t\t<div data-elementor-type=\"wp-page\" data-elementor-id=\"7645\" class=\"elementor elementor-7645 elementor-51\" data-elementor-post-type=\"page\">\n\t\t\t\t\t\t<section class=\"elementor-section elementor-top-section elementor-element elementor-element-2a2db00 elementor-section-boxed elementor-section-height-default elementor-section-height-default\" data-id=\"2a2db00\" data-element_type=\"section\" data-e-type=\"section\" data-settings=\"{&quot;background_background&quot;:&quot;classic&quot;}\">\n\t\t\t\t\t\t<div class=\"elementor-container elementor-column-gap-default\">\n\t\t\t\t\t<div class=\"elementor-column elementor-col-100 elementor-top-column elementor-element elementor-element-0607637\" data-id=\"0607637\" data-element_type=\"column\" data-e-type=\"column\">\n\t\t\t<div class=\"elementor-widget-wrap elementor-element-populated\">\n\t\t\t\t\t\t<section class=\"elementor-section elementor-inner-section elementor-element elementor-element-8555e48 elementor-section-boxed elementor-section-height-default elementor-section-height-default\" data-id=\"8555e48\" data-element_type=\"section\" data-e-type=\"section\">\n\t\t\t\t\t\t<div class=\"elementor-container elementor-column-gap-default\">\n\t\t\t\t\t<div class=\"elementor-column elementor-col-100 elementor-inner-column elementor-element elementor-element-5cca6fe\" data-id=\"5cca6fe\" data-element_type=\"column\" data-e-type=\"column\">\n\t\t\t<div class=\"elementor-widget-wrap elementor-element-populated\">\n\t\t\t\t\t\t<div class=\"elementor-element elementor-element-f1ed5ae elementor-widget elementor-widget-heading\" data-id=\"f1ed5ae\" data-element_type=\"widget\" data-e-type=\"widget\" data-widget_type=\"heading.default\">\n\t\t\t\t<div class=\"elementor-widget-container\">\n\t\t\t\t\t<h2 class=\"elementor-heading-title elementor-size-default\">Program leczenia zaburze\u0144 metabolicznych ko\u015bci<\/h2>\t\t\t\t<\/div>\n\t\t\t\t<\/div>\n\t\t\t\t\t<\/div>\n\t\t<\/div>\n\t\t\t\t\t<\/div>\n\t\t<\/section>\n\t\t\t\t<div class=\"elementor-element elementor-element-7d750f9 elementor-widget elementor-widget-text-editor\" data-id=\"7d750f9\" data-element_type=\"widget\" data-e-type=\"widget\" data-widget_type=\"text-editor.default\">\n\t\t\t\t<div class=\"elementor-widget-container\">\n\t\t\t\t\t\t\t\t\tJohn Courteney-Smith MRSB\t\t\t\t\t\t\t\t<\/div>\n\t\t\t\t<\/div>\n\t\t\t\t\t<\/div>\n\t\t<\/div>\n\t\t\t\t\t<\/div>\n\t\t<\/section>\n\t\t\t\t<section class=\"elementor-section elementor-top-section elementor-element elementor-element-173edf5 elementor-section-boxed elementor-section-height-default elementor-section-height-default\" data-id=\"173edf5\" data-element_type=\"section\" data-e-type=\"section\" data-settings=\"{&quot;background_background&quot;:&quot;classic&quot;}\">\n\t\t\t\t\t\t<div class=\"elementor-container elementor-column-gap-default\">\n\t\t\t\t\t<div class=\"elementor-column elementor-col-100 elementor-top-column elementor-element elementor-element-3ec46df\" data-id=\"3ec46df\" data-element_type=\"column\" data-e-type=\"column\">\n\t\t\t<div class=\"elementor-widget-wrap elementor-element-populated\">\n\t\t\t\t\t\t<section class=\"elementor-section elementor-inner-section elementor-element elementor-element-81b56a0 elementor-section-boxed elementor-section-height-default elementor-section-height-default\" data-id=\"81b56a0\" data-element_type=\"section\" data-e-type=\"section\">\n\t\t\t\t\t\t<div class=\"elementor-container elementor-column-gap-default\">\n\t\t\t\t\t<div class=\"elementor-column elementor-col-100 elementor-inner-column elementor-element elementor-element-3b7c661\" data-id=\"3b7c661\" data-element_type=\"column\" data-e-type=\"column\">\n\t\t\t<div class=\"elementor-widget-wrap elementor-element-populated\">\n\t\t\t\t\t\t<div class=\"elementor-element elementor-element-c501abb elementor-widget elementor-widget-text-editor\" data-id=\"c501abb\" data-element_type=\"widget\" data-e-type=\"widget\" data-widget_type=\"text-editor.default\">\n\t\t\t\t<div class=\"elementor-widget-container\">\n\t\t\t\t\t\t\t\t\tWype\u0142nij, aby uzyska\u0107 dost\u0119p do programu odzyskiwania MBD\t\t\t\t\t\t\t\t<\/div>\n\t\t\t\t<\/div>\n\t\t\t\t<div class=\"elementor-element elementor-element-75ca239 elementor-widget elementor-widget-text-editor\" data-id=\"75ca239\" data-element_type=\"widget\" data-e-type=\"widget\" data-widget_type=\"text-editor.default\">\n\t\t\t\t<div class=\"elementor-widget-container\">\n\t\t\t\t\t\t\t\t\t<p class=\"mt20 mb20\">Program Odbudowy MBD to szczeg\u00f3\u0142owy dokument opracowany w celu wyja\u015bnienia MBD oraz znalezienia odpowiedniej, naturalnej i synergistycznej opcji diagnozy i leczenia rekonwalescencyjnego. Program zosta\u0142 opracowany z my\u015bl\u0105 o specjalistach ds. dobrostanu zwierz\u0105t, kt\u00f3rzy mog\u0105 z niego korzysta\u0107 i udziela\u0107 porad. Program rozpoczyna si\u0119 od wyja\u015bnienia MBD i jego najcz\u0119stszych przyczyn. Nast\u0119pnie, poprzez nasz\u0105 teori\u0119 \u201eod\u017cywiania og\u00f3lnego\u201d i \u201etrzech parametr\u00f3w poda\u017cy\u201d, proponujemy potencjalne rozwi\u0105zanie zaradcze. Zapewniamy przemy\u015blan\u0105 opiek\u0119 nad tymi chorobami na ka\u017cdym etapie, od ci\u0119\u017ckiego do nag\u0142ego, zawsze pod nadzorem lekarza weterynarii. W dokumencie znajduje si\u0119 r\u00f3wnie\u017c przewodnik \u017cywieniowy, kt\u00f3ry s\u0142u\u017cy do remineralizacji i stabilizacji ka\u017cdej g\u0142\u00f3wnej grupy gad\u00f3w poprzez szczeg\u00f3\u0142owy program \u201epo karmie\u201d.     <\/p><p class=\"mb20\">Metaboliczne zaburzenie ko\u015bci (MBD) to schorzenie ograniczaj\u0105ce d\u0142ugo\u015b\u0107 \u017cycia i ca\u0142kowicie mo\u017cliwe do unikni\u0119cia, spowodowane poziomem nier\u00f3wnowagi \u015brodowiskowej i \u017cywieniowej. Od wielu lat Arcadia Reptile przewodzi globalnym pracom nad przyczynami i leczeniem MBD u gad\u00f3w w niewoli. Proces ten doprowadzi\u0142 nas do opracowania najlepszych na \u015bwiecie system\u00f3w UV-B oraz zaprojektowania \u201ew pe\u0142ni naturalnej\u201d gamy suplement\u00f3w i karm, aby zapewni\u0107 tym niezwyk\u0142ym zwierz\u0119tom prawid\u0142owe od\u017cywianie.  <\/p><p class=\"mb20\">Niniejszy poradnik zosta\u0142 napisany \u201ewy\u0142\u0105cznie do u\u017cytku profesjonalnego\u201d. Je\u015bli jeste\u015b weterynarzem, opiekunem zwierz\u0105t w zoo, w\u0142a\u015bcicielem sklepu z gadami, wyk\u0142adowc\u0105 edukacyjnym lub prowadzisz zarejestrowany o\u015brodek ratunkowy, wpisz swoje dane w poni\u017cszym formularzu, a z przyjemno\u015bci\u0105 prze\u015blemy Ci bezp\u0142atnie plik PDF tego 10-stronicowego programu. <\/p>\t\t\t\t\t\t\t\t<\/div>\n\t\t\t\t<\/div>\n\t\t\t\t<div class=\"elementor-element elementor-element-d52761d elementor-button-align-start elementor-widget elementor-widget-form\" data-id=\"d52761d\" data-element_type=\"widget\" data-e-type=\"widget\" data-settings=\"{&quot;step_next_label&quot;:&quot;Nast\\u0119pny&quot;,&quot;step_previous_label&quot;:&quot;Poprzedni&quot;,&quot;button_width&quot;:&quot;100&quot;,&quot;step_type&quot;:&quot;number_text&quot;,&quot;step_icon_shape&quot;:&quot;circle&quot;}\" data-widget_type=\"form.default\">\n\t\t\t\t<div class=\"elementor-widget-container\">\n\t\t\t\t\t\t\t<form class=\"elementor-form\" method=\"post\" name=\"Nowy formularz\" aria-label=\"Nowy formularz\">\n\t\t\t<input type=\"hidden\" name=\"post_id\" value=\"7645\"\/>\n\t\t\t<input type=\"hidden\" name=\"form_id\" value=\"d52761d\"\/>\n\t\t\t<input type=\"hidden\" name=\"referer_title\" value=\"Rejestracja w programie odnowy MBD - Arcadia Reptile\" \/>\n\n\t\t\t\t\t\t\t<input type=\"hidden\" name=\"queried_id\" value=\"7645\"\/>\n\t\t\t\n\t\t\t<div class=\"elementor-form-fields-wrapper elementor-labels-\">\n\t\t\t\t\t\t\t\t<div class=\"elementor-field-type-text elementor-field-group elementor-column elementor-field-group-name elementor-col-50\">\n\t\t\t\t\t\t\t\t\t\t\t\t<label for=\"form-field-name\" class=\"elementor-field-label elementor-screen-only\">\n\t\t\t\t\t\t\t\tPe\u0142ne imi\u0119 i nazwisko\t\t\t\t\t\t\t<\/label>\n\t\t\t\t\t\t\t\t\t\t\t\t\t\t<input size=\"1\" type=\"text\" name=\"form_fields[name]\" id=\"form-field-name\" class=\"elementor-field elementor-size-sm  elementor-field-textual\" placeholder=\"Pe\u0142ne imi\u0119 i nazwisko\">\n\t\t\t\t\t\t\t\t\t\t\t<\/div>\n\t\t\t\t\t\t\t\t<div class=\"elementor-field-type-email elementor-field-group elementor-column elementor-field-group-email elementor-col-50 elementor-field-required\">\n\t\t\t\t\t\t\t\t\t\t\t\t<label for=\"form-field-email\" class=\"elementor-field-label elementor-screen-only\">\n\t\t\t\t\t\t\t\tE-mail\t\t\t\t\t\t\t<\/label>\n\t\t\t\t\t\t\t\t\t\t\t\t\t\t<input size=\"1\" type=\"email\" name=\"form_fields[email]\" id=\"form-field-email\" class=\"elementor-field elementor-size-sm  elementor-field-textual\" placeholder=\"E-mail\" required=\"required\">\n\t\t\t\t\t\t\t\t\t\t\t<\/div>\n\t\t\t\t\t\t\t\t<div class=\"elementor-field-type-text elementor-field-group elementor-column elementor-field-group-field_3cbaf8a elementor-col-100\">\n\t\t\t\t\t\t\t\t\t\t\t\t<label for=\"form-field-field_3cbaf8a\" class=\"elementor-field-label elementor-screen-only\">\n\t\t\t\t\t\t\t\tNazwa praktyki\/sklepu\/ratownictwa:\t\t\t\t\t\t\t<\/label>\n\t\t\t\t\t\t\t\t\t\t\t\t\t\t<input size=\"1\" type=\"text\" name=\"form_fields[field_3cbaf8a]\" id=\"form-field-field_3cbaf8a\" class=\"elementor-field elementor-size-sm  elementor-field-textual\" placeholder=\"Nazwa praktyki\/sklepu\/ratownictwa\">\n\t\t\t\t\t\t\t\t\t\t\t<\/div>\n\t\t\t\t\t\t\t\t<div class=\"elementor-field-type-textarea elementor-field-group elementor-column elementor-field-group-message elementor-col-100\">\n\t\t\t\t\t\t\t\t\t\t\t\t<label for=\"form-field-message\" class=\"elementor-field-label elementor-screen-only\">\n\t\t\t\t\t\t\t\tAdres firmy\t\t\t\t\t\t\t<\/label>\n\t\t\t\t\t\t<textarea class=\"elementor-field-textual elementor-field  elementor-size-sm\" name=\"form_fields[message]\" id=\"form-field-message\" rows=\"4\" placeholder=\"Adres firmy\"><\/textarea>\t\t\t\t<\/div>\n\t\t\t\t\t\t\t\t<div class=\"elementor-field-type-text elementor-field-group elementor-column elementor-field-group-field_9ba562c elementor-col-100\">\n\t\t\t\t\t\t\t\t\t\t\t\t<label for=\"form-field-field_9ba562c\" class=\"elementor-field-label elementor-screen-only\">\n\t\t\t\t\t\t\t\tKraj\t\t\t\t\t\t\t<\/label>\n\t\t\t\t\t\t\t\t\t\t\t\t\t\t<input size=\"1\" type=\"text\" name=\"form_fields[field_9ba562c]\" id=\"form-field-field_9ba562c\" class=\"elementor-field elementor-size-sm  elementor-field-textual\" placeholder=\"Kraj\">\n\t\t\t\t\t\t\t\t\t\t\t<\/div>\n\t\t\t\t\t\t\t\t<div class=\"elementor-field-group elementor-column elementor-field-type-submit elementor-col-100 e-form__buttons\">\n\t\t\t\t\t<button class=\"elementor-button elementor-size-sm\" type=\"submit\">\n\t\t\t\t\t\t<span class=\"elementor-button-content-wrapper\">\n\t\t\t\t\t\t\t\t\t\t\t\t\t\t\t\t\t\t\t\t\t\t<span class=\"elementor-button-text\">Sk\u0142ada\u0107<\/span>\n\t\t\t\t\t\t\t\t\t\t\t\t\t<\/span>\n\t\t\t\t\t<\/button>\n\t\t\t\t<\/div>\n\t\t\t<\/div>\n\t\t<\/form>\n\t\t\t\t\t\t<\/div>\n\t\t\t\t<\/div>\n\t\t\t\t\t<\/div>\n\t\t<\/div>\n\t\t\t\t\t<\/div>\n\t\t<\/section>\n\t\t\t\t\t<\/div>\n\t\t<\/div>\n\t\t\t\t\t<\/div>\n\t\t<\/section>\n\t\t\t\t<\/div>\n\t\t","protected":false},"excerpt":{"rendered":"<p>Program leczenia zaburze\u0144 metabolicznych ko\u015bci John Courteney-Smith MRSBWype\u0142nij, aby uzyska\u0107 dost\u0119p do programu odzyskiwania MBD Program Odbudowy MBD to szczeg\u00f3\u0142owy dokument opracowany w celu wyja\u015bnienia MBD oraz znalezienia odpowiedniej, naturalnej i synergistycznej opcji diagnozy i leczenia rekonwalescencyjnego. Program zosta\u0142 opracowany z my\u015bl\u0105 o specjalistach ds. dobrostanu zwierz\u0105t, kt\u00f3rzy mog\u0105 z niego korzysta\u0107 i udziela\u0107 porad. [&hellip;]<\/p>\n","protected":false},"author":1,"featured_media":0,"parent":0,"menu_order":0,"comment_status":"closed","ping_status":"closed","template":"","meta":{"site-sidebar-layout":"no-sidebar","site-content-layout":"page-builder","ast-site-content-layout":"default","site-content-style":"default","site-sidebar-style":"default","ast-global-header-display":"","ast-banner-title-visibility":"","ast-main-header-display":"","ast-hfb-above-header-display":"","ast-hfb-below-header-display":"","ast-hfb-mobile-header-display":"","site-post-title":"disabled","ast-breadcrumbs-content":"","ast-featured-img":"disabled","footer-sml-layout":"","ast-disable-related-posts":"","theme-transparent-header-meta":"","adv-header-id-meta":"","stick-header-meta":"","header-above-stick-meta":"","header-main-stick-meta":"","header-below-stick-meta":"","astra-migrate-meta-layouts":"default","ast-page-background-enabled":"default","ast-page-background-meta":{"desktop":{"background-color":"var(--ast-global-color-4)","background-image":"","background-repeat":"repeat","background-position":"center center","background-size":"auto","background-attachment":"scroll","background-type":"","background-media":"","overlay-type":"","overlay-color":"","overlay-opacity":"","overlay-gradient":""},"tablet":{"background-color":"","background-image":"","background-repeat":"repeat","background-position":"center center","background-size":"auto","background-attachment":"scroll","background-type":"","background-media":"","overlay-type":"","overlay-color":"","overlay-opacity":"","overlay-gradient":""},"mobile":{"background-color":"","background-image":"","background-repeat":"repeat","background-position":"center center","background-size":"auto","background-attachment":"scroll","background-type":"","background-media":"","overlay-type":"","overlay-color":"","overlay-opacity":"","overlay-gradient":""}},"ast-content-background-meta":{"desktop":{"background-color":"var(--ast-global-color-5)","background-image":"","background-repeat":"repeat","background-position":"center center","background-size":"auto","background-attachment":"scroll","background-type":"","background-media":"","overlay-type":"","overlay-color":"","overlay-opacity":"","overlay-gradient":""},"tablet":{"background-color":"var(--ast-global-color-5)","background-image":"","background-repeat":"repeat","background-position":"center center","background-size":"auto","background-attachment":"scroll","background-type":"","background-media":"","overlay-type":"","overlay-color":"","overlay-opacity":"","overlay-gradient":""},"mobile":{"background-color":"var(--ast-global-color-5)","background-image":"","background-repeat":"repeat","background-position":"center center","background-size":"auto","background-attachment":"scroll","background-type":"","background-media":"","overlay-type":"","overlay-color":"","overlay-opacity":"","overlay-gradient":""}},"footnotes":""},"class_list":["post-7645","page","type-page","status-publish","hentry"],"yoast_head":"<!-- This site is optimized with the Yoast SEO plugin v27.3 - https:\/\/yoast.com\/product\/yoast-seo-wordpress\/ -->\n<title>Rejestracja w programie odnowy MBD - Arcadia Reptile<\/title>\n<meta name=\"robots\" content=\"index, follow, max-snippet:-1, max-image-preview:large, max-video-preview:-1\" \/>\n<link rel=\"canonical\" href=\"https:\/\/arcadiareptile.com\/pl\/rejestracja-w-programie-odnowy-mbd\/\" \/>\n<meta property=\"og:locale\" content=\"pl_PL\" \/>\n<meta property=\"og:type\" content=\"article\" \/>\n<meta property=\"og:title\" content=\"Rejestracja w programie odnowy MBD - Arcadia Reptile\" \/>\n<meta property=\"og:description\" content=\"Program leczenia zaburze\u0144 metabolicznych ko\u015bci John Courteney-Smith MRSBWype\u0142nij, aby uzyska\u0107 dost\u0119p do programu odzyskiwania MBD Program Odbudowy MBD to szczeg\u00f3\u0142owy dokument opracowany w celu wyja\u015bnienia MBD oraz znalezienia odpowiedniej, naturalnej i synergistycznej opcji diagnozy i leczenia rekonwalescencyjnego. Program zosta\u0142 opracowany z my\u015bl\u0105 o specjalistach ds. dobrostanu zwierz\u0105t, kt\u00f3rzy mog\u0105 z niego korzysta\u0107 i udziela\u0107 porad. [&hellip;]\" \/>\n<meta property=\"og:url\" content=\"https:\/\/arcadiareptile.com\/pl\/rejestracja-w-programie-odnowy-mbd\/\" \/>\n<meta property=\"og:site_name\" content=\"Arcadia Reptile\" \/>\n<meta property=\"article:modified_time\" content=\"2025-09-10T12:02:40+00:00\" \/>\n<meta name=\"twitter:card\" content=\"summary_large_image\" \/>\n<meta name=\"twitter:label1\" content=\"Szacowany czas czytania\" \/>\n\t<meta name=\"twitter:data1\" content=\"1 minuta\" \/>\n<script type=\"application\/ld+json\" class=\"yoast-schema-graph\">{\"@context\":\"https:\\\/\\\/schema.org\",\"@graph\":[{\"@type\":\"WebPage\",\"@id\":\"https:\\\/\\\/arcadiareptile.com\\\/pl\\\/rejestracja-w-programie-odnowy-mbd\\\/\",\"url\":\"https:\\\/\\\/arcadiareptile.com\\\/pl\\\/rejestracja-w-programie-odnowy-mbd\\\/\",\"name\":\"Rejestracja w programie odnowy MBD - Arcadia Reptile\",\"isPartOf\":{\"@id\":\"https:\\\/\\\/arcadiareptile.com\\\/pl\\\/#website\"},\"datePublished\":\"2022-05-20T10:51:51+00:00\",\"dateModified\":\"2025-09-10T12:02:40+00:00\",\"breadcrumb\":{\"@id\":\"https:\\\/\\\/arcadiareptile.com\\\/pl\\\/rejestracja-w-programie-odnowy-mbd\\\/#breadcrumb\"},\"inLanguage\":\"pl-PL\",\"potentialAction\":[{\"@type\":\"ReadAction\",\"target\":[\"https:\\\/\\\/arcadiareptile.com\\\/pl\\\/rejestracja-w-programie-odnowy-mbd\\\/\"]}]},{\"@type\":\"BreadcrumbList\",\"@id\":\"https:\\\/\\\/arcadiareptile.com\\\/pl\\\/rejestracja-w-programie-odnowy-mbd\\\/#breadcrumb\",\"itemListElement\":[{\"@type\":\"ListItem\",\"position\":1,\"name\":\"Dom\",\"item\":\"https:\\\/\\\/arcadiareptile.com\\\/pl\\\/dom\\\/\"},{\"@type\":\"ListItem\",\"position\":2,\"name\":\"Rejestracja w programie odnowy MBD\"}]},{\"@type\":\"WebSite\",\"@id\":\"https:\\\/\\\/arcadiareptile.com\\\/pl\\\/#website\",\"url\":\"https:\\\/\\\/arcadiareptile.com\\\/pl\\\/\",\"name\":\"Arcadia Reptile\",\"description\":\"Arcadia Reptile\",\"potentialAction\":[{\"@type\":\"SearchAction\",\"target\":{\"@type\":\"EntryPoint\",\"urlTemplate\":\"https:\\\/\\\/arcadiareptile.com\\\/pl\\\/?s={search_term_string}\"},\"query-input\":{\"@type\":\"PropertyValueSpecification\",\"valueRequired\":true,\"valueName\":\"search_term_string\"}}],\"inLanguage\":\"pl-PL\"}]}<\/script>\n<!-- \/ Yoast SEO plugin. -->","yoast_head_json":{"title":"Rejestracja w programie odnowy MBD - Arcadia Reptile","robots":{"index":"index","follow":"follow","max-snippet":"max-snippet:-1","max-image-preview":"max-image-preview:large","max-video-preview":"max-video-preview:-1"},"canonical":"https:\/\/arcadiareptile.com\/pl\/rejestracja-w-programie-odnowy-mbd\/","og_locale":"pl_PL","og_type":"article","og_title":"Rejestracja w programie odnowy MBD - Arcadia Reptile","og_description":"Program leczenia zaburze\u0144 metabolicznych ko\u015bci John Courteney-Smith MRSBWype\u0142nij, aby uzyska\u0107 dost\u0119p do programu odzyskiwania MBD Program Odbudowy MBD to szczeg\u00f3\u0142owy dokument opracowany w celu wyja\u015bnienia MBD oraz znalezienia odpowiedniej, naturalnej i synergistycznej opcji diagnozy i leczenia rekonwalescencyjnego. Program zosta\u0142 opracowany z my\u015bl\u0105 o specjalistach ds. dobrostanu zwierz\u0105t, kt\u00f3rzy mog\u0105 z niego korzysta\u0107 i udziela\u0107 porad. [&hellip;]","og_url":"https:\/\/arcadiareptile.com\/pl\/rejestracja-w-programie-odnowy-mbd\/","og_site_name":"Arcadia Reptile","article_modified_time":"2025-09-10T12:02:40+00:00","twitter_card":"summary_large_image","twitter_misc":{"Szacowany czas czytania":"1 minuta"},"schema":{"@context":"https:\/\/schema.org","@graph":[{"@type":"WebPage","@id":"https:\/\/arcadiareptile.com\/pl\/rejestracja-w-programie-odnowy-mbd\/","url":"https:\/\/arcadiareptile.com\/pl\/rejestracja-w-programie-odnowy-mbd\/","name":"Rejestracja w programie odnowy MBD - Arcadia Reptile","isPartOf":{"@id":"https:\/\/arcadiareptile.com\/pl\/#website"},"datePublished":"2022-05-20T10:51:51+00:00","dateModified":"2025-09-10T12:02:40+00:00","breadcrumb":{"@id":"https:\/\/arcadiareptile.com\/pl\/rejestracja-w-programie-odnowy-mbd\/#breadcrumb"},"inLanguage":"pl-PL","potentialAction":[{"@type":"ReadAction","target":["https:\/\/arcadiareptile.com\/pl\/rejestracja-w-programie-odnowy-mbd\/"]}]},{"@type":"BreadcrumbList","@id":"https:\/\/arcadiareptile.com\/pl\/rejestracja-w-programie-odnowy-mbd\/#breadcrumb","itemListElement":[{"@type":"ListItem","position":1,"name":"Dom","item":"https:\/\/arcadiareptile.com\/pl\/dom\/"},{"@type":"ListItem","position":2,"name":"Rejestracja w programie odnowy MBD"}]},{"@type":"WebSite","@id":"https:\/\/arcadiareptile.com\/pl\/#website","url":"https:\/\/arcadiareptile.com\/pl\/","name":"Arcadia Reptile","description":"Arcadia Reptile","potentialAction":[{"@type":"SearchAction","target":{"@type":"EntryPoint","urlTemplate":"https:\/\/arcadiareptile.com\/pl\/?s={search_term_string}"},"query-input":{"@type":"PropertyValueSpecification","valueRequired":true,"valueName":"search_term_string"}}],"inLanguage":"pl-PL"}]}},"_links":{"self":[{"href":"https:\/\/arcadiareptile.com\/pl\/wp-json\/wp\/v2\/pages\/7645","targetHints":{"allow":["GET"]}}],"collection":[{"href":"https:\/\/arcadiareptile.com\/pl\/wp-json\/wp\/v2\/pages"}],"about":[{"href":"https:\/\/arcadiareptile.com\/pl\/wp-json\/wp\/v2\/types\/page"}],"author":[{"embeddable":true,"href":"https:\/\/arcadiareptile.com\/pl\/wp-json\/wp\/v2\/users\/1"}],"replies":[{"embeddable":true,"href":"https:\/\/arcadiareptile.com\/pl\/wp-json\/wp\/v2\/comments?post=7645"}],"version-history":[{"count":1,"href":"https:\/\/arcadiareptile.com\/pl\/wp-json\/wp\/v2\/pages\/7645\/revisions"}],"predecessor-version":[{"id":7647,"href":"https:\/\/arcadiareptile.com\/pl\/wp-json\/wp\/v2\/pages\/7645\/revisions\/7647"}],"wp:attachment":[{"href":"https:\/\/arcadiareptile.com\/pl\/wp-json\/wp\/v2\/media?parent=7645"}],"curies":[{"name":"wp","href":"https:\/\/api.w.org\/{rel}","templated":true}]}}