{"id":7773,"date":"2023-07-01T11:52:24","date_gmt":"2023-07-01T11:52:24","guid":{"rendered":"https:\/\/arcadiareptile.com\/oswietlenie\/cykl-d3\/"},"modified":"2025-09-10T12:03:25","modified_gmt":"2025-09-10T12:03:25","slug":"cykl-d3","status":"publish","type":"page","link":"https:\/\/arcadiareptile.com\/pl\/oswietlenie\/cykl-d3\/","title":{"rendered":"Cykl D3"},"content":{"rendered":"\t\t<div data-elementor-type=\"wp-page\" data-elementor-id=\"7773\" class=\"elementor elementor-7773 elementor-2116\" data-elementor-post-type=\"page\">\n\t\t\t\t<div class=\"elementor-element elementor-element-d98362f e-flex e-con-boxed e-con e-parent\" data-id=\"d98362f\" data-element_type=\"container\" data-e-type=\"container\" data-settings=\"{&quot;background_background&quot;:&quot;classic&quot;}\">\n\t\t\t\t\t<div class=\"e-con-inner\">\n\t\t<div class=\"elementor-element elementor-element-4a5ca48 e-con-full e-flex e-con e-child\" data-id=\"4a5ca48\" data-element_type=\"container\" data-e-type=\"container\">\n\t\t<div class=\"elementor-element elementor-element-0990855 e-con-full e-flex e-con e-child\" data-id=\"0990855\" data-element_type=\"container\" data-e-type=\"container\">\n\t\t<div class=\"elementor-element elementor-element-8b44e15 e-con-full e-flex e-con e-child\" data-id=\"8b44e15\" data-element_type=\"container\" data-e-type=\"container\" data-settings=\"{&quot;background_background&quot;:&quot;classic&quot;}\">\n\t\t\t\t<div class=\"elementor-element elementor-element-cddf8ba elementor-align-left elementor-mobile-align-center elementor-widget elementor-widget-breadcrumbs\" data-id=\"cddf8ba\" data-element_type=\"widget\" data-e-type=\"widget\" data-widget_type=\"breadcrumbs.default\">\n\t\t\t\t<div class=\"elementor-widget-container\">\n\t\t\t\t\t<p id=\"breadcrumbs\"><span><span><a href=\"https:\/\/arcadiareptile.com\/pl\/dom\/\">Dom<\/a><\/span><\/span><\/p>\t\t\t\t<\/div>\n\t\t\t\t<\/div>\n\t\t\t\t<\/div>\n\t\t\t\t<\/div>\n\t\t\t\t<\/div>\n\t\t\t\t\t<\/div>\n\t\t\t\t<\/div>\n\t\t<div class=\"elementor-element elementor-element-8caf09c hs-acc-design e-flex e-con-boxed e-con e-parent\" data-id=\"8caf09c\" data-element_type=\"container\" data-e-type=\"container\" data-settings=\"{&quot;background_background&quot;:&quot;classic&quot;}\">\n\t\t\t\t\t<div class=\"e-con-inner\">\n\t\t<div class=\"elementor-element elementor-element-e57fa66 e-con-full e-flex e-con e-child\" data-id=\"e57fa66\" data-element_type=\"container\" data-e-type=\"container\">\n\t\t<div class=\"elementor-element elementor-element-5d4458c e-flex e-con-boxed e-con e-child\" data-id=\"5d4458c\" data-element_type=\"container\" data-e-type=\"container\">\n\t\t\t\t\t<div class=\"e-con-inner\">\n\t\t<div class=\"elementor-element elementor-element-4011bee e-con-full e-flex e-con e-child\" data-id=\"4011bee\" data-element_type=\"container\" data-e-type=\"container\" data-settings=\"{&quot;background_background&quot;:&quot;classic&quot;}\">\n\t\t\t\t<div class=\"elementor-element elementor-element-fdfe1ec elementor-widget elementor-widget-heading\" data-id=\"fdfe1ec\" data-element_type=\"widget\" data-e-type=\"widget\" data-widget_type=\"heading.default\">\n\t\t\t\t<div class=\"elementor-widget-container\">\n\t\t\t\t\t<h2 class=\"elementor-heading-title elementor-size-default\">Cykl D3<\/h2>\t\t\t\t<\/div>\n\t\t\t\t<\/div>\n\t\t\t\t<div class=\"elementor-element elementor-element-44ac090 elementor-widget elementor-widget-spacer\" data-id=\"44ac090\" data-element_type=\"widget\" data-e-type=\"widget\" data-widget_type=\"spacer.default\">\n\t\t\t\t<div class=\"elementor-widget-container\">\n\t\t\t\t\t\t\t<div class=\"elementor-spacer\">\n\t\t\t<div class=\"elementor-spacer-inner\"><\/div>\n\t\t<\/div>\n\t\t\t\t\t\t<\/div>\n\t\t\t\t<\/div>\n\t\t\t\t<div class=\"elementor-element elementor-element-f1dffdc elementor-widget elementor-widget-text-editor\" data-id=\"f1dffdc\" data-element_type=\"widget\" data-e-type=\"widget\" data-widget_type=\"text-editor.default\">\n\t\t\t\t<div class=\"elementor-widget-container\">\n\t\t\t\t\t\t\t\t\tGady potrzebuj\u0105 ciep\u0142a, \u015bwiat\u0142a, promieni UV-A\/UV-B, po\u017cywienia i wody, aby przetrwa\u0107 i rozwija\u0107 swoje linie krwi.\t\t\t\t\t\t\t\t<\/div>\n\t\t\t\t<\/div>\n\t\t\t\t<div class=\"elementor-element elementor-element-25a71ce elementor-widget elementor-widget-spacer\" data-id=\"25a71ce\" data-element_type=\"widget\" data-e-type=\"widget\" data-widget_type=\"spacer.default\">\n\t\t\t\t<div class=\"elementor-widget-container\">\n\t\t\t\t\t\t\t<div class=\"elementor-spacer\">\n\t\t\t<div class=\"elementor-spacer-inner\"><\/div>\n\t\t<\/div>\n\t\t\t\t\t\t<\/div>\n\t\t\t\t<\/div>\n\t\t\t\t<div class=\"elementor-element elementor-element-939ab46 elementor-widget elementor-widget-text-editor\" data-id=\"939ab46\" data-element_type=\"widget\" data-e-type=\"widget\" data-widget_type=\"text-editor.default\">\n\t\t\t\t<div class=\"elementor-widget-container\">\n\t\t\t\t\t\t\t\t\tMy, jako odpowiedzialni opiekunowie, powinni\u015bmy zrobi\u0107 wszystko, co w naszej mocy, aby odtworzy\u0107 te dzikie gatunki wska\u017anikowe tak dok\u0142adnie, jak pozwala na to obecna technologia. W Arcadii z dum\u0105 oferujemy naszym klientom dost\u0119p do wi\u0119kszej ilo\u015bci wiedzy naukowej, najnowszych odkry\u0107 i technologii ni\u017c jakakolwiek inna marka. Jeste\u015bmy zdeterminowani, aby dokona\u0107 \u201eRewolucji w Opiece nad Gadami\u201d.  \t\t\t\t\t\t\t\t<\/div>\n\t\t\t\t<\/div>\n\t\t\t\t<\/div>\n\t\t\t\t\t<\/div>\n\t\t\t\t<\/div>\n\t\t<div class=\"elementor-element elementor-element-f7a214a e-flex e-con-boxed e-con e-child\" data-id=\"f7a214a\" data-element_type=\"container\" data-e-type=\"container\">\n\t\t\t\t\t<div class=\"e-con-inner\">\n\t\t<div class=\"elementor-element elementor-element-20db5d1 e-con-full e-flex e-con e-child\" data-id=\"20db5d1\" data-element_type=\"container\" data-e-type=\"container\" data-settings=\"{&quot;background_background&quot;:&quot;classic&quot;}\">\n\t\t\t\t<div class=\"elementor-element elementor-element-9283063 elementor-widget elementor-widget-image\" data-id=\"9283063\" data-element_type=\"widget\" data-e-type=\"widget\" data-widget_type=\"image.default\">\n\t\t\t\t<div class=\"elementor-widget-container\">\n\t\t\t\t\t\t\t\t\t\t\t\t\t\t\t\t<a href=\"https:\/\/arcadiareptile.com\/wp-content\/uploads\/d3-cycle.png\">\n\t\t\t\t\t\t\t<img fetchpriority=\"high\" decoding=\"async\" width=\"1586\" height=\"885\" src=\"https:\/\/arcadiareptile.com\/wp-content\/uploads\/d3-cycle.png\" class=\"attachment-full size-full wp-image-2120\" alt=\"D3 Cycle\" srcset=\"https:\/\/arcadiareptile.com\/wp-content\/uploads\/d3-cycle.png 1586w, https:\/\/arcadiareptile.com\/wp-content\/uploads\/d3-cycle-768x429.png 768w, https:\/\/arcadiareptile.com\/wp-content\/uploads\/d3-cycle-1536x857.png 1536w\" sizes=\"(max-width: 1586px) 100vw, 1586px\" \/>\t\t\t\t\t\t\t\t<\/a>\n\t\t\t\t\t\t\t\t\t\t\t\t\t\t\t<\/div>\n\t\t\t\t<\/div>\n\t\t\t\t<\/div>\n\t\t\t\t\t<\/div>\n\t\t\t\t<\/div>\n\t\t<div class=\"elementor-element elementor-element-c394ce4 e-flex e-con-boxed e-con e-child\" data-id=\"c394ce4\" data-element_type=\"container\" data-e-type=\"container\">\n\t\t\t\t\t<div class=\"e-con-inner\">\n\t\t<div class=\"elementor-element elementor-element-16b0574 e-con-full e-flex e-con e-child\" data-id=\"16b0574\" data-element_type=\"container\" data-e-type=\"container\" data-settings=\"{&quot;background_background&quot;:&quot;classic&quot;}\">\n\t\t\t\t<div class=\"elementor-element elementor-element-8a00811 elementor-widget elementor-widget-spacer\" data-id=\"8a00811\" data-element_type=\"widget\" data-e-type=\"widget\" data-widget_type=\"spacer.default\">\n\t\t\t\t<div class=\"elementor-widget-container\">\n\t\t\t\t\t\t\t<div class=\"elementor-spacer\">\n\t\t\t<div class=\"elementor-spacer-inner\"><\/div>\n\t\t<\/div>\n\t\t\t\t\t\t<\/div>\n\t\t\t\t<\/div>\n\t\t\t\t<div class=\"elementor-element elementor-element-d4dab77 elementor-widget elementor-widget-text-editor\" data-id=\"d4dab77\" data-element_type=\"widget\" data-e-type=\"widget\" data-widget_type=\"text-editor.default\">\n\t\t\t\t<div class=\"elementor-widget-container\">\n\t\t\t\t\t\t\t\t\tCykl D3 to chemiczna i hormonalna przemiana w organizmie zwierz\u0119cia, w wyniku kt\u00f3rej powstaje witamina D3.\t\t\t\t\t\t\t\t<\/div>\n\t\t\t\t<\/div>\n\t\t\t\t<div class=\"elementor-element elementor-element-9d1ba74 elementor-widget elementor-widget-spacer\" data-id=\"9d1ba74\" data-element_type=\"widget\" data-e-type=\"widget\" data-widget_type=\"spacer.default\">\n\t\t\t\t<div class=\"elementor-widget-container\">\n\t\t\t\t\t\t\t<div class=\"elementor-spacer\">\n\t\t\t<div class=\"elementor-spacer-inner\"><\/div>\n\t\t<\/div>\n\t\t\t\t\t\t<\/div>\n\t\t\t\t<\/div>\n\t\t\t\t<div class=\"elementor-element elementor-element-83cdbdb elementor-widget elementor-widget-image\" data-id=\"83cdbdb\" data-element_type=\"widget\" data-e-type=\"widget\" data-widget_type=\"image.default\">\n\t\t\t\t<div class=\"elementor-widget-container\">\n\t\t\t\t\t\t\t\t\t\t\t\t\t\t\t<img decoding=\"async\" width=\"1012\" height=\"658\" src=\"https:\/\/arcadiareptile.com\/wp-content\/uploads\/d3-cycle-bearded-dragon.jpg\" class=\"attachment-full size-full wp-image-2121\" alt=\"D3 Cycle Bearded Dragon\" srcset=\"https:\/\/arcadiareptile.com\/wp-content\/uploads\/d3-cycle-bearded-dragon.jpg 1012w, https:\/\/arcadiareptile.com\/wp-content\/uploads\/d3-cycle-bearded-dragon-768x499.jpg 768w\" sizes=\"(max-width: 1012px) 100vw, 1012px\" \/>\t\t\t\t\t\t\t\t\t\t\t\t\t\t\t<\/div>\n\t\t\t\t<\/div>\n\t\t\t\t<div class=\"elementor-element elementor-element-8a5cebf elementor-widget elementor-widget-spacer\" data-id=\"8a5cebf\" data-element_type=\"widget\" data-e-type=\"widget\" data-widget_type=\"spacer.default\">\n\t\t\t\t<div class=\"elementor-widget-container\">\n\t\t\t\t\t\t\t<div class=\"elementor-spacer\">\n\t\t\t<div class=\"elementor-spacer-inner\"><\/div>\n\t\t<\/div>\n\t\t\t\t\t\t<\/div>\n\t\t\t\t<\/div>\n\t\t\t\t<div class=\"elementor-element elementor-element-e935a8f elementor-widget elementor-widget-spacer\" data-id=\"e935a8f\" data-element_type=\"widget\" data-e-type=\"widget\" data-widget_type=\"spacer.default\">\n\t\t\t\t<div class=\"elementor-widget-container\">\n\t\t\t\t\t\t\t<div class=\"elementor-spacer\">\n\t\t\t<div class=\"elementor-spacer-inner\"><\/div>\n\t\t<\/div>\n\t\t\t\t\t\t<\/div>\n\t\t\t\t<\/div>\n\t\t\t\t<div class=\"elementor-element elementor-element-5df724d elementor-widget elementor-widget-text-editor\" data-id=\"5df724d\" data-element_type=\"widget\" data-e-type=\"widget\" data-widget_type=\"text-editor.default\">\n\t\t\t\t<div class=\"elementor-widget-container\">\n\t\t\t\t\t\t\t\t\t<p>Cykl D3 to proces biologiczny zale\u017cny od wielu czynnik\u00f3w zewn\u0119trznych, m.in. dost\u0119pu do \u015bwiat\u0142a naturalnego, ciep\u0142a, ch\u0142odu i odpoczynku.<\/p><p>Ten niezwyk\u0142y proces rozpoczyna si\u0119, gdy w sk\u00f3rze zwierz\u0105t (naturalnie wyst\u0119puj\u0105cej r\u00f3wnie\u017c u ludzi) wytwarzany jest cholesterol zwany prowitamin\u0105 D (7DHC). Pod wp\u0142ywem \u015bwiat\u0142a naturalnego (w tym UV-B o d\u0142ugo\u015bci fali 290-315 nm) cholesterol ten przekszta\u0142ca si\u0119 w b\u0142onie kom\u00f3rkowej sk\u00f3ry w prewitamin\u0119 D. <\/p><p>Po wystawieniu na dzia\u0142anie ciep\u0142a, nowo wytworzona prewitamina D jest przekszta\u0142cana (w b\u0142onie kom\u00f3rkowej sk\u00f3ry) w witamin\u0119 D3. Witamina D3 jest nast\u0119pnie transportowana do osocza krwi i wi\u0105zana z bia\u0142kiem wi\u0105\u017c\u0105cym witamin\u0119 D. Ta cz\u0119\u015b\u0107 witaminy D jest nast\u0119pnie transportowana do w\u0105troby, gdzie przekszta\u0142ca si\u0119 w hormon zwany kalcediolem (25-hydroksywitamina D3).  <\/p><div class=\"col-md-8 col-md-offset-2\"><p class=\"post\">Krew transportuje kalcediol po ca\u0142ym organizmie do nerek. Tam cz\u0119\u015b\u0107 hormonu przekszta\u0142ca si\u0119 w inny hormon \u2013 kalcetriol. Zwi\u0105zek ten odgrywa istotn\u0105 rol\u0119 w metabolizmie wapnia, kontroluj\u0105c jego poziom we krwi. Kalcetriol odgrywa r\u00f3wnie\u017c istotn\u0105 rol\u0119 w uk\u0142adzie odporno\u015bciowym i uk\u0142adzie sercowo-naczyniowym. Wykazano, \u017ce obni\u017ca ryzyko nowotwor\u00f3w w organizmie i sk\u00f3rze.    <\/p><p class=\"post\">Widzimy, \u017ce ekspozycja na naturalne \u015bwiat\u0142o s\u0142oneczne, przekszta\u0142caj\u0105ca \u015bwiat\u0142o s\u0142oneczne w witaminy ratuj\u0105ce \u017cycie, to dopiero pocz\u0105tek tej niezwyk\u0142ej zdolno\u015bci. Je\u015bli pominiemy cz\u0119\u015b\u0107 cyklu, nie b\u0119dzie on m\u00f3g\u0142 zosta\u0107 uko\u0144czony. Zmiany i reakcje r\u00f3wnie\u017c zostan\u0105 zahamowane. Skutkuje to niedoborem witamin i hormon\u00f3w. Brak suplementacji mo\u017ce doprowadzi\u0107 do gwa\u0142townego spadku poziomu wapnia.    <\/p><p class=\"post\">Chocia\u017c promieniowanie UV jest niezb\u0119dne dla dobrostanu gad\u00f3w, odgrywa ono w organizmie o wiele wi\u0119ksz\u0105 rol\u0119 ni\u017c sam cykl D3. Wp\u0142yw na wzrok, rozr\u00f3d i samopoczucie psychiczne jest udokumentowany i jest przedmiotem bada\u0144. <\/p><\/div>\t\t\t\t\t\t\t\t<\/div>\n\t\t\t\t<\/div>\n\t\t\t\t<div class=\"elementor-element elementor-element-7831fa5 elementor-widget elementor-widget-spacer\" data-id=\"7831fa5\" data-element_type=\"widget\" data-e-type=\"widget\" data-widget_type=\"spacer.default\">\n\t\t\t\t<div class=\"elementor-widget-container\">\n\t\t\t\t\t\t\t<div class=\"elementor-spacer\">\n\t\t\t<div class=\"elementor-spacer-inner\"><\/div>\n\t\t<\/div>\n\t\t\t\t\t\t<\/div>\n\t\t\t\t<\/div>\n\t\t\t\t<div class=\"elementor-element elementor-element-1449c54 elementor-widget elementor-widget-text-editor\" data-id=\"1449c54\" data-element_type=\"widget\" data-e-type=\"widget\" data-widget_type=\"text-editor.default\">\n\t\t\t\t<div class=\"elementor-widget-container\">\n\t\t\t\t\t\t\t\t\t<span class=\"TextRun SCXW263595479 BCX2\" lang=\"EN-US\" data-contrast=\"auto\"><span class=\"NormalTextRun SCXW263595479 BCX2\">Dowiedz si\u0119 wi\u0119cej o tych procesach z naszych <a style=\"text-decoration: underline; color: #46e4e3;\" href=\"https:\/\/arcadiareptile.com\/books\/\">ksi\u0105\u017cek<\/a> i <a style=\"text-decoration: underline; color: #46e4e3;\" href=\"https:\/\/arcadiareptile.com\/podcast\/\">podcast\u00f3w<\/a><\/span><\/span> .\t\t\t\t\t\t\t\t<\/div>\n\t\t\t\t<\/div>\n\t\t\t\t<\/div>\n\t\t\t\t\t<\/div>\n\t\t\t\t<\/div>\n\t\t\t\t<\/div>\n\t\t\t\t\t<\/div>\n\t\t\t\t<\/div>\n\t\t\t\t<\/div>\n\t\t","protected":false},"excerpt":{"rendered":"<p>Cykl D3 Gady potrzebuj\u0105 ciep\u0142a, \u015bwiat\u0142a, promieni UV-A\/UV-B, po\u017cywienia i wody, aby przetrwa\u0107 i rozwija\u0107 swoje linie krwi. My, jako odpowiedzialni opiekunowie, powinni\u015bmy zrobi\u0107 wszystko, co w naszej mocy, aby odtworzy\u0107 te dzikie gatunki wska\u017anikowe tak dok\u0142adnie, jak pozwala na to obecna technologia. W Arcadii z dum\u0105 oferujemy naszym klientom dost\u0119p do wi\u0119kszej ilo\u015bci wiedzy [&hellip;]<\/p>\n","protected":false},"author":1,"featured_media":0,"parent":7644,"menu_order":0,"comment_status":"closed","ping_status":"closed","template":"","meta":{"site-sidebar-layout":"no-sidebar","site-content-layout":"page-builder","ast-site-content-layout":"default","site-content-style":"default","site-sidebar-style":"default","ast-global-header-display":"","ast-banner-title-visibility":"","ast-main-header-display":"","ast-hfb-above-header-display":"","ast-hfb-below-header-display":"","ast-hfb-mobile-header-display":"","site-post-title":"disabled","ast-breadcrumbs-content":"","ast-featured-img":"disabled","footer-sml-layout":"","ast-disable-related-posts":"","theme-transparent-header-meta":"","adv-header-id-meta":"","stick-header-meta":"","header-above-stick-meta":"","header-main-stick-meta":"","header-below-stick-meta":"","astra-migrate-meta-layouts":"default","ast-page-background-enabled":"default","ast-page-background-meta":{"desktop":{"background-color":"var(--ast-global-color-4)","background-image":"","background-repeat":"repeat","background-position":"center center","background-size":"auto","background-attachment":"scroll","background-type":"","background-media":"","overlay-type":"","overlay-color":"","overlay-opacity":"","overlay-gradient":""},"tablet":{"background-color":"","background-image":"","background-repeat":"repeat","background-position":"center center","background-size":"auto","background-attachment":"scroll","background-type":"","background-media":"","overlay-type":"","overlay-color":"","overlay-opacity":"","overlay-gradient":""},"mobile":{"background-color":"","background-image":"","background-repeat":"repeat","background-position":"center center","background-size":"auto","background-attachment":"scroll","background-type":"","background-media":"","overlay-type":"","overlay-color":"","overlay-opacity":"","overlay-gradient":""}},"ast-content-background-meta":{"desktop":{"background-color":"var(--ast-global-color-5)","background-image":"","background-repeat":"repeat","background-position":"center center","background-size":"auto","background-attachment":"scroll","background-type":"","background-media":"","overlay-type":"","overlay-color":"","overlay-opacity":"","overlay-gradient":""},"tablet":{"background-color":"var(--ast-global-color-5)","background-image":"","background-repeat":"repeat","background-position":"center center","background-size":"auto","background-attachment":"scroll","background-type":"","background-media":"","overlay-type":"","overlay-color":"","overlay-opacity":"","overlay-gradient":""},"mobile":{"background-color":"var(--ast-global-color-5)","background-image":"","background-repeat":"repeat","background-position":"center center","background-size":"auto","background-attachment":"scroll","background-type":"","background-media":"","overlay-type":"","overlay-color":"","overlay-opacity":"","overlay-gradient":""}},"footnotes":""},"class_list":["post-7773","page","type-page","status-publish","hentry"],"yoast_head":"<!-- This site is optimized with the Yoast SEO plugin v27.3 - https:\/\/yoast.com\/product\/yoast-seo-wordpress\/ -->\n<title>Cykl D3 - Arcadia Reptile<\/title>\n<meta name=\"robots\" content=\"index, follow, max-snippet:-1, max-image-preview:large, max-video-preview:-1\" \/>\n<link rel=\"canonical\" href=\"https:\/\/arcadiareptile.com\/pl\/oswietlenie\/cykl-d3\/\" \/>\n<meta property=\"og:locale\" content=\"pl_PL\" \/>\n<meta property=\"og:type\" content=\"article\" \/>\n<meta property=\"og:title\" content=\"Cykl D3 - Arcadia Reptile\" \/>\n<meta property=\"og:description\" content=\"Cykl D3 Gady potrzebuj\u0105 ciep\u0142a, \u015bwiat\u0142a, promieni UV-A\/UV-B, po\u017cywienia i wody, aby przetrwa\u0107 i rozwija\u0107 swoje linie krwi. My, jako odpowiedzialni opiekunowie, powinni\u015bmy zrobi\u0107 wszystko, co w naszej mocy, aby odtworzy\u0107 te dzikie gatunki wska\u017anikowe tak dok\u0142adnie, jak pozwala na to obecna technologia. W Arcadii z dum\u0105 oferujemy naszym klientom dost\u0119p do wi\u0119kszej ilo\u015bci wiedzy [&hellip;]\" \/>\n<meta property=\"og:url\" content=\"https:\/\/arcadiareptile.com\/pl\/oswietlenie\/cykl-d3\/\" \/>\n<meta property=\"og:site_name\" content=\"Arcadia Reptile\" \/>\n<meta property=\"article:modified_time\" content=\"2025-09-10T12:03:25+00:00\" \/>\n<meta property=\"og:image\" content=\"https:\/\/arcadiareptile.com\/wp-content\/uploads\/d3-cycle.png\" \/>\n\t<meta property=\"og:image:width\" content=\"1586\" \/>\n\t<meta property=\"og:image:height\" content=\"885\" \/>\n\t<meta property=\"og:image:type\" content=\"image\/png\" \/>\n<meta name=\"twitter:card\" content=\"summary_large_image\" \/>\n<meta name=\"twitter:label1\" content=\"Szacowany czas czytania\" \/>\n\t<meta name=\"twitter:data1\" content=\"2 minuty\" \/>\n<script type=\"application\/ld+json\" class=\"yoast-schema-graph\">{\"@context\":\"https:\\\/\\\/schema.org\",\"@graph\":[{\"@type\":\"WebPage\",\"@id\":\"https:\\\/\\\/arcadiareptile.com\\\/pl\\\/oswietlenie\\\/cykl-d3\\\/\",\"url\":\"https:\\\/\\\/arcadiareptile.com\\\/pl\\\/oswietlenie\\\/cykl-d3\\\/\",\"name\":\"Cykl D3 - Arcadia Reptile\",\"isPartOf\":{\"@id\":\"https:\\\/\\\/arcadiareptile.com\\\/pl\\\/#website\"},\"primaryImageOfPage\":{\"@id\":\"https:\\\/\\\/arcadiareptile.com\\\/pl\\\/oswietlenie\\\/cykl-d3\\\/#primaryimage\"},\"image\":{\"@id\":\"https:\\\/\\\/arcadiareptile.com\\\/pl\\\/oswietlenie\\\/cykl-d3\\\/#primaryimage\"},\"thumbnailUrl\":\"https:\\\/\\\/arcadiareptile.com\\\/wp-content\\\/uploads\\\/d3-cycle.png\",\"datePublished\":\"2023-07-01T11:52:24+00:00\",\"dateModified\":\"2025-09-10T12:03:25+00:00\",\"breadcrumb\":{\"@id\":\"https:\\\/\\\/arcadiareptile.com\\\/pl\\\/oswietlenie\\\/cykl-d3\\\/#breadcrumb\"},\"inLanguage\":\"pl-PL\",\"potentialAction\":[{\"@type\":\"ReadAction\",\"target\":[\"https:\\\/\\\/arcadiareptile.com\\\/pl\\\/oswietlenie\\\/cykl-d3\\\/\"]}]},{\"@type\":\"ImageObject\",\"inLanguage\":\"pl-PL\",\"@id\":\"https:\\\/\\\/arcadiareptile.com\\\/pl\\\/oswietlenie\\\/cykl-d3\\\/#primaryimage\",\"url\":\"https:\\\/\\\/arcadiareptile.com\\\/wp-content\\\/uploads\\\/d3-cycle.png\",\"contentUrl\":\"https:\\\/\\\/arcadiareptile.com\\\/wp-content\\\/uploads\\\/d3-cycle.png\"},{\"@type\":\"BreadcrumbList\",\"@id\":\"https:\\\/\\\/arcadiareptile.com\\\/pl\\\/oswietlenie\\\/cykl-d3\\\/#breadcrumb\",\"itemListElement\":[{\"@type\":\"ListItem\",\"position\":1,\"name\":\"Dom\",\"item\":\"https:\\\/\\\/arcadiareptile.com\\\/pl\\\/dom\\\/\"},{\"@type\":\"ListItem\",\"position\":2,\"name\":\"O\u015bwietlenie\",\"item\":\"https:\\\/\\\/arcadiareptile.com\\\/pl\\\/oswietlenie\\\/\"},{\"@type\":\"ListItem\",\"position\":3,\"name\":\"Cykl D3\"}]},{\"@type\":\"WebSite\",\"@id\":\"https:\\\/\\\/arcadiareptile.com\\\/pl\\\/#website\",\"url\":\"https:\\\/\\\/arcadiareptile.com\\\/pl\\\/\",\"name\":\"Arcadia Reptile\",\"description\":\"Arcadia Reptile\",\"potentialAction\":[{\"@type\":\"SearchAction\",\"target\":{\"@type\":\"EntryPoint\",\"urlTemplate\":\"https:\\\/\\\/arcadiareptile.com\\\/pl\\\/?s={search_term_string}\"},\"query-input\":{\"@type\":\"PropertyValueSpecification\",\"valueRequired\":true,\"valueName\":\"search_term_string\"}}],\"inLanguage\":\"pl-PL\"}]}<\/script>\n<!-- \/ Yoast SEO plugin. -->","yoast_head_json":{"title":"Cykl D3 - Arcadia Reptile","robots":{"index":"index","follow":"follow","max-snippet":"max-snippet:-1","max-image-preview":"max-image-preview:large","max-video-preview":"max-video-preview:-1"},"canonical":"https:\/\/arcadiareptile.com\/pl\/oswietlenie\/cykl-d3\/","og_locale":"pl_PL","og_type":"article","og_title":"Cykl D3 - Arcadia Reptile","og_description":"Cykl D3 Gady potrzebuj\u0105 ciep\u0142a, \u015bwiat\u0142a, promieni UV-A\/UV-B, po\u017cywienia i wody, aby przetrwa\u0107 i rozwija\u0107 swoje linie krwi. My, jako odpowiedzialni opiekunowie, powinni\u015bmy zrobi\u0107 wszystko, co w naszej mocy, aby odtworzy\u0107 te dzikie gatunki wska\u017anikowe tak dok\u0142adnie, jak pozwala na to obecna technologia. W Arcadii z dum\u0105 oferujemy naszym klientom dost\u0119p do wi\u0119kszej ilo\u015bci wiedzy [&hellip;]","og_url":"https:\/\/arcadiareptile.com\/pl\/oswietlenie\/cykl-d3\/","og_site_name":"Arcadia Reptile","article_modified_time":"2025-09-10T12:03:25+00:00","og_image":[{"width":1586,"height":885,"url":"https:\/\/arcadiareptile.com\/wp-content\/uploads\/d3-cycle.png","type":"image\/png"}],"twitter_card":"summary_large_image","twitter_misc":{"Szacowany czas czytania":"2 minuty"},"schema":{"@context":"https:\/\/schema.org","@graph":[{"@type":"WebPage","@id":"https:\/\/arcadiareptile.com\/pl\/oswietlenie\/cykl-d3\/","url":"https:\/\/arcadiareptile.com\/pl\/oswietlenie\/cykl-d3\/","name":"Cykl D3 - Arcadia Reptile","isPartOf":{"@id":"https:\/\/arcadiareptile.com\/pl\/#website"},"primaryImageOfPage":{"@id":"https:\/\/arcadiareptile.com\/pl\/oswietlenie\/cykl-d3\/#primaryimage"},"image":{"@id":"https:\/\/arcadiareptile.com\/pl\/oswietlenie\/cykl-d3\/#primaryimage"},"thumbnailUrl":"https:\/\/arcadiareptile.com\/wp-content\/uploads\/d3-cycle.png","datePublished":"2023-07-01T11:52:24+00:00","dateModified":"2025-09-10T12:03:25+00:00","breadcrumb":{"@id":"https:\/\/arcadiareptile.com\/pl\/oswietlenie\/cykl-d3\/#breadcrumb"},"inLanguage":"pl-PL","potentialAction":[{"@type":"ReadAction","target":["https:\/\/arcadiareptile.com\/pl\/oswietlenie\/cykl-d3\/"]}]},{"@type":"ImageObject","inLanguage":"pl-PL","@id":"https:\/\/arcadiareptile.com\/pl\/oswietlenie\/cykl-d3\/#primaryimage","url":"https:\/\/arcadiareptile.com\/wp-content\/uploads\/d3-cycle.png","contentUrl":"https:\/\/arcadiareptile.com\/wp-content\/uploads\/d3-cycle.png"},{"@type":"BreadcrumbList","@id":"https:\/\/arcadiareptile.com\/pl\/oswietlenie\/cykl-d3\/#breadcrumb","itemListElement":[{"@type":"ListItem","position":1,"name":"Dom","item":"https:\/\/arcadiareptile.com\/pl\/dom\/"},{"@type":"ListItem","position":2,"name":"O\u015bwietlenie","item":"https:\/\/arcadiareptile.com\/pl\/oswietlenie\/"},{"@type":"ListItem","position":3,"name":"Cykl D3"}]},{"@type":"WebSite","@id":"https:\/\/arcadiareptile.com\/pl\/#website","url":"https:\/\/arcadiareptile.com\/pl\/","name":"Arcadia Reptile","description":"Arcadia Reptile","potentialAction":[{"@type":"SearchAction","target":{"@type":"EntryPoint","urlTemplate":"https:\/\/arcadiareptile.com\/pl\/?s={search_term_string}"},"query-input":{"@type":"PropertyValueSpecification","valueRequired":true,"valueName":"search_term_string"}}],"inLanguage":"pl-PL"}]}},"_links":{"self":[{"href":"https:\/\/arcadiareptile.com\/pl\/wp-json\/wp\/v2\/pages\/7773","targetHints":{"allow":["GET"]}}],"collection":[{"href":"https:\/\/arcadiareptile.com\/pl\/wp-json\/wp\/v2\/pages"}],"about":[{"href":"https:\/\/arcadiareptile.com\/pl\/wp-json\/wp\/v2\/types\/page"}],"author":[{"embeddable":true,"href":"https:\/\/arcadiareptile.com\/pl\/wp-json\/wp\/v2\/users\/1"}],"replies":[{"embeddable":true,"href":"https:\/\/arcadiareptile.com\/pl\/wp-json\/wp\/v2\/comments?post=7773"}],"version-history":[{"count":1,"href":"https:\/\/arcadiareptile.com\/pl\/wp-json\/wp\/v2\/pages\/7773\/revisions"}],"predecessor-version":[{"id":7778,"href":"https:\/\/arcadiareptile.com\/pl\/wp-json\/wp\/v2\/pages\/7773\/revisions\/7778"}],"up":[{"embeddable":true,"href":"https:\/\/arcadiareptile.com\/pl\/wp-json\/wp\/v2\/pages\/7644"}],"wp:attachment":[{"href":"https:\/\/arcadiareptile.com\/pl\/wp-json\/wp\/v2\/media?parent=7773"}],"curies":[{"name":"wp","href":"https:\/\/api.w.org\/{rel}","templated":true}]}}