{"id":7872,"date":"2023-07-03T21:20:02","date_gmt":"2023-07-03T21:20:02","guid":{"rendered":"https:\/\/arcadiareptile.com\/earthpro\/o\/"},"modified":"2025-09-10T12:04:17","modified_gmt":"2025-09-10T12:04:17","slug":"o","status":"publish","type":"page","link":"https:\/\/arcadiareptile.com\/pl\/earthpro\/o\/","title":{"rendered":"O"},"content":{"rendered":"\t\t<div data-elementor-type=\"wp-page\" data-elementor-id=\"7872\" class=\"elementor elementor-7872 elementor-2346\" data-elementor-post-type=\"page\">\n\t\t\t\t\t\t<section class=\"elementor-section elementor-top-section elementor-element elementor-element-1a055116 elementor-section-full_width elementor-section-height-default elementor-section-height-default\" data-id=\"1a055116\" data-element_type=\"section\" data-e-type=\"section\" data-settings=\"{&quot;background_background&quot;:&quot;classic&quot;}\">\n\t\t\t\t\t\t\t<div class=\"elementor-background-overlay\"><\/div>\n\t\t\t\t\t\t\t<div class=\"elementor-container elementor-column-gap-default\">\n\t\t\t\t\t<div class=\"elementor-column elementor-col-100 elementor-top-column elementor-element elementor-element-f8c260f\" data-id=\"f8c260f\" data-element_type=\"column\" data-e-type=\"column\">\n\t\t\t<div class=\"elementor-widget-wrap elementor-element-populated\">\n\t\t\t\t\t\t<section class=\"elementor-section elementor-inner-section elementor-element elementor-element-1a2eeda6 elementor-section-boxed elementor-section-height-default elementor-section-height-default\" data-id=\"1a2eeda6\" data-element_type=\"section\" data-e-type=\"section\">\n\t\t\t\t\t\t<div class=\"elementor-container elementor-column-gap-extended\">\n\t\t\t\t\t<div class=\"elementor-column elementor-col-100 elementor-inner-column elementor-element elementor-element-15276134\" data-id=\"15276134\" data-element_type=\"column\" data-e-type=\"column\" data-settings=\"{&quot;background_background&quot;:&quot;classic&quot;}\">\n\t\t\t<div class=\"elementor-widget-wrap elementor-element-populated\">\n\t\t\t\t\t\t<div class=\"elementor-element elementor-element-26d04d4a elementor-widget elementor-widget-image\" data-id=\"26d04d4a\" data-element_type=\"widget\" data-e-type=\"widget\" data-widget_type=\"image.default\">\n\t\t\t\t<div class=\"elementor-widget-container\">\n\t\t\t\t\t\t\t\t\t\t\t\t\t\t\t\t<a href=\"https:\/\/arcadiareptile.com\/pl\/earthpro\/\">\n\t\t\t\t\t\t\t<img decoding=\"async\" src=\"https:\/\/arcadiareptile.com\/wp-content\/uploads\/earthpro-logo-white-1.png\" title=\"earthpro-logo-white.png\" alt=\"earthpro-logo-white.png\" loading=\"lazy\" \/>\t\t\t\t\t\t\t\t<\/a>\n\t\t\t\t\t\t\t\t\t\t\t\t\t\t\t<\/div>\n\t\t\t\t<\/div>\n\t\t\t\t\t<\/div>\n\t\t<\/div>\n\t\t\t\t\t<\/div>\n\t\t<\/section>\n\t\t\t\t<section class=\"elementor-section elementor-inner-section elementor-element elementor-element-6aa1e0d4 elementor-section-boxed elementor-section-height-default elementor-section-height-default\" data-id=\"6aa1e0d4\" data-element_type=\"section\" data-e-type=\"section\">\n\t\t\t\t\t\t<div class=\"elementor-container elementor-column-gap-extended\">\n\t\t\t\t\t<div class=\"elementor-column elementor-col-100 elementor-inner-column elementor-element elementor-element-1f307fce\" data-id=\"1f307fce\" data-element_type=\"column\" data-e-type=\"column\" data-settings=\"{&quot;background_background&quot;:&quot;classic&quot;}\">\n\t\t\t<div class=\"elementor-widget-wrap elementor-element-populated\">\n\t\t\t\t\t\t<div class=\"elementor-element elementor-element-5c4b6b36 elementor-align-left elementor-mobile-align-center elementor-widget elementor-widget-breadcrumbs\" data-id=\"5c4b6b36\" data-element_type=\"widget\" data-e-type=\"widget\" data-widget_type=\"breadcrumbs.default\">\n\t\t\t\t<div class=\"elementor-widget-container\">\n\t\t\t\t\t<p id=\"breadcrumbs\"><span><span><a href=\"https:\/\/arcadiareptile.com\/pl\/dom\/\">Dom<\/a><\/span><\/span><\/p>\t\t\t\t<\/div>\n\t\t\t\t<\/div>\n\t\t\t\t\t<\/div>\n\t\t<\/div>\n\t\t\t\t\t<\/div>\n\t\t<\/section>\n\t\t\t\t\t<\/div>\n\t\t<\/div>\n\t\t\t\t\t<\/div>\n\t\t<\/section>\n\t\t\t\t<section class=\"elementor-section elementor-top-section elementor-element elementor-element-29f2c55e elementor-section-content-bottom elementor-section-full_width elementor-section-height-default elementor-section-height-default\" data-id=\"29f2c55e\" data-element_type=\"section\" data-e-type=\"section\" data-settings=\"{&quot;background_background&quot;:&quot;classic&quot;}\">\n\t\t\t\t\t\t\t<div class=\"elementor-background-overlay\"><\/div>\n\t\t\t\t\t\t\t<div class=\"elementor-container elementor-column-gap-default\">\n\t\t\t\t\t<div class=\"elementor-column elementor-col-100 elementor-top-column elementor-element elementor-element-fca24e\" data-id=\"fca24e\" data-element_type=\"column\" data-e-type=\"column\">\n\t\t\t<div class=\"elementor-widget-wrap elementor-element-populated\">\n\t\t\t\t\t\t<section class=\"elementor-section elementor-inner-section elementor-element elementor-element-79915c64 elementor-section-content-top elementor-section-boxed elementor-section-height-default elementor-section-height-default\" data-id=\"79915c64\" data-element_type=\"section\" data-e-type=\"section\" data-settings=\"{&quot;background_background&quot;:&quot;classic&quot;}\">\n\t\t\t\t\t\t<div class=\"elementor-container elementor-column-gap-extended\">\n\t\t\t\t\t<div class=\"elementor-column elementor-col-100 elementor-inner-column elementor-element elementor-element-7d49d7a5\" data-id=\"7d49d7a5\" data-element_type=\"column\" data-e-type=\"column\">\n\t\t\t<div class=\"elementor-widget-wrap elementor-element-populated\">\n\t\t\t\t\t\t<div class=\"elementor-element elementor-element-3ee333b elementor-widget elementor-widget-text-editor\" data-id=\"3ee333b\" data-element_type=\"widget\" data-e-type=\"widget\" data-widget_type=\"text-editor.default\">\n\t\t\t\t<div class=\"elementor-widget-container\">\n\t\t\t\t\t\t\t\t\tGady, p\u0142azy i bezkr\u0119gowce zmienia\u0142y si\u0119 i przystosowywa\u0142y do \u017cycia w naturalnym \u015brodowisku przez tysi\u0105clecia.\t\t\t\t\t\t\t\t<\/div>\n\t\t\t\t<\/div>\n\t\t\t\t<div class=\"elementor-element elementor-element-576e0f31 elementor-widget elementor-widget-spacer\" data-id=\"576e0f31\" data-element_type=\"widget\" data-e-type=\"widget\" data-widget_type=\"spacer.default\">\n\t\t\t\t<div class=\"elementor-widget-container\">\n\t\t\t\t\t\t\t<div class=\"elementor-spacer\">\n\t\t\t<div class=\"elementor-spacer-inner\"><\/div>\n\t\t<\/div>\n\t\t\t\t\t\t<\/div>\n\t\t\t\t<\/div>\n\t\t\t\t<div class=\"elementor-element elementor-element-56a4b6f5 elementor-widget elementor-widget-text-editor\" data-id=\"56a4b6f5\" data-element_type=\"widget\" data-e-type=\"widget\" data-widget_type=\"text-editor.default\">\n\t\t\t\t<div class=\"elementor-widget-container\">\n\t\t\t\t\t\t\t\t\t<p>Dzikie zwierz\u0119ta czerpi\u0105 wszystko, czego potrzebuj\u0105, ze swojego \u015brodowiska. Przystosowa\u0142y si\u0119 do korzystania z okre\u015blonego poziomu \u015bwiat\u0142a s\u0142onecznego, ciep\u0142a, wody i sk\u0142adnik\u00f3w od\u017cywczych, aby zachowa\u0107 zdrowie. <\/p><p>W przesz\u0142o\u015bci musieli\u015bmy pr\u00f3bowa\u0107 zast\u0119powa\u0107 te trudno dost\u0119pne, niezb\u0119dne witaminy i minera\u0142y suplementami w proszku w do\u015b\u0107 niedok\u0142adny spos\u00f3b. Tu zaczynaj\u0105 si\u0119 problemy. Wiele ro\u015blin, kwiat\u00f3w i naturalnych minera\u0142\u00f3w ziemnych jest trudno dost\u0119pnych w lokalnych sklepach i dlatego brakuje ich w diecie gad\u00f3w. W Arcadia Reptile dostrzegamy r\u00f3\u017cnic\u0119 mi\u0119dzy zwierz\u0119ciem po prostu \u201eprze\u017cywaj\u0105cym\u201d a prawdziwie \u201ekwitn\u0105cym\u201d. Dzi\u0119ki rzetelnym badaniom naukowym w zakresie \u017cywienia zwierz\u0105t d\u0105\u017cymy do wyeliminowania tych nie\u015bcis\u0142o\u015bci z przesz\u0142o\u015bci.    <\/p><p>Niekt\u00f3re zwi\u0105zki mog\u0105 sta\u0107 si\u0119 niebezpieczne, je\u015bli s\u0105 dostarczane w nadmiarze lub w spos\u00f3b zaburzony. Nale\u017c\u0105 do nich witaminy rozpuszczalne w t\u0142uszczach A, D i E, poniewa\u017c w organizmach zwierz\u0105t s\u0105 one magazynowane i mog\u0105 osi\u0105ga\u0107 toksyczne poziomy. <\/p><p>Postanowili\u015bmy przyjrze\u0107 si\u0119 bezpiecznemu, skutecznemu i naturalnemu od\u017cywianiu.<\/p><p>Je\u015bli zwierz\u0119 czerpie wszystko, czego potrzebuje do rozwoju ze swojego \u015brodowiska, s\u0142uszne by\u0142oby na\u015bladowanie tego w spos\u00f3b naturalny. Musieli\u015bmy upewni\u0107 si\u0119, \u017ce wszystkie sk\u0142adniki s\u0105 bezpieczne, skuteczne i etyczne. Niezwykle wa\u017cne jest, aby\u015bmy postrzegali \u017cywienie zwierz\u0105t egzotycznych w niewoli na wielu p\u0142aszczyznach. Wierzymy w Wild Re-Creation i jego pozytywny wp\u0142yw na zwierz\u0119ta w niewoli.   <\/p><p class=\"lg\">Wiemy r\u00f3wnie\u017c, \u017ce pe\u0142nowarto\u015bciowa \u017cywno\u015b\u0107 na ca\u0142e \u017cycie po prostu nie istnieje. Nie, bierzemy wskaz\u00f3wki dotycz\u0105ce biologicznego zaopatrzenia z natury i replikujemy je w bezpieczny i przemy\u015blany spos\u00f3b. <\/p><p class=\"lg\">Teori\u0119 t\u0119 okre\u015bla si\u0119 mianem \u201eWild-RecreationTM\u201d i kryj\u0105 si\u0119 w niej wszystkie sekrety fantastycznej opieki nad zwierz\u0119tami.<\/p>\t\t\t\t\t\t\t\t<\/div>\n\t\t\t\t<\/div>\n\t\t\t\t\t<\/div>\n\t\t<\/div>\n\t\t\t\t\t<\/div>\n\t\t<\/section>\n\t\t\t\t\t<\/div>\n\t\t<\/div>\n\t\t\t\t\t<\/div>\n\t\t<\/section>\n\t\t\t\t<\/div>\n\t\t","protected":false},"excerpt":{"rendered":"<p>Gady, p\u0142azy i bezkr\u0119gowce zmienia\u0142y si\u0119 i przystosowywa\u0142y do \u017cycia w naturalnym \u015brodowisku przez tysi\u0105clecia. Dzikie zwierz\u0119ta czerpi\u0105 wszystko, czego potrzebuj\u0105, ze swojego \u015brodowiska. Przystosowa\u0142y si\u0119 do korzystania z okre\u015blonego poziomu \u015bwiat\u0142a s\u0142onecznego, ciep\u0142a, wody i sk\u0142adnik\u00f3w od\u017cywczych, aby zachowa\u0107 zdrowie. W przesz\u0142o\u015bci musieli\u015bmy pr\u00f3bowa\u0107 zast\u0119powa\u0107 te trudno dost\u0119pne, niezb\u0119dne witaminy i minera\u0142y suplementami w [&hellip;]<\/p>\n","protected":false},"author":1,"featured_media":0,"parent":7659,"menu_order":0,"comment_status":"closed","ping_status":"closed","template":"","meta":{"site-sidebar-layout":"no-sidebar","site-content-layout":"page-builder","ast-site-content-layout":"default","site-content-style":"default","site-sidebar-style":"default","ast-global-header-display":"","ast-banner-title-visibility":"","ast-main-header-display":"","ast-hfb-above-header-display":"","ast-hfb-below-header-display":"","ast-hfb-mobile-header-display":"","site-post-title":"disabled","ast-breadcrumbs-content":"","ast-featured-img":"disabled","footer-sml-layout":"","ast-disable-related-posts":"","theme-transparent-header-meta":"","adv-header-id-meta":"","stick-header-meta":"","header-above-stick-meta":"","header-main-stick-meta":"","header-below-stick-meta":"","astra-migrate-meta-layouts":"default","ast-page-background-enabled":"default","ast-page-background-meta":{"desktop":{"background-color":"var(--ast-global-color-4)","background-image":"","background-repeat":"repeat","background-position":"center center","background-size":"auto","background-attachment":"scroll","background-type":"","background-media":"","overlay-type":"","overlay-color":"","overlay-opacity":"","overlay-gradient":""},"tablet":{"background-color":"","background-image":"","background-repeat":"repeat","background-position":"center center","background-size":"auto","background-attachment":"scroll","background-type":"","background-media":"","overlay-type":"","overlay-color":"","overlay-opacity":"","overlay-gradient":""},"mobile":{"background-color":"","background-image":"","background-repeat":"repeat","background-position":"center center","background-size":"auto","background-attachment":"scroll","background-type":"","background-media":"","overlay-type":"","overlay-color":"","overlay-opacity":"","overlay-gradient":""}},"ast-content-background-meta":{"desktop":{"background-color":"var(--ast-global-color-5)","background-image":"","background-repeat":"repeat","background-position":"center center","background-size":"auto","background-attachment":"scroll","background-type":"","background-media":"","overlay-type":"","overlay-color":"","overlay-opacity":"","overlay-gradient":""},"tablet":{"background-color":"var(--ast-global-color-5)","background-image":"","background-repeat":"repeat","background-position":"center center","background-size":"auto","background-attachment":"scroll","background-type":"","background-media":"","overlay-type":"","overlay-color":"","overlay-opacity":"","overlay-gradient":""},"mobile":{"background-color":"var(--ast-global-color-5)","background-image":"","background-repeat":"repeat","background-position":"center center","background-size":"auto","background-attachment":"scroll","background-type":"","background-media":"","overlay-type":"","overlay-color":"","overlay-opacity":"","overlay-gradient":""}},"footnotes":""},"class_list":["post-7872","page","type-page","status-publish","hentry"],"yoast_head":"<!-- This site is optimized with the Yoast SEO plugin v27.3 - https:\/\/yoast.com\/product\/yoast-seo-wordpress\/ -->\n<title>O - Arcadia Reptile<\/title>\n<meta name=\"robots\" content=\"index, follow, max-snippet:-1, max-image-preview:large, max-video-preview:-1\" \/>\n<link rel=\"canonical\" href=\"https:\/\/arcadiareptile.com\/pl\/earthpro\/o\/\" \/>\n<meta property=\"og:locale\" content=\"pl_PL\" \/>\n<meta property=\"og:type\" content=\"article\" \/>\n<meta property=\"og:title\" content=\"O - Arcadia Reptile\" \/>\n<meta property=\"og:description\" content=\"Gady, p\u0142azy i bezkr\u0119gowce zmienia\u0142y si\u0119 i przystosowywa\u0142y do \u017cycia w naturalnym \u015brodowisku przez tysi\u0105clecia. Dzikie zwierz\u0119ta czerpi\u0105 wszystko, czego potrzebuj\u0105, ze swojego \u015brodowiska. Przystosowa\u0142y si\u0119 do korzystania z okre\u015blonego poziomu \u015bwiat\u0142a s\u0142onecznego, ciep\u0142a, wody i sk\u0142adnik\u00f3w od\u017cywczych, aby zachowa\u0107 zdrowie. W przesz\u0142o\u015bci musieli\u015bmy pr\u00f3bowa\u0107 zast\u0119powa\u0107 te trudno dost\u0119pne, niezb\u0119dne witaminy i minera\u0142y suplementami w [&hellip;]\" \/>\n<meta property=\"og:url\" content=\"https:\/\/arcadiareptile.com\/pl\/earthpro\/o\/\" \/>\n<meta property=\"og:site_name\" content=\"Arcadia Reptile\" \/>\n<meta property=\"article:modified_time\" content=\"2025-09-10T12:04:17+00:00\" \/>\n<meta property=\"og:image\" content=\"https:\/\/arcadiareptile.com\/wp-content\/uploads\/earthpro-logo-white-1.png\" \/>\n<meta name=\"twitter:card\" content=\"summary_large_image\" \/>\n<meta name=\"twitter:label1\" content=\"Szacowany czas czytania\" \/>\n\t<meta name=\"twitter:data1\" content=\"2 minuty\" \/>\n<script type=\"application\/ld+json\" class=\"yoast-schema-graph\">{\"@context\":\"https:\\\/\\\/schema.org\",\"@graph\":[{\"@type\":\"WebPage\",\"@id\":\"https:\\\/\\\/arcadiareptile.com\\\/pl\\\/earthpro\\\/o\\\/\",\"url\":\"https:\\\/\\\/arcadiareptile.com\\\/pl\\\/earthpro\\\/o\\\/\",\"name\":\"O - Arcadia Reptile\",\"isPartOf\":{\"@id\":\"https:\\\/\\\/arcadiareptile.com\\\/pl\\\/#website\"},\"primaryImageOfPage\":{\"@id\":\"https:\\\/\\\/arcadiareptile.com\\\/pl\\\/earthpro\\\/o\\\/#primaryimage\"},\"image\":{\"@id\":\"https:\\\/\\\/arcadiareptile.com\\\/pl\\\/earthpro\\\/o\\\/#primaryimage\"},\"thumbnailUrl\":\"https:\\\/\\\/arcadiareptile.com\\\/wp-content\\\/uploads\\\/earthpro-logo-white-1.png\",\"datePublished\":\"2023-07-03T21:20:02+00:00\",\"dateModified\":\"2025-09-10T12:04:17+00:00\",\"breadcrumb\":{\"@id\":\"https:\\\/\\\/arcadiareptile.com\\\/pl\\\/earthpro\\\/o\\\/#breadcrumb\"},\"inLanguage\":\"pl-PL\",\"potentialAction\":[{\"@type\":\"ReadAction\",\"target\":[\"https:\\\/\\\/arcadiareptile.com\\\/pl\\\/earthpro\\\/o\\\/\"]}]},{\"@type\":\"ImageObject\",\"inLanguage\":\"pl-PL\",\"@id\":\"https:\\\/\\\/arcadiareptile.com\\\/pl\\\/earthpro\\\/o\\\/#primaryimage\",\"url\":\"https:\\\/\\\/arcadiareptile.com\\\/wp-content\\\/uploads\\\/earthpro-logo-white-1.png\",\"contentUrl\":\"https:\\\/\\\/arcadiareptile.com\\\/wp-content\\\/uploads\\\/earthpro-logo-white-1.png\"},{\"@type\":\"BreadcrumbList\",\"@id\":\"https:\\\/\\\/arcadiareptile.com\\\/pl\\\/earthpro\\\/o\\\/#breadcrumb\",\"itemListElement\":[{\"@type\":\"ListItem\",\"position\":1,\"name\":\"Dom\",\"item\":\"https:\\\/\\\/arcadiareptile.com\\\/pl\\\/dom\\\/\"},{\"@type\":\"ListItem\",\"position\":2,\"name\":\"EarthPro\",\"item\":\"https:\\\/\\\/arcadiareptile.com\\\/pl\\\/earthpro\\\/\"},{\"@type\":\"ListItem\",\"position\":3,\"name\":\"O\"}]},{\"@type\":\"WebSite\",\"@id\":\"https:\\\/\\\/arcadiareptile.com\\\/pl\\\/#website\",\"url\":\"https:\\\/\\\/arcadiareptile.com\\\/pl\\\/\",\"name\":\"Arcadia Reptile\",\"description\":\"Arcadia Reptile\",\"potentialAction\":[{\"@type\":\"SearchAction\",\"target\":{\"@type\":\"EntryPoint\",\"urlTemplate\":\"https:\\\/\\\/arcadiareptile.com\\\/pl\\\/?s={search_term_string}\"},\"query-input\":{\"@type\":\"PropertyValueSpecification\",\"valueRequired\":true,\"valueName\":\"search_term_string\"}}],\"inLanguage\":\"pl-PL\"}]}<\/script>\n<!-- \/ Yoast SEO plugin. -->","yoast_head_json":{"title":"O - Arcadia Reptile","robots":{"index":"index","follow":"follow","max-snippet":"max-snippet:-1","max-image-preview":"max-image-preview:large","max-video-preview":"max-video-preview:-1"},"canonical":"https:\/\/arcadiareptile.com\/pl\/earthpro\/o\/","og_locale":"pl_PL","og_type":"article","og_title":"O - Arcadia Reptile","og_description":"Gady, p\u0142azy i bezkr\u0119gowce zmienia\u0142y si\u0119 i przystosowywa\u0142y do \u017cycia w naturalnym \u015brodowisku przez tysi\u0105clecia. Dzikie zwierz\u0119ta czerpi\u0105 wszystko, czego potrzebuj\u0105, ze swojego \u015brodowiska. Przystosowa\u0142y si\u0119 do korzystania z okre\u015blonego poziomu \u015bwiat\u0142a s\u0142onecznego, ciep\u0142a, wody i sk\u0142adnik\u00f3w od\u017cywczych, aby zachowa\u0107 zdrowie. W przesz\u0142o\u015bci musieli\u015bmy pr\u00f3bowa\u0107 zast\u0119powa\u0107 te trudno dost\u0119pne, niezb\u0119dne witaminy i minera\u0142y suplementami w [&hellip;]","og_url":"https:\/\/arcadiareptile.com\/pl\/earthpro\/o\/","og_site_name":"Arcadia Reptile","article_modified_time":"2025-09-10T12:04:17+00:00","og_image":[{"url":"https:\/\/arcadiareptile.com\/wp-content\/uploads\/earthpro-logo-white-1.png","type":"","width":"","height":""}],"twitter_card":"summary_large_image","twitter_misc":{"Szacowany czas czytania":"2 minuty"},"schema":{"@context":"https:\/\/schema.org","@graph":[{"@type":"WebPage","@id":"https:\/\/arcadiareptile.com\/pl\/earthpro\/o\/","url":"https:\/\/arcadiareptile.com\/pl\/earthpro\/o\/","name":"O - Arcadia Reptile","isPartOf":{"@id":"https:\/\/arcadiareptile.com\/pl\/#website"},"primaryImageOfPage":{"@id":"https:\/\/arcadiareptile.com\/pl\/earthpro\/o\/#primaryimage"},"image":{"@id":"https:\/\/arcadiareptile.com\/pl\/earthpro\/o\/#primaryimage"},"thumbnailUrl":"https:\/\/arcadiareptile.com\/wp-content\/uploads\/earthpro-logo-white-1.png","datePublished":"2023-07-03T21:20:02+00:00","dateModified":"2025-09-10T12:04:17+00:00","breadcrumb":{"@id":"https:\/\/arcadiareptile.com\/pl\/earthpro\/o\/#breadcrumb"},"inLanguage":"pl-PL","potentialAction":[{"@type":"ReadAction","target":["https:\/\/arcadiareptile.com\/pl\/earthpro\/o\/"]}]},{"@type":"ImageObject","inLanguage":"pl-PL","@id":"https:\/\/arcadiareptile.com\/pl\/earthpro\/o\/#primaryimage","url":"https:\/\/arcadiareptile.com\/wp-content\/uploads\/earthpro-logo-white-1.png","contentUrl":"https:\/\/arcadiareptile.com\/wp-content\/uploads\/earthpro-logo-white-1.png"},{"@type":"BreadcrumbList","@id":"https:\/\/arcadiareptile.com\/pl\/earthpro\/o\/#breadcrumb","itemListElement":[{"@type":"ListItem","position":1,"name":"Dom","item":"https:\/\/arcadiareptile.com\/pl\/dom\/"},{"@type":"ListItem","position":2,"name":"EarthPro","item":"https:\/\/arcadiareptile.com\/pl\/earthpro\/"},{"@type":"ListItem","position":3,"name":"O"}]},{"@type":"WebSite","@id":"https:\/\/arcadiareptile.com\/pl\/#website","url":"https:\/\/arcadiareptile.com\/pl\/","name":"Arcadia Reptile","description":"Arcadia Reptile","potentialAction":[{"@type":"SearchAction","target":{"@type":"EntryPoint","urlTemplate":"https:\/\/arcadiareptile.com\/pl\/?s={search_term_string}"},"query-input":{"@type":"PropertyValueSpecification","valueRequired":true,"valueName":"search_term_string"}}],"inLanguage":"pl-PL"}]}},"_links":{"self":[{"href":"https:\/\/arcadiareptile.com\/pl\/wp-json\/wp\/v2\/pages\/7872","targetHints":{"allow":["GET"]}}],"collection":[{"href":"https:\/\/arcadiareptile.com\/pl\/wp-json\/wp\/v2\/pages"}],"about":[{"href":"https:\/\/arcadiareptile.com\/pl\/wp-json\/wp\/v2\/types\/page"}],"author":[{"embeddable":true,"href":"https:\/\/arcadiareptile.com\/pl\/wp-json\/wp\/v2\/users\/1"}],"replies":[{"embeddable":true,"href":"https:\/\/arcadiareptile.com\/pl\/wp-json\/wp\/v2\/comments?post=7872"}],"version-history":[{"count":2,"href":"https:\/\/arcadiareptile.com\/pl\/wp-json\/wp\/v2\/pages\/7872\/revisions"}],"predecessor-version":[{"id":7878,"href":"https:\/\/arcadiareptile.com\/pl\/wp-json\/wp\/v2\/pages\/7872\/revisions\/7878"}],"up":[{"embeddable":true,"href":"https:\/\/arcadiareptile.com\/pl\/wp-json\/wp\/v2\/pages\/7659"}],"wp:attachment":[{"href":"https:\/\/arcadiareptile.com\/pl\/wp-json\/wp\/v2\/media?parent=7872"}],"curies":[{"name":"wp","href":"https:\/\/api.w.org\/{rel}","templated":true}]}}