{"id":7876,"date":"2023-07-03T21:27:04","date_gmt":"2023-07-03T21:27:04","guid":{"rendered":"https:\/\/arcadiareptile.com\/earthpro\/odzywianie\/"},"modified":"2025-09-10T12:04:18","modified_gmt":"2025-09-10T12:04:18","slug":"odzywianie","status":"publish","type":"page","link":"https:\/\/arcadiareptile.com\/pl\/earthpro\/odzywianie\/","title":{"rendered":"Od\u017cywianie"},"content":{"rendered":"\t\t<div data-elementor-type=\"wp-page\" data-elementor-id=\"7876\" class=\"elementor elementor-7876 elementor-2348\" data-elementor-post-type=\"page\">\n\t\t\t\t\t\t<section class=\"elementor-section elementor-top-section elementor-element elementor-element-102382cc elementor-section-full_width elementor-section-height-default elementor-section-height-default\" data-id=\"102382cc\" data-element_type=\"section\" data-e-type=\"section\" data-settings=\"{&quot;background_background&quot;:&quot;classic&quot;}\">\n\t\t\t\t\t\t\t<div class=\"elementor-background-overlay\"><\/div>\n\t\t\t\t\t\t\t<div class=\"elementor-container elementor-column-gap-default\">\n\t\t\t\t\t<div class=\"elementor-column elementor-col-100 elementor-top-column elementor-element elementor-element-494f57e9\" data-id=\"494f57e9\" data-element_type=\"column\" data-e-type=\"column\">\n\t\t\t<div class=\"elementor-widget-wrap elementor-element-populated\">\n\t\t\t\t\t\t<section class=\"elementor-section elementor-inner-section elementor-element elementor-element-7be405c3 elementor-section-boxed elementor-section-height-default elementor-section-height-default\" data-id=\"7be405c3\" data-element_type=\"section\" data-e-type=\"section\">\n\t\t\t\t\t\t<div class=\"elementor-container elementor-column-gap-extended\">\n\t\t\t\t\t<div class=\"elementor-column elementor-col-100 elementor-inner-column elementor-element elementor-element-52959c8e\" data-id=\"52959c8e\" data-element_type=\"column\" data-e-type=\"column\" data-settings=\"{&quot;background_background&quot;:&quot;classic&quot;}\">\n\t\t\t<div class=\"elementor-widget-wrap elementor-element-populated\">\n\t\t\t\t\t\t<div class=\"elementor-element elementor-element-3dd91a61 elementor-widget elementor-widget-image\" data-id=\"3dd91a61\" data-element_type=\"widget\" data-e-type=\"widget\" data-widget_type=\"image.default\">\n\t\t\t\t<div class=\"elementor-widget-container\">\n\t\t\t\t\t\t\t\t\t\t\t\t\t\t\t\t<a href=\"https:\/\/arcadiareptile.com\/pl\/earthpro\/\">\n\t\t\t\t\t\t\t<img decoding=\"async\" src=\"https:\/\/arcadiareptile.com\/wp-content\/uploads\/earthpro-logo-white-1.png\" title=\"earthpro-logo-white.png\" alt=\"earthpro-logo-white.png\" loading=\"lazy\" \/>\t\t\t\t\t\t\t\t<\/a>\n\t\t\t\t\t\t\t\t\t\t\t\t\t\t\t<\/div>\n\t\t\t\t<\/div>\n\t\t\t\t\t<\/div>\n\t\t<\/div>\n\t\t\t\t\t<\/div>\n\t\t<\/section>\n\t\t\t\t<section class=\"elementor-section elementor-inner-section elementor-element elementor-element-4ed29c21 elementor-section-boxed elementor-section-height-default elementor-section-height-default\" data-id=\"4ed29c21\" data-element_type=\"section\" data-e-type=\"section\">\n\t\t\t\t\t\t<div class=\"elementor-container elementor-column-gap-extended\">\n\t\t\t\t\t<div class=\"elementor-column elementor-col-100 elementor-inner-column elementor-element elementor-element-56f57b30\" data-id=\"56f57b30\" data-element_type=\"column\" data-e-type=\"column\" data-settings=\"{&quot;background_background&quot;:&quot;classic&quot;}\">\n\t\t\t<div class=\"elementor-widget-wrap elementor-element-populated\">\n\t\t\t\t\t\t<div class=\"elementor-element elementor-element-60214406 elementor-align-left elementor-mobile-align-center elementor-widget elementor-widget-breadcrumbs\" data-id=\"60214406\" data-element_type=\"widget\" data-e-type=\"widget\" data-widget_type=\"breadcrumbs.default\">\n\t\t\t\t<div class=\"elementor-widget-container\">\n\t\t\t\t\t<p id=\"breadcrumbs\"><span><span><a href=\"https:\/\/arcadiareptile.com\/pl\/dom\/\">Dom<\/a><\/span><\/span><\/p>\t\t\t\t<\/div>\n\t\t\t\t<\/div>\n\t\t\t\t\t<\/div>\n\t\t<\/div>\n\t\t\t\t\t<\/div>\n\t\t<\/section>\n\t\t\t\t\t<\/div>\n\t\t<\/div>\n\t\t\t\t\t<\/div>\n\t\t<\/section>\n\t\t\t\t<section class=\"elementor-section elementor-top-section elementor-element elementor-element-247e5d6a elementor-section-content-bottom elementor-section-full_width elementor-section-height-default elementor-section-height-default\" data-id=\"247e5d6a\" data-element_type=\"section\" data-e-type=\"section\" data-settings=\"{&quot;background_background&quot;:&quot;classic&quot;}\">\n\t\t\t\t\t\t\t<div class=\"elementor-background-overlay\"><\/div>\n\t\t\t\t\t\t\t<div class=\"elementor-container elementor-column-gap-default\">\n\t\t\t\t\t<div class=\"elementor-column elementor-col-100 elementor-top-column elementor-element elementor-element-51247179\" data-id=\"51247179\" data-element_type=\"column\" data-e-type=\"column\">\n\t\t\t<div class=\"elementor-widget-wrap elementor-element-populated\">\n\t\t\t\t\t\t<section class=\"elementor-section elementor-inner-section elementor-element elementor-element-12818831 elementor-section-content-top elementor-section-boxed elementor-section-height-default elementor-section-height-default\" data-id=\"12818831\" data-element_type=\"section\" data-e-type=\"section\" data-settings=\"{&quot;background_background&quot;:&quot;classic&quot;}\">\n\t\t\t\t\t\t<div class=\"elementor-container elementor-column-gap-extended\">\n\t\t\t\t\t<div class=\"elementor-column elementor-col-100 elementor-inner-column elementor-element elementor-element-1c545fe9\" data-id=\"1c545fe9\" data-element_type=\"column\" data-e-type=\"column\">\n\t\t\t<div class=\"elementor-widget-wrap elementor-element-populated\">\n\t\t\t\t\t\t<div class=\"elementor-element elementor-element-4e2c4f61 elementor-widget elementor-widget-text-editor\" data-id=\"4e2c4f61\" data-element_type=\"widget\" data-e-type=\"widget\" data-widget_type=\"text-editor.default\">\n\t\t\t\t<div class=\"elementor-widget-container\">\n\t\t\t\t\t\t\t\t\tRewolucja w precyzyjnym dostarczaniu sk\u0142adnik\u00f3w od\u017cywczych.\t\t\t\t\t\t\t\t<\/div>\n\t\t\t\t<\/div>\n\t\t\t\t<div class=\"elementor-element elementor-element-2bd8cd08 elementor-widget elementor-widget-spacer\" data-id=\"2bd8cd08\" data-element_type=\"widget\" data-e-type=\"widget\" data-widget_type=\"spacer.default\">\n\t\t\t\t<div class=\"elementor-widget-container\">\n\t\t\t\t\t\t\t<div class=\"elementor-spacer\">\n\t\t\t<div class=\"elementor-spacer-inner\"><\/div>\n\t\t<\/div>\n\t\t\t\t\t\t<\/div>\n\t\t\t\t<\/div>\n\t\t\t\t<div class=\"elementor-element elementor-element-1ca87df0 elementor-widget elementor-widget-text-editor\" data-id=\"1ca87df0\" data-element_type=\"widget\" data-e-type=\"widget\" data-widget_type=\"text-editor.default\">\n\t\t\t\t<div class=\"elementor-widget-container\">\n\t\t\t\t\t\t\t\t\t<p>Gdyby istnia\u0142o tak wiele ogranicze\u0144, jak podejrzewali\u015bmy w historycznych metodach, nie mieliby\u015bmy innego wyboru, jak tylko na nowo opracowa\u0107 suplementacj\u0119 i pasze uzupe\u0142niaj\u0105ce jako ca\u0142o\u015b\u0107. Dok\u0142adnie zbadali\u015bmy spos\u00f3b od\u017cywiania si\u0119 dzikich zwierz\u0105t, a tak\u017ce zawarto\u015b\u0107 minera\u0142\u00f3w w \u015brodowiskach, w kt\u00f3rych \u017cyj\u0105. By\u0142 to prze\u0142omowy moment, kt\u00f3ry doprowadzi\u0142 do u\u015bwiadomienia sobie, \u017ce nie tylko \u201epokarm\u201d zaspokaja potrzeby zwierz\u0119cia, ale tak\u017ce, \u017ce pewn\u0105 ilo\u015b\u0107 minera\u0142\u00f3w, witamin i korzystnej flory dostarcza samo \u015brodowisko.  <\/p><p>Na przyk\u0142ad, dzika woda jest nasycona minera\u0142ami \u201epe\u0142nego spektrum\u201d. To w\u0142a\u015bnie w ramach tego okre\u015blenia \u201epe\u0142ne spektrum\u201d zbudowali\u015bmy nasz\u0105 teori\u0119. Zawarto\u015b\u0107 minera\u0142\u00f3w w ziemi powinna zapewnia\u0107 r\u00f3wnowag\u0119 wszystkich pierwiastk\u00f3w, a zatem by\u0107 aktywna i skuteczna. To jest \u201epe\u0142ne spektrum\u201d. \u201eZiemia\u201d, na kt\u00f3rej rosn\u0105 ro\u015bliny i kt\u00f3ra otacza owady i zwierz\u0119ta b\u0119d\u0105ce obiektem \u017cerowania, jest zatem \u201epe\u0142nym spektrum\u201d i musi by\u0107 w jaki\u015b spos\u00f3b wykorzystywana przez te dzikie zwierz\u0119ta.    <\/p><p>\u201eZiemia\u201d jest w du\u017cej mierze zr\u00f3wnowa\u017cona, ale nie ja\u0142owa. Zwyk\u0142e karmienie zapewnia, \u017ce cz\u0105stki ziemi s\u0105 w jaki\u015b spos\u00f3b wch\u0142aniane. \u017b\u00f3\u0142w nie wybiera tych najbardziej wierzcho\u0142kowych li\u015bci, a nast\u0119pnie ich myje \u2013 wr\u0119cz przeciwnie, rozrywa ro\u015blin\u0119 i zjada j\u0105 w ca\u0142o\u015bci, wraz z korzeniami. Kiedy gad z\u0142apie owada lub \u017cywe zwierz\u0119, r\u00f3wnie\u017c pobiera zlokalizowane cz\u0105stki z otoczenia i wn\u0119trza ofiary. Kiedy zwierz\u0119 pije, czy to ze stoj\u0105cej, czy p\u0142yn\u0105cej wody, w tym z deszczu i mgie\u0142ki, ponownie wch\u0142ania \u201epe\u0142ne spektrum\u201d minera\u0142\u00f3w. W rzeczywisto\u015bci mo\u017cna powiedzie\u0107, \u017ce zwierz\u0119 wch\u0142ania minera\u0142y z ka\u017cdym oddechem. Jest to proces ci\u0105g\u0142y, dlatego te\u017c jest niezb\u0119dny do ci\u0105g\u0142ego dostarczania po\u017cywienia.      <\/p><p>Je\u015bli to \u201edzika poda\u017c\u201d, to powinna zosta\u0107 odtworzona w niewoli, z wykorzystaniem wymaganej technologii. W zwi\u0105zku z tym, zgodnie z nasz\u0105 teori\u0105 \u201eDzikiej Odnowy\u201d\u2122, opracowali\u015bmy gam\u0119 naturalnych, pe\u0142nowarto\u015bciowych produkt\u00f3w, kt\u00f3re zosta\u0142y zaprojektowane tak, aby mo\u017cna je by\u0142o stosowa\u0107 razem, jako program, w celu zapewnienia naszym zwierz\u0119tom bezpiecznego i naturalnego po\u017cywienia. (Pe\u0142n\u0105 list\u0119 sk\u0142adnik\u00f3w ka\u017cdego produktu mo\u017cna znale\u017a\u0107 na opakowaniu).  <\/p><p>Seria Arcadia Reptile EarthPro nie zawiera \u017cadnych substancji syntetycznych. Nie zawieraj\u0105 one ani sztucznej witaminy D3 w diecie, ani czystej witaminy A, lecz silny, naturalny karotenoid o pe\u0142nym spektrum dzia\u0142ania, kt\u00f3ry pozwala organizmowi wytwarza\u0107 w\u0142asn\u0105 witamin\u0119 A. Witamin\u0119 D3 nale\u017cy dostarcza\u0107 w bezpieczny i racjonalny spos\u00f3b, stosuj\u0105c systemy UVB Arcadia Reptile oraz, w stosownych przypadkach, karmy dla zwierz\u0105t pe\u0142noporcjowych. W zwi\u0105zku z tym \u201eEarthPro\u201d jest \u201enietoksyczny\u201d. Mo\u017cna go stosowa\u0107 przy ka\u017cdym karmieniu, pomagaj\u0105c w ten spos\u00f3b odtworzy\u0107 te naturalne procesy \u017cywieniowe.   <\/p><p>Nasz proszek mineralno-witaminowy do codziennego u\u017cytku (EarthPro-A) wykorzystuje najlepsze osi\u0105gni\u0119cia naukowe i dob\u00f3r sk\u0142adnik\u00f3w. Zamiast laboratoryjnych przybli\u017ce\u0144 minera\u0142\u00f3w wyst\u0119puj\u0105cych w ziemi, u\u017cywamy naturalnie wydobywanej glinki mineralnej o pe\u0142nym spektrum dzia\u0142ania. Dodajemy do niej wysokiej jako\u015bci wap\u0144 w po\u0142\u0105czeniu z niezb\u0119dnym magnezem dla optymalnego zdrowia ko\u015bci i prawid\u0142owego funkcjonowania wapnia, a tak\u017ce wiele innych naturalnych sk\u0142adnik\u00f3w, aby pom\u00f3c Twoim pupilom w rozwoju (patrz sekcja EarthPro-A). Dzi\u0119ki swojej bazie glinki, proszek ten zapewnia r\u00f3wnie\u017c lepsz\u0105 przyczepno\u015b\u0107 do ro\u015blin i owad\u00f3w, co przek\u0142ada si\u0119 na mniejsze straty dzi\u0119ki lepszemu przyswajaniu. Do wielu naszych produkt\u00f3w dodajemy r\u00f3wnie\u017c super\u017cywno\u015b\u0107 \u2013 py\u0142ek pszczeli.    <\/p><p>Do naszych suplement\u00f3w diety EarthPro-DragonFuel i EarthPro-HerbiMix, a tak\u017ce do EarthPro-OmniGold, EarthPro-InsectiGold, EarthPro-StickyFootGold, EarthPro-AmphibiGold i EarthPro-TurtleGold dodali\u015bmy prebiotyki i probiotyki, aby pom\u00f3c utrzyma\u0107 optymalne zdrowie uk\u0142adu pokarmowego.<\/p><p>Z przyjemno\u015bci\u0105 og\u0142aszamy, \u017ce po raz pierwszy w ofercie EarthPro-ShedSupport pojawi\u0142 si\u0119 suplement w kapsu\u0142kach o dawkowanym sk\u0142adzie. Pomo\u017ce Ci on dostarczy\u0107 wszystkich niezb\u0119dnych witamin i minera\u0142\u00f3w, niezb\u0119dnych w trakcie niekiedy uci\u0105\u017cliwego procesu linienia. Z przyjemno\u015bci\u0105 dodajemy r\u00f3wnie\u017c do EarthPro-ReptiGold w kapsu\u0142kach w pe\u0142ni naturalny \u201ewzmacniacz\u201d z prawdziwych owoc\u00f3w, miodu, minera\u0142\u00f3w, witamin z grupy B i py\u0142ku pszczelego.  <\/p><p>Preparat EarthPro-ReptiGold opracowano specjalnie do mieszania z zastrze\u017conymi, \u201ekompletnymi\u201d dietami powszechnie podawanymi gadom w niewoli, m.in. gekonom orz\u0119sionym i gekonom dziennym, dodawanymi do ro\u015blinnych diet dla legwan\u00f3w i \u017c\u00f3\u0142wi l\u0105dowych lub mieszany z niewielk\u0105 ilo\u015bci\u0105 wody w celu stworzenia \u201elizalnego\u201d, ca\u0142kowicie naturalnego przysmaku.<\/p><p>Chcieli\u015bmy r\u00f3wnie\u017c na nowo przemy\u015ble\u0107 diet\u0119, dlatego ponownie przyjrzeli\u015bmy si\u0119 karmieniu zwierz\u0105t dzikich i wprowadzili\u015bmy na rynek gam\u0119 karm w proszku lub granulkach, kt\u00f3re s\u0105 ca\u0142kowicie naturalne i mog\u0105 znacznie zwi\u0119kszy\u0107 r\u00f3\u017cnorodno\u015b\u0107 diety. W EarthPro-OmniGold, EarthPro-TurtleGold i EarthPro-AmphibiGold u\u017cywamy ca\u0142ych, suszonych i sproszkowanych owad\u00f3w, d\u017cd\u017cownic, a po raz pierwszy r\u00f3wnie\u017c sproszkowanych \u015blimak\u00f3w, a tak\u017ce wielu innych, ca\u0142kowicie naturalnych sk\u0142adnik\u00f3w, aby zapewni\u0107 Twoim pupilom odpowiedni\u0105 dawk\u0119 po\u017cywienia. EarthPro-StickyFootGold to nasza niesamowita, w pe\u0142ni naturalna karma w proszku dla gekon\u00f3w o wysokiej zawarto\u015bci owad\u00f3w, idealna dla gekon\u00f3w orz\u0119sionych. EarthPro-InsectiGold to kolejna karma w proszku na bazie \u017celu, pe\u0142na dobroczynnych sk\u0142adnik\u00f3w pochodz\u0105cych z ca\u0142ych owad\u00f3w. Te produkty to prawdziwy \u201ez\u0142oty standard\u201d skutecznego \u017cywienia zwierz\u0105t domowych.    <\/p><p>Z przyjemno\u015bci\u0105 prezentujemy r\u00f3wnie\u017c lini\u0119 gotowych do u\u017cycia \u017celk\u00f3w \u201eJelly Pot\u201d \u2013 EarthPro-JellyPotGold. Dost\u0119pne w sklepach \u017celowe s\u0142oiczki zawieraj\u0105 niewiele wi\u0119cej ni\u017c sta\u0142\u0105 wod\u0119 ze sztucznymi aromatami i dodatkami. <\/p><p>EarthPro-JellyPotGold po raz pierwszy oferuje pe\u0142nowarto\u015bciowe sk\u0142adniki w postaci \u0142atwej w przygotowaniu i u\u017cyciu galaretki. Dost\u0119pne s\u0105 wersje ReptiGold, InsectFuel, FruityInsect, TropiFruitGold i FruitBuzz. To przyjemny i bardzo ekonomiczny spos\u00f3b wykorzystania galaretek w s\u0142oiczkach, pozwalaj\u0105cy zaoszcz\u0119dzi\u0107 do 75% w por\u00f3wnaniu z gotowymi s\u0142oiczkami, a jednocze\u015bnie zapewniaj\u0105cy wysok\u0105 jako\u015b\u0107 sk\u0142adnik\u00f3w od\u017cywczych.  <\/p>\t\t\t\t\t\t\t\t<\/div>\n\t\t\t\t<\/div>\n\t\t\t\t\t<\/div>\n\t\t<\/div>\n\t\t\t\t\t<\/div>\n\t\t<\/section>\n\t\t\t\t\t<\/div>\n\t\t<\/div>\n\t\t\t\t\t<\/div>\n\t\t<\/section>\n\t\t\t\t<\/div>\n\t\t","protected":false},"excerpt":{"rendered":"<p>Rewolucja w precyzyjnym dostarczaniu sk\u0142adnik\u00f3w od\u017cywczych. Gdyby istnia\u0142o tak wiele ogranicze\u0144, jak podejrzewali\u015bmy w historycznych metodach, nie mieliby\u015bmy innego wyboru, jak tylko na nowo opracowa\u0107 suplementacj\u0119 i pasze uzupe\u0142niaj\u0105ce jako ca\u0142o\u015b\u0107. Dok\u0142adnie zbadali\u015bmy spos\u00f3b od\u017cywiania si\u0119 dzikich zwierz\u0105t, a tak\u017ce zawarto\u015b\u0107 minera\u0142\u00f3w w \u015brodowiskach, w kt\u00f3rych \u017cyj\u0105. By\u0142 to prze\u0142omowy moment, kt\u00f3ry doprowadzi\u0142 do u\u015bwiadomienia [&hellip;]<\/p>\n","protected":false},"author":1,"featured_media":0,"parent":7659,"menu_order":0,"comment_status":"closed","ping_status":"closed","template":"","meta":{"site-sidebar-layout":"no-sidebar","site-content-layout":"page-builder","ast-site-content-layout":"default","site-content-style":"default","site-sidebar-style":"default","ast-global-header-display":"","ast-banner-title-visibility":"","ast-main-header-display":"","ast-hfb-above-header-display":"","ast-hfb-below-header-display":"","ast-hfb-mobile-header-display":"","site-post-title":"disabled","ast-breadcrumbs-content":"","ast-featured-img":"disabled","footer-sml-layout":"","ast-disable-related-posts":"","theme-transparent-header-meta":"","adv-header-id-meta":"","stick-header-meta":"","header-above-stick-meta":"","header-main-stick-meta":"","header-below-stick-meta":"","astra-migrate-meta-layouts":"default","ast-page-background-enabled":"default","ast-page-background-meta":{"desktop":{"background-color":"var(--ast-global-color-4)","background-image":"","background-repeat":"repeat","background-position":"center center","background-size":"auto","background-attachment":"scroll","background-type":"","background-media":"","overlay-type":"","overlay-color":"","overlay-opacity":"","overlay-gradient":""},"tablet":{"background-color":"","background-image":"","background-repeat":"repeat","background-position":"center center","background-size":"auto","background-attachment":"scroll","background-type":"","background-media":"","overlay-type":"","overlay-color":"","overlay-opacity":"","overlay-gradient":""},"mobile":{"background-color":"","background-image":"","background-repeat":"repeat","background-position":"center center","background-size":"auto","background-attachment":"scroll","background-type":"","background-media":"","overlay-type":"","overlay-color":"","overlay-opacity":"","overlay-gradient":""}},"ast-content-background-meta":{"desktop":{"background-color":"var(--ast-global-color-5)","background-image":"","background-repeat":"repeat","background-position":"center center","background-size":"auto","background-attachment":"scroll","background-type":"","background-media":"","overlay-type":"","overlay-color":"","overlay-opacity":"","overlay-gradient":""},"tablet":{"background-color":"var(--ast-global-color-5)","background-image":"","background-repeat":"repeat","background-position":"center center","background-size":"auto","background-attachment":"scroll","background-type":"","background-media":"","overlay-type":"","overlay-color":"","overlay-opacity":"","overlay-gradient":""},"mobile":{"background-color":"var(--ast-global-color-5)","background-image":"","background-repeat":"repeat","background-position":"center center","background-size":"auto","background-attachment":"scroll","background-type":"","background-media":"","overlay-type":"","overlay-color":"","overlay-opacity":"","overlay-gradient":""}},"footnotes":""},"class_list":["post-7876","page","type-page","status-publish","hentry"],"yoast_head":"<!-- This site is optimized with the Yoast SEO plugin v27.3 - https:\/\/yoast.com\/product\/yoast-seo-wordpress\/ -->\n<title>Od\u017cywianie - Arcadia Reptile<\/title>\n<meta name=\"robots\" content=\"index, follow, max-snippet:-1, max-image-preview:large, max-video-preview:-1\" \/>\n<link rel=\"canonical\" href=\"https:\/\/arcadiareptile.com\/pl\/earthpro\/odzywianie\/\" \/>\n<meta property=\"og:locale\" content=\"pl_PL\" \/>\n<meta property=\"og:type\" content=\"article\" \/>\n<meta property=\"og:title\" content=\"Od\u017cywianie - Arcadia Reptile\" \/>\n<meta property=\"og:description\" content=\"Rewolucja w precyzyjnym dostarczaniu sk\u0142adnik\u00f3w od\u017cywczych. Gdyby istnia\u0142o tak wiele ogranicze\u0144, jak podejrzewali\u015bmy w historycznych metodach, nie mieliby\u015bmy innego wyboru, jak tylko na nowo opracowa\u0107 suplementacj\u0119 i pasze uzupe\u0142niaj\u0105ce jako ca\u0142o\u015b\u0107. Dok\u0142adnie zbadali\u015bmy spos\u00f3b od\u017cywiania si\u0119 dzikich zwierz\u0105t, a tak\u017ce zawarto\u015b\u0107 minera\u0142\u00f3w w \u015brodowiskach, w kt\u00f3rych \u017cyj\u0105. By\u0142 to prze\u0142omowy moment, kt\u00f3ry doprowadzi\u0142 do u\u015bwiadomienia [&hellip;]\" \/>\n<meta property=\"og:url\" content=\"https:\/\/arcadiareptile.com\/pl\/earthpro\/odzywianie\/\" \/>\n<meta property=\"og:site_name\" content=\"Arcadia Reptile\" \/>\n<meta property=\"article:modified_time\" content=\"2025-09-10T12:04:18+00:00\" \/>\n<meta property=\"og:image\" content=\"https:\/\/arcadiareptile.com\/wp-content\/uploads\/earthpro-logo-white-1.png\" \/>\n<meta name=\"twitter:card\" content=\"summary_large_image\" \/>\n<meta name=\"twitter:label1\" content=\"Szacowany czas czytania\" \/>\n\t<meta name=\"twitter:data1\" content=\"5 minut\" \/>\n<script type=\"application\/ld+json\" class=\"yoast-schema-graph\">{\"@context\":\"https:\\\/\\\/schema.org\",\"@graph\":[{\"@type\":\"WebPage\",\"@id\":\"https:\\\/\\\/arcadiareptile.com\\\/pl\\\/earthpro\\\/odzywianie\\\/\",\"url\":\"https:\\\/\\\/arcadiareptile.com\\\/pl\\\/earthpro\\\/odzywianie\\\/\",\"name\":\"Od\u017cywianie - Arcadia Reptile\",\"isPartOf\":{\"@id\":\"https:\\\/\\\/arcadiareptile.com\\\/pl\\\/#website\"},\"primaryImageOfPage\":{\"@id\":\"https:\\\/\\\/arcadiareptile.com\\\/pl\\\/earthpro\\\/odzywianie\\\/#primaryimage\"},\"image\":{\"@id\":\"https:\\\/\\\/arcadiareptile.com\\\/pl\\\/earthpro\\\/odzywianie\\\/#primaryimage\"},\"thumbnailUrl\":\"https:\\\/\\\/arcadiareptile.com\\\/wp-content\\\/uploads\\\/earthpro-logo-white-1.png\",\"datePublished\":\"2023-07-03T21:27:04+00:00\",\"dateModified\":\"2025-09-10T12:04:18+00:00\",\"breadcrumb\":{\"@id\":\"https:\\\/\\\/arcadiareptile.com\\\/pl\\\/earthpro\\\/odzywianie\\\/#breadcrumb\"},\"inLanguage\":\"pl-PL\",\"potentialAction\":[{\"@type\":\"ReadAction\",\"target\":[\"https:\\\/\\\/arcadiareptile.com\\\/pl\\\/earthpro\\\/odzywianie\\\/\"]}]},{\"@type\":\"ImageObject\",\"inLanguage\":\"pl-PL\",\"@id\":\"https:\\\/\\\/arcadiareptile.com\\\/pl\\\/earthpro\\\/odzywianie\\\/#primaryimage\",\"url\":\"https:\\\/\\\/arcadiareptile.com\\\/wp-content\\\/uploads\\\/earthpro-logo-white-1.png\",\"contentUrl\":\"https:\\\/\\\/arcadiareptile.com\\\/wp-content\\\/uploads\\\/earthpro-logo-white-1.png\"},{\"@type\":\"BreadcrumbList\",\"@id\":\"https:\\\/\\\/arcadiareptile.com\\\/pl\\\/earthpro\\\/odzywianie\\\/#breadcrumb\",\"itemListElement\":[{\"@type\":\"ListItem\",\"position\":1,\"name\":\"Dom\",\"item\":\"https:\\\/\\\/arcadiareptile.com\\\/pl\\\/dom\\\/\"},{\"@type\":\"ListItem\",\"position\":2,\"name\":\"EarthPro\",\"item\":\"https:\\\/\\\/arcadiareptile.com\\\/pl\\\/earthpro\\\/\"},{\"@type\":\"ListItem\",\"position\":3,\"name\":\"Od\u017cywianie\"}]},{\"@type\":\"WebSite\",\"@id\":\"https:\\\/\\\/arcadiareptile.com\\\/pl\\\/#website\",\"url\":\"https:\\\/\\\/arcadiareptile.com\\\/pl\\\/\",\"name\":\"Arcadia Reptile\",\"description\":\"Arcadia Reptile\",\"potentialAction\":[{\"@type\":\"SearchAction\",\"target\":{\"@type\":\"EntryPoint\",\"urlTemplate\":\"https:\\\/\\\/arcadiareptile.com\\\/pl\\\/?s={search_term_string}\"},\"query-input\":{\"@type\":\"PropertyValueSpecification\",\"valueRequired\":true,\"valueName\":\"search_term_string\"}}],\"inLanguage\":\"pl-PL\"}]}<\/script>\n<!-- \/ Yoast SEO plugin. -->","yoast_head_json":{"title":"Od\u017cywianie - Arcadia Reptile","robots":{"index":"index","follow":"follow","max-snippet":"max-snippet:-1","max-image-preview":"max-image-preview:large","max-video-preview":"max-video-preview:-1"},"canonical":"https:\/\/arcadiareptile.com\/pl\/earthpro\/odzywianie\/","og_locale":"pl_PL","og_type":"article","og_title":"Od\u017cywianie - Arcadia Reptile","og_description":"Rewolucja w precyzyjnym dostarczaniu sk\u0142adnik\u00f3w od\u017cywczych. Gdyby istnia\u0142o tak wiele ogranicze\u0144, jak podejrzewali\u015bmy w historycznych metodach, nie mieliby\u015bmy innego wyboru, jak tylko na nowo opracowa\u0107 suplementacj\u0119 i pasze uzupe\u0142niaj\u0105ce jako ca\u0142o\u015b\u0107. Dok\u0142adnie zbadali\u015bmy spos\u00f3b od\u017cywiania si\u0119 dzikich zwierz\u0105t, a tak\u017ce zawarto\u015b\u0107 minera\u0142\u00f3w w \u015brodowiskach, w kt\u00f3rych \u017cyj\u0105. By\u0142 to prze\u0142omowy moment, kt\u00f3ry doprowadzi\u0142 do u\u015bwiadomienia [&hellip;]","og_url":"https:\/\/arcadiareptile.com\/pl\/earthpro\/odzywianie\/","og_site_name":"Arcadia Reptile","article_modified_time":"2025-09-10T12:04:18+00:00","og_image":[{"url":"https:\/\/arcadiareptile.com\/wp-content\/uploads\/earthpro-logo-white-1.png","type":"","width":"","height":""}],"twitter_card":"summary_large_image","twitter_misc":{"Szacowany czas czytania":"5 minut"},"schema":{"@context":"https:\/\/schema.org","@graph":[{"@type":"WebPage","@id":"https:\/\/arcadiareptile.com\/pl\/earthpro\/odzywianie\/","url":"https:\/\/arcadiareptile.com\/pl\/earthpro\/odzywianie\/","name":"Od\u017cywianie - Arcadia Reptile","isPartOf":{"@id":"https:\/\/arcadiareptile.com\/pl\/#website"},"primaryImageOfPage":{"@id":"https:\/\/arcadiareptile.com\/pl\/earthpro\/odzywianie\/#primaryimage"},"image":{"@id":"https:\/\/arcadiareptile.com\/pl\/earthpro\/odzywianie\/#primaryimage"},"thumbnailUrl":"https:\/\/arcadiareptile.com\/wp-content\/uploads\/earthpro-logo-white-1.png","datePublished":"2023-07-03T21:27:04+00:00","dateModified":"2025-09-10T12:04:18+00:00","breadcrumb":{"@id":"https:\/\/arcadiareptile.com\/pl\/earthpro\/odzywianie\/#breadcrumb"},"inLanguage":"pl-PL","potentialAction":[{"@type":"ReadAction","target":["https:\/\/arcadiareptile.com\/pl\/earthpro\/odzywianie\/"]}]},{"@type":"ImageObject","inLanguage":"pl-PL","@id":"https:\/\/arcadiareptile.com\/pl\/earthpro\/odzywianie\/#primaryimage","url":"https:\/\/arcadiareptile.com\/wp-content\/uploads\/earthpro-logo-white-1.png","contentUrl":"https:\/\/arcadiareptile.com\/wp-content\/uploads\/earthpro-logo-white-1.png"},{"@type":"BreadcrumbList","@id":"https:\/\/arcadiareptile.com\/pl\/earthpro\/odzywianie\/#breadcrumb","itemListElement":[{"@type":"ListItem","position":1,"name":"Dom","item":"https:\/\/arcadiareptile.com\/pl\/dom\/"},{"@type":"ListItem","position":2,"name":"EarthPro","item":"https:\/\/arcadiareptile.com\/pl\/earthpro\/"},{"@type":"ListItem","position":3,"name":"Od\u017cywianie"}]},{"@type":"WebSite","@id":"https:\/\/arcadiareptile.com\/pl\/#website","url":"https:\/\/arcadiareptile.com\/pl\/","name":"Arcadia Reptile","description":"Arcadia Reptile","potentialAction":[{"@type":"SearchAction","target":{"@type":"EntryPoint","urlTemplate":"https:\/\/arcadiareptile.com\/pl\/?s={search_term_string}"},"query-input":{"@type":"PropertyValueSpecification","valueRequired":true,"valueName":"search_term_string"}}],"inLanguage":"pl-PL"}]}},"_links":{"self":[{"href":"https:\/\/arcadiareptile.com\/pl\/wp-json\/wp\/v2\/pages\/7876","targetHints":{"allow":["GET"]}}],"collection":[{"href":"https:\/\/arcadiareptile.com\/pl\/wp-json\/wp\/v2\/pages"}],"about":[{"href":"https:\/\/arcadiareptile.com\/pl\/wp-json\/wp\/v2\/types\/page"}],"author":[{"embeddable":true,"href":"https:\/\/arcadiareptile.com\/pl\/wp-json\/wp\/v2\/users\/1"}],"replies":[{"embeddable":true,"href":"https:\/\/arcadiareptile.com\/pl\/wp-json\/wp\/v2\/comments?post=7876"}],"version-history":[{"count":2,"href":"https:\/\/arcadiareptile.com\/pl\/wp-json\/wp\/v2\/pages\/7876\/revisions"}],"predecessor-version":[{"id":7882,"href":"https:\/\/arcadiareptile.com\/pl\/wp-json\/wp\/v2\/pages\/7876\/revisions\/7882"}],"up":[{"embeddable":true,"href":"https:\/\/arcadiareptile.com\/pl\/wp-json\/wp\/v2\/pages\/7659"}],"wp:attachment":[{"href":"https:\/\/arcadiareptile.com\/pl\/wp-json\/wp\/v2\/media?parent=7876"}],"curies":[{"name":"wp","href":"https:\/\/api.w.org\/{rel}","templated":true}]}}