{"id":7915,"date":"2023-07-04T08:41:45","date_gmt":"2023-07-04T08:41:45","guid":{"rendered":"https:\/\/arcadiareptile.com\/oswietlenie\/metoda-swiatla-i-cienia\/"},"modified":"2025-09-10T12:04:32","modified_gmt":"2025-09-10T12:04:32","slug":"metoda-swiatla-i-cienia","status":"publish","type":"page","link":"https:\/\/arcadiareptile.com\/pl\/oswietlenie\/metoda-swiatla-i-cienia\/","title":{"rendered":"Metoda \u015bwiat\u0142a i cienia"},"content":{"rendered":"\t\t<div data-elementor-type=\"wp-page\" data-elementor-id=\"7915\" class=\"elementor elementor-7915 elementor-2395\" data-elementor-post-type=\"page\">\n\t\t\t\t<div class=\"elementor-element elementor-element-2ecf001a e-con-full e-flex e-con e-parent\" data-id=\"2ecf001a\" data-element_type=\"container\" data-e-type=\"container\">\n\t\t\t\t<div class=\"elementor-element elementor-element-30593b4f elementor-widget elementor-widget-image\" data-id=\"30593b4f\" data-element_type=\"widget\" data-e-type=\"widget\" data-widget_type=\"image.default\">\n\t\t\t\t<div class=\"elementor-widget-container\">\n\t\t\t\t\t\t\t\t\t\t\t\t\t\t\t<img fetchpriority=\"high\" decoding=\"async\" width=\"1600\" height=\"722\" src=\"https:\/\/arcadiareptile.com\/wp-content\/uploads\/leopard-gecko-rock.jpg\" class=\"attachment-full size-full wp-image-7916\" alt=\"\" srcset=\"https:\/\/arcadiareptile.com\/wp-content\/uploads\/leopard-gecko-rock.jpg 1600w, https:\/\/arcadiareptile.com\/wp-content\/uploads\/leopard-gecko-rock-768x347.jpg 768w, https:\/\/arcadiareptile.com\/wp-content\/uploads\/leopard-gecko-rock-1536x693.jpg 1536w\" sizes=\"(max-width: 1600px) 100vw, 1600px\" \/>\t\t\t\t\t\t\t\t\t\t\t\t\t\t\t<\/div>\n\t\t\t\t<\/div>\n\t\t\t\t<\/div>\n\t\t\t\t<section class=\"elementor-section elementor-top-section elementor-element elementor-element-5b119190 elementor-section-full_width elementor-section-height-default elementor-section-height-default\" data-id=\"5b119190\" data-element_type=\"section\" data-e-type=\"section\" data-settings=\"{&quot;background_background&quot;:&quot;classic&quot;}\">\n\t\t\t\t\t\t<div class=\"elementor-container elementor-column-gap-default\">\n\t\t\t\t\t<div class=\"elementor-column elementor-col-100 elementor-top-column elementor-element elementor-element-6b5074a2\" data-id=\"6b5074a2\" data-element_type=\"column\" data-e-type=\"column\">\n\t\t\t<div class=\"elementor-widget-wrap elementor-element-populated\">\n\t\t\t\t\t\t<section class=\"elementor-section elementor-inner-section elementor-element elementor-element-613320b3 elementor-section-boxed elementor-section-height-default elementor-section-height-default\" data-id=\"613320b3\" data-element_type=\"section\" data-e-type=\"section\">\n\t\t\t\t\t\t<div class=\"elementor-container elementor-column-gap-extended\">\n\t\t\t\t\t<div class=\"elementor-column elementor-col-100 elementor-inner-column elementor-element elementor-element-119fcd6e\" data-id=\"119fcd6e\" data-element_type=\"column\" data-e-type=\"column\" data-settings=\"{&quot;background_background&quot;:&quot;classic&quot;}\">\n\t\t\t<div class=\"elementor-widget-wrap elementor-element-populated\">\n\t\t\t\t\t\t<div class=\"elementor-element elementor-element-68b4ed3a elementor-widget elementor-widget-heading\" data-id=\"68b4ed3a\" data-element_type=\"widget\" data-e-type=\"widget\" data-widget_type=\"heading.default\">\n\t\t\t\t<div class=\"elementor-widget-container\">\n\t\t\t\t\t<h2 class=\"elementor-heading-title elementor-size-default\">Metoda \u015bwiat\u0142a i cienia<\/h2>\t\t\t\t<\/div>\n\t\t\t\t<\/div>\n\t\t\t\t\t<\/div>\n\t\t<\/div>\n\t\t\t\t\t<\/div>\n\t\t<\/section>\n\t\t\t\t\t<\/div>\n\t\t<\/div>\n\t\t\t\t\t<\/div>\n\t\t<\/section>\n\t\t\t\t<section class=\"elementor-section elementor-top-section elementor-element elementor-element-45273595 elementor-section-full_width elementor-section-height-default elementor-section-height-default\" data-id=\"45273595\" data-element_type=\"section\" data-e-type=\"section\" data-settings=\"{&quot;background_background&quot;:&quot;classic&quot;}\">\n\t\t\t\t\t\t<div class=\"elementor-container elementor-column-gap-default\">\n\t\t\t\t\t<div class=\"elementor-column elementor-col-100 elementor-top-column elementor-element elementor-element-456c269a\" data-id=\"456c269a\" data-element_type=\"column\" data-e-type=\"column\">\n\t\t\t<div class=\"elementor-widget-wrap elementor-element-populated\">\n\t\t\t\t\t\t<section class=\"elementor-section elementor-inner-section elementor-element elementor-element-482ac017 elementor-section-boxed elementor-section-height-default elementor-section-height-default\" data-id=\"482ac017\" data-element_type=\"section\" data-e-type=\"section\">\n\t\t\t\t\t\t<div class=\"elementor-container elementor-column-gap-extended\">\n\t\t\t\t\t<div class=\"elementor-column elementor-col-100 elementor-inner-column elementor-element elementor-element-159cf0a\" data-id=\"159cf0a\" data-element_type=\"column\" data-e-type=\"column\" data-settings=\"{&quot;background_background&quot;:&quot;classic&quot;}\">\n\t\t\t<div class=\"elementor-widget-wrap elementor-element-populated\">\n\t\t\t\t\t\t<div class=\"elementor-element elementor-element-5c4237b elementor-widget elementor-widget-heading\" data-id=\"5c4237b\" data-element_type=\"widget\" data-e-type=\"widget\" data-widget_type=\"heading.default\">\n\t\t\t\t<div class=\"elementor-widget-container\">\n\t\t\t\t\t<h3 class=\"elementor-heading-title elementor-size-default\">Gady potrzebuj\u0105 gradientu termicznego, aby m\u00f3c regulowa\u0107 w\u0142asn\u0105 temperatur\u0119. Oto podstawowy przewodnik po ustawieniu gradientu termicznego w zagrodzie. <\/h3>\t\t\t\t<\/div>\n\t\t\t\t<\/div>\n\t\t\t\t<div class=\"elementor-element elementor-element-1287d568 elementor-widget elementor-widget-text-editor\" data-id=\"1287d568\" data-element_type=\"widget\" data-e-type=\"widget\" data-widget_type=\"text-editor.default\">\n\t\t\t\t<div class=\"elementor-widget-container\">\n\t\t\t\t\t\t\t\t\t<p>Utrzymywanie wy\u017cszej temperatury na jednym ko\u0144cu wiwarium, a ni\u017cszej na drugim, to podstawa opieki nad gadami. Metoda \u015bwiat\u0142a i cienia stanowi udoskonalenie tego podej\u015bcia, poniewa\u017c obejmuje r\u00f3wnie\u017c zapewnienie odpowiedniej ilo\u015bci \u015bwiat\u0142a o pe\u0142nym spektrum + UVB w ramach gradientu, tworz\u0105c u\u017cyteczne strefy \u201eciep\u0142a i \u015bwiat\u0142a\u201d oraz \u201ech\u0142odu i cienia\u201d. <\/p><p>S\u0142o\u0144ce emituje do naszego \u015bwiata wszystkie ziemskie d\u0142ugo\u015bci fal \u015bwiat\u0142a, od UVB do podczerwieni B. Jest to pojedyncze \u017ar\u00f3d\u0142o energii, dostarczaj\u0105ce nam wszystkim ciep\u0142o, \u015bwiat\u0142o widzialne i promieniowanie UV. Dlatego wa\u017cne jest, aby\u015bmy nie rozdzielali \u017ar\u00f3de\u0142 ciep\u0142a i \u015bwiat\u0142a w niewoli.  <\/p>\t\t\t\t\t\t\t\t<\/div>\n\t\t\t\t<\/div>\n\t\t\t\t\t<\/div>\n\t\t<\/div>\n\t\t\t\t\t<\/div>\n\t\t<\/section>\n\t\t\t\t<section class=\"elementor-section elementor-inner-section elementor-element elementor-element-59a2ffed elementor-section-boxed elementor-section-height-default elementor-section-height-default\" data-id=\"59a2ffed\" data-element_type=\"section\" data-e-type=\"section\">\n\t\t\t\t\t\t<div class=\"elementor-container elementor-column-gap-extended\">\n\t\t\t\t\t<div class=\"elementor-column elementor-col-100 elementor-inner-column elementor-element elementor-element-6e1cfa30\" data-id=\"6e1cfa30\" data-element_type=\"column\" data-e-type=\"column\">\n\t\t\t<div class=\"elementor-widget-wrap elementor-element-populated\">\n\t\t\t\t\t\t<div class=\"elementor-element elementor-element-1ca394c4 elementor-widget elementor-widget-image\" data-id=\"1ca394c4\" data-element_type=\"widget\" data-e-type=\"widget\" data-widget_type=\"image.default\">\n\t\t\t\t<div class=\"elementor-widget-container\">\n\t\t\t\t\t\t\t\t\t\t\t\t\t\t\t<img decoding=\"async\" width=\"1253\" height=\"726\" src=\"https:\/\/arcadiareptile.com\/wp-content\/uploads\/Light-Shade-Method.jpg\" class=\"attachment-full size-full wp-image-7917\" alt=\"\" srcset=\"https:\/\/arcadiareptile.com\/wp-content\/uploads\/Light-Shade-Method.jpg 1253w, https:\/\/arcadiareptile.com\/wp-content\/uploads\/Light-Shade-Method-768x445.jpg 768w\" sizes=\"(max-width: 1253px) 100vw, 1253px\" \/>\t\t\t\t\t\t\t\t\t\t\t\t\t\t\t<\/div>\n\t\t\t\t<\/div>\n\t\t\t\t\t<\/div>\n\t\t<\/div>\n\t\t\t\t\t<\/div>\n\t\t<\/section>\n\t\t\t\t\t<\/div>\n\t\t<\/div>\n\t\t\t\t\t<\/div>\n\t\t<\/section>\n\t\t\t\t<section class=\"elementor-section elementor-top-section elementor-element elementor-element-532929e0 elementor-section-full_width elementor-section-height-default elementor-section-height-default\" data-id=\"532929e0\" data-element_type=\"section\" data-e-type=\"section\" data-settings=\"{&quot;background_background&quot;:&quot;classic&quot;}\">\n\t\t\t\t\t\t<div class=\"elementor-container elementor-column-gap-default\">\n\t\t\t\t\t<div class=\"elementor-column elementor-col-100 elementor-top-column elementor-element elementor-element-5c8bea0a\" data-id=\"5c8bea0a\" data-element_type=\"column\" data-e-type=\"column\">\n\t\t\t<div class=\"elementor-widget-wrap elementor-element-populated\">\n\t\t\t\t\t\t<section class=\"elementor-section elementor-inner-section elementor-element elementor-element-4c93704f elementor-section-boxed elementor-section-height-default elementor-section-height-default\" data-id=\"4c93704f\" data-element_type=\"section\" data-e-type=\"section\">\n\t\t\t\t\t\t<div class=\"elementor-container elementor-column-gap-extended\">\n\t\t\t\t\t<div class=\"elementor-column elementor-col-100 elementor-inner-column elementor-element elementor-element-39d3969f\" data-id=\"39d3969f\" data-element_type=\"column\" data-e-type=\"column\" data-settings=\"{&quot;background_background&quot;:&quot;classic&quot;}\">\n\t\t\t<div class=\"elementor-widget-wrap elementor-element-populated\">\n\t\t\t\t\t\t<div class=\"elementor-element elementor-element-19f16e64 elementor-widget elementor-widget-text-editor\" data-id=\"19f16e64\" data-element_type=\"widget\" data-e-type=\"widget\" data-widget_type=\"text-editor.default\">\n\t\t\t\t<div class=\"elementor-widget-container\">\n\t\t\t\t\t\t\t\t\t<p>Systemy ogrzewania i o\u015bwietlenia powinny by\u0107 zgrupowane blisko siebie w bezpieczny spos\u00f3b, tak aby zar\u00f3wno ciep\u0142o, jak i \u015bwiat\u0142o by\u0142y kierowane jednocze\u015bnie na stref\u0119 wygrzewania. W ten spos\u00f3b zwierz\u0119 mo\u017ce naturalnie wykorzysta\u0107 energi\u0119, samodzielnie reguluj\u0105c swoj\u0105 ekspozycj\u0119 w zale\u017cno\u015bci od potrzeb. <\/p><p>Nast\u0119pnie oddzielamy cieplejsz\u0105 stref\u0119 do wygrzewania si\u0119 od ch\u0142odniejszej, bardziej wilgotnej cz\u0119\u015bci wybiegu. Podzia\u0142 na strefy jest kluczowy dla prawid\u0142owego dop\u0142ywu odtworzonego \u015bwiat\u0142a naturalnego. Pozwoli to zwierz\u0119ciu na \u201esamodzielny wyb\u00f3r\u201d lub \u201esamodzieln\u0105 regulacj\u0119\u201d poziomu ekspozycji w ramach jego w\u0142asnych cykl\u00f3w biologicznych, od kontrolowanego ciep\u0142a i \u015bwiat\u0142a o pe\u0142nym spektrum po ch\u0142\u00f3d i cie\u0144, tak jak w naturze.  <\/p><p>Je\u015bli zastosujesz metod\u0119 \u015bwiat\u0142a i cienia i zapewnisz mn\u00f3stwo kryj\u00f3wek, zwierz\u0119 b\u0119dzie mog\u0142o zmienia\u0107 swoj\u0105 pozycj\u0119 w terrarium lub wiwarium i wybiera\u0107, gdzie si\u0119 wygrzewa\u0107. Na tym w\u0142a\u015bnie polega zasada \u201eWild Re-creation\u00ae\u201d. <\/p>\t\t\t\t\t\t\t\t<\/div>\n\t\t\t\t<\/div>\n\t\t\t\t\t<\/div>\n\t\t<\/div>\n\t\t\t\t\t<\/div>\n\t\t<\/section>\n\t\t\t\t\t<\/div>\n\t\t<\/div>\n\t\t\t\t\t<\/div>\n\t\t<\/section>\n\t\t\t\t<\/div>\n\t\t","protected":false},"excerpt":{"rendered":"<p>Metoda \u015bwiat\u0142a i cienia Gady potrzebuj\u0105 gradientu termicznego, aby m\u00f3c regulowa\u0107 w\u0142asn\u0105 temperatur\u0119. Oto podstawowy przewodnik po ustawieniu gradientu termicznego w zagrodzie. Utrzymywanie wy\u017cszej temperatury na jednym ko\u0144cu wiwarium, a ni\u017cszej na drugim, to podstawa opieki nad gadami. Metoda \u015bwiat\u0142a i cienia stanowi udoskonalenie tego podej\u015bcia, poniewa\u017c obejmuje r\u00f3wnie\u017c zapewnienie odpowiedniej ilo\u015bci \u015bwiat\u0142a o pe\u0142nym [&hellip;]<\/p>\n","protected":false},"author":1,"featured_media":0,"parent":7644,"menu_order":0,"comment_status":"closed","ping_status":"closed","template":"","meta":{"site-sidebar-layout":"no-sidebar","site-content-layout":"page-builder","ast-site-content-layout":"default","site-content-style":"default","site-sidebar-style":"default","ast-global-header-display":"","ast-banner-title-visibility":"","ast-main-header-display":"","ast-hfb-above-header-display":"","ast-hfb-below-header-display":"","ast-hfb-mobile-header-display":"","site-post-title":"disabled","ast-breadcrumbs-content":"","ast-featured-img":"disabled","footer-sml-layout":"","ast-disable-related-posts":"","theme-transparent-header-meta":"","adv-header-id-meta":"","stick-header-meta":"","header-above-stick-meta":"","header-main-stick-meta":"","header-below-stick-meta":"","astra-migrate-meta-layouts":"default","ast-page-background-enabled":"default","ast-page-background-meta":{"desktop":{"background-color":"var(--ast-global-color-4)","background-image":"","background-repeat":"repeat","background-position":"center center","background-size":"auto","background-attachment":"scroll","background-type":"","background-media":"","overlay-type":"","overlay-color":"","overlay-opacity":"","overlay-gradient":""},"tablet":{"background-color":"","background-image":"","background-repeat":"repeat","background-position":"center center","background-size":"auto","background-attachment":"scroll","background-type":"","background-media":"","overlay-type":"","overlay-color":"","overlay-opacity":"","overlay-gradient":""},"mobile":{"background-color":"","background-image":"","background-repeat":"repeat","background-position":"center center","background-size":"auto","background-attachment":"scroll","background-type":"","background-media":"","overlay-type":"","overlay-color":"","overlay-opacity":"","overlay-gradient":""}},"ast-content-background-meta":{"desktop":{"background-color":"var(--ast-global-color-5)","background-image":"","background-repeat":"repeat","background-position":"center center","background-size":"auto","background-attachment":"scroll","background-type":"","background-media":"","overlay-type":"","overlay-color":"","overlay-opacity":"","overlay-gradient":""},"tablet":{"background-color":"var(--ast-global-color-5)","background-image":"","background-repeat":"repeat","background-position":"center center","background-size":"auto","background-attachment":"scroll","background-type":"","background-media":"","overlay-type":"","overlay-color":"","overlay-opacity":"","overlay-gradient":""},"mobile":{"background-color":"var(--ast-global-color-5)","background-image":"","background-repeat":"repeat","background-position":"center center","background-size":"auto","background-attachment":"scroll","background-type":"","background-media":"","overlay-type":"","overlay-color":"","overlay-opacity":"","overlay-gradient":""}},"footnotes":""},"class_list":["post-7915","page","type-page","status-publish","hentry"],"yoast_head":"<!-- This site is optimized with the Yoast SEO plugin v27.4 - https:\/\/yoast.com\/product\/yoast-seo-wordpress\/ -->\n<title>Metoda \u015bwiat\u0142a i cienia - Arcadia Reptile<\/title>\n<meta name=\"robots\" content=\"index, follow, max-snippet:-1, max-image-preview:large, max-video-preview:-1\" \/>\n<link rel=\"canonical\" href=\"https:\/\/arcadiareptile.com\/pl\/oswietlenie\/metoda-swiatla-i-cienia\/\" \/>\n<meta property=\"og:locale\" content=\"pl_PL\" \/>\n<meta property=\"og:type\" content=\"article\" \/>\n<meta property=\"og:title\" content=\"Metoda \u015bwiat\u0142a i cienia - Arcadia Reptile\" \/>\n<meta property=\"og:description\" content=\"Metoda \u015bwiat\u0142a i cienia Gady potrzebuj\u0105 gradientu termicznego, aby m\u00f3c regulowa\u0107 w\u0142asn\u0105 temperatur\u0119. Oto podstawowy przewodnik po ustawieniu gradientu termicznego w zagrodzie. Utrzymywanie wy\u017cszej temperatury na jednym ko\u0144cu wiwarium, a ni\u017cszej na drugim, to podstawa opieki nad gadami. Metoda \u015bwiat\u0142a i cienia stanowi udoskonalenie tego podej\u015bcia, poniewa\u017c obejmuje r\u00f3wnie\u017c zapewnienie odpowiedniej ilo\u015bci \u015bwiat\u0142a o pe\u0142nym [&hellip;]\" \/>\n<meta property=\"og:url\" content=\"https:\/\/arcadiareptile.com\/pl\/oswietlenie\/metoda-swiatla-i-cienia\/\" \/>\n<meta property=\"og:site_name\" content=\"Arcadia Reptile\" \/>\n<meta property=\"article:modified_time\" content=\"2025-09-10T12:04:32+00:00\" \/>\n<meta property=\"og:image\" content=\"https:\/\/arcadiareptile.com\/wp-content\/uploads\/leopard-gecko-rock.jpg\" \/>\n\t<meta property=\"og:image:width\" content=\"1600\" \/>\n\t<meta property=\"og:image:height\" content=\"722\" \/>\n\t<meta property=\"og:image:type\" content=\"image\/jpeg\" \/>\n<meta name=\"twitter:card\" content=\"summary_large_image\" \/>\n<meta name=\"twitter:label1\" content=\"Szacowany czas czytania\" \/>\n\t<meta name=\"twitter:data1\" content=\"2 minuty\" \/>\n<script type=\"application\/ld+json\" class=\"yoast-schema-graph\">{\"@context\":\"https:\\\/\\\/schema.org\",\"@graph\":[{\"@type\":\"WebPage\",\"@id\":\"https:\\\/\\\/arcadiareptile.com\\\/pl\\\/oswietlenie\\\/metoda-swiatla-i-cienia\\\/\",\"url\":\"https:\\\/\\\/arcadiareptile.com\\\/pl\\\/oswietlenie\\\/metoda-swiatla-i-cienia\\\/\",\"name\":\"Metoda \u015bwiat\u0142a i cienia - Arcadia Reptile\",\"isPartOf\":{\"@id\":\"https:\\\/\\\/arcadiareptile.com\\\/pl\\\/#website\"},\"primaryImageOfPage\":{\"@id\":\"https:\\\/\\\/arcadiareptile.com\\\/pl\\\/oswietlenie\\\/metoda-swiatla-i-cienia\\\/#primaryimage\"},\"image\":{\"@id\":\"https:\\\/\\\/arcadiareptile.com\\\/pl\\\/oswietlenie\\\/metoda-swiatla-i-cienia\\\/#primaryimage\"},\"thumbnailUrl\":\"https:\\\/\\\/arcadiareptile.com\\\/wp-content\\\/uploads\\\/leopard-gecko-rock.jpg\",\"datePublished\":\"2023-07-04T08:41:45+00:00\",\"dateModified\":\"2025-09-10T12:04:32+00:00\",\"breadcrumb\":{\"@id\":\"https:\\\/\\\/arcadiareptile.com\\\/pl\\\/oswietlenie\\\/metoda-swiatla-i-cienia\\\/#breadcrumb\"},\"inLanguage\":\"pl-PL\",\"potentialAction\":[{\"@type\":\"ReadAction\",\"target\":[\"https:\\\/\\\/arcadiareptile.com\\\/pl\\\/oswietlenie\\\/metoda-swiatla-i-cienia\\\/\"]}]},{\"@type\":\"ImageObject\",\"inLanguage\":\"pl-PL\",\"@id\":\"https:\\\/\\\/arcadiareptile.com\\\/pl\\\/oswietlenie\\\/metoda-swiatla-i-cienia\\\/#primaryimage\",\"url\":\"https:\\\/\\\/arcadiareptile.com\\\/wp-content\\\/uploads\\\/leopard-gecko-rock.jpg\",\"contentUrl\":\"https:\\\/\\\/arcadiareptile.com\\\/wp-content\\\/uploads\\\/leopard-gecko-rock.jpg\"},{\"@type\":\"BreadcrumbList\",\"@id\":\"https:\\\/\\\/arcadiareptile.com\\\/pl\\\/oswietlenie\\\/metoda-swiatla-i-cienia\\\/#breadcrumb\",\"itemListElement\":[{\"@type\":\"ListItem\",\"position\":1,\"name\":\"Dom\",\"item\":\"https:\\\/\\\/arcadiareptile.com\\\/pl\\\/dom\\\/\"},{\"@type\":\"ListItem\",\"position\":2,\"name\":\"O\u015bwietlenie\",\"item\":\"https:\\\/\\\/arcadiareptile.com\\\/pl\\\/oswietlenie\\\/\"},{\"@type\":\"ListItem\",\"position\":3,\"name\":\"Metoda \u015bwiat\u0142a i cienia\"}]},{\"@type\":\"WebSite\",\"@id\":\"https:\\\/\\\/arcadiareptile.com\\\/pl\\\/#website\",\"url\":\"https:\\\/\\\/arcadiareptile.com\\\/pl\\\/\",\"name\":\"Arcadia Reptile\",\"description\":\"Arcadia Reptile\",\"potentialAction\":[{\"@type\":\"SearchAction\",\"target\":{\"@type\":\"EntryPoint\",\"urlTemplate\":\"https:\\\/\\\/arcadiareptile.com\\\/pl\\\/?s={search_term_string}\"},\"query-input\":{\"@type\":\"PropertyValueSpecification\",\"valueRequired\":true,\"valueName\":\"search_term_string\"}}],\"inLanguage\":\"pl-PL\"}]}<\/script>\n<!-- \/ Yoast SEO plugin. -->","yoast_head_json":{"title":"Metoda \u015bwiat\u0142a i cienia - Arcadia Reptile","robots":{"index":"index","follow":"follow","max-snippet":"max-snippet:-1","max-image-preview":"max-image-preview:large","max-video-preview":"max-video-preview:-1"},"canonical":"https:\/\/arcadiareptile.com\/pl\/oswietlenie\/metoda-swiatla-i-cienia\/","og_locale":"pl_PL","og_type":"article","og_title":"Metoda \u015bwiat\u0142a i cienia - Arcadia Reptile","og_description":"Metoda \u015bwiat\u0142a i cienia Gady potrzebuj\u0105 gradientu termicznego, aby m\u00f3c regulowa\u0107 w\u0142asn\u0105 temperatur\u0119. Oto podstawowy przewodnik po ustawieniu gradientu termicznego w zagrodzie. Utrzymywanie wy\u017cszej temperatury na jednym ko\u0144cu wiwarium, a ni\u017cszej na drugim, to podstawa opieki nad gadami. Metoda \u015bwiat\u0142a i cienia stanowi udoskonalenie tego podej\u015bcia, poniewa\u017c obejmuje r\u00f3wnie\u017c zapewnienie odpowiedniej ilo\u015bci \u015bwiat\u0142a o pe\u0142nym [&hellip;]","og_url":"https:\/\/arcadiareptile.com\/pl\/oswietlenie\/metoda-swiatla-i-cienia\/","og_site_name":"Arcadia Reptile","article_modified_time":"2025-09-10T12:04:32+00:00","og_image":[{"width":1600,"height":722,"url":"https:\/\/arcadiareptile.com\/wp-content\/uploads\/leopard-gecko-rock.jpg","type":"image\/jpeg"}],"twitter_card":"summary_large_image","twitter_misc":{"Szacowany czas czytania":"2 minuty"},"schema":{"@context":"https:\/\/schema.org","@graph":[{"@type":"WebPage","@id":"https:\/\/arcadiareptile.com\/pl\/oswietlenie\/metoda-swiatla-i-cienia\/","url":"https:\/\/arcadiareptile.com\/pl\/oswietlenie\/metoda-swiatla-i-cienia\/","name":"Metoda \u015bwiat\u0142a i cienia - Arcadia Reptile","isPartOf":{"@id":"https:\/\/arcadiareptile.com\/pl\/#website"},"primaryImageOfPage":{"@id":"https:\/\/arcadiareptile.com\/pl\/oswietlenie\/metoda-swiatla-i-cienia\/#primaryimage"},"image":{"@id":"https:\/\/arcadiareptile.com\/pl\/oswietlenie\/metoda-swiatla-i-cienia\/#primaryimage"},"thumbnailUrl":"https:\/\/arcadiareptile.com\/wp-content\/uploads\/leopard-gecko-rock.jpg","datePublished":"2023-07-04T08:41:45+00:00","dateModified":"2025-09-10T12:04:32+00:00","breadcrumb":{"@id":"https:\/\/arcadiareptile.com\/pl\/oswietlenie\/metoda-swiatla-i-cienia\/#breadcrumb"},"inLanguage":"pl-PL","potentialAction":[{"@type":"ReadAction","target":["https:\/\/arcadiareptile.com\/pl\/oswietlenie\/metoda-swiatla-i-cienia\/"]}]},{"@type":"ImageObject","inLanguage":"pl-PL","@id":"https:\/\/arcadiareptile.com\/pl\/oswietlenie\/metoda-swiatla-i-cienia\/#primaryimage","url":"https:\/\/arcadiareptile.com\/wp-content\/uploads\/leopard-gecko-rock.jpg","contentUrl":"https:\/\/arcadiareptile.com\/wp-content\/uploads\/leopard-gecko-rock.jpg"},{"@type":"BreadcrumbList","@id":"https:\/\/arcadiareptile.com\/pl\/oswietlenie\/metoda-swiatla-i-cienia\/#breadcrumb","itemListElement":[{"@type":"ListItem","position":1,"name":"Dom","item":"https:\/\/arcadiareptile.com\/pl\/dom\/"},{"@type":"ListItem","position":2,"name":"O\u015bwietlenie","item":"https:\/\/arcadiareptile.com\/pl\/oswietlenie\/"},{"@type":"ListItem","position":3,"name":"Metoda \u015bwiat\u0142a i cienia"}]},{"@type":"WebSite","@id":"https:\/\/arcadiareptile.com\/pl\/#website","url":"https:\/\/arcadiareptile.com\/pl\/","name":"Arcadia Reptile","description":"Arcadia Reptile","potentialAction":[{"@type":"SearchAction","target":{"@type":"EntryPoint","urlTemplate":"https:\/\/arcadiareptile.com\/pl\/?s={search_term_string}"},"query-input":{"@type":"PropertyValueSpecification","valueRequired":true,"valueName":"search_term_string"}}],"inLanguage":"pl-PL"}]}},"_links":{"self":[{"href":"https:\/\/arcadiareptile.com\/pl\/wp-json\/wp\/v2\/pages\/7915","targetHints":{"allow":["GET"]}}],"collection":[{"href":"https:\/\/arcadiareptile.com\/pl\/wp-json\/wp\/v2\/pages"}],"about":[{"href":"https:\/\/arcadiareptile.com\/pl\/wp-json\/wp\/v2\/types\/page"}],"author":[{"embeddable":true,"href":"https:\/\/arcadiareptile.com\/pl\/wp-json\/wp\/v2\/users\/1"}],"replies":[{"embeddable":true,"href":"https:\/\/arcadiareptile.com\/pl\/wp-json\/wp\/v2\/comments?post=7915"}],"version-history":[{"count":1,"href":"https:\/\/arcadiareptile.com\/pl\/wp-json\/wp\/v2\/pages\/7915\/revisions"}],"predecessor-version":[{"id":7918,"href":"https:\/\/arcadiareptile.com\/pl\/wp-json\/wp\/v2\/pages\/7915\/revisions\/7918"}],"up":[{"embeddable":true,"href":"https:\/\/arcadiareptile.com\/pl\/wp-json\/wp\/v2\/pages\/7644"}],"wp:attachment":[{"href":"https:\/\/arcadiareptile.com\/pl\/wp-json\/wp\/v2\/media?parent=7915"}],"curies":[{"name":"wp","href":"https:\/\/api.w.org\/{rel}","templated":true}]}}