{"id":7924,"date":"2023-07-04T22:15:35","date_gmt":"2023-07-04T22:15:35","guid":{"rendered":"https:\/\/arcadiareptile.com\/mieszkaniec-cienia\/minit5\/"},"modified":"2025-09-10T12:04:32","modified_gmt":"2025-09-10T12:04:32","slug":"minit5","status":"publish","type":"page","link":"https:\/\/arcadiareptile.com\/pl\/mieszkaniec-cienia\/minit5\/","title":{"rendered":"MiniT5"},"content":{"rendered":"\t\t<div data-elementor-type=\"wp-page\" data-elementor-id=\"7924\" class=\"elementor elementor-7924 elementor-2470\" data-elementor-post-type=\"page\">\n\t\t\t\t\t\t<section class=\"elementor-section elementor-top-section elementor-element elementor-element-420499de elementor-section-full_width elementor-section-height-default elementor-section-height-default\" data-id=\"420499de\" data-element_type=\"section\" data-e-type=\"section\" data-settings=\"{&quot;background_background&quot;:&quot;classic&quot;}\">\n\t\t\t\t\t\t\t<div class=\"elementor-background-overlay\"><\/div>\n\t\t\t\t\t\t\t<div class=\"elementor-container elementor-column-gap-default\">\n\t\t\t\t\t<div class=\"elementor-column elementor-col-100 elementor-top-column elementor-element elementor-element-7cf01d2d\" data-id=\"7cf01d2d\" data-element_type=\"column\" data-e-type=\"column\">\n\t\t\t<div class=\"elementor-widget-wrap elementor-element-populated\">\n\t\t\t\t\t\t<section class=\"elementor-section elementor-inner-section elementor-element elementor-element-6c05049a elementor-section-boxed elementor-section-height-default elementor-section-height-default\" data-id=\"6c05049a\" data-element_type=\"section\" data-e-type=\"section\">\n\t\t\t\t\t\t<div class=\"elementor-container elementor-column-gap-extended\">\n\t\t\t\t\t<div class=\"elementor-column elementor-col-100 elementor-inner-column elementor-element elementor-element-7cc2ac76\" data-id=\"7cc2ac76\" data-element_type=\"column\" data-e-type=\"column\" data-settings=\"{&quot;background_background&quot;:&quot;classic&quot;}\">\n\t\t\t<div class=\"elementor-widget-wrap elementor-element-populated\">\n\t\t\t\t\t\t<div class=\"elementor-element elementor-element-5139b8be elementor-align-left elementor-mobile-align-center elementor-widget elementor-widget-breadcrumbs\" data-id=\"5139b8be\" data-element_type=\"widget\" data-e-type=\"widget\" data-widget_type=\"breadcrumbs.default\">\n\t\t\t\t<div class=\"elementor-widget-container\">\n\t\t\t\t\t<p id=\"breadcrumbs\"><span><span><a href=\"https:\/\/arcadiareptile.com\/pl\/dom\/\">Dom<\/a><\/span><\/span><\/p>\t\t\t\t<\/div>\n\t\t\t\t<\/div>\n\t\t\t\t\t<\/div>\n\t\t<\/div>\n\t\t\t\t\t<\/div>\n\t\t<\/section>\n\t\t\t\t\t<\/div>\n\t\t<\/div>\n\t\t\t\t\t<\/div>\n\t\t<\/section>\n\t\t\t\t<section class=\"elementor-section elementor-top-section elementor-element elementor-element-669b3fc3 elementor-section-content-bottom elementor-section-full_width elementor-section-height-default elementor-section-height-default\" data-id=\"669b3fc3\" data-element_type=\"section\" data-e-type=\"section\" data-settings=\"{&quot;background_background&quot;:&quot;classic&quot;}\">\n\t\t\t\t\t\t\t<div class=\"elementor-background-overlay\"><\/div>\n\t\t\t\t\t\t\t<div class=\"elementor-container elementor-column-gap-default\">\n\t\t\t\t\t<div class=\"elementor-column elementor-col-100 elementor-top-column elementor-element elementor-element-20c5e05e\" data-id=\"20c5e05e\" data-element_type=\"column\" data-e-type=\"column\">\n\t\t\t<div class=\"elementor-widget-wrap elementor-element-populated\">\n\t\t\t\t\t\t<section class=\"elementor-section elementor-inner-section elementor-element elementor-element-146a3859 elementor-section-content-top elementor-section-boxed elementor-section-height-default elementor-section-height-default\" data-id=\"146a3859\" data-element_type=\"section\" data-e-type=\"section\" data-settings=\"{&quot;background_background&quot;:&quot;classic&quot;}\">\n\t\t\t\t\t\t<div class=\"elementor-container elementor-column-gap-extended\">\n\t\t\t\t\t<div class=\"elementor-column elementor-col-100 elementor-inner-column elementor-element elementor-element-36c7cd96\" data-id=\"36c7cd96\" data-element_type=\"column\" data-e-type=\"column\">\n\t\t\t<div class=\"elementor-widget-wrap elementor-element-populated\">\n\t\t\t\t\t\t<div class=\"elementor-element elementor-element-4d177fc elementor-widget elementor-widget-heading\" data-id=\"4d177fc\" data-element_type=\"widget\" data-e-type=\"widget\" data-widget_type=\"heading.default\">\n\t\t\t\t<div class=\"elementor-widget-container\">\n\t\t\t\t\t<h2 class=\"elementor-heading-title elementor-size-default\">ShadeDweller MiniT5<\/h2>\t\t\t\t<\/div>\n\t\t\t\t<\/div>\n\t\t\t\t<div class=\"elementor-element elementor-element-78ff56a elementor-widget elementor-widget-spacer\" data-id=\"78ff56a\" data-element_type=\"widget\" data-e-type=\"widget\" data-widget_type=\"spacer.default\">\n\t\t\t\t<div class=\"elementor-widget-container\">\n\t\t\t\t\t\t\t<div class=\"elementor-spacer\">\n\t\t\t<div class=\"elementor-spacer-inner\"><\/div>\n\t\t<\/div>\n\t\t\t\t\t\t<\/div>\n\t\t\t\t<\/div>\n\t\t\t\t<div class=\"elementor-element elementor-element-7c563f5c elementor-widget elementor-widget-text-editor\" data-id=\"7c563f5c\" data-element_type=\"widget\" data-e-type=\"widget\" data-widget_type=\"text-editor.default\">\n\t\t\t\t<div class=\"elementor-widget-container\">\n\t\t\t\t\t\t\t\t\t<p>ShadeDweller\u2122 MiniT5 marki Arcadia Reptile to idealny wyb\u00f3r dla tych, kt\u00f3rzy korzystaj\u0105 z p\u0142ytkich terrari\u00f3w i chc\u0105 zapewni\u0107 sobie niezb\u0119dne promieniowanie UV-B.<\/p><p>Ten \u0142atwy w monta\u017cu zestaw zawiera elektronik\u0119 zapobiegaj\u0105c\u0105 migotaniu, specjalnie wykonany p\u0142aski reflektor, zestaw monta\u017cowy, kabel zasilaj\u0105cy, prze\u0142\u0105cznik, kabel po\u0142\u0105czeniowy i lamp\u0119 ShadeDweller\u2122 o mocy 8 W i filtrze UV-B 7%.<\/p><p>ShadeDweller\u2122 MiniT5 pozwoli Ci zamontowa\u0107 lamp\u0119 UV-B w terrariach, kt\u00f3re kiedy\u015b mog\u0142y by\u0107 zbyt p\u0142ytkie, aby umo\u017cliwi\u0107 bezpieczne zamontowanie. Jej niski profil i skuteczny odb\u0142y\u015bnik pozwol\u0105 Ci zapewni\u0107 idealny wsp\u00f3\u0142czynnik UV w odleg\u0142o\u015bci 20-30 cm od lampy do grzbietu zwierz\u0119cia siedz\u0105cego w miejscu do wygrzewania. <\/p><p>Zestaw zawiera pojedynczy kabel zasilaj\u0105cy i dodatkowy \u201ekabel \u0142\u0105cz\u0105cy\u201d, kt\u00f3ry umo\u017cliwia pod\u0142\u0105czenie do 10 urz\u0105dze\u0144 z jednego \u017ar\u00f3d\u0142a zasilania. Wymiana lampy jest prosta dzi\u0119ki prostemu uchwytowi \u201ew\u0142\u00f3\u017c i przekr\u0119\u0107\u201d. <\/p><p>Doskonale nadaje si\u0119 do obud\u00f3w o wysoko\u015bci do 12\u201d\/30cm.<\/p><p>ShadeDweller\u2122 MiniT5 to idealny wyb\u00f3r dla gatunk\u00f3w \u017cyj\u0105cych w zmierzchu, takich jak gekon lamparcie, a nawet m\u0142ode w\u0119\u017ce, trzymane w p\u0142ytkich klatkach, rega\u0142ach lub wannach. ShadeDweller\u2122 nadaje si\u0119 r\u00f3wnie\u017c do stosowania u p\u0142az\u00f3w i bezkr\u0119gowc\u00f3w.<br> Przez d\u0142ugi czas zwierz\u0119ta \u017cyj\u0105ce w klimacie zmierzchu nie mia\u0142y dedykowanych system\u00f3w o\u015bwietleniowych. ShadeDweller\u2122 firmy Arcadia Reptile stara si\u0119 naprawi\u0107 ten b\u0142\u0105d.   <\/p>\t\t\t\t\t\t\t\t<\/div>\n\t\t\t\t<\/div>\n\t\t\t\t<div class=\"elementor-element elementor-element-243e817 elementor-widget elementor-widget-text-editor\" data-id=\"243e817\" data-element_type=\"widget\" data-e-type=\"widget\" data-widget_type=\"text-editor.default\">\n\t\t\t\t<div class=\"elementor-widget-container\">\n\t\t\t\t\t\t\t\t\t<p class=\"pt20\">ShadeDweller MiniT5 to idealny wyb\u00f3r dla:<\/p><ul class=\"pt20\"><li>Gekony lamparcie<\/li><li>Gekony czubate<\/li><li>Gekony dzienne (ma\u0142e)<\/li><li>P\u0142azy<\/li><li>Odwraca<\/li><li>Piskl\u0119ta w\u0119\u017cy<\/li><\/ul>\t\t\t\t\t\t\t\t<\/div>\n\t\t\t\t<\/div>\n\t\t\t\t<div class=\"elementor-element elementor-element-3fdc703 elementor-widget elementor-widget-text-editor\" data-id=\"3fdc703\" data-element_type=\"widget\" data-e-type=\"widget\" data-widget_type=\"text-editor.default\">\n\t\t\t\t<div class=\"elementor-widget-container\">\n\t\t\t\t\t\t\t\t\t<ul class=\"pt20\"><li>Lampa fluorescencyjna T5<\/li><li>Wyjmowany reflektor<\/li><li>Zestaw monta\u017cowy<\/li><li>Kabel \u0142\u0105cz\u0105cy<\/li><\/ul>\t\t\t\t\t\t\t\t<\/div>\n\t\t\t\t<\/div>\n\t\t\t\t\t<\/div>\n\t\t<\/div>\n\t\t\t\t\t<\/div>\n\t\t<\/section>\n\t\t\t\t<div class=\"elementor-element elementor-element-96549aa uael-aspect-ratio-16_9 uael-youtube-subscribe-no elementor-widget elementor-widget-uael-video\" data-id=\"96549aa\" data-element_type=\"widget\" data-e-type=\"widget\" data-widget_type=\"uael-video.default\">\n\t\t\t\t<div class=\"elementor-widget-container\">\n\t\t\t\t\t\t\t\t\t\t\t<div class=\"uael-video__outer-wrap  uael-video-type-youtube\" data-device=\"false\" data-vsticky=\"no\" data-hidedesktop=\"\" data-hidetablet=\"\" data-hidemobile=\"\" data-vsticky-viewport=\"0\" data-autoplay=\"0\">\n\t\t\t\t\t\t<div class=\"uael-video-inner-wrap\">\n\t\t\t\t<div class=\"uael-video__play\" data-src=\"https:\/\/www.youtube.com\/embed\/mjTv4M0-H90?rel=0&amp;start&amp;end&amp;controls=1&amp;mute=0&amp;modestbranding=0&amp;\">\n\t\t\t\t\t<img decoding=\"async\" class=\"uael-video__thumb\" src=\"https:\/\/i.ytimg.com\/vi\/mjTv4M0-H90\/maxresdefault.jpg\" alt=\"\"><\/img>\n\t\t\t\t\t<div class=\"uael-video__play-icon uael-animation-\">\n\t\t\t\t\t\t<i aria-hidden=\"true\" class=\"fa fa-play-circle\"><\/i>\t\t\t\t\t<\/div>\n\t\t\t\t<\/div>\n\t\t\t\t\t\t\t\t\t\t\t<\/div>\n\t\t<\/div>\n\t\t\t\t\t\t\t<\/div>\n\t\t\t\t<\/div>\n\t\t\t\t<div class=\"elementor-element elementor-element-984ebd2 uael-aspect-ratio-16_9 uael-youtube-subscribe-no elementor-widget elementor-widget-uael-video\" data-id=\"984ebd2\" data-element_type=\"widget\" data-e-type=\"widget\" data-widget_type=\"uael-video.default\">\n\t\t\t\t<div class=\"elementor-widget-container\">\n\t\t\t\t\t\t\t\t\t\t\t<div class=\"uael-video__outer-wrap  uael-video-type-youtube\" data-device=\"false\" data-vsticky=\"no\" data-hidedesktop=\"\" data-hidetablet=\"\" data-hidemobile=\"\" data-vsticky-viewport=\"0\" data-autoplay=\"0\">\n\t\t\t\t\t\t<div class=\"uael-video-inner-wrap\">\n\t\t\t\t<div class=\"uael-video__play\" data-src=\"https:\/\/www.youtube.com\/embed\/83aPZBpBtPM?rel=0&amp;start&amp;end&amp;controls=1&amp;mute=0&amp;modestbranding=0&amp;\">\n\t\t\t\t\t<img decoding=\"async\" class=\"uael-video__thumb\" src=\"https:\/\/i.ytimg.com\/vi\/83aPZBpBtPM\/maxresdefault.jpg\" alt=\"\"><\/img>\n\t\t\t\t\t<div class=\"uael-video__play-icon uael-animation-\">\n\t\t\t\t\t\t<i aria-hidden=\"true\" class=\"fa fa-play-circle\"><\/i>\t\t\t\t\t<\/div>\n\t\t\t\t<\/div>\n\t\t\t\t\t\t\t\t\t\t\t<\/div>\n\t\t<\/div>\n\t\t\t\t\t\t\t<\/div>\n\t\t\t\t<\/div>\n\t\t\t\t\t<\/div>\n\t\t<\/div>\n\t\t\t\t\t<\/div>\n\t\t<\/section>\n\t\t\t\t<\/div>\n\t\t","protected":false},"excerpt":{"rendered":"<p>ShadeDweller MiniT5 ShadeDweller\u2122 MiniT5 marki Arcadia Reptile to idealny wyb\u00f3r dla tych, kt\u00f3rzy korzystaj\u0105 z p\u0142ytkich terrari\u00f3w i chc\u0105 zapewni\u0107 sobie niezb\u0119dne promieniowanie UV-B. Ten \u0142atwy w monta\u017cu zestaw zawiera elektronik\u0119 zapobiegaj\u0105c\u0105 migotaniu, specjalnie wykonany p\u0142aski reflektor, zestaw monta\u017cowy, kabel zasilaj\u0105cy, prze\u0142\u0105cznik, kabel po\u0142\u0105czeniowy i lamp\u0119 ShadeDweller\u2122 o mocy 8 W i filtrze UV-B 7%. [&hellip;]<\/p>\n","protected":false},"author":1,"featured_media":0,"parent":7633,"menu_order":0,"comment_status":"closed","ping_status":"closed","template":"","meta":{"site-sidebar-layout":"no-sidebar","site-content-layout":"page-builder","ast-site-content-layout":"default","site-content-style":"default","site-sidebar-style":"default","ast-global-header-display":"","ast-banner-title-visibility":"","ast-main-header-display":"","ast-hfb-above-header-display":"","ast-hfb-below-header-display":"","ast-hfb-mobile-header-display":"","site-post-title":"disabled","ast-breadcrumbs-content":"","ast-featured-img":"disabled","footer-sml-layout":"","ast-disable-related-posts":"","theme-transparent-header-meta":"","adv-header-id-meta":"","stick-header-meta":"","header-above-stick-meta":"","header-main-stick-meta":"","header-below-stick-meta":"","astra-migrate-meta-layouts":"default","ast-page-background-enabled":"default","ast-page-background-meta":{"desktop":{"background-color":"var(--ast-global-color-4)","background-image":"","background-repeat":"repeat","background-position":"center center","background-size":"auto","background-attachment":"scroll","background-type":"","background-media":"","overlay-type":"","overlay-color":"","overlay-opacity":"","overlay-gradient":""},"tablet":{"background-color":"","background-image":"","background-repeat":"repeat","background-position":"center center","background-size":"auto","background-attachment":"scroll","background-type":"","background-media":"","overlay-type":"","overlay-color":"","overlay-opacity":"","overlay-gradient":""},"mobile":{"background-color":"","background-image":"","background-repeat":"repeat","background-position":"center center","background-size":"auto","background-attachment":"scroll","background-type":"","background-media":"","overlay-type":"","overlay-color":"","overlay-opacity":"","overlay-gradient":""}},"ast-content-background-meta":{"desktop":{"background-color":"var(--ast-global-color-5)","background-image":"","background-repeat":"repeat","background-position":"center center","background-size":"auto","background-attachment":"scroll","background-type":"","background-media":"","overlay-type":"","overlay-color":"","overlay-opacity":"","overlay-gradient":""},"tablet":{"background-color":"var(--ast-global-color-5)","background-image":"","background-repeat":"repeat","background-position":"center center","background-size":"auto","background-attachment":"scroll","background-type":"","background-media":"","overlay-type":"","overlay-color":"","overlay-opacity":"","overlay-gradient":""},"mobile":{"background-color":"var(--ast-global-color-5)","background-image":"","background-repeat":"repeat","background-position":"center center","background-size":"auto","background-attachment":"scroll","background-type":"","background-media":"","overlay-type":"","overlay-color":"","overlay-opacity":"","overlay-gradient":""}},"footnotes":""},"class_list":["post-7924","page","type-page","status-publish","hentry"],"yoast_head":"<!-- This site is optimized with the Yoast SEO plugin v27.3 - https:\/\/yoast.com\/product\/yoast-seo-wordpress\/ -->\n<title>MiniT5 - Arcadia Reptile<\/title>\n<meta name=\"robots\" content=\"index, follow, max-snippet:-1, max-image-preview:large, max-video-preview:-1\" \/>\n<link rel=\"canonical\" href=\"https:\/\/arcadiareptile.com\/pl\/mieszkaniec-cienia\/minit5\/\" \/>\n<meta property=\"og:locale\" content=\"pl_PL\" \/>\n<meta property=\"og:type\" content=\"article\" \/>\n<meta property=\"og:title\" content=\"MiniT5 - Arcadia Reptile\" \/>\n<meta property=\"og:description\" content=\"ShadeDweller MiniT5 ShadeDweller\u2122 MiniT5 marki Arcadia Reptile to idealny wyb\u00f3r dla tych, kt\u00f3rzy korzystaj\u0105 z p\u0142ytkich terrari\u00f3w i chc\u0105 zapewni\u0107 sobie niezb\u0119dne promieniowanie UV-B. Ten \u0142atwy w monta\u017cu zestaw zawiera elektronik\u0119 zapobiegaj\u0105c\u0105 migotaniu, specjalnie wykonany p\u0142aski reflektor, zestaw monta\u017cowy, kabel zasilaj\u0105cy, prze\u0142\u0105cznik, kabel po\u0142\u0105czeniowy i lamp\u0119 ShadeDweller\u2122 o mocy 8 W i filtrze UV-B 7%. [&hellip;]\" \/>\n<meta property=\"og:url\" content=\"https:\/\/arcadiareptile.com\/pl\/mieszkaniec-cienia\/minit5\/\" \/>\n<meta property=\"og:site_name\" content=\"Arcadia Reptile\" \/>\n<meta property=\"article:modified_time\" content=\"2025-09-10T12:04:32+00:00\" \/>\n<meta name=\"twitter:card\" content=\"summary_large_image\" \/>\n<meta name=\"twitter:label1\" content=\"Szacowany czas czytania\" \/>\n\t<meta name=\"twitter:data1\" content=\"1 minuta\" \/>\n<script type=\"application\/ld+json\" class=\"yoast-schema-graph\">{\"@context\":\"https:\\\/\\\/schema.org\",\"@graph\":[{\"@type\":\"WebPage\",\"@id\":\"https:\\\/\\\/arcadiareptile.com\\\/pl\\\/mieszkaniec-cienia\\\/minit5\\\/\",\"url\":\"https:\\\/\\\/arcadiareptile.com\\\/pl\\\/mieszkaniec-cienia\\\/minit5\\\/\",\"name\":\"MiniT5 - Arcadia Reptile\",\"isPartOf\":{\"@id\":\"https:\\\/\\\/arcadiareptile.com\\\/pl\\\/#website\"},\"datePublished\":\"2023-07-04T22:15:35+00:00\",\"dateModified\":\"2025-09-10T12:04:32+00:00\",\"breadcrumb\":{\"@id\":\"https:\\\/\\\/arcadiareptile.com\\\/pl\\\/mieszkaniec-cienia\\\/minit5\\\/#breadcrumb\"},\"inLanguage\":\"pl-PL\",\"potentialAction\":[{\"@type\":\"ReadAction\",\"target\":[\"https:\\\/\\\/arcadiareptile.com\\\/pl\\\/mieszkaniec-cienia\\\/minit5\\\/\"]}]},{\"@type\":\"BreadcrumbList\",\"@id\":\"https:\\\/\\\/arcadiareptile.com\\\/pl\\\/mieszkaniec-cienia\\\/minit5\\\/#breadcrumb\",\"itemListElement\":[{\"@type\":\"ListItem\",\"position\":1,\"name\":\"Dom\",\"item\":\"https:\\\/\\\/arcadiareptile.com\\\/pl\\\/dom\\\/\"},{\"@type\":\"ListItem\",\"position\":2,\"name\":\"Mieszkaniec Cienia\",\"item\":\"https:\\\/\\\/arcadiareptile.com\\\/pl\\\/mieszkaniec-cienia\\\/\"},{\"@type\":\"ListItem\",\"position\":3,\"name\":\"MiniT5\"}]},{\"@type\":\"WebSite\",\"@id\":\"https:\\\/\\\/arcadiareptile.com\\\/pl\\\/#website\",\"url\":\"https:\\\/\\\/arcadiareptile.com\\\/pl\\\/\",\"name\":\"Arcadia Reptile\",\"description\":\"Arcadia Reptile\",\"potentialAction\":[{\"@type\":\"SearchAction\",\"target\":{\"@type\":\"EntryPoint\",\"urlTemplate\":\"https:\\\/\\\/arcadiareptile.com\\\/pl\\\/?s={search_term_string}\"},\"query-input\":{\"@type\":\"PropertyValueSpecification\",\"valueRequired\":true,\"valueName\":\"search_term_string\"}}],\"inLanguage\":\"pl-PL\"}]}<\/script>\n<!-- \/ Yoast SEO plugin. -->","yoast_head_json":{"title":"MiniT5 - Arcadia Reptile","robots":{"index":"index","follow":"follow","max-snippet":"max-snippet:-1","max-image-preview":"max-image-preview:large","max-video-preview":"max-video-preview:-1"},"canonical":"https:\/\/arcadiareptile.com\/pl\/mieszkaniec-cienia\/minit5\/","og_locale":"pl_PL","og_type":"article","og_title":"MiniT5 - Arcadia Reptile","og_description":"ShadeDweller MiniT5 ShadeDweller\u2122 MiniT5 marki Arcadia Reptile to idealny wyb\u00f3r dla tych, kt\u00f3rzy korzystaj\u0105 z p\u0142ytkich terrari\u00f3w i chc\u0105 zapewni\u0107 sobie niezb\u0119dne promieniowanie UV-B. Ten \u0142atwy w monta\u017cu zestaw zawiera elektronik\u0119 zapobiegaj\u0105c\u0105 migotaniu, specjalnie wykonany p\u0142aski reflektor, zestaw monta\u017cowy, kabel zasilaj\u0105cy, prze\u0142\u0105cznik, kabel po\u0142\u0105czeniowy i lamp\u0119 ShadeDweller\u2122 o mocy 8 W i filtrze UV-B 7%. [&hellip;]","og_url":"https:\/\/arcadiareptile.com\/pl\/mieszkaniec-cienia\/minit5\/","og_site_name":"Arcadia Reptile","article_modified_time":"2025-09-10T12:04:32+00:00","twitter_card":"summary_large_image","twitter_misc":{"Szacowany czas czytania":"1 minuta"},"schema":{"@context":"https:\/\/schema.org","@graph":[{"@type":"WebPage","@id":"https:\/\/arcadiareptile.com\/pl\/mieszkaniec-cienia\/minit5\/","url":"https:\/\/arcadiareptile.com\/pl\/mieszkaniec-cienia\/minit5\/","name":"MiniT5 - Arcadia Reptile","isPartOf":{"@id":"https:\/\/arcadiareptile.com\/pl\/#website"},"datePublished":"2023-07-04T22:15:35+00:00","dateModified":"2025-09-10T12:04:32+00:00","breadcrumb":{"@id":"https:\/\/arcadiareptile.com\/pl\/mieszkaniec-cienia\/minit5\/#breadcrumb"},"inLanguage":"pl-PL","potentialAction":[{"@type":"ReadAction","target":["https:\/\/arcadiareptile.com\/pl\/mieszkaniec-cienia\/minit5\/"]}]},{"@type":"BreadcrumbList","@id":"https:\/\/arcadiareptile.com\/pl\/mieszkaniec-cienia\/minit5\/#breadcrumb","itemListElement":[{"@type":"ListItem","position":1,"name":"Dom","item":"https:\/\/arcadiareptile.com\/pl\/dom\/"},{"@type":"ListItem","position":2,"name":"Mieszkaniec Cienia","item":"https:\/\/arcadiareptile.com\/pl\/mieszkaniec-cienia\/"},{"@type":"ListItem","position":3,"name":"MiniT5"}]},{"@type":"WebSite","@id":"https:\/\/arcadiareptile.com\/pl\/#website","url":"https:\/\/arcadiareptile.com\/pl\/","name":"Arcadia Reptile","description":"Arcadia Reptile","potentialAction":[{"@type":"SearchAction","target":{"@type":"EntryPoint","urlTemplate":"https:\/\/arcadiareptile.com\/pl\/?s={search_term_string}"},"query-input":{"@type":"PropertyValueSpecification","valueRequired":true,"valueName":"search_term_string"}}],"inLanguage":"pl-PL"}]}},"_links":{"self":[{"href":"https:\/\/arcadiareptile.com\/pl\/wp-json\/wp\/v2\/pages\/7924","targetHints":{"allow":["GET"]}}],"collection":[{"href":"https:\/\/arcadiareptile.com\/pl\/wp-json\/wp\/v2\/pages"}],"about":[{"href":"https:\/\/arcadiareptile.com\/pl\/wp-json\/wp\/v2\/types\/page"}],"author":[{"embeddable":true,"href":"https:\/\/arcadiareptile.com\/pl\/wp-json\/wp\/v2\/users\/1"}],"replies":[{"embeddable":true,"href":"https:\/\/arcadiareptile.com\/pl\/wp-json\/wp\/v2\/comments?post=7924"}],"version-history":[{"count":1,"href":"https:\/\/arcadiareptile.com\/pl\/wp-json\/wp\/v2\/pages\/7924\/revisions"}],"predecessor-version":[{"id":7928,"href":"https:\/\/arcadiareptile.com\/pl\/wp-json\/wp\/v2\/pages\/7924\/revisions\/7928"}],"up":[{"embeddable":true,"href":"https:\/\/arcadiareptile.com\/pl\/wp-json\/wp\/v2\/pages\/7633"}],"wp:attachment":[{"href":"https:\/\/arcadiareptile.com\/pl\/wp-json\/wp\/v2\/media?parent=7924"}],"curies":[{"name":"wp","href":"https:\/\/api.w.org\/{rel}","templated":true}]}}