{"id":7930,"date":"2023-07-27T16:05:45","date_gmt":"2023-07-27T16:05:45","guid":{"rendered":"https:\/\/arcadiareptile.com\/mieszkaniec-cienia\/oswietlenie\/"},"modified":"2025-09-10T12:04:34","modified_gmt":"2025-09-10T12:04:34","slug":"oswietlenie","status":"publish","type":"page","link":"https:\/\/arcadiareptile.com\/pl\/mieszkaniec-cienia\/oswietlenie\/","title":{"rendered":"O\u015bwietlenie"},"content":{"rendered":"\t\t<div data-elementor-type=\"wp-page\" data-elementor-id=\"7930\" class=\"elementor elementor-7930 elementor-2805\" data-elementor-post-type=\"page\">\n\t\t\t\t<div class=\"elementor-element elementor-element-1de8279 e-con-full e-flex e-con e-parent\" data-id=\"1de8279\" data-element_type=\"container\" data-e-type=\"container\" data-settings=\"{&quot;background_background&quot;:&quot;classic&quot;}\">\n\t\t<div class=\"elementor-element elementor-element-156d6f5 e-flex e-con-boxed e-con e-child\" data-id=\"156d6f5\" data-element_type=\"container\" data-e-type=\"container\">\n\t\t\t\t\t<div class=\"e-con-inner\">\n\t\t\t\t<div class=\"elementor-element elementor-element-e92990e elementor-widget elementor-widget-heading\" data-id=\"e92990e\" data-element_type=\"widget\" data-e-type=\"widget\" data-widget_type=\"heading.default\">\n\t\t\t\t<div class=\"elementor-widget-container\">\n\t\t\t\t\t<h1 class=\"elementor-heading-title elementor-size-default\">O\u015bwietlenie ShadeDweller<\/h1>\t\t\t\t<\/div>\n\t\t\t\t<\/div>\n\t\t\t\t<div class=\"elementor-element elementor-element-108a029 elementor-align-center elementor-widget elementor-widget-breadcrumbs\" data-id=\"108a029\" data-element_type=\"widget\" data-e-type=\"widget\" data-widget_type=\"breadcrumbs.default\">\n\t\t\t\t<div class=\"elementor-widget-container\">\n\t\t\t\t\t<p id=\"breadcrumbs\"><span><span><a href=\"https:\/\/arcadiareptile.com\/pl\/dom\/\">Dom<\/a><\/span><\/span><\/p>\t\t\t\t<\/div>\n\t\t\t\t<\/div>\n\t\t\t\t\t<\/div>\n\t\t\t\t<\/div>\n\t\t\t\t<\/div>\n\t\t<div class=\"elementor-element elementor-element-4bb4d9a e-flex e-con-boxed e-con e-parent\" data-id=\"4bb4d9a\" data-element_type=\"container\" data-e-type=\"container\" data-settings=\"{&quot;background_background&quot;:&quot;classic&quot;}\">\n\t\t\t\t\t<div class=\"e-con-inner\">\n\t\t<div class=\"elementor-element elementor-element-18c49da e-flex e-con-boxed e-con e-child\" data-id=\"18c49da\" data-element_type=\"container\" data-e-type=\"container\">\n\t\t\t\t\t<div class=\"e-con-inner\">\n\t\t\t\t<div class=\"elementor-element elementor-element-9a44fa8 elementor-widget elementor-widget-image\" data-id=\"9a44fa8\" data-element_type=\"widget\" data-e-type=\"widget\" data-widget_type=\"image.default\">\n\t\t\t\t<div class=\"elementor-widget-container\">\n\t\t\t\t\t\t\t\t\t\t\t\t\t\t\t<img fetchpriority=\"high\" decoding=\"async\" width=\"2000\" height=\"1084\" src=\"https:\/\/arcadiareptile.com\/wp-content\/uploads\/light-scatter-diagram.png\" class=\"attachment-large size-large wp-image-2478\" alt=\"Rock scatter and leaf scatter for ShadeDwelling Reptile Species\" srcset=\"https:\/\/arcadiareptile.com\/wp-content\/uploads\/light-scatter-diagram.png 2000w, https:\/\/arcadiareptile.com\/wp-content\/uploads\/light-scatter-diagram-768x416.png 768w, https:\/\/arcadiareptile.com\/wp-content\/uploads\/light-scatter-diagram-1536x833.png 1536w\" sizes=\"(max-width: 2000px) 100vw, 2000px\" \/>\t\t\t\t\t\t\t\t\t\t\t\t\t\t\t<\/div>\n\t\t\t\t<\/div>\n\t\t\t\t\t<\/div>\n\t\t\t\t<\/div>\n\t\t<div class=\"elementor-element elementor-element-eb115d4 e-flex e-con-boxed e-con e-child\" data-id=\"eb115d4\" data-element_type=\"container\" data-e-type=\"container\">\n\t\t\t\t\t<div class=\"e-con-inner\">\n\t\t\t\t<div class=\"elementor-element elementor-element-bbec062 elementor-widget elementor-widget-heading\" data-id=\"bbec062\" data-element_type=\"widget\" data-e-type=\"widget\" data-widget_type=\"heading.default\">\n\t\t\t\t<div class=\"elementor-widget-container\">\n\t\t\t\t\t<h2 class=\"elementor-heading-title elementor-size-default\">Zmienia si\u0119 nauka etycznej i efektywnej hodowli gad\u00f3w<\/h2>\t\t\t\t<\/div>\n\t\t\t\t<\/div>\n\t\t\t\t<div class=\"elementor-element elementor-element-adcd44d elementor-widget elementor-widget-text-editor\" data-id=\"adcd44d\" data-element_type=\"widget\" data-e-type=\"widget\" data-widget_type=\"text-editor.default\">\n\t\t\t\t<div class=\"elementor-widget-container\">\n\t\t\t\t\t\t\t\t\tW ramach tych zmian d\u0105\u017cymy do poznania naturalnych siedlisk i zwyczaj\u00f3w r\u00f3\u017cnych gatunk\u00f3w, kt\u00f3re hodujemy, aby zapewni\u0107 im wszystkie niezb\u0119dne, rozwini\u0119te potrzeby. Tylko w ten spos\u00f3b mo\u017cemy mie\u0107 pewno\u015b\u0107, \u017ce zapewniamy gatunkowi wszystko, czego potrzebuje do prawdziwego rozwoju. To w\u0142a\u015bnie jest Wild Re-Creation.    \t\t\t\t\t\t\t\t<\/div>\n\t\t\t\t<\/div>\n\t\t\t\t<div class=\"elementor-element elementor-element-40dca25 elementor-widget elementor-widget-text-editor\" data-id=\"40dca25\" data-element_type=\"widget\" data-e-type=\"widget\" data-widget_type=\"text-editor.default\">\n\t\t\t\t<div class=\"elementor-widget-container\">\n\t\t\t\t\t\t\t\t\t<p>Historycznie wiele gatunk\u00f3w gad\u00f3w b\u0142\u0119dnie klasyfikowano jako zwierz\u0119ta \u201enocne\u201d i w zwi\u0105zku z tym nie zapewniono im niezb\u0119dnego dost\u0119pu do o\u015bwietlenia o pe\u0142nym spektrum + UV-B.<\/p><p>Gatunki takie jak gekon lamparcie i gekon czubaty s\u0105 obecnie powszechnie uwa\u017cane za \u201ezmierzchowe\u201d, aktywne od wczesnego do p\u00f3\u017anego poranka, a nast\u0119pnie ponownie po po\u0142udniu i wieczorem. To sprawia, \u017ce s\u0105 to wysoko rozwini\u0119te \u201ecz\u0119\u015bciowo zacienione gatunki\u201d. <\/p><p>Ze wzgl\u0119du na du\u017c\u0105 ilo\u015b\u0107 energii UV wyst\u0119puj\u0105cej w naturalnych siedliskach, u\u017cyteczne wska\u017aniki UV s\u0105 dost\u0119pne nawet przy niskim poziomie \u015bwiat\u0142a oraz gdy \u015bwiat\u0142o dzienne przenika przez sieci skalne, lokalny teren i lasy.<\/p><p>Zwierz\u0119ta przez d\u0142ugi czas rozwija\u0142y si\u0119, aby m\u00f3c wykorzystywa\u0107 t\u0119 energi\u0119 w najbezpieczniejszy i najefektywniejszy mo\u017cliwy spos\u00f3b. Mo\u017ce to obejmowa\u0107 nisk\u0105, ca\u0142kowit\u0105 ekspozycj\u0119 lub ekspozycj\u0119 tylko cz\u0119\u015bci cia\u0142a, przy jednoczesnym zachowaniu bezpiecze\u0144stwa w \u015brodowisku. S\u0105 to zaawansowane post\u0119py, kt\u00f3re inicjuj\u0105 i reguluj\u0105 niezb\u0119dne procesy biologiczne.  <\/p><p>Je\u015bli gatunek ma dost\u0119p do pewnego poziomu \u201eenergii\u201d w swoim naturalnym zasi\u0119gu, wykszta\u0142ci\u0142 on \u201ewykorzystanie\u201d i \u201epoziom ochrony przed\u201d t\u0105 energi\u0105 w ramach swojego naturalnego rozwoju. W zwi\u0105zku z tym mo\u017cemy zaobserwowa\u0107 wyra\u017ane i niepodwa\u017calne wykorzystanie pe\u0142nego spektrum naturalnego \u015bwiat\u0142a dziennego na Ziemi oraz interakcj\u0119 z nim. Nie mo\u017cna by\u0107 wystawionym na dzia\u0142anie \u015bwiat\u0142a naturalnego bez nara\u017cenia na wszystkie d\u0142ugo\u015bci fal ziemskich, od UVB do podczerwieni B, pochodz\u0105cej z bezpo\u015bredniego \u017ar\u00f3d\u0142a \u015bwiat\u0142a s\u0142onecznego.  <\/p><p>Zapewnienie odpowiedniego poziomu i rodzaju ekspozycji na \u015bwiat\u0142o o pe\u0142nym spektrum + UV nie tylko umo\u017cliwi wewn\u0119trzn\u0105 produkcj\u0119 i wykorzystanie witaminy D3, kt\u00f3ra jest niezb\u0119dna do prawid\u0142owego wch\u0142aniania wapnia, ale tak\u017ce oddzia\u0142uje na szersze funkcjonowanie organ\u00f3w, zdrowie sk\u00f3ry i \u201eaktywuje\u201d widzenie kolor\u00f3w u wielu gatunk\u00f3w.<\/p>\t\t\t\t\t\t\t\t<\/div>\n\t\t\t\t<\/div>\n\t\t\t\t\t<\/div>\n\t\t\t\t<\/div>\n\t\t\t\t\t<\/div>\n\t\t\t\t<\/div>\n\t\t<div class=\"elementor-element elementor-element-2685b4d e-flex e-con-boxed e-con e-parent\" data-id=\"2685b4d\" data-element_type=\"container\" data-e-type=\"container\">\n\t\t\t\t\t<div class=\"e-con-inner\">\n\t\t\t\t\t<\/div>\n\t\t\t\t<\/div>\n\t\t\t\t<\/div>\n\t\t","protected":false},"excerpt":{"rendered":"<p>O\u015bwietlenie ShadeDweller Zmienia si\u0119 nauka etycznej i efektywnej hodowli gad\u00f3w W ramach tych zmian d\u0105\u017cymy do poznania naturalnych siedlisk i zwyczaj\u00f3w r\u00f3\u017cnych gatunk\u00f3w, kt\u00f3re hodujemy, aby zapewni\u0107 im wszystkie niezb\u0119dne, rozwini\u0119te potrzeby. Tylko w ten spos\u00f3b mo\u017cemy mie\u0107 pewno\u015b\u0107, \u017ce zapewniamy gatunkowi wszystko, czego potrzebuje do prawdziwego rozwoju. To w\u0142a\u015bnie jest Wild Re-Creation. Historycznie wiele [&hellip;]<\/p>\n","protected":false},"author":1,"featured_media":0,"parent":7633,"menu_order":0,"comment_status":"closed","ping_status":"closed","template":"","meta":{"site-sidebar-layout":"no-sidebar","site-content-layout":"page-builder","ast-site-content-layout":"default","site-content-style":"default","site-sidebar-style":"default","ast-global-header-display":"","ast-banner-title-visibility":"","ast-main-header-display":"","ast-hfb-above-header-display":"","ast-hfb-below-header-display":"","ast-hfb-mobile-header-display":"","site-post-title":"disabled","ast-breadcrumbs-content":"","ast-featured-img":"disabled","footer-sml-layout":"","ast-disable-related-posts":"","theme-transparent-header-meta":"","adv-header-id-meta":"","stick-header-meta":"","header-above-stick-meta":"","header-main-stick-meta":"","header-below-stick-meta":"","astra-migrate-meta-layouts":"default","ast-page-background-enabled":"default","ast-page-background-meta":{"desktop":{"background-color":"var(--ast-global-color-4)","background-image":"","background-repeat":"repeat","background-position":"center center","background-size":"auto","background-attachment":"scroll","background-type":"","background-media":"","overlay-type":"","overlay-color":"","overlay-opacity":"","overlay-gradient":""},"tablet":{"background-color":"","background-image":"","background-repeat":"repeat","background-position":"center center","background-size":"auto","background-attachment":"scroll","background-type":"","background-media":"","overlay-type":"","overlay-color":"","overlay-opacity":"","overlay-gradient":""},"mobile":{"background-color":"","background-image":"","background-repeat":"repeat","background-position":"center center","background-size":"auto","background-attachment":"scroll","background-type":"","background-media":"","overlay-type":"","overlay-color":"","overlay-opacity":"","overlay-gradient":""}},"ast-content-background-meta":{"desktop":{"background-color":"var(--ast-global-color-5)","background-image":"","background-repeat":"repeat","background-position":"center center","background-size":"auto","background-attachment":"scroll","background-type":"","background-media":"","overlay-type":"","overlay-color":"","overlay-opacity":"","overlay-gradient":""},"tablet":{"background-color":"var(--ast-global-color-5)","background-image":"","background-repeat":"repeat","background-position":"center center","background-size":"auto","background-attachment":"scroll","background-type":"","background-media":"","overlay-type":"","overlay-color":"","overlay-opacity":"","overlay-gradient":""},"mobile":{"background-color":"var(--ast-global-color-5)","background-image":"","background-repeat":"repeat","background-position":"center center","background-size":"auto","background-attachment":"scroll","background-type":"","background-media":"","overlay-type":"","overlay-color":"","overlay-opacity":"","overlay-gradient":""}},"footnotes":""},"class_list":["post-7930","page","type-page","status-publish","hentry"],"yoast_head":"<!-- This site is optimized with the Yoast SEO plugin v27.3 - https:\/\/yoast.com\/product\/yoast-seo-wordpress\/ -->\n<title>O\u015bwietlenie - Arcadia Reptile<\/title>\n<meta name=\"robots\" content=\"index, follow, max-snippet:-1, max-image-preview:large, max-video-preview:-1\" \/>\n<link rel=\"canonical\" href=\"https:\/\/arcadiareptile.com\/pl\/mieszkaniec-cienia\/oswietlenie\/\" \/>\n<meta property=\"og:locale\" content=\"pl_PL\" \/>\n<meta property=\"og:type\" content=\"article\" \/>\n<meta property=\"og:title\" content=\"O\u015bwietlenie - Arcadia Reptile\" \/>\n<meta property=\"og:description\" content=\"O\u015bwietlenie ShadeDweller Zmienia si\u0119 nauka etycznej i efektywnej hodowli gad\u00f3w W ramach tych zmian d\u0105\u017cymy do poznania naturalnych siedlisk i zwyczaj\u00f3w r\u00f3\u017cnych gatunk\u00f3w, kt\u00f3re hodujemy, aby zapewni\u0107 im wszystkie niezb\u0119dne, rozwini\u0119te potrzeby. Tylko w ten spos\u00f3b mo\u017cemy mie\u0107 pewno\u015b\u0107, \u017ce zapewniamy gatunkowi wszystko, czego potrzebuje do prawdziwego rozwoju. To w\u0142a\u015bnie jest Wild Re-Creation. Historycznie wiele [&hellip;]\" \/>\n<meta property=\"og:url\" content=\"https:\/\/arcadiareptile.com\/pl\/mieszkaniec-cienia\/oswietlenie\/\" \/>\n<meta property=\"og:site_name\" content=\"Arcadia Reptile\" \/>\n<meta property=\"article:modified_time\" content=\"2025-09-10T12:04:34+00:00\" \/>\n<meta property=\"og:image\" content=\"https:\/\/arcadiareptile.com\/wp-content\/uploads\/light-scatter-diagram.png\" \/>\n\t<meta property=\"og:image:width\" content=\"2000\" \/>\n\t<meta property=\"og:image:height\" content=\"1084\" \/>\n\t<meta property=\"og:image:type\" content=\"image\/png\" \/>\n<meta name=\"twitter:card\" content=\"summary_large_image\" \/>\n<meta name=\"twitter:label1\" content=\"Szacowany czas czytania\" \/>\n\t<meta name=\"twitter:data1\" content=\"2 minuty\" \/>\n<script type=\"application\/ld+json\" class=\"yoast-schema-graph\">{\"@context\":\"https:\\\/\\\/schema.org\",\"@graph\":[{\"@type\":\"WebPage\",\"@id\":\"https:\\\/\\\/arcadiareptile.com\\\/pl\\\/mieszkaniec-cienia\\\/oswietlenie\\\/\",\"url\":\"https:\\\/\\\/arcadiareptile.com\\\/pl\\\/mieszkaniec-cienia\\\/oswietlenie\\\/\",\"name\":\"O\u015bwietlenie - Arcadia Reptile\",\"isPartOf\":{\"@id\":\"https:\\\/\\\/arcadiareptile.com\\\/pl\\\/#website\"},\"primaryImageOfPage\":{\"@id\":\"https:\\\/\\\/arcadiareptile.com\\\/pl\\\/mieszkaniec-cienia\\\/oswietlenie\\\/#primaryimage\"},\"image\":{\"@id\":\"https:\\\/\\\/arcadiareptile.com\\\/pl\\\/mieszkaniec-cienia\\\/oswietlenie\\\/#primaryimage\"},\"thumbnailUrl\":\"https:\\\/\\\/arcadiareptile.com\\\/wp-content\\\/uploads\\\/light-scatter-diagram.png\",\"datePublished\":\"2023-07-27T16:05:45+00:00\",\"dateModified\":\"2025-09-10T12:04:34+00:00\",\"breadcrumb\":{\"@id\":\"https:\\\/\\\/arcadiareptile.com\\\/pl\\\/mieszkaniec-cienia\\\/oswietlenie\\\/#breadcrumb\"},\"inLanguage\":\"pl-PL\",\"potentialAction\":[{\"@type\":\"ReadAction\",\"target\":[\"https:\\\/\\\/arcadiareptile.com\\\/pl\\\/mieszkaniec-cienia\\\/oswietlenie\\\/\"]}]},{\"@type\":\"ImageObject\",\"inLanguage\":\"pl-PL\",\"@id\":\"https:\\\/\\\/arcadiareptile.com\\\/pl\\\/mieszkaniec-cienia\\\/oswietlenie\\\/#primaryimage\",\"url\":\"https:\\\/\\\/arcadiareptile.com\\\/wp-content\\\/uploads\\\/light-scatter-diagram.png\",\"contentUrl\":\"https:\\\/\\\/arcadiareptile.com\\\/wp-content\\\/uploads\\\/light-scatter-diagram.png\"},{\"@type\":\"BreadcrumbList\",\"@id\":\"https:\\\/\\\/arcadiareptile.com\\\/pl\\\/mieszkaniec-cienia\\\/oswietlenie\\\/#breadcrumb\",\"itemListElement\":[{\"@type\":\"ListItem\",\"position\":1,\"name\":\"Dom\",\"item\":\"https:\\\/\\\/arcadiareptile.com\\\/pl\\\/dom\\\/\"},{\"@type\":\"ListItem\",\"position\":2,\"name\":\"Mieszkaniec Cienia\",\"item\":\"https:\\\/\\\/arcadiareptile.com\\\/pl\\\/mieszkaniec-cienia\\\/\"},{\"@type\":\"ListItem\",\"position\":3,\"name\":\"O\u015bwietlenie\"}]},{\"@type\":\"WebSite\",\"@id\":\"https:\\\/\\\/arcadiareptile.com\\\/pl\\\/#website\",\"url\":\"https:\\\/\\\/arcadiareptile.com\\\/pl\\\/\",\"name\":\"Arcadia Reptile\",\"description\":\"Arcadia Reptile\",\"potentialAction\":[{\"@type\":\"SearchAction\",\"target\":{\"@type\":\"EntryPoint\",\"urlTemplate\":\"https:\\\/\\\/arcadiareptile.com\\\/pl\\\/?s={search_term_string}\"},\"query-input\":{\"@type\":\"PropertyValueSpecification\",\"valueRequired\":true,\"valueName\":\"search_term_string\"}}],\"inLanguage\":\"pl-PL\"}]}<\/script>\n<!-- \/ Yoast SEO plugin. -->","yoast_head_json":{"title":"O\u015bwietlenie - Arcadia Reptile","robots":{"index":"index","follow":"follow","max-snippet":"max-snippet:-1","max-image-preview":"max-image-preview:large","max-video-preview":"max-video-preview:-1"},"canonical":"https:\/\/arcadiareptile.com\/pl\/mieszkaniec-cienia\/oswietlenie\/","og_locale":"pl_PL","og_type":"article","og_title":"O\u015bwietlenie - Arcadia Reptile","og_description":"O\u015bwietlenie ShadeDweller Zmienia si\u0119 nauka etycznej i efektywnej hodowli gad\u00f3w W ramach tych zmian d\u0105\u017cymy do poznania naturalnych siedlisk i zwyczaj\u00f3w r\u00f3\u017cnych gatunk\u00f3w, kt\u00f3re hodujemy, aby zapewni\u0107 im wszystkie niezb\u0119dne, rozwini\u0119te potrzeby. Tylko w ten spos\u00f3b mo\u017cemy mie\u0107 pewno\u015b\u0107, \u017ce zapewniamy gatunkowi wszystko, czego potrzebuje do prawdziwego rozwoju. To w\u0142a\u015bnie jest Wild Re-Creation. Historycznie wiele [&hellip;]","og_url":"https:\/\/arcadiareptile.com\/pl\/mieszkaniec-cienia\/oswietlenie\/","og_site_name":"Arcadia Reptile","article_modified_time":"2025-09-10T12:04:34+00:00","og_image":[{"width":2000,"height":1084,"url":"https:\/\/arcadiareptile.com\/wp-content\/uploads\/light-scatter-diagram.png","type":"image\/png"}],"twitter_card":"summary_large_image","twitter_misc":{"Szacowany czas czytania":"2 minuty"},"schema":{"@context":"https:\/\/schema.org","@graph":[{"@type":"WebPage","@id":"https:\/\/arcadiareptile.com\/pl\/mieszkaniec-cienia\/oswietlenie\/","url":"https:\/\/arcadiareptile.com\/pl\/mieszkaniec-cienia\/oswietlenie\/","name":"O\u015bwietlenie - Arcadia Reptile","isPartOf":{"@id":"https:\/\/arcadiareptile.com\/pl\/#website"},"primaryImageOfPage":{"@id":"https:\/\/arcadiareptile.com\/pl\/mieszkaniec-cienia\/oswietlenie\/#primaryimage"},"image":{"@id":"https:\/\/arcadiareptile.com\/pl\/mieszkaniec-cienia\/oswietlenie\/#primaryimage"},"thumbnailUrl":"https:\/\/arcadiareptile.com\/wp-content\/uploads\/light-scatter-diagram.png","datePublished":"2023-07-27T16:05:45+00:00","dateModified":"2025-09-10T12:04:34+00:00","breadcrumb":{"@id":"https:\/\/arcadiareptile.com\/pl\/mieszkaniec-cienia\/oswietlenie\/#breadcrumb"},"inLanguage":"pl-PL","potentialAction":[{"@type":"ReadAction","target":["https:\/\/arcadiareptile.com\/pl\/mieszkaniec-cienia\/oswietlenie\/"]}]},{"@type":"ImageObject","inLanguage":"pl-PL","@id":"https:\/\/arcadiareptile.com\/pl\/mieszkaniec-cienia\/oswietlenie\/#primaryimage","url":"https:\/\/arcadiareptile.com\/wp-content\/uploads\/light-scatter-diagram.png","contentUrl":"https:\/\/arcadiareptile.com\/wp-content\/uploads\/light-scatter-diagram.png"},{"@type":"BreadcrumbList","@id":"https:\/\/arcadiareptile.com\/pl\/mieszkaniec-cienia\/oswietlenie\/#breadcrumb","itemListElement":[{"@type":"ListItem","position":1,"name":"Dom","item":"https:\/\/arcadiareptile.com\/pl\/dom\/"},{"@type":"ListItem","position":2,"name":"Mieszkaniec Cienia","item":"https:\/\/arcadiareptile.com\/pl\/mieszkaniec-cienia\/"},{"@type":"ListItem","position":3,"name":"O\u015bwietlenie"}]},{"@type":"WebSite","@id":"https:\/\/arcadiareptile.com\/pl\/#website","url":"https:\/\/arcadiareptile.com\/pl\/","name":"Arcadia Reptile","description":"Arcadia Reptile","potentialAction":[{"@type":"SearchAction","target":{"@type":"EntryPoint","urlTemplate":"https:\/\/arcadiareptile.com\/pl\/?s={search_term_string}"},"query-input":{"@type":"PropertyValueSpecification","valueRequired":true,"valueName":"search_term_string"}}],"inLanguage":"pl-PL"}]}},"_links":{"self":[{"href":"https:\/\/arcadiareptile.com\/pl\/wp-json\/wp\/v2\/pages\/7930","targetHints":{"allow":["GET"]}}],"collection":[{"href":"https:\/\/arcadiareptile.com\/pl\/wp-json\/wp\/v2\/pages"}],"about":[{"href":"https:\/\/arcadiareptile.com\/pl\/wp-json\/wp\/v2\/types\/page"}],"author":[{"embeddable":true,"href":"https:\/\/arcadiareptile.com\/pl\/wp-json\/wp\/v2\/users\/1"}],"replies":[{"embeddable":true,"href":"https:\/\/arcadiareptile.com\/pl\/wp-json\/wp\/v2\/comments?post=7930"}],"version-history":[{"count":1,"href":"https:\/\/arcadiareptile.com\/pl\/wp-json\/wp\/v2\/pages\/7930\/revisions"}],"predecessor-version":[{"id":7931,"href":"https:\/\/arcadiareptile.com\/pl\/wp-json\/wp\/v2\/pages\/7930\/revisions\/7931"}],"up":[{"embeddable":true,"href":"https:\/\/arcadiareptile.com\/pl\/wp-json\/wp\/v2\/pages\/7633"}],"wp:attachment":[{"href":"https:\/\/arcadiareptile.com\/pl\/wp-json\/wp\/v2\/media?parent=7930"}],"curies":[{"name":"wp","href":"https:\/\/api.w.org\/{rel}","templated":true}]}}