{"id":7947,"date":"2023-08-14T11:06:36","date_gmt":"2023-08-14T11:06:36","guid":{"rendered":"https:\/\/arcadiareptile.com\/dokument\/osprzet-lampowy\/"},"modified":"2025-09-10T12:04:39","modified_gmt":"2025-09-10T12:04:39","slug":"osprzet-lampowy","status":"publish","type":"page","link":"https:\/\/arcadiareptile.com\/pl\/dokument\/osprzet-lampowy\/","title":{"rendered":"Osprz\u0119t lampowy"},"content":{"rendered":"\t\t<div data-elementor-type=\"wp-page\" data-elementor-id=\"7947\" class=\"elementor elementor-7947 elementor-3099\" data-elementor-post-type=\"page\">\n\t\t\t\t<div class=\"elementor-element elementor-element-2eba42e e-flex e-con-boxed e-con e-parent\" data-id=\"2eba42e\" data-element_type=\"container\" data-e-type=\"container\" data-settings=\"{&quot;background_background&quot;:&quot;classic&quot;}\">\n\t\t\t\t\t<div class=\"e-con-inner\">\n\t\t<div class=\"elementor-element elementor-element-6e41ce2 e-flex e-con-boxed e-con e-child\" data-id=\"6e41ce2\" data-element_type=\"container\" data-e-type=\"container\">\n\t\t\t\t\t<div class=\"e-con-inner\">\n\t\t\t\t<div class=\"elementor-element elementor-element-71cdc68 elementor-widget elementor-widget-heading\" data-id=\"71cdc68\" data-element_type=\"widget\" data-e-type=\"widget\" data-widget_type=\"heading.default\">\n\t\t\t\t<div class=\"elementor-widget-container\">\n\t\t\t\t\t<h1 class=\"elementor-heading-title elementor-size-default\">Dokumentacja<\/h1>\t\t\t\t<\/div>\n\t\t\t\t<\/div>\n\t\t\t\t\t<\/div>\n\t\t\t\t<\/div>\n\t\t\t\t\t<\/div>\n\t\t\t\t<\/div>\n\t\t<div class=\"elementor-element elementor-element-13e95c3 e-flex e-con-boxed e-con e-parent\" data-id=\"13e95c3\" data-element_type=\"container\" data-e-type=\"container\">\n\t\t\t\t\t<div class=\"e-con-inner\">\n\t\t<div class=\"elementor-element elementor-element-99f4eb5 e-flex e-con-boxed e-con e-child\" data-id=\"99f4eb5\" data-element_type=\"container\" data-e-type=\"container\">\n\t\t\t\t\t<div class=\"e-con-inner\">\n\t\t\t\t<div class=\"elementor-element elementor-element-e0f1349 elementor-widget elementor-widget-text-editor\" data-id=\"e0f1349\" data-element_type=\"widget\" data-e-type=\"widget\" data-widget_type=\"text-editor.default\">\n\t\t\t\t<div class=\"elementor-widget-container\">\n\t\t\t\t\t\t\t\t\tKategorie produkt\u00f3w\t\t\t\t\t\t\t\t<\/div>\n\t\t\t\t<\/div>\n\t\t\t\t<div class=\"elementor-element elementor-element-97d0fcc elementor-widget elementor-widget-text-editor\" data-id=\"97d0fcc\" data-element_type=\"widget\" data-e-type=\"widget\" data-widget_type=\"text-editor.default\">\n\t\t\t\t<div class=\"elementor-widget-container\">\n\t\t\t\t\t\t\t\t\tAby wy\u015bwietli\u0107 dokumentacj\u0119, kliknij poni\u017csze linki\t\t\t\t\t\t\t\t<\/div>\n\t\t\t\t<\/div>\n\t\t\t\t<div class=\"elementor-element elementor-element-23fdb6c elementor-widget elementor-widget-spacer\" data-id=\"23fdb6c\" data-element_type=\"widget\" data-e-type=\"widget\" data-widget_type=\"spacer.default\">\n\t\t\t\t<div class=\"elementor-widget-container\">\n\t\t\t\t\t\t\t<div class=\"elementor-spacer\">\n\t\t\t<div class=\"elementor-spacer-inner\"><\/div>\n\t\t<\/div>\n\t\t\t\t\t\t<\/div>\n\t\t\t\t<\/div>\n\t\t\t\t<div class=\"elementor-element elementor-element-0881e7a elementor-widget elementor-widget-breadcrumbs\" data-id=\"0881e7a\" data-element_type=\"widget\" data-e-type=\"widget\" data-widget_type=\"breadcrumbs.default\">\n\t\t\t\t<div class=\"elementor-widget-container\">\n\t\t\t\t\t<p id=\"breadcrumbs\"><span><span><a href=\"https:\/\/arcadiareptile.com\/pl\/dom\/\">Dom<\/a><\/span><\/span><\/p>\t\t\t\t<\/div>\n\t\t\t\t<\/div>\n\t\t\t\t<div class=\"elementor-element elementor-element-b34d290 uael-header-sticky-no uael-border-yes elementor-widget elementor-widget-uael-table\" data-id=\"b34d290\" data-element_type=\"widget\" data-e-type=\"widget\" data-widget_type=\"uael-table.default\">\n\t\t\t\t<div class=\"elementor-widget-container\">\n\t\t\t\t\t<div itemscope class=\"uael-table-wrapper\" itemtype=\"http:\/\/schema.org\/Table\">\n\t\t<table id=\"uael-table-id-b34d290\" class=\"uael-text-break uael-column-rules uael-table\" data-sort-table=\"no\" data-show-entry=\"no\" data-searchable=\"no\" data-responsive=\"no\">\n\t\t\t\t<tbody>\n\t\t\t<!-- ROWS -->\n\t\t\t\t\t\t\t\t\t\t<tr data-entry=\"1\" class=\"uael-table-row\">\n\t\t\t\t\t\t\t\t\t\t\t\t\t\t\t\t\t<td class=\"uael-table-col uael-table-body-cell-text elementor-repeater-item-07e91bc\">\n\t\t\t\t\t\t\t\t\t\t\t\t\t\t<a href=\"https:\/\/arcadiareptile.com\/wp-content\/uploads\/PDS-Bird-Lampholder-Bracket-CADBH.pdf\" target=\"_blank\">\n\t\t\t\t\t\t\t\t\t\t\t\t\t\t\t<span class=\"uael-table__text\">\n\t\t\t\t\t\t\t\t\t\t\t\t\t\t\t\t\t\t\t\t\t\t\t\t\t\t\t\t\t\t\t\t\t\t\t\t\t<span class=\"uael-table__text-inner\">Uchwyt lampy Bird CADBH<\/span>\n\t\t\t\t\t\t\t\t\t\t\t\t\t\t\t\t\t\t\t\t\t\t\t\t\t\t\t\t\t\t\t\t\t\t\t\t<\/span>\n\t\t\t\t\t\t\t\t\t\t\t\t\t\t<\/a>\n\t\t\t\t\t\t\t\t\t\t\t\t\t<\/td>\n\t\t\t\t\t\t\t\t\t\t\t\t\t\t<\/tr><tr data-entry=\"2\" class=\"uael-table-row\">\n\t\t\t\t\t\t\t\t\t\t\t\t\t\t\t\t\t\t<td class=\"uael-table-col uael-table-body-cell-text elementor-repeater-item-4b09e50\">\n\t\t\t\t\t\t\t\t\t\t\t\t\t\t<a href=\"https:\/\/arcadiareptile.com\/wp-content\/uploads\/PDS-PureSun-Mini-CPSMIN8.pdf\" target=\"_blank\">\n\t\t\t\t\t\t\t\t\t\t\t\t\t\t\t<span class=\"uael-table__text\">\n\t\t\t\t\t\t\t\t\t\t\t\t\t\t\t\t\t\t\t\t\t\t\t\t\t\t\t\t\t\t\t\t\t\t\t\t\t<span class=\"uael-table__text-inner\">Zestaw Bird UVB Mini CADBR8<\/span>\n\t\t\t\t\t\t\t\t\t\t\t\t\t\t\t\t\t\t\t\t\t\t\t\t\t\t\t\t\t\t\t\t\t\t\t\t<\/span>\n\t\t\t\t\t\t\t\t\t\t\t\t\t\t<\/a>\n\t\t\t\t\t\t\t\t\t\t\t\t\t<\/td>\n\t\t\t\t\t\t\t\t\t\t\t\t\t\t<\/tr><tr data-entry=\"3\" class=\"uael-table-row\">\n\t\t\t\t\t\t\t\t\t\t\t\t\t\t\t\t\t\t<td class=\"uael-table-col uael-table-body-cell-text elementor-repeater-item-d65fa9b\">\n\t\t\t\t\t\t\t\t\t\t\t\t\t\t<a href=\"https:\/\/arcadiareptile.com\/wp-content\/uploads\/PDS-Ceramic-Clamp-Lamp-RAR.pdf\" target=\"_blank\">\n\t\t\t\t\t\t\t\t\t\t\t\t\t\t\t<span class=\"uael-table__text\">\n\t\t\t\t\t\t\t\t\t\t\t\t\t\t\t\t\t\t\t\t\t\t\t\t\t\t\t\t\t\t\t\t\t\t\t\t\t<span class=\"uael-table__text-inner\">Lampa z zaciskiem ceramicznym RAR<\/span>\n\t\t\t\t\t\t\t\t\t\t\t\t\t\t\t\t\t\t\t\t\t\t\t\t\t\t\t\t\t\t\t\t\t\t\t\t<\/span>\n\t\t\t\t\t\t\t\t\t\t\t\t\t\t<\/a>\n\t\t\t\t\t\t\t\t\t\t\t\t\t<\/td>\n\t\t\t\t\t\t\t\t\t\t\t\t\t\t<\/tr><tr data-entry=\"4\" class=\"uael-table-row\">\n\t\t\t\t\t\t\t\t\t\t\t\t\t\t\t\t\t\t<td class=\"uael-table-col uael-table-body-cell-text elementor-repeater-item-da441b5\">\n\t\t\t\t\t\t\t\t\t\t\t\t\t\t<a href=\"https:\/\/arcadiareptile.com\/wp-content\/uploads\/PDS-Electronic-Controller-RACRE.pdf\" target=\"_blank\">\n\t\t\t\t\t\t\t\t\t\t\t\t\t\t\t<span class=\"uael-table__text\">\n\t\t\t\t\t\t\t\t\t\t\t\t\t\t\t\t\t\t\t\t\t\t\t\t\t\t\t\t\t\t\t\t\t\t\t\t\t<span class=\"uael-table__text-inner\">Kontroler elektroniczny RACRE<\/span>\n\t\t\t\t\t\t\t\t\t\t\t\t\t\t\t\t\t\t\t\t\t\t\t\t\t\t\t\t\t\t\t\t\t\t\t\t<\/span>\n\t\t\t\t\t\t\t\t\t\t\t\t\t\t<\/a>\n\t\t\t\t\t\t\t\t\t\t\t\t\t<\/td>\n\t\t\t\t\t\t\t\t\t\t\t\t\t\t<\/tr><tr data-entry=\"5\" class=\"uael-table-row\">\n\t\t\t\t\t\t\t\t\t\t\t\t\t\t\t\t\t\t<td class=\"uael-table-col uael-table-body-cell-text elementor-repeater-item-796c0b3\">\n\t\t\t\t\t\t\t\t\t\t\t\t\t\t<a href=\"https:\/\/arcadiareptile.com\/wp-content\/uploads\/PDS-Lampholder-Bracket-Pro-RADCHP.pdf\" target=\"_blank\">\n\t\t\t\t\t\t\t\t\t\t\t\t\t\t\t<span class=\"uael-table__text\">\n\t\t\t\t\t\t\t\t\t\t\t\t\t\t\t\t\t\t\t\t\t\t\t\t\t\t\t\t\t\t\t\t\t\t\t\t\t<span class=\"uael-table__text-inner\">Uchwyt do lamp Pro RADCHP<\/span>\n\t\t\t\t\t\t\t\t\t\t\t\t\t\t\t\t\t\t\t\t\t\t\t\t\t\t\t\t\t\t\t\t\t\t\t\t<\/span>\n\t\t\t\t\t\t\t\t\t\t\t\t\t\t<\/a>\n\t\t\t\t\t\t\t\t\t\t\t\t\t<\/td>\n\t\t\t\t\t\t\t\t\t\t\t\t\t\t<\/tr><tr data-entry=\"6\" class=\"uael-table-row\">\n\t\t\t\t\t\t\t\t\t\t\t\t\t\t\t\t\t\t<td class=\"uael-table-col uael-table-body-cell-text elementor-repeater-item-bf9386c\">\n\t\t\t\t\t\t\t\t\t\t\t\t\t\t<a href=\"https:\/\/arcadiareptile.com\/wp-content\/uploads\/PDS-Lampholder-Bracket-RADCH.pdf\" target=\"_blank\">\n\t\t\t\t\t\t\t\t\t\t\t\t\t\t\t<span class=\"uael-table__text\">\n\t\t\t\t\t\t\t\t\t\t\t\t\t\t\t\t\t\t\t\t\t\t\t\t\t\t\t\t\t\t\t\t\t\t\t\t\t<span class=\"uael-table__text-inner\">Uchwyt lampy RADCH<\/span>\n\t\t\t\t\t\t\t\t\t\t\t\t\t\t\t\t\t\t\t\t\t\t\t\t\t\t\t\t\t\t\t\t\t\t\t\t<\/span>\n\t\t\t\t\t\t\t\t\t\t\t\t\t\t<\/a>\n\t\t\t\t\t\t\t\t\t\t\t\t\t<\/td>\n\t\t\t\t\t\t\t\t\t\t\t\t\t\t<\/tr><tr data-entry=\"7\" class=\"uael-table-row\">\n\t\t\t\t\t\t\t\t\t\t\t\t\t\t\t\t\t\t<td class=\"uael-table-col uael-table-body-cell-text elementor-repeater-item-8fdcff5\">\n\t\t\t\t\t\t\t\t\t\t\t\t\t\t<a href=\"https:\/\/arcadiareptile.com\/wp-content\/uploads\/PDS-Magnetic-Controller-IP64-RACR.pdf\" target=\"_blank\">\n\t\t\t\t\t\t\t\t\t\t\t\t\t\t\t<span class=\"uael-table__text\">\n\t\t\t\t\t\t\t\t\t\t\t\t\t\t\t\t\t\t\t\t\t\t\t\t\t\t\t\t\t\t\t\t\t\t\t\t\t<span class=\"uael-table__text-inner\">Kontroler magnetyczny IP64 RACR<\/span>\n\t\t\t\t\t\t\t\t\t\t\t\t\t\t\t\t\t\t\t\t\t\t\t\t\t\t\t\t\t\t\t\t\t\t\t\t<\/span>\n\t\t\t\t\t\t\t\t\t\t\t\t\t\t<\/a>\n\t\t\t\t\t\t\t\t\t\t\t\t\t<\/td>\n\t\t\t\t\t\t\t\t\t\t\t\t\t\t<\/tr><tr data-entry=\"8\" class=\"uael-table-row\">\n\t\t\t\t\t\t\t\t\t\t\t\t\t\t\t\t\t\t<td class=\"uael-table-col uael-table-body-cell-text elementor-repeater-item-8462797\">\n\t\t\t\t\t\t\t\t\t\t\t\t\t\t<a href=\"https:\/\/arcadiareptile.com\/wp-content\/uploads\/PDS-Magnetic-Controller-IP67-RACUP.pdf\" target=\"_blank\">\n\t\t\t\t\t\t\t\t\t\t\t\t\t\t\t<span class=\"uael-table__text\">\n\t\t\t\t\t\t\t\t\t\t\t\t\t\t\t\t\t\t\t\t\t\t\t\t\t\t\t\t\t\t\t\t\t\t\t\t\t<span class=\"uael-table__text-inner\">Kontroler magnetyczny IP67 RACUP<\/span>\n\t\t\t\t\t\t\t\t\t\t\t\t\t\t\t\t\t\t\t\t\t\t\t\t\t\t\t\t\t\t\t\t\t\t\t\t<\/span>\n\t\t\t\t\t\t\t\t\t\t\t\t\t\t<\/a>\n\t\t\t\t\t\t\t\t\t\t\t\t\t<\/td>\n\t\t\t\t\t\t\t\t\t\t\t\t\t\t<\/tr><tr data-entry=\"9\" class=\"uael-table-row\">\n\t\t\t\t\t\t\t\t\t\t\t\t\t\t\t\t\t\t<td class=\"uael-table-col uael-table-body-cell-text elementor-repeater-item-69a9abc\">\n\t\t\t\t\t\t\t\t\t\t\t\t\t\t<a href=\"https:\/\/arcadiareptile.com\/wp-content\/uploads\/PDS-Pro-T5-RARTP.pdf\" target=\"_blank\">\n\t\t\t\t\t\t\t\t\t\t\t\t\t\t\t<span class=\"uael-table__text\">\n\t\t\t\t\t\t\t\t\t\t\t\t\t\t\t\t\t\t\t\t\t\t\t\t\t\t\t\t\t\t\t\t\t\t\t\t\t<span class=\"uael-table__text-inner\">ProT5 RARTP<\/span>\n\t\t\t\t\t\t\t\t\t\t\t\t\t\t\t\t\t\t\t\t\t\t\t\t\t\t\t\t\t\t\t\t\t\t\t\t<\/span>\n\t\t\t\t\t\t\t\t\t\t\t\t\t\t<\/a>\n\t\t\t\t\t\t\t\t\t\t\t\t\t<\/td>\n\t\t\t\t\t\t\t\t\t\t\t\t\t\t<\/tr><tr data-entry=\"10\" class=\"uael-table-row\">\n\t\t\t\t\t\t\t\t\t\t\t\t\t\t\t\t\t\t<td class=\"uael-table-col uael-table-body-cell-text elementor-repeater-item-0b601a7\">\n\t\t\t\t\t\t\t\t\t\t\t\t\t\t<a href=\"https:\/\/arcadiareptile.com\/wp-content\/uploads\/PDS-PureSun-Compact-Kit-CPSCLRK1.pdf\" target=\"_blank\">\n\t\t\t\t\t\t\t\t\t\t\t\t\t\t\t<span class=\"uael-table__text\">\n\t\t\t\t\t\t\t\t\t\t\t\t\t\t\t\t\t\t\t\t\t\t\t\t\t\t\t\t\t\t\t\t\t\t\t\t\t<span class=\"uael-table__text-inner\">Zestaw PureSun Compact CPSCLRK1<\/span>\n\t\t\t\t\t\t\t\t\t\t\t\t\t\t\t\t\t\t\t\t\t\t\t\t\t\t\t\t\t\t\t\t\t\t\t\t<\/span>\n\t\t\t\t\t\t\t\t\t\t\t\t\t\t<\/a>\n\t\t\t\t\t\t\t\t\t\t\t\t\t<\/td>\n\t\t\t\t\t\t\t\t\t\t\t\t\t\t<\/tr><tr data-entry=\"11\" class=\"uael-table-row\">\n\t\t\t\t\t\t\t\t\t\t\t\t\t\t\t\t\t\t<td class=\"uael-table-col uael-table-body-cell-text elementor-repeater-item-effc9a4\">\n\t\t\t\t\t\t\t\t\t\t\t\t\t\t<a href=\"https:\/\/arcadiareptile.com\/wp-content\/uploads\/PDS-PureSun-Mini-CPSMIN8.pdf\" target=\"_blank\">\n\t\t\t\t\t\t\t\t\t\t\t\t\t\t\t<span class=\"uael-table__text\">\n\t\t\t\t\t\t\t\t\t\t\t\t\t\t\t\t\t\t\t\t\t\t\t\t\t\t\t\t\t\t\t\t\t\t\t\t\t<span class=\"uael-table__text-inner\">PureSun Mini CPSMIN8<\/span>\n\t\t\t\t\t\t\t\t\t\t\t\t\t\t\t\t\t\t\t\t\t\t\t\t\t\t\t\t\t\t\t\t\t\t\t\t<\/span>\n\t\t\t\t\t\t\t\t\t\t\t\t\t\t<\/a>\n\t\t\t\t\t\t\t\t\t\t\t\t\t<\/td>\n\t\t\t\t\t\t\t\t\t\t\t\t\t\t<\/tr><tr data-entry=\"12\" class=\"uael-table-row\">\n\t\t\t\t\t\t\t\t\t\t\t\t\t\t\t\t\t\t<td class=\"uael-table-col uael-table-body-cell-text elementor-repeater-item-e76ca39\">\n\t\t\t\t\t\t\t\t\t\t\t\t\t\t<a href=\"https:\/\/arcadiareptile.com\/wp-content\/uploads\/PDS-ShadeDwellerPro-T5-RARTP8S.pdf\" target=\"_blank\">\n\t\t\t\t\t\t\t\t\t\t\t\t\t\t\t<span class=\"uael-table__text\">\n\t\t\t\t\t\t\t\t\t\t\t\t\t\t\t\t\t\t\t\t\t\t\t\t\t\t\t\t\t\t\t\t\t\t\t\t\t<span class=\"uael-table__text-inner\">ShadeDwellerPro T5 RARTP8S<\/span>\n\t\t\t\t\t\t\t\t\t\t\t\t\t\t\t\t\t\t\t\t\t\t\t\t\t\t\t\t\t\t\t\t\t\t\t\t<\/span>\n\t\t\t\t\t\t\t\t\t\t\t\t\t\t<\/a>\n\t\t\t\t\t\t\t\t\t\t\t\t\t<\/td>\n\t\t\t\t\t\t\t\t\t<\/tbody>\n\t<\/table>\n\t\t<\/div>\n\t\t\t\t<\/div>\n\t\t\t\t<\/div>\n\t\t\t\t\t<\/div>\n\t\t\t\t<\/div>\n\t\t\t\t\t<\/div>\n\t\t\t\t<\/div>\n\t\t\t\t<\/div>\n\t\t","protected":false},"excerpt":{"rendered":"<p>Dokumentacja Kategorie produkt\u00f3wAby wy\u015bwietli\u0107 dokumentacj\u0119, kliknij poni\u017csze linki Uchwyt lampy Bird CADBH Zestaw Bird UVB Mini CADBR8 Lampa z zaciskiem ceramicznym RAR Kontroler elektroniczny RACRE Uchwyt do lamp Pro RADCHP Uchwyt lampy RADCH Kontroler magnetyczny IP64 RACR Kontroler magnetyczny IP67 RACUP ProT5 RARTP Zestaw PureSun Compact CPSCLRK1 PureSun Mini CPSMIN8 ShadeDwellerPro T5 RARTP8S<\/p>\n","protected":false},"author":1,"featured_media":0,"parent":7932,"menu_order":0,"comment_status":"closed","ping_status":"closed","template":"","meta":{"site-sidebar-layout":"no-sidebar","site-content-layout":"page-builder","ast-site-content-layout":"default","site-content-style":"default","site-sidebar-style":"default","ast-global-header-display":"","ast-banner-title-visibility":"","ast-main-header-display":"","ast-hfb-above-header-display":"","ast-hfb-below-header-display":"","ast-hfb-mobile-header-display":"","site-post-title":"disabled","ast-breadcrumbs-content":"","ast-featured-img":"disabled","footer-sml-layout":"","ast-disable-related-posts":"","theme-transparent-header-meta":"","adv-header-id-meta":"","stick-header-meta":"","header-above-stick-meta":"","header-main-stick-meta":"","header-below-stick-meta":"","astra-migrate-meta-layouts":"default","ast-page-background-enabled":"default","ast-page-background-meta":{"desktop":{"background-color":"var(--ast-global-color-4)","background-image":"","background-repeat":"repeat","background-position":"center center","background-size":"auto","background-attachment":"scroll","background-type":"","background-media":"","overlay-type":"","overlay-color":"","overlay-opacity":"","overlay-gradient":""},"tablet":{"background-color":"","background-image":"","background-repeat":"repeat","background-position":"center center","background-size":"auto","background-attachment":"scroll","background-type":"","background-media":"","overlay-type":"","overlay-color":"","overlay-opacity":"","overlay-gradient":""},"mobile":{"background-color":"","background-image":"","background-repeat":"repeat","background-position":"center center","background-size":"auto","background-attachment":"scroll","background-type":"","background-media":"","overlay-type":"","overlay-color":"","overlay-opacity":"","overlay-gradient":""}},"ast-content-background-meta":{"desktop":{"background-color":"var(--ast-global-color-5)","background-image":"","background-repeat":"repeat","background-position":"center center","background-size":"auto","background-attachment":"scroll","background-type":"","background-media":"","overlay-type":"","overlay-color":"","overlay-opacity":"","overlay-gradient":""},"tablet":{"background-color":"var(--ast-global-color-5)","background-image":"","background-repeat":"repeat","background-position":"center center","background-size":"auto","background-attachment":"scroll","background-type":"","background-media":"","overlay-type":"","overlay-color":"","overlay-opacity":"","overlay-gradient":""},"mobile":{"background-color":"var(--ast-global-color-5)","background-image":"","background-repeat":"repeat","background-position":"center center","background-size":"auto","background-attachment":"scroll","background-type":"","background-media":"","overlay-type":"","overlay-color":"","overlay-opacity":"","overlay-gradient":""}},"footnotes":""},"class_list":["post-7947","page","type-page","status-publish","hentry"],"yoast_head":"<!-- This site is optimized with the Yoast SEO plugin v27.3 - https:\/\/yoast.com\/product\/yoast-seo-wordpress\/ -->\n<title>Osprz\u0119t lampowy - Arcadia Reptile<\/title>\n<meta name=\"robots\" content=\"index, follow, max-snippet:-1, max-image-preview:large, max-video-preview:-1\" \/>\n<link rel=\"canonical\" href=\"https:\/\/arcadiareptile.com\/pl\/dokument\/osprzet-lampowy\/\" \/>\n<meta property=\"og:locale\" content=\"pl_PL\" \/>\n<meta property=\"og:type\" content=\"article\" \/>\n<meta property=\"og:title\" content=\"Osprz\u0119t lampowy - Arcadia Reptile\" \/>\n<meta property=\"og:description\" content=\"Dokumentacja Kategorie produkt\u00f3wAby wy\u015bwietli\u0107 dokumentacj\u0119, kliknij poni\u017csze linki Uchwyt lampy Bird CADBH Zestaw Bird UVB Mini CADBR8 Lampa z zaciskiem ceramicznym RAR Kontroler elektroniczny RACRE Uchwyt do lamp Pro RADCHP Uchwyt lampy RADCH Kontroler magnetyczny IP64 RACR Kontroler magnetyczny IP67 RACUP ProT5 RARTP Zestaw PureSun Compact CPSCLRK1 PureSun Mini CPSMIN8 ShadeDwellerPro T5 RARTP8S\" \/>\n<meta property=\"og:url\" content=\"https:\/\/arcadiareptile.com\/pl\/dokument\/osprzet-lampowy\/\" \/>\n<meta property=\"og:site_name\" content=\"Arcadia Reptile\" \/>\n<meta property=\"article:modified_time\" content=\"2025-09-10T12:04:39+00:00\" \/>\n<meta name=\"twitter:card\" content=\"summary_large_image\" \/>\n<script type=\"application\/ld+json\" class=\"yoast-schema-graph\">{\"@context\":\"https:\\\/\\\/schema.org\",\"@graph\":[{\"@type\":\"WebPage\",\"@id\":\"https:\\\/\\\/arcadiareptile.com\\\/pl\\\/dokument\\\/osprzet-lampowy\\\/\",\"url\":\"https:\\\/\\\/arcadiareptile.com\\\/pl\\\/dokument\\\/osprzet-lampowy\\\/\",\"name\":\"Osprz\u0119t lampowy - Arcadia Reptile\",\"isPartOf\":{\"@id\":\"https:\\\/\\\/arcadiareptile.com\\\/pl\\\/#website\"},\"datePublished\":\"2023-08-14T11:06:36+00:00\",\"dateModified\":\"2025-09-10T12:04:39+00:00\",\"breadcrumb\":{\"@id\":\"https:\\\/\\\/arcadiareptile.com\\\/pl\\\/dokument\\\/osprzet-lampowy\\\/#breadcrumb\"},\"inLanguage\":\"pl-PL\",\"potentialAction\":[{\"@type\":\"ReadAction\",\"target\":[\"https:\\\/\\\/arcadiareptile.com\\\/pl\\\/dokument\\\/osprzet-lampowy\\\/\"]}]},{\"@type\":\"BreadcrumbList\",\"@id\":\"https:\\\/\\\/arcadiareptile.com\\\/pl\\\/dokument\\\/osprzet-lampowy\\\/#breadcrumb\",\"itemListElement\":[{\"@type\":\"ListItem\",\"position\":1,\"name\":\"Dom\",\"item\":\"https:\\\/\\\/arcadiareptile.com\\\/pl\\\/dom\\\/\"},{\"@type\":\"ListItem\",\"position\":2,\"name\":\"Dokument\",\"item\":\"https:\\\/\\\/arcadiareptile.com\\\/pl\\\/dokument\\\/\"},{\"@type\":\"ListItem\",\"position\":3,\"name\":\"Osprz\u0119t lampowy\"}]},{\"@type\":\"WebSite\",\"@id\":\"https:\\\/\\\/arcadiareptile.com\\\/pl\\\/#website\",\"url\":\"https:\\\/\\\/arcadiareptile.com\\\/pl\\\/\",\"name\":\"Arcadia Reptile\",\"description\":\"Arcadia Reptile\",\"potentialAction\":[{\"@type\":\"SearchAction\",\"target\":{\"@type\":\"EntryPoint\",\"urlTemplate\":\"https:\\\/\\\/arcadiareptile.com\\\/pl\\\/?s={search_term_string}\"},\"query-input\":{\"@type\":\"PropertyValueSpecification\",\"valueRequired\":true,\"valueName\":\"search_term_string\"}}],\"inLanguage\":\"pl-PL\"}]}<\/script>\n<!-- \/ Yoast SEO plugin. -->","yoast_head_json":{"title":"Osprz\u0119t lampowy - Arcadia Reptile","robots":{"index":"index","follow":"follow","max-snippet":"max-snippet:-1","max-image-preview":"max-image-preview:large","max-video-preview":"max-video-preview:-1"},"canonical":"https:\/\/arcadiareptile.com\/pl\/dokument\/osprzet-lampowy\/","og_locale":"pl_PL","og_type":"article","og_title":"Osprz\u0119t lampowy - Arcadia Reptile","og_description":"Dokumentacja Kategorie produkt\u00f3wAby wy\u015bwietli\u0107 dokumentacj\u0119, kliknij poni\u017csze linki Uchwyt lampy Bird CADBH Zestaw Bird UVB Mini CADBR8 Lampa z zaciskiem ceramicznym RAR Kontroler elektroniczny RACRE Uchwyt do lamp Pro RADCHP Uchwyt lampy RADCH Kontroler magnetyczny IP64 RACR Kontroler magnetyczny IP67 RACUP ProT5 RARTP Zestaw PureSun Compact CPSCLRK1 PureSun Mini CPSMIN8 ShadeDwellerPro T5 RARTP8S","og_url":"https:\/\/arcadiareptile.com\/pl\/dokument\/osprzet-lampowy\/","og_site_name":"Arcadia Reptile","article_modified_time":"2025-09-10T12:04:39+00:00","twitter_card":"summary_large_image","schema":{"@context":"https:\/\/schema.org","@graph":[{"@type":"WebPage","@id":"https:\/\/arcadiareptile.com\/pl\/dokument\/osprzet-lampowy\/","url":"https:\/\/arcadiareptile.com\/pl\/dokument\/osprzet-lampowy\/","name":"Osprz\u0119t lampowy - Arcadia Reptile","isPartOf":{"@id":"https:\/\/arcadiareptile.com\/pl\/#website"},"datePublished":"2023-08-14T11:06:36+00:00","dateModified":"2025-09-10T12:04:39+00:00","breadcrumb":{"@id":"https:\/\/arcadiareptile.com\/pl\/dokument\/osprzet-lampowy\/#breadcrumb"},"inLanguage":"pl-PL","potentialAction":[{"@type":"ReadAction","target":["https:\/\/arcadiareptile.com\/pl\/dokument\/osprzet-lampowy\/"]}]},{"@type":"BreadcrumbList","@id":"https:\/\/arcadiareptile.com\/pl\/dokument\/osprzet-lampowy\/#breadcrumb","itemListElement":[{"@type":"ListItem","position":1,"name":"Dom","item":"https:\/\/arcadiareptile.com\/pl\/dom\/"},{"@type":"ListItem","position":2,"name":"Dokument","item":"https:\/\/arcadiareptile.com\/pl\/dokument\/"},{"@type":"ListItem","position":3,"name":"Osprz\u0119t lampowy"}]},{"@type":"WebSite","@id":"https:\/\/arcadiareptile.com\/pl\/#website","url":"https:\/\/arcadiareptile.com\/pl\/","name":"Arcadia Reptile","description":"Arcadia Reptile","potentialAction":[{"@type":"SearchAction","target":{"@type":"EntryPoint","urlTemplate":"https:\/\/arcadiareptile.com\/pl\/?s={search_term_string}"},"query-input":{"@type":"PropertyValueSpecification","valueRequired":true,"valueName":"search_term_string"}}],"inLanguage":"pl-PL"}]}},"_links":{"self":[{"href":"https:\/\/arcadiareptile.com\/pl\/wp-json\/wp\/v2\/pages\/7947","targetHints":{"allow":["GET"]}}],"collection":[{"href":"https:\/\/arcadiareptile.com\/pl\/wp-json\/wp\/v2\/pages"}],"about":[{"href":"https:\/\/arcadiareptile.com\/pl\/wp-json\/wp\/v2\/types\/page"}],"author":[{"embeddable":true,"href":"https:\/\/arcadiareptile.com\/pl\/wp-json\/wp\/v2\/users\/1"}],"replies":[{"embeddable":true,"href":"https:\/\/arcadiareptile.com\/pl\/wp-json\/wp\/v2\/comments?post=7947"}],"version-history":[{"count":1,"href":"https:\/\/arcadiareptile.com\/pl\/wp-json\/wp\/v2\/pages\/7947\/revisions"}],"predecessor-version":[{"id":7948,"href":"https:\/\/arcadiareptile.com\/pl\/wp-json\/wp\/v2\/pages\/7947\/revisions\/7948"}],"up":[{"embeddable":true,"href":"https:\/\/arcadiareptile.com\/pl\/wp-json\/wp\/v2\/pages\/7932"}],"wp:attachment":[{"href":"https:\/\/arcadiareptile.com\/pl\/wp-json\/wp\/v2\/media?parent=7947"}],"curies":[{"name":"wp","href":"https:\/\/api.w.org\/{rel}","templated":true}]}}